{"id":11239,"date":"2014-12-01T09:32:41","date_gmt":"2014-12-01T08:32:41","guid":{"rendered":"http:\/\/organum.e-marlie.com\/?page_id=11239"},"modified":"2016-12-13T17:27:06","modified_gmt":"2016-12-13T16:27:06","slug":"le-cirma","status":"publish","type":"page","link":"https:\/\/organumcirma.com\/en_GB\/pedagogie\/le-cirma\/","title":{"rendered":"CIRMA"},"content":{"rendered":"<p>[spb_row element_name=&#8221;Row&#8221; wrap_type=&#8221;content-width&#8221; row_bg_type=&#8221;color&#8221; row_bg_color=&#8221;#91435c&#8221; color_row_height=&#8221;content-height&#8221; bg_image=&#8221;11371&#8243; bg_type=&#8221;cover&#8221; parallax_image_height=&#8221;content-height&#8221; parallax_image_movement=&#8221;fixed&#8221; parallax_image_speed=&#8221;0.5&#8243; bg_video_loop=&#8221;yes&#8221; parallax_video_height=&#8221;window-height&#8221; parallax_video_overlay=&#8221;color&#8221; row_overlay_opacity=&#8221;0&#8243; remove_element_spacing=&#8221;yes&#8221; row_col_pos=&#8221;default&#8221; row_expanding=&#8221;no&#8221; row_animation=&#8221;none&#8221; row_animation_delay=&#8221;0&#8243; width=&#8221;1\/1&#8243; el_position=&#8221;first last&#8221;] [spb_column col_sm=&#8221;6&#8243; col_animation=&#8221;none&#8221; col_animation_delay=&#8221;0&#8243; col_bg_type=&#8221;cover&#8221; col_parallax_image_movement=&#8221;fixed&#8221; col_parallax_image_speed=&#8221;0.5&#8243; col_padding=&#8221;0&#8243; col_vertical_offset=&#8221;0&#8243; col_horizontal_offset=&#8221;0&#8243; col_custom_zindex=&#8221;0&#8243; simplified_controls=&#8221;yes&#8221; custom_css_percentage=&#8221;yes&#8221; padding_vertical=&#8221;4&#8243; padding_horizontal=&#8221;4&#8243; margin_vertical=&#8221;0&#8243; custom_css=&#8221;margin-top: 0%;margin-bottom: 0%;padding-top: 4%;padding-left: 4%;padding-right: 4%;padding-bottom: 4%;&#8221; border_styling_global=&#8221;default&#8221; width=&#8221;1\/2&#8243; el_position=&#8221;first&#8221;] [spb_text_block element_name=&#8221;Centre Itin\u00e9rant de Recherche sur les Musiques Anciennes&#8221; animation=&#8221;none&#8221; animation_delay=&#8221;0&#8243; simplified_controls=&#8221;yes&#8221; custom_css_percentage=&#8221;no&#8221; padding_vertical=&#8221;12&#8243; padding_horizontal=&#8221;12&#8243; margin_vertical=&#8221;0&#8243; custom_css=&#8221;margin-top: 0px;margin-bottom: 0px;padding-top: 12px;padding-left: 12px;padding-right: 12px;padding-bottom: 12px;&#8221; border_size=&#8221;0&#8243; border_styling_global=&#8221;default&#8221; width=&#8221;1\/1&#8243; el_position=&#8221;first last&#8221;]<\/p>\n<h1>Centre Itin\u00e9rant de Recherche sur les Musiques Anciennes<\/h1>\n<p>&nbsp;<\/p>\n<p>[\/spb_text_block] [spb_text_block element_name=&#8221;Le CIRMA a \u00e9t\u00e9 cr\u00e9\u00e9 \u00e0 Moissac&#8221; animation=&#8221;none&#8221; animation_delay=&#8221;0&#8243; simplified_controls=&#8221;yes&#8221; custom_css_percentage=&#8221;no&#8221; padding_vertical=&#8221;12&#8243; padding_horizontal=&#8221;12&#8243; margin_vertical=&#8221;0&#8243; custom_css=&#8221;margin-top: 0px;margin-bottom: 0px;padding-top: 12px;padding-left: 12px;padding-right: 12px;padding-bottom: 12px;&#8221; border_size=&#8221;0&#8243; border_styling_global=&#8221;default&#8221; el_class=&#8221;.white-style&#8221; width=&#8221;1\/1&#8243; el_position=&#8221;first last&#8221;]<\/p>\n<p class=\"impact-text\"><span style=\"color: #ffffff;\">Le CIRMA a \u00e9t\u00e9 cr\u00e9\u00e9 \u00e0 Moissac en 2001 pour renouveler en profondeur l\u2019historiographie et la transmission de la musique en fondant la relation \u00e0 la m\u00e9moire et au patrimoine au c\u0153ur d\u2019une r\u00e9flexion sur les enjeux \u00e9conomiques, sociaux et intellectuels du monde contemporain.<\/span><\/p>\n<p>&nbsp;<\/p>\n<p>[\/spb_text_block] [\/spb_column] [spb_column col_sm=&#8221;6&#8243; col_animation=&#8221;none&#8221; col_animation_delay=&#8221;0&#8243; col_bg_color=&#8221;#ffffff&#8221; col_bg_type=&#8221;cover&#8221; col_parallax_image_movement=&#8221;fixed&#8221; col_parallax_image_speed=&#8221;0.5&#8243; col_padding=&#8221;0&#8243; col_vertical_offset=&#8221;0&#8243; col_horizontal_offset=&#8221;0&#8243; col_custom_zindex=&#8221;0&#8243; simplified_controls=&#8221;yes&#8221; custom_css_percentage=&#8221;no&#8221; padding_vertical=&#8221;0&#8243; padding_horizontal=&#8221;12&#8243; margin_vertical=&#8221;0&#8243; custom_css=&#8221;margin-top: 0px;margin-bottom: 0px;padding-left: 12px;padding-right: 12px;&#8221; border_styling_global=&#8221;default&#8221; width=&#8221;1\/2&#8243; el_position=&#8221;last&#8221;] [spb_image image=&#8221;14397&#8243; image_size=&#8221;full&#8221; frame=&#8221;noframe&#8221; caption_pos=&#8221;hover&#8221; remove_rounded=&#8221;yes&#8221; fullwidth=&#8221;no&#8221; overflow_mode=&#8221;none&#8221; link_target=&#8221;_self&#8221; lightbox=&#8221;no&#8221; intro_animation=&#8221;none&#8221; animation_delay=&#8221;200&#8243; width=&#8221;1\/1&#8243; el_position=&#8221;first last&#8221;][\/spb_image] [\/spb_column] [\/spb_row] [spb_row element_name=&#8221;Row&#8221; wrap_type=&#8221;content-width&#8221; row_bg_type=&#8221;color&#8221; color_row_height=&#8221;content-height&#8221; bg_type=&#8221;cover&#8221; parallax_image_height=&#8221;content-height&#8221; parallax_image_movement=&#8221;fixed&#8221; parallax_image_speed=&#8221;0.5&#8243; bg_video_loop=&#8221;yes&#8221; parallax_video_height=&#8221;window-height&#8221; parallax_video_overlay=&#8221;none&#8221; row_overlay_opacity=&#8221;0&#8243; remove_element_spacing=&#8221;yes&#8221; row_col_pos=&#8221;default&#8221; row_expanding=&#8221;no&#8221; row_animation=&#8221;none&#8221; row_animation_delay=&#8221;0&#8243; width=&#8221;1\/1&#8243; el_position=&#8221;first last&#8221;] [spb_column col_sm=&#8221;12&#8243; padding_horizontal=&#8221;0&#8243; width=&#8221;1\/1&#8243; el_position=&#8221;first last&#8221;] [spb_video link=&#8221;httpss:\/\/www.youtube.com\/watch?v=fP55UQTdQ8g&#8221; remove_related=&#8221;yes&#8221; autoplay=&#8221;no&#8221; full_width=&#8221;no&#8221; width=&#8221;undefined&#8221; el_position=&#8221;first last&#8221;] [\/spb_column] [spb_column col_sm=&#8221;12&#8243; padding_horizontal=&#8221;0&#8243; width=&#8221;1\/1&#8243; el_position=&#8221;first last&#8221;] [spb_text_block element_name=&#8221;M\u00e9moire et patrimoine&#8221; animation=&#8221;none&#8221; animation_delay=&#8221;0&#8243; simplified_controls=&#8221;yes&#8221; custom_css_percentage=&#8221;no&#8221; padding_vertical=&#8221;3&#8243; padding_horizontal=&#8221;0&#8243; margin_vertical=&#8221;0&#8243; custom_css=&#8221;margin-top: 0px;margin-bottom: 0px;padding-top: 3px;padding-bottom: 3px;&#8221; border_size=&#8221;0&#8243; border_styling_global=&#8221;default&#8221; width=&#8221;1\/1&#8243; el_position=&#8221;first last&#8221;]<\/p>\n<h2 style=\"text-align: left;\">M\u00e9moire et patrimoine<\/h2>\n<p>[\/spb_text_block] [\/spb_column] [spb_column col_sm=&#8221;6&#8243; col_animation=&#8221;none&#8221; col_animation_delay=&#8221;0&#8243; col_bg_type=&#8221;cover&#8221; col_parallax_image_movement=&#8221;fixed&#8221; col_parallax_image_speed=&#8221;0.5&#8243; col_padding=&#8221;0&#8243; col_vertical_offset=&#8221;0&#8243; col_horizontal_offset=&#8221;0&#8243; col_custom_zindex=&#8221;0&#8243; simplified_controls=&#8221;yes&#8221; custom_css_percentage=&#8221;yes&#8221; padding_vertical=&#8221;2&#8243; padding_horizontal=&#8221;2&#8243; margin_vertical=&#8221;0&#8243; custom_css=&#8221;margin-top: 0%;margin-bottom: 0%;padding-top: 2%;padding-left: 2%;padding-right: 2%;padding-bottom: 2%;&#8221; border_styling_global=&#8221;default&#8221; width=&#8221;1\/2&#8243; el_position=&#8221;first&#8221;] [spb_text_block element_name=&#8221;Pour le CIRMA, la m\u00e9moire et le patrimoine sont au c\u0153ur de la r\u00e9flexion sur les enjeux \u00e9conomiques et sociaux du monde contemporain.&#8221; animation=&#8221;none&#8221; animation_delay=&#8221;0&#8243; simplified_controls=&#8221;yes&#8221; custom_css_percentage=&#8221;no&#8221; padding_vertical=&#8221;12&#8243; padding_horizontal=&#8221;12&#8243; margin_vertical=&#8221;0&#8243; custom_css=&#8221;margin-top: 0px;margin-bottom: 0px;padding-top: 12px;padding-left: 12px;padding-right: 12px;padding-bottom: 12px;&#8221; border_size=&#8221;0&#8243; border_styling_global=&#8221;default&#8221; width=&#8221;1\/1&#8243; el_position=&#8221;first last&#8221;]<\/p>\n<h3>Pour le CIRMA, la m\u00e9moire et le patrimoine sont au c\u0153ur de la r\u00e9flexion sur les enjeux \u00e9conomiques et sociaux du monde contemporain.<\/h3>\n<p>&nbsp;<\/p>\n<p>[\/spb_text_block] [spb_text_block animation=&#8221;none&#8221; animation_delay=&#8221;0&#8243; simplified_controls=&#8221;yes&#8221; custom_css_percentage=&#8221;no&#8221; padding_vertical=&#8221;12&#8243; padding_horizontal=&#8221;12&#8243; margin_vertical=&#8221;0&#8243; custom_css=&#8221;margin-top: 0px;margin-bottom: 0px;padding-top: 12px;padding-left: 12px;padding-right: 12px;padding-bottom: 12px;&#8221; border_size=&#8221;0&#8243; border_styling_global=&#8221;default&#8221; el_class=&#8221;.rubrique-description&#8221; width=&#8221;1\/1&#8243; el_position=&#8221;first last&#8221;]<\/p>\n<p>La strat\u00e9gie du CIRMA consiste \u00e0 d\u00e9cliner nos relations \u00e0 la m\u00e9moire et au patrimoine dans l\u2019action culturelle en mettant en phase un travail p\u00e9dagogique innovant \u00e0 destination des enfants, des amateurs et des professionnels, avec les grands r\u00e9seaux internationaux d&#8217;\u00e9rudition et de diffusion.<\/p>\n<p>[\/spb_text_block] [\/spb_column] [spb_column col_sm=&#8221;6&#8243; col_animation=&#8221;none&#8221; col_animation_delay=&#8221;0&#8243; col_bg_type=&#8221;cover&#8221; col_parallax_image_movement=&#8221;fixed&#8221; col_parallax_image_speed=&#8221;0.5&#8243; col_padding=&#8221;0&#8243; padding_horizontal=&#8221;0&#8243; width=&#8221;1\/2&#8243; el_position=&#8221;last&#8221;] [spb_image image=&#8221;11715&#8243; image_size=&#8221;full&#8221; frame=&#8221;noframe&#8221; caption=&#8221;Basilique Saint Just de Valcabr\u00e8re \u00a9 M.P\u00e9r\u00e8s&#8221; caption_pos=&#8221;hover&#8221; remove_rounded=&#8221;yes&#8221; fullwidth=&#8221;no&#8221; overflow_mode=&#8221;none&#8221; link_target=&#8221;_self&#8221; lightbox=&#8221;no&#8221; intro_animation=&#8221;none&#8221; animation_delay=&#8221;200&#8243; width=&#8221;1\/1&#8243; el_position=&#8221;first last&#8221;][\/spb_image] [\/spb_column] [\/spb_row] [spb_row element_name=&#8221;Row&#8221; wrap_type=&#8221;content-width&#8221; row_bg_type=&#8221;color&#8221; row_bg_color=&#8221;#f4f4f4&#8243; color_row_height=&#8221;content-height&#8221; bg_type=&#8221;cover&#8221; parallax_image_height=&#8221;content-height&#8221; parallax_image_movement=&#8221;fixed&#8221; parallax_image_speed=&#8221;0.5&#8243; bg_video_loop=&#8221;yes&#8221; parallax_video_height=&#8221;window-height&#8221; parallax_video_overlay=&#8221;color&#8221; row_overlay_opacity=&#8221;0&#8243; remove_element_spacing=&#8221;yes&#8221; row_col_pos=&#8221;default&#8221; row_expanding=&#8221;no&#8221; row_animation=&#8221;none&#8221; row_animation_delay=&#8221;0&#8243; width=&#8221;1\/1&#8243; el_position=&#8221;first last&#8221;] [spb_column col_sm=&#8221;12&#8243; padding_horizontal=&#8221;0&#8243; width=&#8221;1\/1&#8243; el_position=&#8221;first last&#8221;] [spb_text_block element_name=&#8221;La recherche&#8221; animation=&#8221;none&#8221; animation_delay=&#8221;0&#8243; simplified_controls=&#8221;yes&#8221; custom_css_percentage=&#8221;no&#8221; padding_vertical=&#8221;3&#8243; padding_horizontal=&#8221;0&#8243; margin_vertical=&#8221;0&#8243; custom_css=&#8221;margin-top: 0px;margin-bottom: 0px;padding-top: 3px;padding-bottom: 3px;&#8221; border_size=&#8221;0&#8243; border_styling_global=&#8221;default&#8221; width=&#8221;1\/1&#8243; el_position=&#8221;first last&#8221;]<\/p>\n<h2 style=\"text-align: left;\">La recherche<\/h2>\n<p>[\/spb_text_block] [\/spb_column] [spb_column col_sm=&#8221;6&#8243; col_animation=&#8221;none&#8221; col_animation_delay=&#8221;0&#8243; col_bg_color=&#8221;#ffffff&#8221; col_bg_type=&#8221;cover&#8221; col_parallax_image_movement=&#8221;fixed&#8221; col_parallax_image_speed=&#8221;0.5&#8243; col_padding=&#8221;2&#8243; padding_horizontal=&#8221;0&#8243; width=&#8221;1\/2&#8243; el_position=&#8221;first&#8221;] [spb_text_block element_name=&#8221;Des programmes de recherche soutenus par la mairie de Moissac&#8221; animation=&#8221;none&#8221; animation_delay=&#8221;0&#8243; simplified_controls=&#8221;yes&#8221; custom_css_percentage=&#8221;no&#8221; padding_vertical=&#8221;12&#8243; padding_horizontal=&#8221;12&#8243; margin_vertical=&#8221;0&#8243; custom_css=&#8221;margin-top: 0px;margin-bottom: 0px;padding-top: 12px;padding-left: 12px;padding-right: 12px;padding-bottom: 12px;&#8221; border_size=&#8221;0&#8243; border_styling_global=&#8221;default&#8221; width=&#8221;1\/1&#8243; el_position=&#8221;first last&#8221;]<\/p>\n<h3>Des programmes de recherche soutenus par la mairie de Moissac<\/h3>\n<p>[\/spb_text_block] [spb_text_block animation=&#8221;none&#8221; animation_delay=&#8221;0&#8243; simplified_controls=&#8221;yes&#8221; custom_css_percentage=&#8221;no&#8221; padding_vertical=&#8221;12&#8243; padding_horizontal=&#8221;12&#8243; margin_vertical=&#8221;0&#8243; custom_css=&#8221;margin-top: 0px;margin-bottom: 0px;padding-top: 12px;padding-left: 12px;padding-right: 12px;padding-bottom: 12px;&#8221; border_size=&#8221;0&#8243; border_styling_global=&#8221;default&#8221; el_class=&#8221;.rubrique-description&#8221; width=&#8221;1\/1&#8243; el_position=&#8221;first last&#8221;]<\/p>\n<p>Depuis juin 2001 l&#8217;<a title=\"Ensemble\" href=\"https:\/\/organumcirma.com\/a-propos\/\">ensemble Organum<\/a> et le CIRMA sont en r\u00e9sidence \u00e0 l&#8217;Abbaye de Moissac, dans le Tarn et Garonne. La municipalit\u00e9 souhaite d\u00e9velopper le fort potentiel offert par un tel lieu pour initier des recherches et transformer les pratiques artistiques.<br \/>\nLe mode de fonctionnement de chaque programme est d\u00e9termin\u00e9 par l&#8217;ampleur des domaines d&#8217;investigation sur le plan chronologique (musiques de l&#8217;Antiquit\u00e9 jusqu&#8217;aux traditions vivantes contemporaines) et g\u00e9ographique (Europe de l&#8217;ouest et bassin m\u00e9diterran\u00e9en).<\/p>\n<p>[\/spb_text_block] [\/spb_column] [spb_column col_sm=&#8221;6&#8243; col_animation=&#8221;none&#8221; col_animation_delay=&#8221;0&#8243; col_bg_type=&#8221;cover&#8221; col_parallax_image_movement=&#8221;fixed&#8221; col_parallax_image_speed=&#8221;0.5&#8243; col_padding=&#8221;0&#8243; padding_horizontal=&#8221;0&#8243; width=&#8221;1\/2&#8243; el_position=&#8221;last&#8221;] [spb_image image=&#8221;14482&#8243; image_size=&#8221;full&#8221; frame=&#8221;noframe&#8221; caption=&#8221;Clo\u00eetre de Moissac \u00a9 D.Viet&#8221; caption_pos=&#8221;hover&#8221; remove_rounded=&#8221;yes&#8221; fullwidth=&#8221;no&#8221; overflow_mode=&#8221;none&#8221; link_target=&#8221;_self&#8221; lightbox=&#8221;no&#8221; intro_animation=&#8221;none&#8221; animation_delay=&#8221;200&#8243; width=&#8221;1\/1&#8243; el_position=&#8221;first last&#8221;][\/spb_image] [\/spb_column] [\/spb_row] [spb_row element_name=&#8221;Row&#8221; wrap_type=&#8221;content-width&#8221; row_bg_type=&#8221;color&#8221; row_bg_color=&#8221;#ffffff&#8221; color_row_height=&#8221;content-height&#8221; bg_image=&#8221;12693&#8243; bg_type=&#8221;cover&#8221; parallax_image_height=&#8221;content-height&#8221; parallax_image_movement=&#8221;fixed&#8221; parallax_image_speed=&#8221;0.5&#8243; bg_video_loop=&#8221;yes&#8221; parallax_video_height=&#8221;window-height&#8221; parallax_video_overlay=&#8221;color&#8221; row_overlay_opacity=&#8221;0&#8243; remove_element_spacing=&#8221;yes&#8221; row_col_pos=&#8221;default&#8221; row_expanding=&#8221;no&#8221; row_animation=&#8221;none&#8221; row_animation_delay=&#8221;0&#8243; width=&#8221;1\/1&#8243; el_position=&#8221;first last&#8221;] [spb_column col_sm=&#8221;12&#8243; padding_horizontal=&#8221;0&#8243; width=&#8221;1\/1&#8243; el_position=&#8221;first last&#8221;] [spb_text_block element_name=&#8221;Des partenariats pour conserver et transmettre&#8221; animation=&#8221;none&#8221; animation_delay=&#8221;0&#8243; simplified_controls=&#8221;yes&#8221; custom_css_percentage=&#8221;no&#8221; padding_vertical=&#8221;3&#8243; padding_horizontal=&#8221;0&#8243; margin_vertical=&#8221;0&#8243; custom_css=&#8221;margin-top: 0px;margin-bottom: 0px;padding-top: 3px;padding-bottom: 3px;&#8221; border_size=&#8221;0&#8243; border_styling_global=&#8221;default&#8221; width=&#8221;1\/1&#8243; el_position=&#8221;first last&#8221;]<\/p>\n<h2 style=\"text-align: left;\">Des partenariats pour conserver et transmettre<\/h2>\n<p>[\/spb_text_block] [spb_text_block element_name=&#8221;Une structure itin\u00e9rante&#8221; animation=&#8221;none&#8221; animation_delay=&#8221;0&#8243; simplified_controls=&#8221;yes&#8221; custom_css_percentage=&#8221;no&#8221; padding_vertical=&#8221;12&#8243; padding_horizontal=&#8221;12&#8243; margin_vertical=&#8221;0&#8243; custom_css=&#8221;margin-top: 0px;margin-bottom: 0px;padding-top: 12px;padding-left: 12px;padding-right: 12px;padding-bottom: 12px;&#8221; border_size=&#8221;0&#8243; border_styling_global=&#8221;default&#8221; width=&#8221;1\/1&#8243; el_position=&#8221;first last&#8221;]<\/p>\n<h3>Une structure itin\u00e9rante<\/h3>\n<p>Le CIRMA est une structure itin\u00e9rante qui propose \u00e0 diff\u00e9rents partenaires, en France et dans le Monde, d&#8217;\u0153uvrer \u00e0 la r\u00e9alisation de programmes communs.<\/p>\n<h3>3 axes de r\u00e9flexion orientent les activit\u00e9s du CIRMA<\/h3>\n<ul>\n<li>La circulation des formes et des langages musicaux, dans l&#8217;histoire et dans les survivances contemporaines<\/li>\n<li>La p\u00e9dagogie et les m\u00e9thodes de transmission, orales ou \u00e9crites<\/li>\n<li>La conservation, la restauration, et l&#8217;\u00e9volution des r\u00e9pertoires oraux et \u00e9crits<\/li>\n<\/ul>\n<p>Au fil des diff\u00e9rents programmes de recherche, se d\u00e9veloppe une r\u00e9flexion qui progressivement construit une histoire des arts et de la pens\u00e9e commune aux civilisations qui se sont d\u00e9velopp\u00e9es de part et d&#8217;autre de la M\u00e9diterran\u00e9e.<\/p>\n<p>[\/spb_text_block] [\/spb_column] [\/spb_row] [spb_row element_name=&#8221;Row&#8221; wrap_type=&#8221;content-width&#8221; row_bg_type=&#8221;color&#8221; row_bg_color=&#8221;#f4f4f4&#8243; color_row_height=&#8221;content-height&#8221; bg_type=&#8221;cover&#8221; parallax_image_height=&#8221;content-height&#8221; parallax_image_movement=&#8221;fixed&#8221; parallax_image_speed=&#8221;0.5&#8243; bg_video_loop=&#8221;yes&#8221; parallax_video_height=&#8221;window-height&#8221; parallax_video_overlay=&#8221;color&#8221; row_overlay_opacity=&#8221;0&#8243; remove_element_spacing=&#8221;yes&#8221; row_col_pos=&#8221;default&#8221; row_expanding=&#8221;no&#8221; row_animation=&#8221;none&#8221; row_animation_delay=&#8221;0&#8243; width=&#8221;1\/1&#8243; el_position=&#8221;first last&#8221;] [spb_column col_sm=&#8221;12&#8243; padding_horizontal=&#8221;0&#8243; width=&#8221;1\/1&#8243; el_position=&#8221;first last&#8221;] [spb_text_block animation=&#8221;none&#8221; animation_delay=&#8221;0&#8243; simplified_controls=&#8221;yes&#8221; custom_css_percentage=&#8221;no&#8221; padding_vertical=&#8221;3&#8243; padding_horizontal=&#8221;0&#8243; margin_vertical=&#8221;0&#8243; border_size=&#8221;0&#8243; border_styling_global=&#8221;default&#8221; width=&#8221;1\/1&#8243; el_position=&#8221;first last&#8221;]<\/p>\n<h2 style=\"text-align: left;\">Recherche, transmission et \u00e9changes<\/h2>\n<p>[\/spb_text_block] [\/spb_column] [spb_column col_sm=&#8221;6&#8243; col_animation=&#8221;none&#8221; col_animation_delay=&#8221;0&#8243; col_bg_type=&#8221;cover&#8221; col_parallax_image_movement=&#8221;fixed&#8221; col_parallax_image_speed=&#8221;0.5&#8243; col_padding=&#8221;0&#8243; padding_horizontal=&#8221;0&#8243; width=&#8221;1\/2&#8243; el_position=&#8221;first&#8221;] [spb_image image=&#8221;12707&#8243; image_size=&#8221;full&#8221; image_width=&#8221;Ensemble Organum Moissac 2013 &#8211; \u00a9 Photo : Ph.Marchesi&#8221; frame=&#8221;noframe&#8221; caption=&#8221;Ensemble Organum &#8211; Abbatiale de Moissac \u00a9 Ph.Marchesi&#8221; caption_pos=&#8221;hover&#8221; remove_rounded=&#8221;yes&#8221; fullwidth=&#8221;no&#8221; overflow_mode=&#8221;none&#8221; link_target=&#8221;_self&#8221; lightbox=&#8221;no&#8221; intro_animation=&#8221;none&#8221; animation_delay=&#8221;200&#8243; width=&#8221;1\/1&#8243; el_position=&#8221;first last&#8221;][\/spb_image] [spb_image image=&#8221;12708&#8243; image_size=&#8221;full&#8221; frame=&#8221;noframe&#8221; caption=&#8221;Spectacle enfants \u00a9 M.Grando&#8221; caption_pos=&#8221;hover&#8221; remove_rounded=&#8221;yes&#8221; fullwidth=&#8221;no&#8221; overflow_mode=&#8221;none&#8221; link_target=&#8221;_self&#8221; lightbox=&#8221;no&#8221; intro_animation=&#8221;none&#8221; animation_delay=&#8221;200&#8243; width=&#8221;1\/1&#8243; el_position=&#8221;first last&#8221;][\/spb_image] [\/spb_column] [spb_column col_sm=&#8221;6&#8243; col_animation=&#8221;none&#8221; col_animation_delay=&#8221;0&#8243; col_bg_color=&#8221;#ffffff&#8221; col_bg_type=&#8221;cover&#8221; col_parallax_image_movement=&#8221;fixed&#8221; col_parallax_image_speed=&#8221;0.5&#8243; col_padding=&#8221;2&#8243; padding_horizontal=&#8221;0&#8243; width=&#8221;1\/2&#8243; el_position=&#8221;last&#8221;] [spb_text_block animation=&#8221;none&#8221; animation_delay=&#8221;0&#8243; simplified_controls=&#8221;yes&#8221; custom_css_percentage=&#8221;no&#8221; padding_vertical=&#8221;12&#8243; padding_horizontal=&#8221;12&#8243; margin_vertical=&#8221;0&#8243; custom_css=&#8221;margin-top: 0px;margin-bottom: 0px;padding-top: 12px;padding-left: 12px;padding-right: 12px;padding-bottom: 12px;&#8221; border_size=&#8221;0&#8243; border_styling_global=&#8221;default&#8221; width=&#8221;1\/1&#8243; el_position=&#8221;first last&#8221;]<\/p>\n<h3>Activit\u00e9s propos\u00e9es par le CIRMA<\/h3>\n<p>[\/spb_text_block] [spb_text_block animation=&#8221;none&#8221; animation_delay=&#8221;0&#8243; simplified_controls=&#8221;yes&#8221; custom_css_percentage=&#8221;no&#8221; padding_vertical=&#8221;12&#8243; padding_horizontal=&#8221;12&#8243; margin_vertical=&#8221;0&#8243; custom_css=&#8221;margin-top: 0px;margin-bottom: 0px;padding-top: 12px;padding-left: 12px;padding-right: 12px;padding-bottom: 12px;&#8221; border_size=&#8221;0&#8243; border_styling_global=&#8221;default&#8221; el_class=&#8221;.rubrique-description&#8221; width=&#8221;1\/1&#8243; el_position=&#8221;first last&#8221;]<\/p>\n<h4>Les Diagonales<\/h4>\n<p>Les &#8220;<a title=\"Printemps\" href=\"https:\/\/organumcirma.com\/evenements\/les-diagonales-de-moissac\/printemps\/\">Diagonales de printemps&#8221;<\/a>, &#8220;<a title=\"Et\u00e9\" href=\"https:\/\/organumcirma.com\/evenements\/les-diagonales-de-moissac\/ete\/\">Diagonales d\u2019\u00e9t\u00e9<\/a>&#8221; et &#8220;<a title=\"Automne\" href=\"https:\/\/organumcirma.com\/evenements\/les-diagonales-de-moissac\/automne\/\">Diagonales d\u2019automne<\/a>&#8221; sont trois rencontres annuelles autour d\u2019une th\u00e9matique particuli\u00e8re qui conjugue colloques, sessions p\u00e9dagogiques et concerts.<br \/>\nA Moissac et dans d\u2019autres lieux de la r\u00e9gion Midi-Pyr\u00e9n\u00e9es.<\/p>\n<h4>Un programme p\u00e9dagogique<\/h4>\n<p>Un enseignement sous forme de stages de chant, de dur\u00e9es variables, <a title=\"Stages adultes\" href=\"https:\/\/organumcirma.com\/pedagogie\/stages-adultes\/\">pour adultes<\/a> ou<a title=\"Stages enfants\" href=\"https:\/\/organumcirma.com\/pedagogie\/stages-enfants\/\"> enfants<\/a> dispens\u00e9s \u00e0 Moissac tout au long de l\u2019ann\u00e9e ou en partenariat avec d\u2019autres institutions (Conservatoires, Universit\u00e9s, Fondations culturelles, Festivals).<\/p>\n<h4>Le ch\u0153ur du CIRMA<\/h4>\n<p>Compos\u00e9 par les \u00e9tudiants de nos sessions de formation, <a title=\"Le choeur du CIRMA\" href=\"https:\/\/organumcirma.com\/pedagogie\/le-choeur-du-cirma\/\">le choeur du CIRMA<\/a> participe parfois \u00e0 des projets de l\u2019ensemble Organum.<\/p>\n<h4>Des programmes de recherche<\/h4>\n<p>En liaison avec d\u2019autres centres de recherche en Europe, au Proche Orient ou en Afrique du Nord.<\/p>\n<h4>Des \u00e9ditions musicales dans le cadre du programme Scriptorium<\/h4>\n<p>Il s&#8217;agit de<a title=\"Partitions\" href=\"https:\/\/organumcirma.com\/boutique\/partitions\/\"> transcriptions en notation originale<\/a> de manuscrits du Moyen Age &#8211; en collaboration avec les \u00e9ditions Fragile.<\/p>\n<p>[\/spb_text_block] [\/spb_column] [\/spb_row]<\/p>\n","protected":false},"excerpt":{"rendered":"<p>[spb_row element_name=&#8221;Row&#8221; wrap_type=&#8221;content-width&#8221; row_bg_type=&#8221;color&#8221; row_bg_color=&#8221;#91435c&#8221; color_row_height=&#8221;content-height&#8221; bg_image=&#8221;11371&#8243; bg_type=&#8221;cover&#8221; parallax_image_height=&#8221;content-height&#8221; parallax_image_movement=&#8221;fixed&#8221; parallax_image_speed=&#8221;0.5&#8243; bg_video_loop=&#8221;yes&#8221; parallax_video_height=&#8221;window-height&#8221; parallax_video_overlay=&#8221;color&#8221; row_overlay_opacity=&#8221;0&#8243; remove_element_spacing=&#8221;yes&#8221; row_col_pos=&#8221;default&#8221; row_expanding=&#8221;no&#8221; row_animation=&#8221;none&#8221; row_animation_delay=&#8221;0&#8243; width=&#8221;1\/1&#8243; el_position=&#8221;first last&#8221;] [spb_column col_sm=&#8221;6&#8243;&hellip;<\/p>\n","protected":false},"author":4,"featured_media":0,"parent":11231,"menu_order":1,"comment_status":"open","ping_status":"closed","template":"","meta":{"_exactmetrics_skip_tracking":false,"_exactmetrics_sitenote_active":false,"_exactmetrics_sitenote_note":"","_exactmetrics_sitenote_category":0,"footnotes":""},"yst_prominent_words":[],"class_list":["post-11239","page","type-page","status-publish","hentry"],"_links":{"self":[{"href":"https:\/\/organumcirma.com\/en_GB\/wp-json\/wp\/v2\/pages\/11239","targetHints":{"allow":["GET"]}}],"collection":[{"href":"https:\/\/organumcirma.com\/en_GB\/wp-json\/wp\/v2\/pages"}],"about":[{"href":"https:\/\/organumcirma.com\/en_GB\/wp-json\/wp\/v2\/types\/page"}],"author":[{"embeddable":true,"href":"https:\/\/organumcirma.com\/en_GB\/wp-json\/wp\/v2\/users\/4"}],"replies":[{"embeddable":true,"href":"https:\/\/organumcirma.com\/en_GB\/wp-json\/wp\/v2\/comments?post=11239"}],"version-history":[{"count":0,"href":"https:\/\/organumcirma.com\/en_GB\/wp-json\/wp\/v2\/pages\/11239\/revisions"}],"up":[{"embeddable":true,"href":"https:\/\/organumcirma.com\/en_GB\/wp-json\/wp\/v2\/pages\/11231"}],"wp:attachment":[{"href":"https:\/\/organumcirma.com\/en_GB\/wp-json\/wp\/v2\/media?parent=11239"}],"wp:term":[{"taxonomy":"yst_prominent_words","embeddable":true,"href":"https:\/\/organumcirma.com\/en_GB\/wp-json\/wp\/v2\/yst_prominent_words?post=11239"}],"curies":[{"name":"wp","href":"https:\/\/api.w.org\/{rel}","templated":true}]}}