{"id":11248,"date":"2014-12-01T09:38:03","date_gmt":"2014-12-01T08:38:03","guid":{"rendered":"http:\/\/organum.e-marlie.com\/?page_id=11248"},"modified":"2021-05-11T13:00:26","modified_gmt":"2021-05-11T12:00:26","slug":"les-diagonales-de-moissac","status":"publish","type":"page","link":"https:\/\/organumcirma.com\/en_GB\/les-diagonales-de-moissac\/","title":{"rendered":"Les Diagonales de Moissac"},"content":{"rendered":"<p>[spb_row wrap_type=&#8221;content-width&#8221; row_bg_type=&#8221;color&#8221; row_bg_color=&#8221;#91435c&#8221; color_row_height=&#8221;content-height&#8221; bg_image=&#8221;11371&#8243; bg_type=&#8221;cover&#8221; parallax_image_height=&#8221;content-height&#8221; parallax_image_movement=&#8221;fixed&#8221; parallax_image_speed=&#8221;0.5&#8243; bg_video_loop=&#8221;yes&#8221; parallax_video_height=&#8221;window-height&#8221; parallax_video_overlay=&#8221;color&#8221; row_overlay_opacity=&#8221;0&#8243; row_padding_vertical=&#8221;40&#8243; row_margin_vertical=&#8221;0&#8243; remove_element_spacing=&#8221;yes&#8221; vertical_center=&#8221;true&#8221; inner_column_height=&#8221;col-natural&#8221; row_expanding=&#8221;no&#8221; row_animation=&#8221;none&#8221; row_animation_delay=&#8221;0&#8243; width=&#8221;1\/1&#8243; el_position=&#8221;first last&#8221;] [spb_column col_bg_color=&#8221;#ffffff&#8221; col_bg_type=&#8221;cover&#8221; col_parallax_image_movement=&#8221;fixed&#8221; col_parallax_image_speed=&#8221;0.5&#8243; col_padding=&#8221;4&#8243; col_animation=&#8221;none&#8221; col_animation_delay=&#8221;0&#8243; width=&#8221;1\/2&#8243; el_position=&#8221;first&#8221;] [spb_text_block animation=&#8221;none&#8221; animation_delay=&#8221;0&#8243; padding_vertical=&#8221;0&#8243; padding_horizontal=&#8221;0&#8243; width=&#8221;1\/1&#8243; el_position=&#8221;first last&#8221;]<\/p>\n<h1>Les Diagonales de Moissac<\/h1>\n<p class=\"impact-text\">Le CIRMA propose depuis 2001, trois rendez-vous annuels \u00e0 son public : les Diagonales de Printemps, <a title=\"Et\u00e9\" href=\"https:\/\/organumcirma.com\/evenements\/les-diagonales-de-moissac\/ete\/\">l<\/a>es Diagonales d&#8217;Et\u00e9 et les Diagonales d&#8217;Automne.<\/p>\n<p>Ils scandent les saisons et ouvrent au temps de la rencontre :<\/p>\n<ul>\n<li style=\"list-style-type: none;\">\n<ul>\n<li>Rencontre avec les hommes du pass\u00e9, leurs musiques, leurs visions, leurs formes de pens\u00e9e et leurs relations \u00e0 l\u2019art.<\/li>\n<li>Rencontre entre des hommes d\u2019aujourd\u2019hui qui viennent des quatre coins de la plan\u00e8te exp\u00e9rimenter autrement les ph\u00e9nom\u00e8nes dits culturels.<\/li>\n<li>Rencontre avec un site et un territoire : Moissac, son abbaye et sa population<\/li>\n<\/ul>\n<\/li>\n<\/ul>\n<p>Le festival tire son nom de la d\u00e9marche historiographique du CIRMA, qui inclut les musiques du sud et de l&#8217;est du bassin m\u00e9diterran\u00e9en dans la m\u00eame mouvance que les musiques europ\u00e9ennes.<\/p>\n<p class=\"impact-text\">D\u00e9couvrez un patrimoine liturgique et musical bien vivant, \u00e0 travers une s\u00e9rie d&#8217;expositions, de stages, de concerts et de conf\u00e9rences.<\/p>\n<p>[\/spb_text_block] [\/spb_column] [spb_column col_bg_color=&#8221;#f4f4f4&#8243; col_bg_type=&#8221;cover&#8221; col_parallax_image_movement=&#8221;fixed&#8221; col_parallax_image_speed=&#8221;0.5&#8243; col_padding=&#8221;2&#8243; col_animation=&#8221;none&#8221; col_animation_delay=&#8221;0&#8243; width=&#8221;1\/2&#8243; el_position=&#8221;last&#8221;] [spb_text_block animation=&#8221;none&#8221; animation_delay=&#8221;0&#8243; padding_vertical=&#8221;0&#8243; padding_horizontal=&#8221;0&#8243; width=&#8221;1\/1&#8243; el_position=&#8221;first last&#8221;]<\/p>\n<h2>Zoom sur &#8230;<\/h2>\n<p>[\/spb_text_block] [spb_text_block title=&#8221;L&#8217;\u00e9t\u00e9 2021!&#8221; animation=&#8221;none&#8221; animation_delay=&#8221;0&#8243; padding_vertical=&#8221;0&#8243; padding_horizontal=&#8221;0&#8243; width=&#8221;1\/1&#8243; el_position=&#8221;first last&#8221;]<\/p>\n<p>Programmation en cours de modification&#8230;.<\/p>\n<p>Stages maintenus<\/p>\n<p>Du 18 au 25 juillet 2021 &#8211; Stage <a href=\"https:\/\/organumcirma.com\/evenement\/2019-stage-de-chant-offices-de-saint-jacques-de-compostelle-moissac\/\" target=\"_blank\" rel=\"noopener noreferrer\">Messe du Codex Calixtinus<\/a> avec Fr\u00e9d\u00e9ric Tavernier<\/p>\n<p>Du 16 au 25 juillet 2021 &#8211; Stage <a href=\"https:\/\/organumcirma.com\/evenement\/2020-stage-de-chant-ad-transfigurationem-sancti-jacobi\/\" target=\"_blank\" rel=\"noopener noreferrer\">Cr\u00e9ation Ad transfigurationem Sancti Jacobi<\/a> avec Marcel Peres<\/p>\n<p>[\/spb_text_block][\/spb_column] [\/spb_row] [spb_row wrap_type=&#8221;content-width&#8221; row_bg_type=&#8221;color&#8221; color_row_height=&#8221;content-height&#8221; bg_type=&#8221;cover&#8221; parallax_image_height=&#8221;content-height&#8221; parallax_image_movement=&#8221;fixed&#8221; parallax_image_speed=&#8221;0.5&#8243; bg_video_loop=&#8221;yes&#8221; parallax_video_height=&#8221;window-height&#8221; parallax_video_overlay=&#8221;none&#8221; row_overlay_opacity=&#8221;0&#8243; row_padding_vertical=&#8221;40&#8243; row_margin_vertical=&#8221;0&#8243; remove_element_spacing=&#8221;yes&#8221; vertical_center=&#8221;true&#8221; inner_column_height=&#8221;col-natural&#8221; row_expanding=&#8221;no&#8221; row_animation=&#8221;none&#8221; row_animation_delay=&#8221;0&#8243; width=&#8221;1\/1&#8243; el_position=&#8221;first last&#8221;] [spb_column col_bg_color=&#8221;#91435c&#8221; col_bg_type=&#8221;cover&#8221; col_parallax_image_movement=&#8221;fixed&#8221; col_parallax_image_speed=&#8221;0.5&#8243; col_padding=&#8221;4&#8243; col_animation=&#8221;none&#8221; col_animation_delay=&#8221;0&#8243; width=&#8221;1\/3&#8243; el_position=&#8221;first&#8221;] [spb_button button_size=&#8221;large&#8221; button_colour=&#8221;transparent-light&#8221; button_type=&#8221;standard&#8221; button_text=&#8221;voir le programme du printemps&#8221; button_link=&#8221;https:\/\/organumcirma.com\/evenements\/les-diagonales-de-moissac\/printemps\/&#8221; button_target=&#8221;_self&#8221; button_dropshadow=&#8221;no&#8221; animation=&#8221;none&#8221; animation_delay=&#8221;0&#8243; el_class=&#8221;.bouton&#8221; width=&#8221;1\/1&#8243; el_position=&#8221;first last&#8221;] [\/spb_column] [spb_column col_bg_color=&#8221;#7c1061&#8243; col_bg_type=&#8221;cover&#8221; col_parallax_image_movement=&#8221;fixed&#8221; col_parallax_image_speed=&#8221;0.5&#8243; col_padding=&#8221;4&#8243; col_animation=&#8221;none&#8221; col_animation_delay=&#8221;0&#8243; width=&#8221;1\/3&#8243;] [spb_button button_size=&#8221;large&#8221; button_colour=&#8221;transparent-light&#8221; button_type=&#8221;standard&#8221; button_text=&#8221;voir le programme de l&#8217;\u00e9t\u00e9&#8221; button_link=&#8221;https:\/\/organumcirma.com\/evenements\/les-diagonales-de-moissac\/ete\/diagonales-ete\/&#8221; button_target=&#8221;_self&#8221; button_dropshadow=&#8221;no&#8221; animation=&#8221;none&#8221; animation_delay=&#8221;0&#8243; el_class=&#8221;.bouton&#8221; width=&#8221;1\/1&#8243; el_position=&#8221;first last&#8221;] [\/spb_column] [spb_column col_bg_color=&#8221;#480036&#8243; col_bg_type=&#8221;cover&#8221; col_parallax_image_movement=&#8221;fixed&#8221; col_parallax_image_speed=&#8221;0.5&#8243; col_padding=&#8221;4&#8243; col_animation=&#8221;none&#8221; col_animation_delay=&#8221;0&#8243; width=&#8221;1\/3&#8243; el_position=&#8221;last&#8221;] [spb_button button_size=&#8221;large&#8221; button_colour=&#8221;transparent-light&#8221; button_type=&#8221;standard&#8221; button_text=&#8221;voir le programme de l&#8217;automne&#8221; button_link=&#8221;https:\/\/organumcirma.com\/evenements\/les-diagonales-de-moissac\/automne\/&#8221; button_target=&#8221;_self&#8221; button_dropshadow=&#8221;no&#8221; animation=&#8221;none&#8221; animation_delay=&#8221;0&#8243; el_class=&#8221;.bouton&#8221; width=&#8221;1\/1&#8243; el_position=&#8221;first last&#8221;] [\/spb_column] [\/spb_row]<\/p>\n","protected":false},"excerpt":{"rendered":"<p>[spb_row wrap_type=&#8221;content-width&#8221; row_bg_type=&#8221;color&#8221; row_bg_color=&#8221;#91435c&#8221; color_row_height=&#8221;content-height&#8221; bg_image=&#8221;11371&#8243; bg_type=&#8221;cover&#8221; parallax_image_height=&#8221;content-height&#8221; parallax_image_movement=&#8221;fixed&#8221; parallax_image_speed=&#8221;0.5&#8243; bg_video_loop=&#8221;yes&#8221; parallax_video_height=&#8221;window-height&#8221; parallax_video_overlay=&#8221;color&#8221; row_overlay_opacity=&#8221;0&#8243; row_padding_vertical=&#8221;40&#8243; row_margin_vertical=&#8221;0&#8243; remove_element_spacing=&#8221;yes&#8221; vertical_center=&#8221;true&#8221; inner_column_height=&#8221;col-natural&#8221; row_expanding=&#8221;no&#8221; row_animation=&#8221;none&#8221; row_animation_delay=&#8221;0&#8243; width=&#8221;1\/1&#8243; el_position=&#8221;first last&#8221;]&hellip;<\/p>\n","protected":false},"author":4,"featured_media":0,"parent":0,"menu_order":3,"comment_status":"open","ping_status":"open","template":"","meta":{"_exactmetrics_skip_tracking":false,"_exactmetrics_sitenote_active":false,"_exactmetrics_sitenote_note":"","_exactmetrics_sitenote_category":0,"footnotes":""},"yst_prominent_words":[],"class_list":["post-11248","page","type-page","status-publish","hentry"],"_links":{"self":[{"href":"https:\/\/organumcirma.com\/en_GB\/wp-json\/wp\/v2\/pages\/11248","targetHints":{"allow":["GET"]}}],"collection":[{"href":"https:\/\/organumcirma.com\/en_GB\/wp-json\/wp\/v2\/pages"}],"about":[{"href":"https:\/\/organumcirma.com\/en_GB\/wp-json\/wp\/v2\/types\/page"}],"author":[{"embeddable":true,"href":"https:\/\/organumcirma.com\/en_GB\/wp-json\/wp\/v2\/users\/4"}],"replies":[{"embeddable":true,"href":"https:\/\/organumcirma.com\/en_GB\/wp-json\/wp\/v2\/comments?post=11248"}],"version-history":[{"count":9,"href":"https:\/\/organumcirma.com\/en_GB\/wp-json\/wp\/v2\/pages\/11248\/revisions"}],"predecessor-version":[{"id":19728,"href":"https:\/\/organumcirma.com\/en_GB\/wp-json\/wp\/v2\/pages\/11248\/revisions\/19728"}],"wp:attachment":[{"href":"https:\/\/organumcirma.com\/en_GB\/wp-json\/wp\/v2\/media?parent=11248"}],"wp:term":[{"taxonomy":"yst_prominent_words","embeddable":true,"href":"https:\/\/organumcirma.com\/en_GB\/wp-json\/wp\/v2\/yst_prominent_words?post=11248"}],"curies":[{"name":"wp","href":"https:\/\/api.w.org\/{rel}","templated":true}]}}