{"id":11268,"date":"2014-12-01T09:42:24","date_gmt":"2014-12-01T08:42:24","guid":{"rendered":"http:\/\/organum.e-marlie.com\/?page_id=11268"},"modified":"2015-04-24T18:45:59","modified_gmt":"2015-04-24T17:45:59","slug":"media","status":"publish","type":"page","link":"https:\/\/organumcirma.com\/en_GB\/media\/","title":{"rendered":"M\u00e9dia"},"content":{"rendered":"<p>[spb_row wrap_type=&#8221;content-width&#8221; row_bg_type=&#8221;color&#8221; row_bg_color=&#8221;#f4f4f4&#8243; color_row_height=&#8221;content-height&#8221; bg_type=&#8221;cover&#8221; parallax_image_height=&#8221;content-height&#8221; parallax_image_movement=&#8221;fixed&#8221; parallax_image_speed=&#8221;0.5&#8243; parallax_video_height=&#8221;window-height&#8221; parallax_video_overlay=&#8221;none&#8221; row_overlay_opacity=&#8221;0&#8243; row_padding_vertical=&#8221;0&#8243; row_margin_vertical=&#8221;0&#8243; remove_element_spacing=&#8221;yes&#8221; vertical_center=&#8221;true&#8221; inner_column_height=&#8221;col-natural&#8221; row_expanding=&#8221;no&#8221; row_animation=&#8221;none&#8221; row_animation_delay=&#8221;0&#8243; width=&#8221;1\/1&#8243; el_position=&#8221;first last&#8221;] [spb_column width=&#8221;1\/1&#8243; el_position=&#8221;first last&#8221;] [spb_text_block animation=&#8221;none&#8221; animation_delay=&#8221;0&#8243; padding_vertical=&#8221;3&#8243; padding_horizontal=&#8221;0&#8243; el_class=&#8221;.rubrique-title&#8221; width=&#8221;1\/2&#8243; el_position=&#8221;first last&#8221;]<\/p>\n<h2 style=\"text-align: left;\">Phototh\u00e8que<\/h2>\n<p>[\/spb_text_block] [\/spb_column] [spb_column col_bg_color=&#8221;#ffffff&#8221; col_bg_type=&#8221;cover&#8221; col_parallax_image_movement=&#8221;fixed&#8221; col_parallax_image_speed=&#8221;0.5&#8243; col_padding=&#8221;4&#8243; col_animation=&#8221;none&#8221; col_animation_delay=&#8221;0&#8243; width=&#8221;1\/2&#8243; el_position=&#8221;first&#8221;] [spb_text_block animation=&#8221;none&#8221; animation_delay=&#8221;0&#8243; padding_vertical=&#8221;2&#8243; padding_horizontal=&#8221;0&#8243; width=&#8221;1\/1&#8243; el_position=&#8221;first last&#8221;]<\/p>\n<h3>Pour vos articles<\/h3>\n<p>[\/spb_text_block] [spb_text_block animation=&#8221;none&#8221; animation_delay=&#8221;0&#8243; padding_vertical=&#8221;0&#8243; padding_horizontal=&#8221;0&#8243; el_class=&#8221;.rubrique-description&#8221; width=&#8221;1\/1&#8243; el_position=&#8221;first last&#8221;]<\/p>\n<p>Nous mettons \u00e0 votre disposition une s\u00e9rie de photos en BD pour vos articles de blog.<\/p>\n<p>Si vous souhaitez une version en HD, merci de contacter notre<a href=\"mailto:contact@organum-cirma.fr\"> service communication<\/a><\/p>\n<p>[\/spb_text_block] [spb_button button_size=&#8221;standard&#8221; button_colour=&#8221;transparent-dark&#8221; button_type=&#8221;standard&#8221; button_text=&#8221;Acc\u00e9der \u00e0 la phototh\u00e8que&#8221; button_link=&#8221;https:\/\/organumcirma.com\/media\/phototheque\/&#8221; button_target=&#8221;_self&#8221; button_dropshadow=&#8221;no&#8221; animation=&#8221;none&#8221; animation_delay=&#8221;0&#8243; el_class=&#8221;.bouton&#8221; width=&#8221;1\/1&#8243; el_position=&#8221;first last&#8221;] [\/spb_column] [spb_column col_bg_type=&#8221;cover&#8221; col_parallax_image_movement=&#8221;fixed&#8221; col_parallax_image_speed=&#8221;0.5&#8243; col_padding=&#8221;0&#8243; col_animation=&#8221;none&#8221; col_animation_delay=&#8221;0&#8243; width=&#8221;1\/2&#8243; el_position=&#8221;last&#8221;] [spb_image image=&#8221;13083&#8243; image_size=&#8221;full&#8221; frame=&#8221;noframe&#8221; intro_animation=&#8221;none&#8221; animation_delay=&#8221;200&#8243; fullwidth=&#8221;yes&#8221; lightbox=&#8221;no&#8221; link_target=&#8221;_self&#8221; caption_pos=&#8221;hover&#8221; width=&#8221;1\/1&#8243; el_position=&#8221;first last&#8221;] [\/spb_column] [\/spb_row] [spb_row wrap_type=&#8221;content-width&#8221; row_bg_type=&#8221;color&#8221; row_bg_color=&#8221;#f4f4f4&#8243; color_row_height=&#8221;content-height&#8221; bg_type=&#8221;cover&#8221; parallax_image_height=&#8221;content-height&#8221; parallax_image_movement=&#8221;fixed&#8221; parallax_image_speed=&#8221;0.5&#8243; parallax_video_height=&#8221;window-height&#8221; parallax_video_overlay=&#8221;none&#8221; row_overlay_opacity=&#8221;0&#8243; row_padding_vertical=&#8221;35&#8243; row_margin_vertical=&#8221;0&#8243; remove_element_spacing=&#8221;yes&#8221; vertical_center=&#8221;true&#8221; inner_column_height=&#8221;col-natural&#8221; row_expanding=&#8221;no&#8221; row_animation=&#8221;none&#8221; row_animation_delay=&#8221;0&#8243; width=&#8221;1\/1&#8243; el_position=&#8221;first last&#8221;] [spb_column width=&#8221;1\/1&#8243; el_position=&#8221;first last&#8221;] [spb_blank_spacer height=&#8221;30px&#8221; responsive_vis=&#8221;hidden-xs&#8221; width=&#8221;1\/2&#8243; el_position=&#8221;first&#8221;] [spb_text_block animation=&#8221;none&#8221; animation_delay=&#8221;0&#8243; padding_vertical=&#8221;3&#8243; padding_horizontal=&#8221;0&#8243; el_class=&#8221;.rubrique-title&#8221; width=&#8221;1\/2&#8243; el_position=&#8221;last&#8221;]<\/p>\n<h2 style=\"text-align: right;\">Revue de presse<\/h2>\n<p>[\/spb_text_block] [\/spb_column] [spb_column col_bg_type=&#8221;cover&#8221; col_parallax_image_movement=&#8221;fixed&#8221; col_parallax_image_speed=&#8221;0.5&#8243; col_padding=&#8221;0&#8243; col_animation=&#8221;none&#8221; col_animation_delay=&#8221;0&#8243; width=&#8221;1\/2&#8243; el_position=&#8221;first&#8221;] [spb_image image=&#8221;13077&#8243; image_size=&#8221;full&#8221; frame=&#8221;noframe&#8221; intro_animation=&#8221;none&#8221; animation_delay=&#8221;200&#8243; fullwidth=&#8221;yes&#8221; lightbox=&#8221;no&#8221; link_target=&#8221;_self&#8221; caption_pos=&#8221;hover&#8221; width=&#8221;1\/1&#8243; el_position=&#8221;first last&#8221;] [\/spb_column] [spb_column col_bg_color=&#8221;#ffffff&#8221; col_bg_type=&#8221;cover&#8221; col_parallax_image_movement=&#8221;fixed&#8221; col_parallax_image_speed=&#8221;0.5&#8243; col_padding=&#8221;4&#8243; col_animation=&#8221;none&#8221; col_animation_delay=&#8221;0&#8243; width=&#8221;1\/2&#8243; el_position=&#8221;last&#8221;] [spb_text_block animation=&#8221;none&#8221; animation_delay=&#8221;0&#8243; padding_vertical=&#8221;2&#8243; padding_horizontal=&#8221;0&#8243; width=&#8221;1\/1&#8243; el_position=&#8221;first last&#8221;]<\/p>\n<h3>Les m\u00e9dia parlent de nous<\/h3>\n<p>[\/spb_text_block] [spb_text_block animation=&#8221;none&#8221; animation_delay=&#8221;0&#8243; padding_vertical=&#8221;0&#8243; padding_horizontal=&#8221;0&#8243; width=&#8221;1\/1&#8243; el_position=&#8221;first last&#8221;]<\/p>\n<div class=\"gen-description description\">Nos \u00e9v\u00e9nements sont r\u00e9guli\u00e8rement l&#8217;occasion d&#8217;une couverture m\u00e9diatique. Retrouvez ici les archives de ces trois derni\u00e8res ann\u00e9es.<\/div>\n<p>[\/spb_text_block] [spb_button button_size=&#8221;standard&#8221; button_colour=&#8221;transparent-dark&#8221; button_type=&#8221;standard&#8221; button_text=&#8221;Voir la revue de presse&#8221; button_link=&#8221;https:\/\/organumcirma.com\/media\/revue-de-presse\/&#8221; button_target=&#8221;_self&#8221; button_dropshadow=&#8221;no&#8221; animation=&#8221;none&#8221; animation_delay=&#8221;0&#8243; el_class=&#8221;.bouton&#8221; width=&#8221;1\/1&#8243; el_position=&#8221;first last&#8221;] [\/spb_column] [\/spb_row] [spb_row wrap_type=&#8221;content-width&#8221; row_bg_type=&#8221;color&#8221; row_bg_color=&#8221;#f4f4f4&#8243; color_row_height=&#8221;content-height&#8221; bg_type=&#8221;cover&#8221; parallax_image_height=&#8221;content-height&#8221; parallax_image_movement=&#8221;fixed&#8221; parallax_image_speed=&#8221;0.5&#8243; parallax_video_height=&#8221;window-height&#8221; parallax_video_overlay=&#8221;none&#8221; row_overlay_opacity=&#8221;0&#8243; row_padding_vertical=&#8221;0&#8243; row_margin_vertical=&#8221;0&#8243; remove_element_spacing=&#8221;yes&#8221; vertical_center=&#8221;true&#8221; inner_column_height=&#8221;col-natural&#8221; row_expanding=&#8221;no&#8221; row_animation=&#8221;none&#8221; row_animation_delay=&#8221;0&#8243; width=&#8221;1\/1&#8243; el_position=&#8221;first last&#8221;] [spb_text_block animation=&#8221;none&#8221; animation_delay=&#8221;0&#8243; padding_vertical=&#8221;3&#8243; padding_horizontal=&#8221;0&#8243; el_class=&#8221;.rubrique-title&#8221; width=&#8221;1\/2&#8243; el_position=&#8221;first&#8221;]<\/p>\n<h2 style=\"text-align: left;\">Itin\u00e9raires<\/h2>\n<p>[\/spb_text_block] [spb_blank_spacer height=&#8221;30px&#8221; responsive_vis=&#8221;hidden-xs&#8221; width=&#8221;1\/2&#8243; el_position=&#8221;last&#8221;] [spb_column col_bg_color=&#8221;#ffffff&#8221; col_bg_type=&#8221;cover&#8221; col_parallax_image_movement=&#8221;fixed&#8221; col_parallax_image_speed=&#8221;0.5&#8243; col_padding=&#8221;2&#8243; col_animation=&#8221;none&#8221; col_animation_delay=&#8221;0&#8243; width=&#8221;1\/2&#8243; el_position=&#8221;first&#8221;] [spb_text_block animation=&#8221;none&#8221; animation_delay=&#8221;0&#8243; padding_vertical=&#8221;3&#8243; padding_horizontal=&#8221;0&#8243; width=&#8221;1\/1&#8243; el_position=&#8221;first last&#8221;]<\/p>\n<h3>Morceaux choisis<\/h3>\n<p>[\/spb_text_block] [spb_text_block animation=&#8221;none&#8221; animation_delay=&#8221;0&#8243; padding_vertical=&#8221;4&#8243; padding_horizontal=&#8221;0&#8243; width=&#8221;1\/1&#8243; el_position=&#8221;first last&#8221;]<\/p>\n<p>D&#8217;extraits en extraits, d\u00e9couvrez la r\u00e9flexion qui anime la d\u00e9marche de Marcel P\u00e9r\u00e8s, \u00e0 la direction de l<a title=\"Ensemble\" href=\"https:\/\/organumcirma.com\/a-propos\/\">&#8216;ensemble Organum<\/a> et du <a title=\"CIRMA\" href=\"https:\/\/organumcirma.com\/pedagogie\/le-cirma\/\">CIRMA<\/a><\/p>\n<p>[\/spb_text_block] [spb_button button_size=&#8221;standard&#8221; button_colour=&#8221;transparent-dark&#8221; button_type=&#8221;standard&#8221; button_text=&#8221;Lire&#8221; button_link=&#8221;https:\/\/organumcirma.com\/media\/blog\/&#8221; button_target=&#8221;_self&#8221; button_dropshadow=&#8221;no&#8221; animation=&#8221;none&#8221; animation_delay=&#8221;0&#8243; el_class=&#8221;.bouton&#8221; width=&#8221;1\/1&#8243; el_position=&#8221;first last&#8221;] [\/spb_column] [spb_column col_bg_type=&#8221;cover&#8221; col_parallax_image_movement=&#8221;fixed&#8221; col_parallax_image_speed=&#8221;0.5&#8243; col_padding=&#8221;0&#8243; col_animation=&#8221;none&#8221; col_animation_delay=&#8221;0&#8243; width=&#8221;1\/2&#8243; el_position=&#8221;last&#8221;] [spb_image image=&#8221;12936&#8243; image_size=&#8221;full&#8221; frame=&#8221;noframe&#8221; intro_animation=&#8221;none&#8221; animation_delay=&#8221;200&#8243; fullwidth=&#8221;yes&#8221; lightbox=&#8221;no&#8221; link_target=&#8221;_self&#8221; caption_pos=&#8221;hover&#8221; width=&#8221;1\/1&#8243; el_position=&#8221;first last&#8221;] [\/spb_column] [\/spb_row]<\/p>\n","protected":false},"excerpt":{"rendered":"<p>[spb_row wrap_type=&#8221;content-width&#8221; row_bg_type=&#8221;color&#8221; row_bg_color=&#8221;#f4f4f4&#8243; color_row_height=&#8221;content-height&#8221; bg_type=&#8221;cover&#8221; parallax_image_height=&#8221;content-height&#8221; parallax_image_movement=&#8221;fixed&#8221; parallax_image_speed=&#8221;0.5&#8243; parallax_video_height=&#8221;window-height&#8221; parallax_video_overlay=&#8221;none&#8221; row_overlay_opacity=&#8221;0&#8243; row_padding_vertical=&#8221;0&#8243; row_margin_vertical=&#8221;0&#8243; remove_element_spacing=&#8221;yes&#8221; vertical_center=&#8221;true&#8221; inner_column_height=&#8221;col-natural&#8221; row_expanding=&#8221;no&#8221; row_animation=&#8221;none&#8221; row_animation_delay=&#8221;0&#8243; width=&#8221;1\/1&#8243; el_position=&#8221;first last&#8221;] [spb_column width=&#8221;1\/1&#8243;&hellip;<\/p>\n","protected":false},"author":4,"featured_media":0,"parent":0,"menu_order":0,"comment_status":"open","ping_status":"open","template":"","meta":{"_exactmetrics_skip_tracking":false,"_exactmetrics_sitenote_active":false,"_exactmetrics_sitenote_note":"","_exactmetrics_sitenote_category":0,"footnotes":""},"yst_prominent_words":[],"class_list":["post-11268","page","type-page","status-publish","hentry"],"_links":{"self":[{"href":"https:\/\/organumcirma.com\/en_GB\/wp-json\/wp\/v2\/pages\/11268","targetHints":{"allow":["GET"]}}],"collection":[{"href":"https:\/\/organumcirma.com\/en_GB\/wp-json\/wp\/v2\/pages"}],"about":[{"href":"https:\/\/organumcirma.com\/en_GB\/wp-json\/wp\/v2\/types\/page"}],"author":[{"embeddable":true,"href":"https:\/\/organumcirma.com\/en_GB\/wp-json\/wp\/v2\/users\/4"}],"replies":[{"embeddable":true,"href":"https:\/\/organumcirma.com\/en_GB\/wp-json\/wp\/v2\/comments?post=11268"}],"version-history":[{"count":0,"href":"https:\/\/organumcirma.com\/en_GB\/wp-json\/wp\/v2\/pages\/11268\/revisions"}],"wp:attachment":[{"href":"https:\/\/organumcirma.com\/en_GB\/wp-json\/wp\/v2\/media?parent=11268"}],"wp:term":[{"taxonomy":"yst_prominent_words","embeddable":true,"href":"https:\/\/organumcirma.com\/en_GB\/wp-json\/wp\/v2\/yst_prominent_words?post=11268"}],"curies":[{"name":"wp","href":"https:\/\/api.w.org\/{rel}","templated":true}]}}