{"id":11281,"date":"2014-12-01T09:52:33","date_gmt":"2014-12-01T08:52:33","guid":{"rendered":"http:\/\/organum.e-marlie.com\/?page_id=11281"},"modified":"2023-12-20T20:00:52","modified_gmt":"2023-12-20T19:00:52","slug":"adherents","status":"publish","type":"page","link":"https:\/\/organumcirma.com\/en_GB\/adherents\/","title":{"rendered":"Adh\u00e9rents"},"content":{"rendered":"<p>[spb_row element_name=&#8221;Row&#8221; wrap_type=&#8221;content-width&#8221; row_bg_type=&#8221;color&#8221; row_bg_color=&#8221;#91435c&#8221; color_row_height=&#8221;content-height&#8221; bg_type=&#8221;cover&#8221; parallax_image_height=&#8221;content-height&#8221; parallax_image_movement=&#8221;fixed&#8221; parallax_image_speed=&#8221;0.5&#8243; bg_video_loop=&#8221;yes&#8221; parallax_video_height=&#8221;window-height&#8221; parallax_video_overlay=&#8221;none&#8221; row_overlay_opacity=&#8221;0&#8243; remove_element_spacing=&#8221;yes&#8221; row_col_pos=&#8221;default&#8221; row_expanding=&#8221;no&#8221; row_animation=&#8221;none&#8221; row_animation_delay=&#8221;0&#8243; width=&#8221;1\/1&#8243; el_position=&#8221;first last&#8221;] [spb_column col_animation=&#8221;none&#8221; col_animation_delay=&#8221;0&#8243; col_bg_type=&#8221;cover&#8221; col_parallax_image_movement=&#8221;fixed&#8221; col_parallax_image_speed=&#8221;0.5&#8243; col_padding=&#8221;0&#8243; col_vertical_offset=&#8221;0&#8243; col_horizontal_offset=&#8221;0&#8243; col_custom_zindex=&#8221;0&#8243; col_sm=&#8221;6&#8243; simplified_controls=&#8221;yes&#8221; custom_css_percentage=&#8221;yes&#8221; padding_vertical=&#8221;4&#8243; padding_horizontal=&#8221;4&#8243; margin_vertical=&#8221;0&#8243; custom_css=&#8221;margin-top: 0%;margin-bottom: 0%;padding-top: 4%;padding-left: 4%;padding-right: 4%;padding-bottom: 4%;&#8221; border_styling_global=&#8221;default&#8221; width=&#8221;1\/2&#8243; el_position=&#8221;first&#8221;] [spb_text_block animation=&#8221;none&#8221; animation_delay=&#8221;0&#8243; simplified_controls=&#8221;yes&#8221; custom_css_percentage=&#8221;no&#8221; padding_vertical=&#8221;0&#8243; padding_horizontal=&#8221;0&#8243; margin_vertical=&#8221;0&#8243; custom_css=&#8221;margin-top: 0px;margin-bottom: 0px;&#8221; border_size=&#8221;0&#8243; border_styling_global=&#8221;default&#8221; el_class=&#8221;.white-style&#8221; width=&#8221;1\/1&#8243; el_position=&#8221;first last&#8221;]<\/p>\n<h1>PARTICULIERS<\/h1>\n<h2>Adh\u00e9rez \u00e0 l&#8217;association<\/h2>\n<p class=\"impact-text\">Nous avons besoin de vous! Soutenez l&#8217;ensemble Organum en devenant membre de l&#8217;association Organum<\/p>\n<p class=\"yiv0324179472ydp4ff9348yiv4064637598ydp56b0c2fcyiv5034271187ydpffa3320MsoNormal\"><span lang=\"EN-GB\">The Organum association brings together those who wish to support ensemble Organum \u00a0and CIRMA in their artistic, scientific and educational programs to contribute to its &#8220;Urbi et Orbi&#8221; influence.<\/span><\/p>\n<p class=\"yiv0324179472ydp4ff9348yiv4064637598ydp56b0c2fcyiv5034271187ydpffa3320MsoNormal\"><span lang=\"EN-GB\">It makes it possible to develop actions aimed at young audiences and to introduce the greatest number of people to early music and their impact on the contemporary world, during the Diagonales de Printemps, d&#8217;\u00c9t\u00e9 and d&#8217;Automne, three festivals produced by the Association in Moissac.<\/span><\/p>\n<p class=\"yiv0324179472ydp4ff9348yiv4064637598ydp56b0c2fcyiv5034271187ydpffa3320MsoNormal\"><span lang=\"EN-GB\">BECOMING A MEMBER OF THE ASSOCIATION MEANS: contributing to the legend of Organum and participating in CIRMA activities under privileged conditions.<\/span><\/p>\n<p>[\/spb_text_block] [spb_blank_spacer height=&#8221;30px&#8221; width=&#8221;1\/1&#8243; el_position=&#8221;first last&#8221;] [spb_button element_name=&#8221;JE DEVIENS MEMBRE DE L&#8217;ASSOCIATION (30\u20ac) en ligne&#8221; button_text=&#8221;JE DEVIENS MEMBRE DE L&#8217;ASSOCIATION (30\u20ac) en ligne&#8221; button_size=&#8221;standard&#8221; button_colour=&#8221;transparent-light&#8221; button_type=&#8221;standard&#8221; rounded=&#8221;no&#8221; button_dropshadow=&#8221;no&#8221; button_link=&#8221;https:\/\/www.helloasso.com\/associations\/association-organum\/adhesions\/adherer-a-notre-association-2024&#8243; button_target=&#8221;_blank&#8221; align=&#8221;center&#8221; animation=&#8221;none&#8221; animation_delay=&#8221;0&#8243; el_class=&#8221;.bouton&#8221; width=&#8221;1\/1&#8243; el_position=&#8221;first last&#8221;] [spb_button element_name=&#8221;JE DEVIENS MEMBRE DE L&#8217;ASSOCIATION (30\u20ac) par voie postale&#8221; button_text=&#8221;JE DEVIENS MEMBRE DE L&#8217;ASSOCIATION (30\u20ac) par voie postale&#8221; button_size=&#8221;standard&#8221; button_colour=&#8221;transparent-light&#8221; button_type=&#8221;standard&#8221; rounded=&#8221;no&#8221; button_dropshadow=&#8221;no&#8221; button_link=&#8221;https:\/\/organumcirma.com\/wp-content\/uploads\/2023\/03\/BulletinAdhesionetdons2023.pdf&#8221; button_target=&#8221;_blank&#8221; align=&#8221;center&#8221; animation=&#8221;none&#8221; animation_delay=&#8221;0&#8243; el_class=&#8221;.bouton&#8221; width=&#8221;1\/1&#8243; el_position=&#8221;first last&#8221;] [\/spb_column] [spb_column col_animation=&#8221;none&#8221; col_animation_delay=&#8221;0&#8243; col_bg_type=&#8221;cover&#8221; col_parallax_image_movement=&#8221;fixed&#8221; col_parallax_image_speed=&#8221;0.5&#8243; col_padding=&#8221;0&#8243; col_sm=&#8221;6&#8243; padding_horizontal=&#8221;0&#8243; width=&#8221;1\/2&#8243; el_position=&#8221;last&#8221;] [spb_image image=&#8221;13110&#8243; image_size=&#8221;full&#8221; frame=&#8221;noframe&#8221; caption=&#8221;Ensemble Organum &#8211; La R\u00e9ole 2012 \u00a9 H.Pouyfourcat&#8221; caption_pos=&#8221;hover&#8221; remove_rounded=&#8221;yes&#8221; fullwidth=&#8221;yes&#8221; overflow_mode=&#8221;none&#8221; link_target=&#8221;_self&#8221; lightbox=&#8221;no&#8221; intro_animation=&#8221;none&#8221; animation_delay=&#8221;200&#8243; width=&#8221;1\/1&#8243; el_position=&#8221;first last&#8221;][\/spb_image] [\/spb_column] [\/spb_row] [spb_row element_name=&#8221;Row&#8221; wrap_type=&#8221;full-width-contained&#8221; row_bg_type=&#8221;color&#8221; row_bg_color=&#8221;#640048&#8243; color_row_height=&#8221;content-height&#8221; bg_type=&#8221;cover&#8221; parallax_image_height=&#8221;content-height&#8221; parallax_image_movement=&#8221;fixed&#8221; parallax_image_speed=&#8221;standard&#8221; bg_video_loop=&#8221;yes&#8221; parallax_video_height=&#8221;window-height&#8221; row_top_style=&#8221;none&#8221; row_bottom_style=&#8221;none&#8221; parallax_video_overlay=&#8221;none&#8221; row_overlay_opacity=&#8221;0&#8243; remove_element_spacing=&#8221;yes&#8221; row_col_spacing=&#8221;0&#8243; row_col_pos=&#8221;default&#8221; row_col_equal_heights=&#8221;no&#8221; row_expanding=&#8221;no&#8221; row_animation=&#8221;none&#8221; row_animation_delay=&#8221;0&#8243; minimize_row=&#8221;no&#8221; simplified_controls=&#8221;yes&#8221; custom_css_percentage=&#8221;no&#8221; custom_css=&#8221;margin-top: 0px;margin-bottom: 0px;&#8221; border_styling_global=&#8221;default&#8221; el_class=&#8221;.white-style&#8221; width=&#8221;1\/1&#8243; el_position=&#8221;first last&#8221;] [spb_column col_animation=&#8221;none&#8221; col_animation_delay=&#8221;0&#8243; col_bg_type=&#8221;cover&#8221; col_parallax_image_movement=&#8221;fixed&#8221; col_parallax_image_speed=&#8221;0.5&#8243; col_padding=&#8221;0&#8243; col_sm=&#8221;12&#8243; padding_horizontal=&#8221;0&#8243; width=&#8221;1\/1&#8243; el_position=&#8221;first last&#8221;] [spb_text_block element_name=&#8221;Amis de l&#8217;ensemble&#8221; animation=&#8221;none&#8221; animation_delay=&#8221;0&#8243; simplified_controls=&#8221;yes&#8221; custom_css_percentage=&#8221;no&#8221; padding_vertical=&#8221;12&#8243; padding_horizontal=&#8221;12&#8243; margin_vertical=&#8221;0&#8243; custom_css=&#8221;margin-top: 0px;margin-bottom: 0px;padding-top: 12px;padding-left: 12px;padding-right: 12px;padding-bottom: 12px;&#8221; border_size=&#8221;0&#8243; border_styling_global=&#8221;default&#8221; width=&#8221;1\/1&#8243; el_position=&#8221;first last&#8221;]<\/p>\n<h3>Amis de l&#8217;ensemble<\/h3>\n<h2>L&#8217;ASSOCIATION ORGANUM<\/h2>\n<p>L&#8217;association Organum est une association \u00e0 but non-lucratif qui r\u00e9unit celles et ceux qui souhaitent soutenir l\u2019ensemble Organum et le CIRMA dans l\u2019ensemble de leur politique artistique, culturelle\u00a0 et p\u00e9dagogique et contribuer \u00e0 son rayonnement en France et \u00e0 l\u2019\u00e9tranger.<\/p>\n<p>Elle permet notamment au CIRMA de d\u00e9velopper des actions en direction du jeune public et de faire d\u00e9couvrir les musiques anciennes au plus grand nombre, lors de concerts des Diagonales de Moissac, un festival auto-produit par l&#8217;Association.<\/p>\n<p>[\/spb_text_block] [spb_text_block element_name=&#8221;DEVENIR MEMBRE DE L&#8217;ASSOCIATION C&#8217;EST :&#8221; animation=&#8221;none&#8221; animation_delay=&#8221;0&#8243; simplified_controls=&#8221;yes&#8221; custom_css_percentage=&#8221;no&#8221; padding_vertical=&#8221;5&#8243; padding_horizontal=&#8221;5&#8243; margin_vertical=&#8221;0&#8243; custom_css=&#8221;margin-top: 0px;margin-bottom: 0px;padding-top: 5px;padding-left: 5px;padding-right: 5px;padding-bottom: 5px;&#8221; border_size=&#8221;0&#8243; border_styling_global=&#8221;default&#8221; width=&#8221;1\/1&#8243; el_position=&#8221;first last&#8221;]<\/p>\n<h4><span style=\"color: #ffffff;\">DEVENIR MEMBRE DE L&#8217;ASSOCIATION C&#8217;EST :<\/span><\/h4>\n<ul>\n<li>participer \u00e0 l&#8217;aventure Organum<\/li>\n<li>participer aux activit\u00e9s du CIRMA dans des conditions avantageuses<\/li>\n<\/ul>\n<p>[\/spb_text_block] [spb_blank_spacer height=&#8221;30px&#8221; width=&#8221;1\/1&#8243; el_position=&#8221;first last&#8221;] [spb_button element_name=&#8221;VOIR LES ACTIVITES RESERVEES A NOS MEMBRES&#8221; button_text=&#8221;VOIR LES ACTIVITES RESERVEES A NOS MEMBRES&#8221; button_size=&#8221;large&#8221; button_colour=&#8221;accent&#8221; button_type=&#8221;sf-icon-reveal&#8221; rounded=&#8221;no&#8221; button_dropshadow=&#8221;no&#8221; button_icon=&#8221;fa-calendar&#8221; button_link=&#8221;https:\/\/organumcirma.com\/pedagogie\/stages-adultes\/&#8221; button_target=&#8221;_self&#8221; align=&#8221;center&#8221; animation=&#8221;none&#8221; animation_delay=&#8221;0&#8243; el_class=&#8221;.bouton&#8221; width=&#8221;1\/1&#8243; el_position=&#8221;first last&#8221;] [\/spb_column] [\/spb_row] [spb_row element_name=&#8221;Row&#8221; wrap_type=&#8221;standard-width&#8221; row_bg_type=&#8221;color&#8221; row_bg_color=&#8221;#f4f4f4&#8243; color_row_height=&#8221;content-height&#8221; bg_type=&#8221;cover&#8221; parallax_image_height=&#8221;content-height&#8221; parallax_image_movement=&#8221;fixed&#8221; parallax_image_speed=&#8221;standard&#8221; bg_video_loop=&#8221;yes&#8221; parallax_video_height=&#8221;window-height&#8221; row_top_style=&#8221;none&#8221; row_bottom_style=&#8221;none&#8221; parallax_video_overlay=&#8221;none&#8221; row_overlay_opacity=&#8221;0&#8243; remove_element_spacing=&#8221;yes&#8221; row_col_spacing=&#8221;0&#8243; row_col_pos=&#8221;default&#8221; row_col_equal_heights=&#8221;yes&#8221; row_expanding=&#8221;no&#8221; row_animation=&#8221;none&#8221; row_animation_delay=&#8221;0&#8243; minimize_row=&#8221;no&#8221; simplified_controls=&#8221;yes&#8221; custom_css_percentage=&#8221;no&#8221; custom_css=&#8221;margin-top: 0px;margin-bottom: 0px;&#8221; border_styling_global=&#8221;default&#8221; width=&#8221;1\/1&#8243; el_position=&#8221;first last&#8221;] [spb_column col_animation=&#8221;none&#8221; col_animation_delay=&#8221;0&#8243; col_bg_color=&#8221;#ffffff&#8221; col_bg_type=&#8221;cover&#8221; col_parallax_image_movement=&#8221;fixed&#8221; col_parallax_image_speed=&#8221;0.5&#8243; col_padding=&#8221;3&#8243; col_sm=&#8221;6&#8243; padding_horizontal=&#8221;0&#8243; width=&#8221;1\/2&#8243; el_position=&#8221;first&#8221;] [spb_text_block element_name=&#8221;LES MISSIONS DE L&#8217;ASSOCIATION&#8221; animation=&#8221;none&#8221; animation_delay=&#8221;0&#8243; simplified_controls=&#8221;yes&#8221; custom_css_percentage=&#8221;no&#8221; padding_vertical=&#8221;12&#8243; padding_horizontal=&#8221;12&#8243; margin_vertical=&#8221;0&#8243; custom_css=&#8221;margin-top: 0px;margin-bottom: 0px;padding-top: 12px;padding-left: 12px;padding-right: 12px;padding-bottom: 12px;&#8221; border_size=&#8221;0&#8243; border_styling_global=&#8221;default&#8221; width=&#8221;1\/1&#8243; el_position=&#8221;first last&#8221;]<\/p>\n<h2>LES MISSIONS DE L&#8217;ASSOCIATION<\/h2>\n<p>Les cotisations et dons des membres de l&#8217;Association Organum aide en particulier l&#8217;ensemble Organum et le CIRMA \u00e0 financer :<\/p>\n<ul>\n<li>les actions p\u00e9dagogiques\u00a0 \u00e0 destination du jeune public,<\/li>\n<li>la mise en place des Diagonales de Moissac, 3 rendez-vous annuels compos\u00e9s de stages th\u00e9matiques et de conf\u00e9rences, ainsi que des concerts \u00e0 l&#8217;Abbatiale de Moissac<\/li>\n<li>les tourn\u00e9es internationales dans des hauts lieux patrimoniaux et les festivals de musiques sacr\u00e9es les plus prestigieux.<\/li>\n<\/ul>\n<p><b>\u00a0<\/b><\/p>\n<h4>Aidez-nous \u00e0 agir !<\/h4>\n<ul>\n<li>Avec un budget de 600 \u20ac, un chanteur de l&#8217;ensemble Organum intervient aupr\u00e8s d&#8217;une classe de primaire<\/li>\n<li>Avec un budget de 8000,\u20ac, 12 enfants d\u00e9favoris\u00e9s de 6 \u00e0 14 ans d\u00e9couvrent les secrets de la musique du Moyen-Age, lors d&#8217;un stage m\u00ealant chant m\u00e9di\u00e9val, jeu et construction d\u2019instruments et spectacle<\/li>\n<\/ul>\n<p>[\/spb_text_block] [\/spb_column] [spb_column col_animation=&#8221;none&#8221; col_animation_delay=&#8221;0&#8243; col_bg_type=&#8221;cover&#8221; col_parallax_image_movement=&#8221;fixed&#8221; col_parallax_image_speed=&#8221;0.5&#8243; col_padding=&#8221;0&#8243; col_sm=&#8221;6&#8243; padding_horizontal=&#8221;0&#8243; width=&#8221;1\/2&#8243; el_position=&#8221;last&#8221;] [spb_image image=&#8221;12279&#8243; image_size=&#8221;full&#8221; frame=&#8221;noframe&#8221; caption=&#8221;r\u00e9p\u00e9tition stage enfants \u00a9 A.Carles&#8221; caption_pos=&#8221;hover&#8221; remove_rounded=&#8221;yes&#8221; fullwidth=&#8221;yes&#8221; overflow_mode=&#8221;none&#8221; image_link=&#8221;R\u00e9p\u00e9tition stage enfants \u00a9 A.Carles&#8221; link_target=&#8221;_self&#8221; lightbox=&#8221;no&#8221; intro_animation=&#8221;none&#8221; animation_delay=&#8221;200&#8243; width=&#8221;1\/1&#8243; el_position=&#8221;first last&#8221;][\/spb_image] [\/spb_column] [spb_blank_spacer height=&#8221;30px&#8221; responsive_vis=&#8221;hidden-xs&#8221; width=&#8221;1\/1&#8243; el_position=&#8221;first last&#8221;] [spb_column col_animation=&#8221;none&#8221; col_animation_delay=&#8221;0&#8243; col_bg_color=&#8221;#ffffff&#8221; col_bg_type=&#8221;cover&#8221; col_parallax_image_movement=&#8221;fixed&#8221; col_parallax_image_speed=&#8221;0.5&#8243; col_padding=&#8221;3&#8243; col_sm=&#8221;6&#8243; padding_horizontal=&#8221;0&#8243; width=&#8221;1\/2&#8243; el_position=&#8221;first&#8221;] [spb_image image=&#8221;13698&#8243; image_size=&#8221;full&#8221; frame=&#8221;noframe&#8221; caption=&#8221;r\u00e9p\u00e9titions Ch\u0153ur du CIRMA Abbatiale de Moissac 2012 \u00a9 B.AlyBeril&#8221; caption_pos=&#8221;hover&#8221; remove_rounded=&#8221;yes&#8221; fullwidth=&#8221;yes&#8221; overflow_mode=&#8221;none&#8221; link_target=&#8221;_self&#8221; lightbox=&#8221;no&#8221; intro_animation=&#8221;none&#8221; animation_delay=&#8221;200&#8243; width=&#8221;1\/1&#8243; el_position=&#8221;first last&#8221;][\/spb_image] [\/spb_column] [spb_column col_animation=&#8221;none&#8221; col_animation_delay=&#8221;0&#8243; col_bg_color=&#8221;#ffffff&#8221; col_bg_type=&#8221;cover&#8221; col_parallax_image_movement=&#8221;fixed&#8221; col_parallax_image_speed=&#8221;0.5&#8243; col_padding=&#8221;3&#8243; col_sm=&#8221;6&#8243; padding_horizontal=&#8221;0&#8243; width=&#8221;1\/2&#8243; el_position=&#8221;last&#8221;] [spb_text_block element_name=&#8221;DEVENEZ ADH\u00c9RENT DE L&#8217;ASSOCIATION&#8221; animation=&#8221;none&#8221; animation_delay=&#8221;0&#8243; simplified_controls=&#8221;yes&#8221; custom_css_percentage=&#8221;no&#8221; padding_vertical=&#8221;12&#8243; padding_horizontal=&#8221;12&#8243; margin_vertical=&#8221;0&#8243; custom_css=&#8221;margin-top: 0px;margin-bottom: 0px;padding-top: 12px;padding-left: 12px;padding-right: 12px;padding-bottom: 12px;&#8221; border_size=&#8221;0&#8243; border_styling_global=&#8221;default&#8221; width=&#8221;1\/1&#8243; el_position=&#8221;first last&#8221;]<\/p>\n<h2>DEVENEZ ADH\u00c9RENT DE L&#8217;ASSOCIATION<\/h2>\n<h3>De nombreux avantages<\/h3>\n<p>B\u00e9n\u00e9ficiez d&#8217;avantages exclusifs pour assister au concert dans les meilleures conditions, participer \u00e0 nos stages et partager des moments privil\u00e9gi\u00e9s avec Marcel P\u00e9r\u00e8s et les chanteurs de l&#8217;ensemble Organum dans un esprit de rencontre et de convivialit\u00e9.<\/p>\n<p><b>L&#8217;adh\u00e9sion annuelle est de 30\u20ac<br \/>\nPaiement par ch\u00e8que, virement (RIB envoy\u00e9 sur demande), en ligne<\/b><\/p>\n<p>&nbsp;<\/p>\n<p>[\/spb_text_block] [\/spb_column] [\/spb_row] [spb_row element_name=&#8221;Row&#8221; wrap_type=&#8221;content-width&#8221; row_bg_type=&#8221;color&#8221; row_bg_color=&#8221;#972678&#8243; color_row_height=&#8221;content-height&#8221; bg_type=&#8221;cover&#8221; parallax_image_height=&#8221;content-height&#8221; parallax_image_movement=&#8221;fixed&#8221; parallax_image_speed=&#8221;0.5&#8243; bg_video_loop=&#8221;yes&#8221; parallax_video_height=&#8221;window-height&#8221; parallax_video_overlay=&#8221;none&#8221; row_overlay_opacity=&#8221;0&#8243; remove_element_spacing=&#8221;no&#8221; row_col_pos=&#8221;default&#8221; row_expanding=&#8221;no&#8221; row_animation=&#8221;none&#8221; row_animation_delay=&#8221;0&#8243; width=&#8221;1\/1&#8243; el_position=&#8221;first last&#8221;] [spb_column col_animation=&#8221;none&#8221; col_animation_delay=&#8221;0&#8243; col_bg_type=&#8221;cover&#8221; col_parallax_image_movement=&#8221;fixed&#8221; col_parallax_image_speed=&#8221;0.5&#8243; col_padding=&#8221;0&#8243; col_sm=&#8221;12&#8243; padding_horizontal=&#8221;0&#8243; width=&#8221;1\/1&#8243; el_position=&#8221;first last&#8221;] [spb_text_block element_name=&#8221;LEGS ET DONATIONS&#8221; animation=&#8221;none&#8221; animation_delay=&#8221;0&#8243; simplified_controls=&#8221;yes&#8221; custom_css_percentage=&#8221;no&#8221; padding_vertical=&#8221;5&#8243; padding_horizontal=&#8221;5&#8243; margin_vertical=&#8221;0&#8243; custom_css=&#8221;margin-top: 0px;margin-bottom: 0px;padding-top: 5px;padding-left: 5px;padding-right: 5px;padding-bottom: 5px;&#8221; border_size=&#8221;0&#8243; border_styling_global=&#8221;default&#8221; el_class=&#8221;.white-style&#8221; width=&#8221;undefined&#8221; el_position=&#8221;first last&#8221;]<\/p>\n<h2>Legs et donations<\/h2>\n<p class=\"impact-text-large\">L&#8217;Association Organum est habilit\u00e9e \u00e0 recevoir des legs et des donations exon\u00e9r\u00e9s de droits de succession.<\/p>\n<p>[\/spb_text_block] [\/spb_column] [spb_column col_animation=&#8221;none&#8221; col_animation_delay=&#8221;0&#8243; col_bg_type=&#8221;cover&#8221; col_parallax_image_movement=&#8221;fixed&#8221; col_parallax_image_speed=&#8221;0.5&#8243; col_padding=&#8221;0&#8243; col_vertical_offset=&#8221;0&#8243; col_horizontal_offset=&#8221;0&#8243; col_custom_zindex=&#8221;0&#8243; col_sm=&#8221;12&#8243; simplified_controls=&#8221;yes&#8221; custom_css_percentage=&#8221;yes&#8221; padding_vertical=&#8221;0&#8243; padding_horizontal=&#8221;0&#8243; margin_vertical=&#8221;0&#8243; custom_css=&#8221;margin-top: 0%;margin-bottom: 0%;&#8221; border_styling_global=&#8221;default&#8221; width=&#8221;1\/1&#8243; el_position=&#8221;first last&#8221;] [spb_text_block element_name=&#8221;CONTACTEZ-NOUS&#8221; animation=&#8221;none&#8221; animation_delay=&#8221;0&#8243; simplified_controls=&#8221;yes&#8221; custom_css_percentage=&#8221;no&#8221; padding_vertical=&#8221;12&#8243; padding_horizontal=&#8221;12&#8243; margin_vertical=&#8221;0&#8243; custom_css=&#8221;margin-top: 0px;margin-bottom: 0px;padding-top: 12px;padding-left: 12px;padding-right: 12px;padding-bottom: 12px;&#8221; border_size=&#8221;0&#8243; border_styling_global=&#8221;default&#8221; el_class=&#8221;.white-style&#8221; width=&#8221;undefined&#8221; el_position=&#8221;first last&#8221;]<\/p>\n<h3>CONTACTEZ-NOUS<\/h3>\n<p><img loading=\"lazy\" decoding=\"async\" class=\" wp-image-14575 alignleft\" src=\"https:\/\/organumcirma.com\/wp-content\/uploads\/2015\/02\/logo-Organum-cirma-800x600.png\" alt=\"\" width=\"253\" height=\"337\" \/>Sandra Mommayou<br \/>\nAdministratrice en freelance<br \/>\nT\u00e9l. : +33(0)5 63 95 02 91<br \/>\n<a href=\"mailto:ensembleorganum@yahoo.fr\">ensembleorganum@yahoo.fr<\/a><\/p>\n<p>&nbsp;<\/p>\n<p>[\/spb_text_block] [\/spb_column] [\/spb_row]<\/p>\n","protected":false},"excerpt":{"rendered":"<p>[spb_row element_name=&#8221;Row&#8221; wrap_type=&#8221;content-width&#8221; row_bg_type=&#8221;color&#8221; row_bg_color=&#8221;#91435c&#8221; color_row_height=&#8221;content-height&#8221; bg_type=&#8221;cover&#8221; parallax_image_height=&#8221;content-height&#8221; parallax_image_movement=&#8221;fixed&#8221; parallax_image_speed=&#8221;0.5&#8243; bg_video_loop=&#8221;yes&#8221; parallax_video_height=&#8221;window-height&#8221; parallax_video_overlay=&#8221;none&#8221; row_overlay_opacity=&#8221;0&#8243; remove_element_spacing=&#8221;yes&#8221; row_col_pos=&#8221;default&#8221; row_expanding=&#8221;no&#8221; row_animation=&#8221;none&#8221; row_animation_delay=&#8221;0&#8243; width=&#8221;1\/1&#8243; el_position=&#8221;first last&#8221;] [spb_column col_animation=&#8221;none&#8221; col_animation_delay=&#8221;0&#8243;&hellip;<\/p>\n","protected":false},"author":4,"featured_media":0,"parent":0,"menu_order":1,"comment_status":"open","ping_status":"closed","template":"","meta":{"_exactmetrics_skip_tracking":false,"_exactmetrics_sitenote_active":false,"_exactmetrics_sitenote_note":"","_exactmetrics_sitenote_category":0,"footnotes":""},"yst_prominent_words":[1134,1132,711,1133,595,1135,1130,293,259,926,597,465,1126,904,312,938,909,1131,1136,1046],"class_list":["post-11281","page","type-page","status-publish","hentry"],"_links":{"self":[{"href":"https:\/\/organumcirma.com\/en_GB\/wp-json\/wp\/v2\/pages\/11281","targetHints":{"allow":["GET"]}}],"collection":[{"href":"https:\/\/organumcirma.com\/en_GB\/wp-json\/wp\/v2\/pages"}],"about":[{"href":"https:\/\/organumcirma.com\/en_GB\/wp-json\/wp\/v2\/types\/page"}],"author":[{"embeddable":true,"href":"https:\/\/organumcirma.com\/en_GB\/wp-json\/wp\/v2\/users\/4"}],"replies":[{"embeddable":true,"href":"https:\/\/organumcirma.com\/en_GB\/wp-json\/wp\/v2\/comments?post=11281"}],"version-history":[{"count":16,"href":"https:\/\/organumcirma.com\/en_GB\/wp-json\/wp\/v2\/pages\/11281\/revisions"}],"predecessor-version":[{"id":20808,"href":"https:\/\/organumcirma.com\/en_GB\/wp-json\/wp\/v2\/pages\/11281\/revisions\/20808"}],"wp:attachment":[{"href":"https:\/\/organumcirma.com\/en_GB\/wp-json\/wp\/v2\/media?parent=11281"}],"wp:term":[{"taxonomy":"yst_prominent_words","embeddable":true,"href":"https:\/\/organumcirma.com\/en_GB\/wp-json\/wp\/v2\/yst_prominent_words?post=11281"}],"curies":[{"name":"wp","href":"https:\/\/api.w.org\/{rel}","templated":true}]}}