{"id":12122,"date":"2015-02-24T15:40:18","date_gmt":"2015-02-24T14:40:18","guid":{"rendered":"http:\/\/organum.e-marlie.com\/?page_id=12122"},"modified":"2022-04-21T14:28:04","modified_gmt":"2022-04-21T13:28:04","slug":"association-organum","status":"publish","type":"page","link":"https:\/\/organumcirma.com\/en_GB\/association-organum\/","title":{"rendered":"Organum Association"},"content":{"rendered":"<p>[spb_row element_name=&#8221;Row&#8221; wrap_type=&#8221;content-width&#8221; row_bg_type=&#8221;color&#8221; row_bg_color=&#8221;#91435c&#8221; color_row_height=&#8221;content-height&#8221; bg_image=&#8221;11371&#8243; bg_type=&#8221;cover&#8221; parallax_image_height=&#8221;content-height&#8221; parallax_image_movement=&#8221;fixed&#8221; parallax_image_speed=&#8221;0.5&#8243; bg_video_loop=&#8221;yes&#8221; parallax_video_height=&#8221;window-height&#8221; parallax_video_overlay=&#8221;color&#8221; row_overlay_opacity=&#8221;0&#8243; remove_element_spacing=&#8221;no&#8221; row_col_pos=&#8221;default&#8221; row_expanding=&#8221;no&#8221; row_animation=&#8221;none&#8221; row_animation_delay=&#8221;0&#8243; width=&#8221;1\/1&#8243; el_position=&#8221;first last&#8221;] [spb_column col_animation=&#8221;none&#8221; col_animation_delay=&#8221;0&#8243; col_bg_type=&#8221;cover&#8221; col_parallax_image_movement=&#8221;fixed&#8221; col_parallax_image_speed=&#8221;0.5&#8243; col_padding=&#8221;0&#8243; col_vertical_offset=&#8221;0&#8243; col_horizontal_offset=&#8221;0&#8243; col_custom_zindex=&#8221;0&#8243; col_sm=&#8221;6&#8243; simplified_controls=&#8221;yes&#8221; custom_css_percentage=&#8221;yes&#8221; padding_vertical=&#8221;4&#8243; padding_horizontal=&#8221;4&#8243; margin_vertical=&#8221;0&#8243; custom_css=&#8221;margin-top: 0%;margin-bottom: 0%;padding-top: 4%;padding-left: 4%;padding-right: 4%;padding-bottom: 4%;&#8221; border_styling_global=&#8221;default&#8221; width=&#8221;1\/2&#8243; el_position=&#8221;first&#8221;] [spb_text_block element_name=&#8221;L&#8217;association Organum&#8221; animation=&#8221;none&#8221; animation_delay=&#8221;0&#8243; simplified_controls=&#8221;yes&#8221; custom_css_percentage=&#8221;no&#8221; padding_vertical=&#8221;0&#8243; padding_horizontal=&#8221;0&#8243; margin_vertical=&#8221;0&#8243; custom_css=&#8221;margin-top: 0px;margin-bottom: 0px;&#8221; border_size=&#8221;0&#8243; border_styling_global=&#8221;default&#8221; el_class=&#8221;.white-style&#8221; width=&#8221;1\/1&#8243; el_position=&#8221;first last&#8221;]<\/p>\n<h1 class=\"impact-text\">L&#8217;association Organum<\/h1>\n<h2>En r\u00e9sidence permanente \u00e0 l&#8217;Abbaye de Moissac<\/h2>\n<p class=\"impact-text\">Son objectif est de soutenir et d\u00e9velopper les recherches dans le domaine des musiques anciennes, actuelles et traditionnelles, de l\u2019Europe et du Bassin m\u00e9diterran\u00e9en et la promotion de ces r\u00e9pertoires par des actions d\u2019enseignement, de publication et de diffusion.<\/p>\n<p>&nbsp;<\/p>\n<p>[\/spb_text_block] [spb_button element_name=&#8221;J&#8217;ADHERE A L&#8217;ASSOCIATION&#8221; button_text=&#8221;J&#8217;ADHERE A L&#8217;ASSOCIATION&#8221; button_size=&#8221;large&#8221; button_colour=&#8221;transparent-light&#8221; button_type=&#8221;sf-icon-reveal&#8221; rounded=&#8221;no&#8221; button_dropshadow=&#8221;no&#8221; button_icon=&#8221;fa-group&#8221; button_link=&#8221;https:\/\/www.helloasso.com\/associations\/association-organum\/adhesions\/adherer-a-notre-association-2022&#8243; button_target=&#8221;_blank&#8221; align=&#8221;center&#8221; animation=&#8221;none&#8221; animation_delay=&#8221;0&#8243; width=&#8221;1\/1&#8243; el_position=&#8221;first last&#8221;] [\/spb_column] [spb_column col_animation=&#8221;none&#8221; col_animation_delay=&#8221;0&#8243; col_bg_color=&#8221;#ffffff&#8221; col_bg_type=&#8221;cover&#8221; col_parallax_image_movement=&#8221;fixed&#8221; col_parallax_image_speed=&#8221;0.5&#8243; col_padding=&#8221;4&#8243; col_sm=&#8221;6&#8243; padding_horizontal=&#8221;0&#8243; width=&#8221;1\/2&#8243; el_position=&#8221;last&#8221;] [spb_image image=&#8221;14575&#8243; image_size=&#8221;full&#8221; frame=&#8221;noframe&#8221; caption_pos=&#8221;hover&#8221; remove_rounded=&#8221;yes&#8221; fullwidth=&#8221;no&#8221; overflow_mode=&#8221;none&#8221; link_target=&#8221;_self&#8221; lightbox=&#8221;no&#8221; intro_animation=&#8221;none&#8221; animation_delay=&#8221;200&#8243; width=&#8221;1\/1&#8243; el_position=&#8221;first last&#8221;][\/spb_image] [\/spb_column] [\/spb_row] [spb_row element_name=&#8221;Row&#8221; wrap_type=&#8221;content-width&#8221; row_bg_type=&#8221;color&#8221; color_row_height=&#8221;content-height&#8221; bg_image=&#8221;11371&#8243; bg_type=&#8221;cover&#8221; parallax_image_height=&#8221;content-height&#8221; parallax_image_movement=&#8221;fixed&#8221; parallax_image_speed=&#8221;0.5&#8243; bg_video_loop=&#8221;yes&#8221; parallax_video_height=&#8221;window-height&#8221; parallax_video_overlay=&#8221;color&#8221; row_overlay_opacity=&#8221;0&#8243; remove_element_spacing=&#8221;no&#8221; row_col_pos=&#8221;default&#8221; row_expanding=&#8221;no&#8221; row_animation=&#8221;none&#8221; row_animation_delay=&#8221;0&#8243; width=&#8221;1\/1&#8243; el_position=&#8221;first last&#8221;] [spb_column col_animation=&#8221;none&#8221; col_animation_delay=&#8221;0&#8243; col_bg_color=&#8221;#ffffff&#8221; col_bg_type=&#8221;cover&#8221; col_parallax_image_movement=&#8221;fixed&#8221; col_parallax_image_speed=&#8221;0.5&#8243; col_padding=&#8221;4&#8243; col_sm=&#8221;6&#8243; padding_horizontal=&#8221;0&#8243; width=&#8221;1\/2&#8243; el_position=&#8221;first&#8221;] [spb_text_block element_name=&#8221;Notre activit\u00e9&#8221; animation=&#8221;none&#8221; animation_delay=&#8221;0&#8243; simplified_controls=&#8221;yes&#8221; custom_css_percentage=&#8221;no&#8221; padding_vertical=&#8221;12&#8243; padding_horizontal=&#8221;12&#8243; margin_vertical=&#8221;0&#8243; custom_css=&#8221;margin-top: 0px;margin-bottom: 0px;padding-top: 12px;padding-left: 12px;padding-right: 12px;padding-bottom: 12px;&#8221; border_size=&#8221;0&#8243; border_styling_global=&#8221;default&#8221; width=&#8221;1\/1&#8243; el_position=&#8221;first last&#8221;]<\/p>\n<h2>Notre activit\u00e9<\/h2>\n<h3>Soutenir et d\u00e9velopper la recherche dans les musiques anciennes de l&#8217;Europe et du Bassin m\u00e9diterran\u00e9en<\/h3>\n<p>La diffusion des r\u00e9pertoires est assur\u00e9e par l\u2019<a title=\"Ensemble Organum\" href=\"https:\/\/organumcirma.com\/a-propos\/histoire\/\">ensemble Organum<\/a>. Les activit\u00e9s de recherche, d&#8217;enseignement, de production et de publication de l\u2019Association sont regroup\u00e9es sous l\u2019appellation <a title=\"CIRMA\" href=\"https:\/\/organumcirma.com\/pedagogie\/le-cirma\/\">CIRMA<\/a> (Centre Itin\u00e9rant de Recherche sur les Musiques Anciennes). Le ch\u0153ur du CIRMA est constitu\u00e9 par les \u00e9tudiants \u2013 venus des quatre coins de la plan\u00e8te \u2013 qui ont suivis les diff\u00e9rentes sessions de formations propos\u00e9es.<\/p>\n<p>[\/spb_text_block] [\/spb_column] [spb_column col_animation=&#8221;none&#8221; col_animation_delay=&#8221;0&#8243; col_bg_color=&#8221;#ffffff&#8221; col_bg_type=&#8221;cover&#8221; col_parallax_image_movement=&#8221;fixed&#8221; col_parallax_image_speed=&#8221;0.5&#8243; col_padding=&#8221;4&#8243; col_sm=&#8221;6&#8243; padding_horizontal=&#8221;0&#8243; width=&#8221;1\/2&#8243; el_position=&#8221;last&#8221;] [spb_image image=&#8221;13063&#8243; image_size=&#8221;full&#8221; frame=&#8221;noframe&#8221; caption=&#8221;Marcel P\u00e9r\u00e8s \u00a9 V.LePage&#8221; caption_pos=&#8221;hover&#8221; remove_rounded=&#8221;yes&#8221; fullwidth=&#8221;yes&#8221; overflow_mode=&#8221;none&#8221; link_target=&#8221;_self&#8221; lightbox=&#8221;yes&#8221; intro_animation=&#8221;none&#8221; animation_delay=&#8221;200&#8243; width=&#8221;1\/1&#8243; el_position=&#8221;first last&#8221;][\/spb_image] [\/spb_column] [\/spb_row] [spb_row element_name=&#8221;Row&#8221; wrap_type=&#8221;content-width&#8221; row_bg_type=&#8221;image&#8221; row_bg_color=&#8221;#640048&#8243; color_row_height=&#8221;content-height&#8221; bg_image=&#8221;13218&#8243; bg_type=&#8221;cover&#8221; parallax_image_height=&#8221;content-height&#8221; parallax_image_movement=&#8221;fixed&#8221; parallax_image_speed=&#8221;0.5&#8243; bg_video_loop=&#8221;yes&#8221; parallax_video_height=&#8221;window-height&#8221; row_responsive_vis=&#8221;hidden-xs&#8221; parallax_video_overlay=&#8221;none&#8221; row_overlay_opacity=&#8221;0&#8243; remove_element_spacing=&#8221;no&#8221; row_col_pos=&#8221;default&#8221; row_expanding=&#8221;no&#8221; row_animation=&#8221;none&#8221; row_animation_delay=&#8221;0&#8243; minimize_row=&#8221;yes&#8221; width=&#8221;1\/1&#8243; el_position=&#8221;first last&#8221;] [spb_column col_animation=&#8221;none&#8221; col_animation_delay=&#8221;0&#8243; col_bg_type=&#8221;cover&#8221; col_parallax_image_movement=&#8221;fixed&#8221; col_parallax_image_speed=&#8221;0.5&#8243; col_padding=&#8221;5&#8243; col_sm=&#8221;12&#8243; padding_horizontal=&#8221;0&#8243; width=&#8221;1\/1&#8243; el_position=&#8221;first last&#8221;] [spb_text_block element_name=&#8221;citation&#8221; animation=&#8221;none&#8221; animation_delay=&#8221;0&#8243; simplified_controls=&#8221;yes&#8221; custom_css_percentage=&#8221;no&#8221; padding_vertical=&#8221;2&#8243; padding_horizontal=&#8221;0&#8243; margin_vertical=&#8221;0&#8243; custom_css=&#8221;margin-top: 0px;margin-bottom: 0px;padding-top: 2px;padding-bottom: 2px;&#8221; border_size=&#8221;0&#8243; border_styling_global=&#8221;default&#8221; el_class=&#8221;white-style&#8221; width=&#8221;1\/1&#8243; el_position=&#8221;first last&#8221;]<\/p>\n<p>[blockquote3] [icon image=&#8221;fa-quote-left&#8221; character=&#8221;&#8221; size=&#8221;small&#8221; cont=&#8221;no&#8221; float=&#8221;left&#8221; color=&#8221;#91435C&#8221;]Les textes anciens expriment les r\u00e9alit\u00e9s musicales d\u2019autrefois en des termes qui ne nous sont pas familiers. Il nous faut apprendre le langage musical des hommes du pass\u00e9, mais aussi, leur mani\u00e8re globale de s\u2019exprimer, leur imaginaire, leur quotidien et se repr\u00e9senter comment eux-m\u00eames se situaient dans un processus de m\u00e9moire.\u00a0Il ne s\u2019agit pas seulement de prendre une partition et de la jouer, il faut comprendre aussi le monde auquel cette musique fait r\u00e9f\u00e9rence.[\/blockquote3]<\/p>\n<p>Marcel P\u00e9r\u00e8s<\/p>\n<p>[\/spb_text_block] [\/spb_column] [\/spb_row] [spb_row element_name=&#8221;Row&#8221; wrap_type=&#8221;content-width&#8221; row_bg_type=&#8221;color&#8221; row_bg_color=&#8221;#f4f4f4&#8243; color_row_height=&#8221;content-height&#8221; bg_type=&#8221;cover&#8221; parallax_image_height=&#8221;content-height&#8221; parallax_image_movement=&#8221;fixed&#8221; parallax_image_speed=&#8221;0.5&#8243; bg_video_loop=&#8221;yes&#8221; parallax_video_height=&#8221;window-height&#8221; parallax_video_overlay=&#8221;color&#8221; row_overlay_opacity=&#8221;0&#8243; remove_element_spacing=&#8221;no&#8221; row_col_pos=&#8221;default&#8221; row_expanding=&#8221;no&#8221; row_animation=&#8221;none&#8221; row_animation_delay=&#8221;0&#8243; minimize_row=&#8221;yes&#8221; width=&#8221;1\/1&#8243; el_position=&#8221;first last&#8221;] [spb_column col_sm=&#8221;12&#8243; padding_horizontal=&#8221;0&#8243; width=&#8221;1\/1&#8243; el_position=&#8221;first last&#8221;] [spb_text_block animation=&#8221;none&#8221; animation_delay=&#8221;0&#8243; simplified_controls=&#8221;yes&#8221; custom_css_percentage=&#8221;no&#8221; padding_vertical=&#8221;3&#8243; padding_horizontal=&#8221;0&#8243; margin_vertical=&#8221;0&#8243; border_size=&#8221;0&#8243; border_styling_global=&#8221;default&#8221; width=&#8221;1\/1&#8243; el_position=&#8221;first last&#8221;]<\/p>\n<h2>Notre projet artistique et culturel<\/h2>\n<p>[\/spb_text_block] [\/spb_column] [spb_column col_animation=&#8221;none&#8221; col_animation_delay=&#8221;0&#8243; col_bg_color=&#8221;#ffffff&#8221; col_bg_type=&#8221;cover&#8221; col_parallax_image_movement=&#8221;fixed&#8221; col_parallax_image_speed=&#8221;0.5&#8243; col_padding=&#8221;4&#8243; col_sm=&#8221;6&#8243; padding_horizontal=&#8221;0&#8243; width=&#8221;1\/2&#8243; el_position=&#8221;first&#8221;] [spb_text_block element_name=&#8221;Explorer&#8221; animation=&#8221;none&#8221; animation_delay=&#8221;0&#8243; simplified_controls=&#8221;yes&#8221; custom_css_percentage=&#8221;no&#8221; padding_vertical=&#8221;12&#8243; padding_horizontal=&#8221;12&#8243; margin_vertical=&#8221;0&#8243; custom_css=&#8221;margin-top: 0px;margin-bottom: 0px;padding-top: 12px;padding-left: 12px;padding-right: 12px;padding-bottom: 12px;&#8221; border_size=&#8221;0&#8243; border_styling_global=&#8221;default&#8221; width=&#8221;1\/1&#8243; el_position=&#8221;first last&#8221;]<\/p>\n<h2>Explorer<\/h2>\n<h3>Conduire vers la lumi\u00e8re du jour des r\u00e9pertoires oubli\u00e9s<\/h3>\n<ul>\n<li>Se consacrer \u00e0 la red\u00e9couverte des r\u00e9pertoires anciens<\/li>\n<li>Mettre en perspective l&#8217;\u00e9volution des savoir-faire avec la musique contemporaine<\/li>\n<li>Publier r\u00e9guli\u00e8rement des pi\u00e8ces issues de manuscrits latins du moyen-\u00e2ge<\/li>\n<\/ul>\n<p>[\/spb_text_block] [spb_button element_name=&#8221;VOIR NOS PARTITIONS&#8221; button_text=&#8221;VOIR NOS PARTITIONS&#8221; button_size=&#8221;large&#8221; button_colour=&#8221;transparent-dark&#8221; button_type=&#8221;sf-icon-reveal&#8221; rounded=&#8221;no&#8221; button_dropshadow=&#8221;no&#8221; button_icon=&#8221;fa-book&#8221; button_link=&#8221;https:\/\/organumcirma.com\/boutique\/partitions\/&#8221; button_target=&#8221;_self&#8221; align=&#8221;center&#8221; animation=&#8221;none&#8221; animation_delay=&#8221;0&#8243; el_class=&#8221;.bouton&#8221; width=&#8221;1\/1&#8243; el_position=&#8221;first last&#8221;] [\/spb_column] [spb_column col_animation=&#8221;none&#8221; col_animation_delay=&#8221;0&#8243; col_bg_color=&#8221;#fcf2e9&#8243; col_bg_type=&#8221;cover&#8221; col_parallax_image_movement=&#8221;fixed&#8221; col_parallax_image_speed=&#8221;0.5&#8243; col_padding=&#8221;4&#8243; col_sm=&#8221;6&#8243; padding_horizontal=&#8221;0&#8243; width=&#8221;1\/2&#8243; el_position=&#8221;last&#8221;] [spb_text_block element_name=&#8221;Diffuser&#8221; animation=&#8221;none&#8221; animation_delay=&#8221;0&#8243; simplified_controls=&#8221;yes&#8221; custom_css_percentage=&#8221;no&#8221; padding_vertical=&#8221;12&#8243; padding_horizontal=&#8221;12&#8243; margin_vertical=&#8221;0&#8243; custom_css=&#8221;margin-top: 0px;margin-bottom: 0px;padding-top: 12px;padding-left: 12px;padding-right: 12px;padding-bottom: 12px;&#8221; border_size=&#8221;0&#8243; border_styling_global=&#8221;default&#8221; width=&#8221;1\/1&#8243; el_position=&#8221;first last&#8221;]<\/p>\n<h2>Diffuser<\/h2>\n<h3>Chanter dans des hauts lieux de m\u00e9moire et faire \u00e9voluer le rituel du concert<\/h3>\n<ul>\n<li>Diffuser nos programmes dans le cadre de festivals en France et \u00e0 l&#8217;\u00e9tranger ou \u00e0 l&#8217;occasion d&#8217;anniversaires<\/li>\n<li>Exp\u00e9rimentez de nouvelles formes d\u2019auditions, pour faire \u00e9voluer l\u2019\u00e9tat dans lequel le rituel du concert s\u2019est fig\u00e9 au cours du XX<sup>e<\/sup> si\u00e8cle<\/li>\n<li>Imaginez d&#8217;autres mani\u00e8res d\u2019\u00eatre en relation avec le public, enseigner et impliquer les \u00e9tudiants, les enfants et les professionnels dans un \u00e9v\u00e9nement collectif<\/li>\n<li>Faire revivre par la musique la fonction qu&#8217;accomplissent les rituels saisonniers de scander le temps cosmique, afin d\u2019enraciner les hommes dans le pr\u00e9sent et leur permettre ainsi d\u2019\u00eatre ouverts \u00e0 leur environnement.<\/li>\n<\/ul>\n<p>&nbsp;<\/p>\n<p>[\/spb_text_block] [spb_button element_name=&#8221;EN SAVOIR PLUS SUR L&#8217;ENSEMBLE ORGANUM&#8221; button_text=&#8221;EN SAVOIR PLUS SUR L&#8217;ENSEMBLE ORGANUM&#8221; button_size=&#8221;large&#8221; button_colour=&#8221;transparent-dark&#8221; button_type=&#8221;sf-icon-reveal&#8221; rounded=&#8221;no&#8221; button_dropshadow=&#8221;no&#8221; button_icon=&#8221;fa-info&#8221; button_link=&#8221;<a href=\"https:\/\/organumcirma.com\/a-propos\/histoire\/\">https:\/\/organumcirma.com\/a-propos\/ensemble-organum\/<\/a>&#8221; button_target=&#8221;_self&#8221; align=&#8221;center&#8221; animation=&#8221;none&#8221; animation_delay=&#8221;0&#8243; el_class=&#8221;.bouton&#8221; width=&#8221;1\/1&#8243; el_position=&#8221;first last&#8221;] [\/spb_column] [spb_column col_animation=&#8221;none&#8221; col_animation_delay=&#8221;0&#8243; col_bg_color=&#8221;#fcf2e9&#8243; col_bg_type=&#8221;cover&#8221; col_parallax_image_movement=&#8221;fixed&#8221; col_parallax_image_speed=&#8221;0.5&#8243; col_padding=&#8221;4&#8243; col_sm=&#8221;6&#8243; padding_horizontal=&#8221;0&#8243; width=&#8221;1\/2&#8243; el_position=&#8221;first&#8221;] [spb_text_block element_name=&#8221;Enseigner&#8221; animation=&#8221;none&#8221; animation_delay=&#8221;0&#8243; simplified_controls=&#8221;yes&#8221; custom_css_percentage=&#8221;no&#8221; padding_vertical=&#8221;12&#8243; padding_horizontal=&#8221;12&#8243; margin_vertical=&#8221;0&#8243; custom_css=&#8221;margin-top: 0px;margin-bottom: 0px;padding-top: 12px;padding-left: 12px;padding-right: 12px;padding-bottom: 12px;&#8221; border_size=&#8221;0&#8243; border_styling_global=&#8221;default&#8221; width=&#8221;1\/1&#8243; el_position=&#8221;first last&#8221;]<\/p>\n<h2>Enseigner<\/h2>\n<h3>Mettre en r\u00e9seau des musiciens, des penseurs, des artistes, des institutions avec un public aux origines sociales, culturelles et nationales tr\u00e8s diversifi\u00e9es<\/h3>\n<ul>\n<li>Exp\u00e9rimenter d&#8217;autres mani\u00e8res de transmettre ces musiques aujourd&#8217;hui marginales en faisant revivre les p\u00e9dagogies anciennes dans des centres de transmission du savoir (conservatoires, universit\u00e9s, centres de recherche)<\/li>\n<li>Agir en contrepoint avec les structures d\u2019enseignements traditionnelles, en apportant un suppl\u00e9ment de sensibilit\u00e9 dans la relation \u00e0 l\u2019objet \u00e9tudi\u00e9, en inscrivant l&#8217;exp\u00e9rience artistique dans la transmission d\u2019un individu \u00e0 un autre et en travaillant dans des lieux historiques<\/li>\n<\/ul>\n<p>[\/spb_text_block] [spb_button element_name=&#8221;EN SAVOIR PLUS SUR LE CIRMA&#8221; button_text=&#8221;EN SAVOIR PLUS SUR LE CIRMA&#8221; button_size=&#8221;large&#8221; button_colour=&#8221;transparent-dark&#8221; button_type=&#8221;sf-icon-reveal&#8221; rounded=&#8221;no&#8221; button_dropshadow=&#8221;no&#8221; button_icon=&#8221;fa-graduation-cap&#8221; button_link=&#8221;https:\/\/organumcirma.com\/a-propos\/le-cirma\/&#8221; button_target=&#8221;_self&#8221; align=&#8221;center&#8221; animation=&#8221;none&#8221; animation_delay=&#8221;0&#8243; el_class=&#8221;.bouton&#8221; width=&#8221;1\/1&#8243; el_position=&#8221;first last&#8221;] [\/spb_column] [spb_column col_animation=&#8221;none&#8221; col_animation_delay=&#8221;0&#8243; col_bg_color=&#8221;#ffffff&#8221; col_bg_type=&#8221;cover&#8221; col_parallax_image_movement=&#8221;fixed&#8221; col_parallax_image_speed=&#8221;0.5&#8243; col_padding=&#8221;4&#8243; col_sm=&#8221;6&#8243; padding_horizontal=&#8221;0&#8243; width=&#8221;1\/2&#8243; el_position=&#8221;last&#8221;] [spb_text_block element_name=&#8221;Une implantation territoriale&#8221; animation=&#8221;none&#8221; animation_delay=&#8221;0&#8243; simplified_controls=&#8221;yes&#8221; custom_css_percentage=&#8221;no&#8221; padding_vertical=&#8221;12&#8243; padding_horizontal=&#8221;12&#8243; margin_vertical=&#8221;0&#8243; custom_css=&#8221;margin-top: 0px;margin-bottom: 0px;padding-top: 12px;padding-left: 12px;padding-right: 12px;padding-bottom: 12px;&#8221; border_size=&#8221;0&#8243; border_styling_global=&#8221;default&#8221; width=&#8221;1\/1&#8243; el_position=&#8221;first last&#8221;]<\/p>\n<h2>Une implantation territoriale<\/h2>\n<h3>Une pr\u00e9sence au c\u0153ur de la r\u00e9gion Midi-Pyr\u00e9n\u00e9es<\/h3>\n<ul>\n<li>En r\u00e9sidence permanente \u00e0\u00a0 Moissac, qui favorise les partenariats avec les communes environnantes<\/li>\n<li>Un soutien de la ville de Moissac, du Minist\u00e8re de la Culture par la la Direction r\u00e9gionale des affaires culturelles (DRAC), le Conseil r\u00e9gional Occitanie, le Conseil D\u00e9partemental du Tarn et Garonne, ainsi que les<a href=\"https:\/\/www.helloasso.com\/associations\/association-organum\/adhesions\/adherer-a-notre-association-2022\" target=\"_blank\" rel=\"noopener\"> adh\u00e9rents<\/a> de l\u2019Association Organum<\/li>\n<li>Autoproduction de trois un rendez-vous annuels \u00e0 Moissac : <a title=\"Les Diagonales de Moissac\" href=\"https:\/\/organumcirma.com\/evenements\/les-diagonales-de-moissac\/\">Les Diagonales de Moissac<\/a>.<\/li>\n<li>Des projets de d\u00e9veloppement de notre pr\u00e9sence sur Toulouse, notamment dans le cadre de notre collaboration avec le <a href=\"https:\/\/www.comdt.org\/\">Conservatoire Occitan, <\/a>le <a href=\"https:\/\/www.musee-jacobins.auch.fr\/\">Mus\u00e9e des Jacobins<\/a>, et dans la r\u00e9gion (<a href=\"https:\/\/www.cathedrale-saint-bertrand.org\/\">Saint-Bertrand-de-Comminges<\/a>, Odyssud..)<\/li>\n<\/ul>\n<p>&nbsp;<\/p>\n<p>[\/spb_text_block] [spb_button element_name=&#8221;VOIR LE PROGRAMME DES DIAGONALES DE MOISSAC&#8221; button_text=&#8221;VOIR LE PROGRAMME DES DIAGONALES DE MOISSAC&#8221; button_size=&#8221;large&#8221; button_colour=&#8221;transparent-dark&#8221; button_type=&#8221;sf-icon-reveal&#8221; rounded=&#8221;no&#8221; button_dropshadow=&#8221;no&#8221; button_icon=&#8221;fa-calendar&#8221; button_link=&#8221;<a href=\"https:\/\/organumcirma.com\/evenements\/les-diagonales-de-moissac\/ete\/diagonales-ete2022\/\">https:\/\/organumcirma.com\/evenements\/les-diagonales-de-moissac\/<\/a>&#8221; button_target=&#8221;_self&#8221; align=&#8221;center&#8221; animation=&#8221;none&#8221; animation_delay=&#8221;0&#8243; el_class=&#8221;.bouton&#8221; width=&#8221;1\/1&#8243; el_position=&#8221;first last&#8221;] [\/spb_column] [\/spb_row] [spb_text_block element_name=&#8221;EQUIPE ET MEMBRES DE L&#8217;ASSOCIATION&#8221; animation=&#8221;none&#8221; animation_delay=&#8221;0&#8243; simplified_controls=&#8221;yes&#8221; custom_css_percentage=&#8221;no&#8221; padding_vertical=&#8221;0&#8243; padding_horizontal=&#8221;0&#8243; margin_vertical=&#8221;0&#8243; custom_css=&#8221;margin-top: 0px;margin-bottom: 0px;&#8221; border_size=&#8221;0&#8243; border_styling_global=&#8221;default&#8221; width=&#8221;1\/1&#8243; el_position=&#8221;first last&#8221;]<\/p>\n<h3 class=\"impact-text\" style=\"text-align: center;\">EQUIPE ET MEMBRES DE L&#8217;ASSOCIATION<\/h3>\n<p style=\"text-align: center;\"><strong>Annick BOUCHENY- Pr\u00e9sidente<\/strong><br \/>\n<strong>Christine LORENZO &#8211; Tr\u00e9sori\u00e8re<\/strong><br \/>\n<strong>Marie-France DEBES &#8211; Secr\u00e9taire<br \/>\n<\/strong><br \/>\n<strong><a href=\"mailto:ensembleorganum@yahoo.fr\">Marcel PERES<\/a> &#8211; Directeur Artistique +33 (0)5 63 95 02 91<\/strong><br \/>\n<strong><a href=\"mailto:ensembleorganum@yahoo.fr\">Sandra MOMMAYOU &#8211; <\/a>Administratrice +33 (0)5 63 95 02 91<\/strong><br \/>\n<strong><a href=\"mailto:antoniou.organum@yahoo.com\">Chrysanthos ANTONIOU<\/a> &#8211; Charg\u00e9 de diffusion+33 (0)5 63 95 02 91<\/strong><\/p>\n<p>[\/spb_text_block]<\/p>\n","protected":false},"excerpt":{"rendered":"<p>[spb_row element_name=&#8221;Row&#8221; wrap_type=&#8221;content-width&#8221; row_bg_type=&#8221;color&#8221; row_bg_color=&#8221;#91435c&#8221; color_row_height=&#8221;content-height&#8221; bg_image=&#8221;11371&#8243; bg_type=&#8221;cover&#8221; parallax_image_height=&#8221;content-height&#8221; parallax_image_movement=&#8221;fixed&#8221; parallax_image_speed=&#8221;0.5&#8243; bg_video_loop=&#8221;yes&#8221; parallax_video_height=&#8221;window-height&#8221; parallax_video_overlay=&#8221;color&#8221; row_overlay_opacity=&#8221;0&#8243; remove_element_spacing=&#8221;no&#8221; row_col_pos=&#8221;default&#8221; row_expanding=&#8221;no&#8221; row_animation=&#8221;none&#8221; row_animation_delay=&#8221;0&#8243; width=&#8221;1\/1&#8243; el_position=&#8221;first last&#8221;] [spb_column col_animation=&#8221;none&#8221;&hellip;<\/p>\n","protected":false},"author":4,"featured_media":0,"parent":0,"menu_order":2,"comment_status":"open","ping_status":"closed","template":"","meta":{"_exactmetrics_skip_tracking":false,"_exactmetrics_sitenote_active":false,"_exactmetrics_sitenote_note":"","_exactmetrics_sitenote_category":0,"footnotes":""},"yst_prominent_words":[1146,1142,797,780,333,784,796,779,331,330,328,332,329,259,1765,807,929,1768,1767,1766],"class_list":["post-12122","page","type-page","status-publish","hentry"],"_links":{"self":[{"href":"https:\/\/organumcirma.com\/en_GB\/wp-json\/wp\/v2\/pages\/12122","targetHints":{"allow":["GET"]}}],"collection":[{"href":"https:\/\/organumcirma.com\/en_GB\/wp-json\/wp\/v2\/pages"}],"about":[{"href":"https:\/\/organumcirma.com\/en_GB\/wp-json\/wp\/v2\/types\/page"}],"author":[{"embeddable":true,"href":"https:\/\/organumcirma.com\/en_GB\/wp-json\/wp\/v2\/users\/4"}],"replies":[{"embeddable":true,"href":"https:\/\/organumcirma.com\/en_GB\/wp-json\/wp\/v2\/comments?post=12122"}],"version-history":[{"count":14,"href":"https:\/\/organumcirma.com\/en_GB\/wp-json\/wp\/v2\/pages\/12122\/revisions"}],"predecessor-version":[{"id":20372,"href":"https:\/\/organumcirma.com\/en_GB\/wp-json\/wp\/v2\/pages\/12122\/revisions\/20372"}],"wp:attachment":[{"href":"https:\/\/organumcirma.com\/en_GB\/wp-json\/wp\/v2\/media?parent=12122"}],"wp:term":[{"taxonomy":"yst_prominent_words","embeddable":true,"href":"https:\/\/organumcirma.com\/en_GB\/wp-json\/wp\/v2\/yst_prominent_words?post=12122"}],"curies":[{"name":"wp","href":"https:\/\/api.w.org\/{rel}","templated":true}]}}