{"id":12336,"date":"2015-03-05T10:35:59","date_gmt":"2015-03-05T09:35:59","guid":{"rendered":"http:\/\/organum.e-marlie.com\/?page_id=12336"},"modified":"2016-12-14T09:21:09","modified_gmt":"2016-12-14T08:21:09","slug":"le-choeur-du-cirma","status":"publish","type":"page","link":"https:\/\/organumcirma.com\/en_GB\/pedagogie\/le-choeur-du-cirma\/","title":{"rendered":"Le choeur du CIRMA"},"content":{"rendered":"<p>[spb_row element_name=&#8221;Row&#8221; wrap_type=&#8221;content-width&#8221; row_bg_type=&#8221;color&#8221; row_bg_color=&#8221;#91435c&#8221; color_row_height=&#8221;content-height&#8221; bg_image=&#8221;11371&#8243; bg_type=&#8221;cover&#8221; parallax_image_height=&#8221;content-height&#8221; parallax_image_movement=&#8221;fixed&#8221; parallax_image_speed=&#8221;0.5&#8243; bg_video_loop=&#8221;yes&#8221; parallax_video_height=&#8221;window-height&#8221; parallax_video_overlay=&#8221;color&#8221; row_overlay_opacity=&#8221;0&#8243; remove_element_spacing=&#8221;yes&#8221; row_col_pos=&#8221;default&#8221; row_expanding=&#8221;no&#8221; row_animation=&#8221;none&#8221; row_animation_delay=&#8221;0&#8243; width=&#8221;1\/1&#8243; el_position=&#8221;first last&#8221;] [spb_column col_sm=&#8221;6&#8243; col_animation=&#8221;none&#8221; col_animation_delay=&#8221;0&#8243; col_bg_type=&#8221;cover&#8221; col_parallax_image_movement=&#8221;fixed&#8221; col_parallax_image_speed=&#8221;0.5&#8243; col_padding=&#8221;0&#8243; col_vertical_offset=&#8221;0&#8243; col_horizontal_offset=&#8221;0&#8243; col_custom_zindex=&#8221;0&#8243; simplified_controls=&#8221;yes&#8221; custom_css_percentage=&#8221;yes&#8221; padding_vertical=&#8221;4&#8243; padding_horizontal=&#8221;4&#8243; margin_vertical=&#8221;0&#8243; custom_css=&#8221;margin-top: 0%;margin-bottom: 0%;padding-top: 4%;padding-left: 4%;padding-right: 4%;padding-bottom: 4%;&#8221; border_styling_global=&#8221;default&#8221; width=&#8221;1\/2&#8243; el_position=&#8221;first&#8221;] [spb_text_block element_name=&#8221;Le ch\u0153ur du CIRMA&#8221; animation=&#8221;none&#8221; animation_delay=&#8221;0&#8243; simplified_controls=&#8221;yes&#8221; custom_css_percentage=&#8221;no&#8221; padding_vertical=&#8221;0&#8243; padding_horizontal=&#8221;0&#8243; margin_vertical=&#8221;0&#8243; custom_css=&#8221;margin-top: 0px;margin-bottom: 0px;&#8221; border_size=&#8221;0&#8243; border_styling_global=&#8221;default&#8221; el_class=&#8221;.white-style&#8221; width=&#8221;1\/1&#8243; el_position=&#8221;first last&#8221;]<\/p>\n<h1>Le ch\u0153ur du CIRMA<\/h1>\n<h2>Nos \u00e9tudiants vous font d\u00e9couvrir la musique ancienne<\/h2>\n<p class=\"impact-text\">Cet ensemble vocal est constitu\u00e9 par les \u00e9tudiants &#8211; venus des quatre coins de la plan\u00e8te &#8211; qui participent aux diff\u00e9rentes sessions de formation propos\u00e9es par le CIRMA. Dirig\u00e9 par Marcel P\u00e9r\u00e8s, il donne r\u00e9guli\u00e8rement des concerts dans le Sud-Ouest de la France, notamment lors des <a title=\"Les Diagonales de Moissac\" href=\"https:\/\/organumcirma.com\/evenements\/les-diagonales-de-moissac\/\">Diagonales de Moissac<\/a>.<\/p>\n<p>[\/spb_text_block] [\/spb_column] [spb_column col_sm=&#8221;6&#8243; col_animation=&#8221;none&#8221; col_animation_delay=&#8221;0&#8243; col_bg_type=&#8221;cover&#8221; col_parallax_image_movement=&#8221;fixed&#8221; col_parallax_image_speed=&#8221;0.5&#8243; col_padding=&#8221;0&#8243; padding_horizontal=&#8221;0&#8243; width=&#8221;1\/2&#8243; el_position=&#8221;last&#8221;] [spb_image image=&#8221;13027&#8243; image_size=&#8221;full&#8221; frame=&#8221;noframe&#8221; caption=&#8221;Choeur du CIRMA &#8211; Abbatiale de Moissac 2010 \u00a9 B.AlyBeril&#8221; caption_pos=&#8221;hover&#8221; remove_rounded=&#8221;yes&#8221; fullwidth=&#8221;yes&#8221; overflow_mode=&#8221;none&#8221; link_target=&#8221;_self&#8221; lightbox=&#8221;no&#8221; intro_animation=&#8221;none&#8221; animation_delay=&#8221;200&#8243; width=&#8221;1\/1&#8243; el_position=&#8221;first last&#8221;][\/spb_image] [\/spb_column] [spb_promo_bar promo_bar_text=&#8221;Vous souhaitez participer \u00e0 nos prochaines sessions?&#8221; display_type=&#8221;promo-button&#8221; promo_bar_text_size=&#8221;impact-text&#8221; btn_text=&#8221;VOIR LE PROGRAMME DES STAGES A VENIR&#8221; btn_color=&#8221;transparent-light&#8221; btn_type=&#8221;standard&#8221; href=&#8221;https:\/\/organumcirma.com\/pedagogie\/stages-adultes\/&#8221; target=&#8221;_self&#8221; bg_color=&#8221;#e46764&#8243; text_color=&#8221;#ffffff&#8221; page_align=&#8221;no&#8221; fullwidth=&#8221;yes&#8221; width=&#8221;1\/1&#8243; el_position=&#8221;first last&#8221;]<\/p>\n<p>Enter your text here<\/p>\n<p>[\/spb_promo_bar] [\/spb_row] [spb_row element_name=&#8221;Row&#8221; wrap_type=&#8221;standard-width&#8221; row_bg_type=&#8221;color&#8221; color_row_height=&#8221;content-height&#8221; bg_type=&#8221;cover&#8221; parallax_image_height=&#8221;content-height&#8221; parallax_image_movement=&#8221;fixed&#8221; parallax_image_speed=&#8221;standard&#8221; bg_video_loop=&#8221;yes&#8221; parallax_video_height=&#8221;window-height&#8221; row_top_style=&#8221;none&#8221; row_bottom_style=&#8221;none&#8221; parallax_video_overlay=&#8221;none&#8221; row_overlay_opacity=&#8221;0&#8243; remove_element_spacing=&#8221;yes&#8221; row_col_spacing=&#8221;0&#8243; row_col_pos=&#8221;default&#8221; row_col_equal_heights=&#8221;yes&#8221; row_expanding=&#8221;no&#8221; row_animation=&#8221;none&#8221; row_animation_delay=&#8221;0&#8243; minimize_row=&#8221;no&#8221; simplified_controls=&#8221;yes&#8221; custom_css_percentage=&#8221;no&#8221; custom_css=&#8221;margin-top: 0px;margin-bottom: 0px;&#8221; border_styling_global=&#8221;default&#8221; width=&#8221;1\/1&#8243; el_position=&#8221;first last&#8221;] [spb_column col_sm=&#8221;6&#8243; col_animation=&#8221;none&#8221; col_animation_delay=&#8221;0&#8243; col_bg_color=&#8221;#f4f4f4&#8243; col_bg_type=&#8221;cover&#8221; col_parallax_image_movement=&#8221;fixed&#8221; col_parallax_image_speed=&#8221;0.5&#8243; col_padding=&#8221;2&#8243; padding_horizontal=&#8221;0&#8243; width=&#8221;1\/2&#8243; el_position=&#8221;first&#8221;] [spb_text_block animation=&#8221;none&#8221; animation_delay=&#8221;0&#8243; simplified_controls=&#8221;yes&#8221; custom_css_percentage=&#8221;no&#8221; padding_vertical=&#8221;12&#8243; padding_horizontal=&#8221;12&#8243; margin_vertical=&#8221;0&#8243; custom_css=&#8221;margin-top: 0px;margin-bottom: 0px;padding-top: 12px;padding-left: 12px;padding-right: 12px;padding-bottom: 12px;&#8221; border_size=&#8221;0&#8243; border_styling_global=&#8221;default&#8221; width=&#8221;1\/1&#8243; el_position=&#8221;first last&#8221;]<\/p>\n<h2>Une structure ouverte \u00e0 tous<\/h2>\n<h3>Exp\u00e9rimenter concr\u00e8tement les r\u00e9pertoires anciens<\/h3>\n<p>Le ch\u0153ur du CIRMA est une structure ouverte \u00e0 tous, destin\u00e9e \u00e0 <strong>offrir au plus grand nombre un acc\u00e8s concret \u00e0 une pratique r\u00e9elle des r\u00e9pertoires anciens peu, ou pas du tout enseign\u00e9s<\/strong> dans les institutions comme les conservatoires, les universit\u00e9s ou les diff\u00e9rents ch\u0153urs amateurs ou professionnels.<\/p>\n<p>Nous ne pratiquons pas de s\u00e9lection \u00e0 l\u2019entr\u00e9e de ces sessions de chant. Celle-ci se fait d&#8217;elle m\u00eame : chacun d\u00e9couvre et explore la relation personnelle qui se cr\u00e9e entre son propre parcours et ce que r\u00e9v\u00e8le le r\u00e9pertoire \u00e9tudi\u00e9 ; chacun \u00e9tudie selon son propre rythme. Certains participants suivent les sessions depuis plusieurs ann\u00e9es et <strong>approfondissent ainsi une approche globale des musiques anciennes, en conjuguant l&#8217;apprentissage de r\u00e9pertoires port\u00e9s par une tradition vivante<\/strong> (Chant corse, Byzantin, Pyr\u00e9n\u00e9en, Italie du Sud) <strong>avec des r\u00e9pertoires oubli\u00e9s<\/strong> (chant romain, mozarabe, b\u00e9n\u00e9ventain, gallican) ou bien mal connu et peu pratiqu\u00e9s : polyphonies et monodies romanes, gothiques, Renaissance.<\/p>\n<h3>Des sessions cycliques pour approfondir les r\u00e9pertoires<\/h3>\n<p>Le caract\u00e8re cyclique des sessions permet d&#8217;approfondir un r\u00e9pertoire ou une \u0153uvre particuli\u00e8re pendant plusieurs ann\u00e9es. Ainsi, les <a href=\"https:\/\/organumcirma.com\/evenement\/offices-de-saint-jacques\/\">offices de Saint Jacques du Codex Calixtinus<\/a> sont enseign\u00e9s tous les ans depuis 2001. L&#8217;<a href=\"https:\/\/organumcirma.com\/evenements\/conferences\/conferences-hildegarde-de-bingen\/\">\u0153uvre musicale d&#8217;Hildegarde de Bingen <\/a>est enseign\u00e9e \u00e9galement chaque ann\u00e9e au printemps depuis 2013 et le sera pendant encore longtemps. Le requiem de Divitis fut enseign\u00e9 pendant quatre ans, la messe de Machaut pendant trois ans et le Occo Codex (manuscrit polyphonique, d\u00e9but du XVIe si\u00e8cle) pendant six ans.<\/p>\n<p>[\/spb_text_block] [\/spb_column] [spb_column col_sm=&#8221;6&#8243; padding_horizontal=&#8221;0&#8243; width=&#8221;1\/2&#8243; el_position=&#8221;last&#8221;] [spb_image image=&#8221;14329&#8243; image_size=&#8221;full&#8221; frame=&#8221;noframe&#8221; caption=&#8221;Choeur du CIRMA &#8211; Diagonales de Printemps 2015 \u00a9 B.AlyB\u00e9ril&#8221; caption_pos=&#8221;hover&#8221; remove_rounded=&#8221;yes&#8221; fullwidth=&#8221;no&#8221; overflow_mode=&#8221;none&#8221; link_target=&#8221;_self&#8221; lightbox=&#8221;yes&#8221; intro_animation=&#8221;none&#8221; animation_delay=&#8221;200&#8243; width=&#8221;1\/1&#8243; el_position=&#8221;first last&#8221;][\/spb_image] [spb_text_block element_name=&#8221;Citation&#8221; animation=&#8221;none&#8221; animation_delay=&#8221;0&#8243; simplified_controls=&#8221;yes&#8221; custom_css_percentage=&#8221;no&#8221; padding_vertical=&#8221;0&#8243; padding_horizontal=&#8221;0&#8243; margin_vertical=&#8221;0&#8243; custom_css=&#8221;margin-top: 0px;margin-bottom: 0px;&#8221; border_size=&#8221;0&#8243; border_styling_global=&#8221;default&#8221; width=&#8221;1\/1&#8243; el_position=&#8221;first last&#8221;]<\/p>\n<blockquote>\n<p class=\"impact-text\">[icon image=&#8221;fa-quote-left&#8221; character=&#8221;&#8221; size=&#8221;small&#8221; cont=&#8221;no&#8221; float=&#8221;left&#8221; color=&#8221;&#8221;]Le ch\u0153ur du CIRMA exprime avec confiance que les musiques dites anciennes sont bien une nourriture pour les hommes d&#8217;aujourd&#8217;hui et qu&#8217;elles renouvellent en profondeur la relation, au patrimoine, aux autres et \u00e0 soi-m\u00eame.<\/p>\n<p class=\"impact-text\">Marcel P\u00e9r\u00e8s<\/p>\n<\/blockquote>\n<p>[\/spb_text_block] [\/spb_column] [spb_promo_bar promo_bar_text=&#8221;Vous souhaitez participer \u00e0 nos prochaines sessions?&#8221; display_type=&#8221;promo-button&#8221; promo_bar_text_size=&#8221;impact-text&#8221; btn_text=&#8221;VOIR LE PROGRAMME DES STAGES A VENIR&#8221; btn_color=&#8221;transparent-light&#8221; btn_type=&#8221;standard&#8221; href=&#8221;https:\/\/organumcirma.com\/pedagogie\/stages-adultes\/&#8221; target=&#8221;_self&#8221; bg_color=&#8221;#e46764&#8243; text_color=&#8221;#ffffff&#8221; page_align=&#8221;no&#8221; fullwidth=&#8221;yes&#8221; width=&#8221;1\/1&#8243; el_position=&#8221;first last&#8221;]<\/p>\n<p>Enter your text here<\/p>\n<p>[\/spb_promo_bar] [\/spb_row] [spb_row element_name=&#8221;Row&#8221; wrap_type=&#8221;content-width&#8221; parallax_image_height=&#8221;content-height&#8221; parallax_image_movement=&#8221;fixed&#8221; parallax_image_speed=&#8221;0.5&#8243; bg_video_loop=&#8221;yes&#8221; parallax_video_height=&#8221;window-height&#8221; parallax_video_overlay=&#8221;none&#8221; row_overlay_opacity=&#8221;0&#8243; row_col_pos=&#8221;default&#8221; width=&#8221;1\/1&#8243; el_position=&#8221;first last&#8221;] [spb_column col_sm=&#8221;6&#8243; col_animation=&#8221;none&#8221; col_animation_delay=&#8221;0&#8243; col_bg_color=&#8221;#f4f4f4&#8243; col_bg_type=&#8221;cover&#8221; col_parallax_image_movement=&#8221;fixed&#8221; col_parallax_image_speed=&#8221;0.5&#8243; col_padding=&#8221;2&#8243; padding_horizontal=&#8221;0&#8243; width=&#8221;1\/2&#8243; el_position=&#8221;first&#8221;] [spb_text_block element_name=&#8221;Un laboratoire de mixit\u00e9 sociale et internationale&#8221; animation=&#8221;none&#8221; animation_delay=&#8221;0&#8243; simplified_controls=&#8221;yes&#8221; custom_css_percentage=&#8221;no&#8221; padding_vertical=&#8221;12&#8243; padding_horizontal=&#8221;12&#8243; margin_vertical=&#8221;0&#8243; custom_css=&#8221;margin-top: 0px;margin-bottom: 0px;padding-top: 12px;padding-left: 12px;padding-right: 12px;padding-bottom: 12px;&#8221; border_size=&#8221;0&#8243; border_styling_global=&#8221;default&#8221; width=&#8221;1\/1&#8243; el_position=&#8221;first last&#8221;]<\/p>\n<h2>Un laboratoire de mixit\u00e9 sociale et internationale<\/h2>\n<h3>Des chanteurs aux profils vari\u00e9s<\/h3>\n<p>Le profil des chanteurs du ch\u0153ur du CIRMA refl\u00e8te la <strong>diversit\u00e9 des approches personnelles dans des r\u00e9pertoires qui restent en marge des structures de diffusion et de l&#8217;enseignement habituels<\/strong>. On y trouve des d\u00e9butant, mais aussi de grands professionnels, des enseignants, des musiciens qui souhaitent d\u00e9couvrir d&#8217;autres approches p\u00e9dagogiques et des mani\u00e8res inconnues de construire les architectures sonores, des jeunes, des enfants, des retrait\u00e9s.<\/p>\n<p>On vient participer \u00e0 nos projets d&#8217;un peu partout : les sessions d&#8217;\u00e9t\u00e9 rassemblent r\u00e9guli\u00e8rement des musiciens originaires d&#8217;une quinzaine de nationalit\u00e9s diff\u00e9rentes. Au-del\u00e0 de l\u2019aspect purement musical, qui permet \u00e0 ces musiciens de pratiquer des monuments de la musique difficilement accessible, ce ch\u0153ur agit comme un v\u00e9ritable laboratoire de mixit\u00e9 sociale et internationale.<\/p>\n<p>Professionnels ou amateurs, les \u00e9tudiants de chacune des sessions de chant participent \u00e0 des auditions de fin de stage. Ces moments de partage des r\u00e9pertoires appris aupr\u00e8s des plus grands ma\u00eetres avec le public, engendre un d\u00e9passement de soi, des sentiments de paix et de pl\u00e9nitude inoubliables.<\/p>\n<p>&nbsp;<\/p>\n<p>&nbsp;<\/p>\n<p>&nbsp;<\/p>\n<p>[\/spb_text_block] [\/spb_column] [spb_column col_sm=&#8221;6&#8243; col_animation=&#8221;none&#8221; col_animation_delay=&#8221;0&#8243; col_bg_color=&#8221;#f4f4f4&#8243; col_bg_type=&#8221;cover&#8221; col_parallax_image_movement=&#8221;fixed&#8221; col_parallax_image_speed=&#8221;0.5&#8243; col_padding=&#8221;2&#8243; padding_horizontal=&#8221;0&#8243; width=&#8221;1\/2&#8243; el_position=&#8221;last&#8221;] [spb_text_block element_name=&#8221;Prochains concerts du CIRMA&#8221; animation=&#8221;none&#8221; animation_delay=&#8221;0&#8243; simplified_controls=&#8221;yes&#8221; custom_css_percentage=&#8221;no&#8221; padding_vertical=&#8221;0&#8243; padding_horizontal=&#8221;0&#8243; margin_vertical=&#8221;0&#8243; custom_css=&#8221;margin-top: 0px;margin-bottom: 0px;&#8221; border_size=&#8221;0&#8243; border_styling_global=&#8221;default&#8221; width=&#8221;1\/1&#8243; el_position=&#8221;first last&#8221;]<\/p>\n<h2>Prochains concerts du CIRMA<\/h2>\n<p>[\/spb_text_block] [spb_widget_area sidebar_id=&#8221;concertsduchoeurducirma&#8221; width=&#8221;1\/1&#8243; el_position=&#8221;first last&#8221;] [\/spb_column] [\/spb_row] [spb_row element_name=&#8221;Row&#8221; wrap_type=&#8221;content-width&#8221; row_bg_type=&#8221;color&#8221; color_row_height=&#8221;content-height&#8221; bg_type=&#8221;cover&#8221; parallax_image_height=&#8221;content-height&#8221; parallax_image_movement=&#8221;fixed&#8221; parallax_image_speed=&#8221;0.5&#8243; bg_video_loop=&#8221;yes&#8221; parallax_video_height=&#8221;window-height&#8221; parallax_video_overlay=&#8221;color&#8221; row_overlay_opacity=&#8221;0&#8243; remove_element_spacing=&#8221;yes&#8221; row_col_pos=&#8221;default&#8221; row_expanding=&#8221;no&#8221; row_animation=&#8221;none&#8221; row_animation_delay=&#8221;0&#8243; width=&#8221;1\/1&#8243; el_position=&#8221;first last&#8221;] [\/spb_row]<\/p>\n","protected":false},"excerpt":{"rendered":"<p>[spb_row element_name=&#8221;Row&#8221; wrap_type=&#8221;content-width&#8221; row_bg_type=&#8221;color&#8221; row_bg_color=&#8221;#91435c&#8221; color_row_height=&#8221;content-height&#8221; bg_image=&#8221;11371&#8243; bg_type=&#8221;cover&#8221; parallax_image_height=&#8221;content-height&#8221; parallax_image_movement=&#8221;fixed&#8221; parallax_image_speed=&#8221;0.5&#8243; bg_video_loop=&#8221;yes&#8221; parallax_video_height=&#8221;window-height&#8221; parallax_video_overlay=&#8221;color&#8221; row_overlay_opacity=&#8221;0&#8243; remove_element_spacing=&#8221;yes&#8221; row_col_pos=&#8221;default&#8221; row_expanding=&#8221;no&#8221; row_animation=&#8221;none&#8221; row_animation_delay=&#8221;0&#8243; width=&#8221;1\/1&#8243; el_position=&#8221;first last&#8221;] [spb_column col_sm=&#8221;6&#8243;&hellip;<\/p>\n","protected":false},"author":4,"featured_media":0,"parent":11231,"menu_order":2,"comment_status":"open","ping_status":"closed","template":"","meta":{"_exactmetrics_skip_tracking":false,"_exactmetrics_sitenote_active":false,"_exactmetrics_sitenote_note":"","_exactmetrics_sitenote_category":0,"footnotes":""},"yst_prominent_words":[],"class_list":["post-12336","page","type-page","status-publish","hentry"],"_links":{"self":[{"href":"https:\/\/organumcirma.com\/en_GB\/wp-json\/wp\/v2\/pages\/12336","targetHints":{"allow":["GET"]}}],"collection":[{"href":"https:\/\/organumcirma.com\/en_GB\/wp-json\/wp\/v2\/pages"}],"about":[{"href":"https:\/\/organumcirma.com\/en_GB\/wp-json\/wp\/v2\/types\/page"}],"author":[{"embeddable":true,"href":"https:\/\/organumcirma.com\/en_GB\/wp-json\/wp\/v2\/users\/4"}],"replies":[{"embeddable":true,"href":"https:\/\/organumcirma.com\/en_GB\/wp-json\/wp\/v2\/comments?post=12336"}],"version-history":[{"count":0,"href":"https:\/\/organumcirma.com\/en_GB\/wp-json\/wp\/v2\/pages\/12336\/revisions"}],"up":[{"embeddable":true,"href":"https:\/\/organumcirma.com\/en_GB\/wp-json\/wp\/v2\/pages\/11231"}],"wp:attachment":[{"href":"https:\/\/organumcirma.com\/en_GB\/wp-json\/wp\/v2\/media?parent=12336"}],"wp:term":[{"taxonomy":"yst_prominent_words","embeddable":true,"href":"https:\/\/organumcirma.com\/en_GB\/wp-json\/wp\/v2\/yst_prominent_words?post=12336"}],"curies":[{"name":"wp","href":"https:\/\/api.w.org\/{rel}","templated":true}]}}