{"id":13226,"date":"2015-04-09T09:53:14","date_gmt":"2015-04-09T08:53:14","guid":{"rendered":"http:\/\/organum.e-marlie.com\/?page_id=13226"},"modified":"2024-01-15T19:03:28","modified_gmt":"2024-01-15T18:03:28","slug":"conferences","status":"publish","type":"page","link":"https:\/\/organumcirma.com\/en_GB\/conferences\/","title":{"rendered":"Colloques et conf\u00e9rences"},"content":{"rendered":"<h3>s<\/h3>\n<h3><\/h3>\n<h3><span style=\"color: #993366;\"><b>Journ\u00e9es d&#8217;\u00e9tude Mai 2022<\/b><\/span><\/h3>\n<p><strong>Depuis 2018<\/strong>, le Cirma a \u00e9tabli un partenariat avec l&#8217;Universit\u00e9 Rennes 2.<br \/>\nDans ce cadre, plusieurs rencontres ont \u00e9t\u00e9 organis\u00e9s et une nouvelle rencontre aura lieu ce 23 et 24 mai 2022 \u00e0 Moissac.<\/p>\n<p><strong>Horaires<\/strong><br \/>\nLundi 23 mai 2022 &#8211; De 16h \u00e0 19h<br \/>\nMardi 24 mai 2022 &#8211; De 10h \u00e0 13h et de 16h \u00e0 19h<\/p>\n<p><strong>Lieu<br \/>\n<\/strong>Association Organum 12 boulevard lakanal 82200 MOISSAC (Derri\u00e8re le b\u00e2timent des imp\u00f4ts, en longeant le canal)<\/p>\n<p><em><strong>Entr\u00e9e libre sans r\u00e9servation<\/strong><\/em><\/p>\n<p><a href=\"https:\/\/organumcirma.com\/wp-content\/uploads\/2022\/05\/flyerjourneesetudemai2022-def.pdf\"><img loading=\"lazy\" decoding=\"async\" class=\"aligncenter wp-image-20398 size-full\" src=\"https:\/\/organumcirma.com\/wp-content\/uploads\/2022\/05\/colloqueaffiche.jpg\" alt=\"\" width=\"642\" height=\"820\" srcset=\"https:\/\/organumcirma.com\/wp-content\/uploads\/2022\/05\/colloqueaffiche.jpg 642w, https:\/\/organumcirma.com\/wp-content\/uploads\/2022\/05\/colloqueaffiche-235x300.jpg 235w\" sizes=\"auto, (max-width: 642px) 100vw, 642px\" \/><\/a><\/p>\n<p style=\"text-align: center;\"><a href=\"https:\/\/organumcirma.com\/wp-content\/uploads\/2022\/05\/flyerjourneesetudemai2022-def.pdf\" target=\"_blank\" rel=\"noopener\">D\u00e9couvrez le programme d\u00e9taill\u00e9&#8230;<\/a><\/p>\n<h3><span style=\"color: #993366;\"><strong>Rencontres pr\u00e9c\u00e9dentes<\/strong><\/span><\/h3>\n<p><strong>Programme du Colloque plurisciplinaire<\/strong> &#8211; Hildegarde de Bingen : Comment sa musique pourrait-elle susciter de nouvelles approches th\u00e9rapeutiques? <em><strong>9-10-11 Juillet 2021 \u00e0 Moissac &#8211; <a href=\"https:\/\/organumcirma.com\/wp-content\/uploads\/2022\/01\/5ggdprogrammecolloqueavecphoto-versionfinale3.pdf\" target=\"_blank\" rel=\"noopener\">Retrouvez le programme complet!<\/a><\/strong><\/em> <a href=\"https:\/\/organumcirma.com\/wp-content\/uploads\/2022\/01\/colloquemai.jpg\"><img loading=\"lazy\" decoding=\"async\" class=\"aligncenter wp-image-20259 size-full\" src=\"https:\/\/organumcirma.com\/wp-content\/uploads\/2022\/01\/colloquemai.jpg\" alt=\"\" width=\"663\" height=\"866\" srcset=\"https:\/\/organumcirma.com\/wp-content\/uploads\/2022\/01\/colloquemai.jpg 663w, https:\/\/organumcirma.com\/wp-content\/uploads\/2022\/01\/colloquemai-230x300.jpg 230w\" sizes=\"auto, (max-width: 663px) 100vw, 663px\" \/><\/a><\/p>\n<hr \/>\n<p><strong>Programme des Journ\u00e9es d&#8217;\u00e9tudes interdisciplinaires autour de l&#8217;oeuvre de Jackie Pigeaud &#8211; 1er et 2 novembre 2021 &#8211; <\/strong><a href=\"https:\/\/organumcirma.com\/wp-content\/uploads\/2021\/10\/241021PROGRAMMEdefJEmoissacHVB-12-nov2021GGD.pdf\" target=\"_blank\" rel=\"noopener\">Retrouvez le programme complet!<\/a><\/p>\n<p><a href=\"https:\/\/organumcirma.com\/wp-content\/uploads\/2022\/01\/2021-10-31-14_10_09-251021AfficheHVBJEMoissac.pdf-Adobe-Acrobat-Reader-DC-32-bit.jpg\"><img loading=\"lazy\" decoding=\"async\" class=\"aligncenter wp-image-20169 size-full\" src=\"https:\/\/organumcirma.com\/wp-content\/uploads\/2022\/01\/2021-10-31-14_10_09-251021AfficheHVBJEMoissac.pdf-Adobe-Acrobat-Reader-DC-32-bit.jpg\" alt=\"\" width=\"553\" height=\"783\" srcset=\"https:\/\/organumcirma.com\/wp-content\/uploads\/2022\/01\/2021-10-31-14_10_09-251021AfficheHVBJEMoissac.pdf-Adobe-Acrobat-Reader-DC-32-bit.jpg 553w, https:\/\/organumcirma.com\/wp-content\/uploads\/2022\/01\/2021-10-31-14_10_09-251021AfficheHVBJEMoissac.pdf-Adobe-Acrobat-Reader-DC-32-bit-212x300.jpg 212w\" sizes=\"auto, (max-width: 553px) 100vw, 553px\" \/><\/a><\/p>\n","protected":false},"excerpt":{"rendered":"<p>s Journ\u00e9es d&#8217;\u00e9tude Mai 2022 Depuis 2018, le Cirma a \u00e9tabli un partenariat avec l&#8217;Universit\u00e9 Rennes 2. Dans ce cadre, plusieurs rencontres ont \u00e9t\u00e9 organis\u00e9s&hellip;<\/p>\n","protected":false},"author":4,"featured_media":0,"parent":0,"menu_order":4,"comment_status":"closed","ping_status":"open","template":"","meta":{"_exactmetrics_skip_tracking":false,"_exactmetrics_sitenote_active":false,"_exactmetrics_sitenote_note":"","_exactmetrics_sitenote_category":0,"footnotes":""},"yst_prominent_words":[],"class_list":["post-13226","page","type-page","status-publish","hentry"],"_links":{"self":[{"href":"https:\/\/organumcirma.com\/en_GB\/wp-json\/wp\/v2\/pages\/13226","targetHints":{"allow":["GET"]}}],"collection":[{"href":"https:\/\/organumcirma.com\/en_GB\/wp-json\/wp\/v2\/pages"}],"about":[{"href":"https:\/\/organumcirma.com\/en_GB\/wp-json\/wp\/v2\/types\/page"}],"author":[{"embeddable":true,"href":"https:\/\/organumcirma.com\/en_GB\/wp-json\/wp\/v2\/users\/4"}],"replies":[{"embeddable":true,"href":"https:\/\/organumcirma.com\/en_GB\/wp-json\/wp\/v2\/comments?post=13226"}],"version-history":[{"count":17,"href":"https:\/\/organumcirma.com\/en_GB\/wp-json\/wp\/v2\/pages\/13226\/revisions"}],"predecessor-version":[{"id":20841,"href":"https:\/\/organumcirma.com\/en_GB\/wp-json\/wp\/v2\/pages\/13226\/revisions\/20841"}],"wp:attachment":[{"href":"https:\/\/organumcirma.com\/en_GB\/wp-json\/wp\/v2\/media?parent=13226"}],"wp:term":[{"taxonomy":"yst_prominent_words","embeddable":true,"href":"https:\/\/organumcirma.com\/en_GB\/wp-json\/wp\/v2\/yst_prominent_words?post=13226"}],"curies":[{"name":"wp","href":"https:\/\/api.w.org\/{rel}","templated":true}]}}