{"id":19295,"date":"2020-01-24T10:03:14","date_gmt":"2020-01-24T09:03:14","guid":{"rendered":"https:\/\/organumcirma.com\/?page_id=19295"},"modified":"2022-04-21T15:15:52","modified_gmt":"2022-04-21T14:15:52","slug":"dernierenregistrement","status":"publish","type":"page","link":"https:\/\/organumcirma.com\/en_GB\/dernierenregistrement\/","title":{"rendered":"New recording"},"content":{"rendered":"<p>[spb_text_block animation=&#8221;none&#8221; animation_delay=&#8221;0&#8243; simplified_controls=&#8221;yes&#8221; custom_css_percentage=&#8221;no&#8221; padding_vertical=&#8221;0&#8243; padding_horizontal=&#8221;0&#8243; margin_vertical=&#8221;0&#8243; custom_css=&#8221;margin-top: 0px;margin-bottom: 0px;&#8221; border_size=&#8221;0&#8243; border_styling_global=&#8221;default&#8221; width=&#8221;1\/1&#8243; el_position=&#8221;first last&#8221;]<\/p>\n<h3 class=\"title style-scope ytd-video-primary-info-renderer\">Dernier enregistrement Ensemble Organum- Samaa-Mozarabe<\/h3>\n<p>&nbsp;<\/p>\n<p>[\/spb_text_block] [spb_text_block animation=&#8221;none&#8221; animation_delay=&#8221;0&#8243; simplified_controls=&#8221;yes&#8221; custom_css_percentage=&#8221;no&#8221; padding_vertical=&#8221;0&#8243; padding_horizontal=&#8221;0&#8243; margin_vertical=&#8221;0&#8243; custom_css=&#8221;margin-top: 0px;margin-bottom: 0px;&#8221; border_size=&#8221;0&#8243; border_styling_global=&#8221;default&#8221; width=&#8221;2\/3&#8243; el_position=&#8221;first&#8221;]<\/p>\n<div>\n<div>Le Samaa d\u00e9signe un r\u00e9pertoire de confr\u00e9ries soufies, constitu\u00e9 en Andalousie et au Maroc depuis le 14\u00e8me si\u00e8cle.<\/div>\n<div>Mozarabe est le mot employ\u00e9 pour d\u00e9signer les chr\u00e9tiens qui conserv\u00e8rent leur foi pendant l\u2019administration musulmane de la p\u00e9ninsule ib\u00e9rique, du 8\u00e8me au 15\u00e8me si\u00e8cle.<\/div>\n<div><\/div>\n<div><b>Pour la premi\u00e8re fois est r\u00e9v\u00e9l\u00e9 le souffle commun qui traverse le chant islamique et le chant chr\u00e9tien des origines.<\/b><\/div>\n<\/div>\n<p>Des hommes se rassemblent pour veiller et chanter en grec, en latin, en arabe&#8230;Les dogmes, l&#8217;histoire, la th\u00e9ologie, ce qui constitue l&#8217;identit\u00e9 de chacun en s&#8217;\u00e9loignant des autres est ici oubli\u00e9. Seul demeure l&#8217;acte du chant&#8230;<\/p>\n<p>[\/spb_text_block] [spb_video link=&#8221;https:\/\/www.youtube.com\/watch?v=VbGhyv7i_us&amp;feature=youtu.be&#8221; remove_related=&#8221;yes&#8221; autoplay=&#8221;yes&#8221; full_width=&#8221;no&#8221; width=&#8221;1\/3&#8243; el_position=&#8221;last&#8221;] [spb_text_block animation=&#8221;none&#8221; animation_delay=&#8221;0&#8243; simplified_controls=&#8221;yes&#8221; custom_css_percentage=&#8221;no&#8221; padding_vertical=&#8221;0&#8243; padding_horizontal=&#8221;0&#8243; margin_vertical=&#8221;0&#8243; custom_css=&#8221;margin-top: 0px;margin-bottom: 0px;&#8221; border_size=&#8221;0&#8243; border_styling_global=&#8221;default&#8221; width=&#8221;1\/1&#8243; el_position=&#8221;first last&#8221;]<\/p>\n<blockquote><p><strong><em>Et\u2026 l\u2019on se met \u00e0 r\u00eaver\u2026 et si la paix, la paix tant d\u00e9sir\u00e9e par les humains \u00e9tait l\u00e0, toute proche\u2026 a port\u00e9e de voix\u2026 lorsque, vers les cieux, s\u2019\u00e9l\u00e8vent des chants qui s\u2019\u00e9panouissent dans la m\u00e9moire vive de l\u2019humanit\u00e9 dans ce qu\u2019elle a de plus noble et de plus g\u00e9n\u00e9reux.<\/em><\/strong><\/p><\/blockquote>\n<p>[\/spb_text_block] [spb_column col_sm=&#8221;4&#8243; padding_horizontal=&#8221;0&#8243; width=&#8221;1\/3&#8243; el_position=&#8221;first&#8221;] [spb_image image=&#8221;19303&#8243; image_size=&#8221;full&#8221; frame=&#8221;noframe&#8221; caption_pos=&#8221;hover&#8221; remove_rounded=&#8221;yes&#8221; fullwidth=&#8221;no&#8221; overflow_mode=&#8221;none&#8221; link_target=&#8221;_self&#8221; lightbox=&#8221;no&#8221; intro_animation=&#8221;none&#8221; animation_delay=&#8221;200&#8243; width=&#8221;1\/1&#8243; el_position=&#8221;first last&#8221;]<\/p>\n<p><em><strong>\u00a0Photo Eglise de La R\u00e9ole &#8211; Jean Christophe\u00a0 Candau<\/strong><\/em><\/p>\n<p>[\/spb_image] [spb_image image=&#8221;19305&#8243; image_size=&#8221;full&#8221; frame=&#8221;noframe&#8221; caption_pos=&#8221;hover&#8221; remove_rounded=&#8221;yes&#8221; fullwidth=&#8221;no&#8221; overflow_mode=&#8221;none&#8221; link_target=&#8221;_self&#8221; lightbox=&#8221;no&#8221; intro_animation=&#8221;none&#8221; animation_delay=&#8221;200&#8243; width=&#8221;1\/1&#8243; el_position=&#8221;first last&#8221;]<\/p>\n<p>Photo Eglise de la R\u00e9ole Jean Christophe CANDAU<\/p>\n<p>[\/spb_image] [\/spb_column] [spb_column col_sm=&#8221;8&#8243; padding_horizontal=&#8221;0&#8243; width=&#8221;2\/3&#8243; el_position=&#8221;last&#8221;] [spb_text_block animation=&#8221;none&#8221; animation_delay=&#8221;0&#8243; simplified_controls=&#8221;yes&#8221; custom_css_percentage=&#8221;no&#8221; padding_vertical=&#8221;0&#8243; padding_horizontal=&#8221;0&#8243; margin_vertical=&#8221;0&#8243; custom_css=&#8221;margin-top: 0px;margin-bottom: 0px;&#8221; border_size=&#8221;0&#8243; border_styling_global=&#8221;default&#8221; width=&#8221;1\/1&#8243; el_position=&#8221;first last&#8221;]<\/p>\n<div><b>SAMAA \u2013 MOZARABE &#8211;\u00a0<\/b>XVe si\u00e8cle \u2013 XXIe si\u00e8cle<\/div>\n<div>Ce projet d\u2019enregistrement t\u00e9moigne d\u2019un travail commenc\u00e9 en 1997.<\/div>\n<div>\n<p>A l\u2019occasion de l\u2019ann\u00e9e qui en France fut consacr\u00e9e \u00e0 la c\u00e9l\u00e9bration de la culture marocaine, baptis\u00e9e \u00ab 1999, Le temps du Maroc \u00bb, Marcel P\u00e9r\u00e8s avait d\u00e9cid\u00e9 de se lancer dans un projet ambitieux : d\u00e9crypter ce qu\u2019il nomma \u00ab les codes g\u00e9n\u00e9tiques du spirituel \u00bb.<br \/>\nL\u2019axiome de base \u00e9tait simple : ind\u00e9pendamment des cultures, des religions, des mouvements de l\u2019histoire, les humains restent des humains, dans leurs corps, leurs destin\u00e9s d\u2019homo sapiens, leur mani\u00e8re de se tourner vers ce qui les d\u00e9passent infiniment.<br \/>\nAinsi, dans l\u2019expression de ce qui touche au religieux, l\u2019id\u00e9e consistait, en se concentrant sur l\u2019acte vocal, de mettre en lumi\u00e8re ce qui \u2013 au-del\u00e0 des dogmes et des m\u00e9andres de la pens\u00e9e religieuse \u2013 exprime de mani\u00e8re semblable l\u2019invocation qui relie l\u2019homme \u00e0 ce qui transcende sa condition.<\/p>\n<p>Le programme de cet enregistrement prend la forme d\u2019un dialogue. Parfois, tous se r\u00e9unissent pour chanter ensemble en latin ou en arabe, port\u00e9s par un m\u00eame souffle, les grands chants qui constituent la m\u00e9moire vive du chant soufi et de cet art chr\u00e9tien du chant religieux, aujourd\u2019hui sorti de la m\u00e9moire, mais qui providentiellement continue \u00e0 vivre encore maintenant dans les confr\u00e9ries de samaa.<\/p>\n<p>L\u00e0 se situe le miracle de cette rencontre. Gr\u00e2ce au dynamisme toujours \u00e0 l\u2019oeuvre dans le samaa, le chant latin retrouve son \u00e9nergie premi\u00e8re. L\u2019art du r\u00e9citatif improvis\u00e9, le mouwel des marocains, conf\u00e8re aux r\u00e9citatifs latins leur force des origines.<\/p>\n<p><a href=\"https:\/\/organumcirma.com\/us\/repertoires\/chant-soufi-marocain-et-mozarabe\/\" target=\"_blank\" rel=\"noopener noreferrer\">Plus d&#8217;infos sur notre r\u00e9pertoire Samaa-Mozarabe<\/a><\/p>\n<\/div>\n<p>[\/spb_text_block] [\/spb_column] [spb_text_block animation=&#8221;none&#8221; animation_delay=&#8221;0&#8243; simplified_controls=&#8221;yes&#8221; custom_css_percentage=&#8221;no&#8221; padding_vertical=&#8221;0&#8243; padding_horizontal=&#8221;0&#8243; margin_vertical=&#8221;0&#8243; custom_css=&#8221;margin-top: 0px;margin-bottom: 0px;&#8221; border_size=&#8221;0&#8243; border_styling_global=&#8221;default&#8221; width=&#8221;1\/1&#8243; el_position=&#8221;first last&#8221;]<\/p>\n<p style=\"text-align: center;\"><em><strong>T\u00e9l\u00e9charger le dossier complet en fran\u00e7ais &#8211;&gt; <a href=\"https:\/\/organumcirma.com\/wp-content\/uploads\/2019\/02\/Crowdfunding-Ensemble-Organum_Samaa-\u2013-Mozarabe-MAJ-30-01-19.pdf\" target=\"_blank\" rel=\"noopener noreferrer\">Cliquez-ici<\/a><\/strong><\/em><\/p>\n<p>[\/spb_text_block]<\/p>\n","protected":false},"excerpt":{"rendered":"<p>[spb_text_block animation=&#8221;none&#8221; animation_delay=&#8221;0&#8243; simplified_controls=&#8221;yes&#8221; custom_css_percentage=&#8221;no&#8221; padding_vertical=&#8221;0&#8243; padding_horizontal=&#8221;0&#8243; margin_vertical=&#8221;0&#8243; custom_css=&#8221;margin-top: 0px;margin-bottom: 0px;&#8221; border_size=&#8221;0&#8243; border_styling_global=&#8221;default&#8221; width=&#8221;1\/1&#8243; el_position=&#8221;first last&#8221;] ENSEMBLE ORGANUM&#8217;S NEXT RECORDING: Samaa -Mozarabic chant Singers of&hellip;<\/p>\n","protected":false},"author":4,"featured_media":0,"parent":0,"menu_order":0,"comment_status":"closed","ping_status":"closed","template":"","meta":{"_exactmetrics_skip_tracking":false,"_exactmetrics_sitenote_active":false,"_exactmetrics_sitenote_note":"","_exactmetrics_sitenote_category":0,"footnotes":""},"yst_prominent_words":[291,2027,2023,2020,1419,491,2013,2026,2022,1317,565,1414,2024,2019,1417,2025,2021,2018,1416,290],"class_list":["post-19295","page","type-page","status-publish","hentry"],"_links":{"self":[{"href":"https:\/\/organumcirma.com\/en_GB\/wp-json\/wp\/v2\/pages\/19295","targetHints":{"allow":["GET"]}}],"collection":[{"href":"https:\/\/organumcirma.com\/en_GB\/wp-json\/wp\/v2\/pages"}],"about":[{"href":"https:\/\/organumcirma.com\/en_GB\/wp-json\/wp\/v2\/types\/page"}],"author":[{"embeddable":true,"href":"https:\/\/organumcirma.com\/en_GB\/wp-json\/wp\/v2\/users\/4"}],"replies":[{"embeddable":true,"href":"https:\/\/organumcirma.com\/en_GB\/wp-json\/wp\/v2\/comments?post=19295"}],"version-history":[{"count":19,"href":"https:\/\/organumcirma.com\/en_GB\/wp-json\/wp\/v2\/pages\/19295\/revisions"}],"predecessor-version":[{"id":20376,"href":"https:\/\/organumcirma.com\/en_GB\/wp-json\/wp\/v2\/pages\/19295\/revisions\/20376"}],"wp:attachment":[{"href":"https:\/\/organumcirma.com\/en_GB\/wp-json\/wp\/v2\/media?parent=19295"}],"wp:term":[{"taxonomy":"yst_prominent_words","embeddable":true,"href":"https:\/\/organumcirma.com\/en_GB\/wp-json\/wp\/v2\/yst_prominent_words?post=19295"}],"curies":[{"name":"wp","href":"https:\/\/api.w.org\/{rel}","templated":true}]}}