{"id":20504,"date":"2023-04-28T01:12:26","date_gmt":"2023-04-27T23:12:26","guid":{"rendered":"http:\/\/test-servicesinformatik82.com\/?page_id=20504"},"modified":"2025-11-19T11:24:54","modified_gmt":"2025-11-19T10:24:54","slug":"lassociation-organum","status":"publish","type":"page","link":"https:\/\/organumcirma.com\/en_GB\/lassociation-organum\/","title":{"rendered":"L&#8217;Association Organum"},"content":{"rendered":"\n<blockquote class=\"wp-block-quote is-layout-flow wp-block-quote-is-layout-flow\">\n<p class=\"has-text-align-left has-black-color has-text-color has-link-color wp-elements-597adf438022b8a400a35409dd8024f7\">Les textes anciens expriment les r\u00e9alit\u00e9s musicales d\u2019antan en des termes qui nous sont inconnus. Il faut apprendre le langage musical des hommes du pass\u00e9, mais aussi leur fa\u00e7on globale d\u2019exprimer eux-m\u00eames, leur imagination, leur quotidien et de repr\u00e9senter comment ils \u00e9taient eux-m\u00eames dans un processus de m\u00e9moire. Il ne s\u2019agit pas seulement de prendre une partition et de la jouer, mais aussi de comprendre le monde auquel cette musique fait r\u00e9f\u00e9rence. <\/p>\n\n\n\n<p class=\"has-text-align-left has-black-color has-text-color has-link-color wp-elements-d2e90eab7cd8b0d80670672e1fd3efd6\"><em>Marcel P\u00e9r\u00e8s<\/em><\/p>\n<\/blockquote>\n\n\n\n<figure class=\"wp-block-image size-full\"><img loading=\"lazy\" decoding=\"async\" width=\"512\" height=\"512\" src=\"http:\/\/organumcirma.com\/wp-content\/uploads\/2024\/09\/cropped-logo-Organum-cirma-800x600-1-accueil-1.png\" alt=\"\" class=\"wp-image-22043\" srcset=\"https:\/\/organumcirma.com\/wp-content\/uploads\/2024\/09\/cropped-logo-Organum-cirma-800x600-1-accueil-1.png 512w, https:\/\/organumcirma.com\/wp-content\/uploads\/2024\/09\/cropped-logo-Organum-cirma-800x600-1-accueil-1-300x300.png 300w, https:\/\/organumcirma.com\/wp-content\/uploads\/2024\/09\/cropped-logo-Organum-cirma-800x600-1-accueil-1-150x150.png 150w, https:\/\/organumcirma.com\/wp-content\/uploads\/2024\/09\/cropped-logo-Organum-cirma-800x600-1-accueil-1-80x80.png 80w, https:\/\/organumcirma.com\/wp-content\/uploads\/2024\/09\/cropped-logo-Organum-cirma-800x600-1-accueil-1-270x270.png 270w, https:\/\/organumcirma.com\/wp-content\/uploads\/2024\/09\/cropped-logo-Organum-cirma-800x600-1-accueil-1-192x192.png 192w, https:\/\/organumcirma.com\/wp-content\/uploads\/2024\/09\/cropped-logo-Organum-cirma-800x600-1-accueil-1-180x180.png 180w, https:\/\/organumcirma.com\/wp-content\/uploads\/2024\/09\/cropped-logo-Organum-cirma-800x600-1-accueil-1-32x32.png 32w\" sizes=\"auto, (max-width: 512px) 100vw, 512px\" \/><\/figure>\n\n\n\n<p class=\"has-black-color has-text-color has-link-color wp-elements-9eb095eb55aecb6fe37a49081cfcb878\">L\u2019Association Organum est un <strong>organisme \u00e0 but non lucratif<\/strong> qui rassemble ceux qui souhaitent soutenir l\u2019Ensemble Organum dirig\u00e9 par Marcel P\u00e9r\u00e8s (diffusion de r\u00e9pertoires par des concerts dans le monde entier) et le CIRMA (activit\u00e9s de recherche, d\u2019enseignement, de production et de publication) dans l\u2019ensemble de leur politique artistique, culturelle et \u00e9ducative et contribuent \u00e0 son rayonnement en France et \u00e0 l\u2019\u00e9tranger.<\/p>\n\n\n\n<p class=\"has-black-color has-text-color has-link-color wp-elements-2e0a6b774dea276a432727967f656356\">Cr\u00e9\u00e9e \u00e0 l\u2019abbaye de S\u00e9nanque en 1982, puis accueillie par la Fondation Royaumont de 1984 \u00e0 2000, o\u00f9 Marcel P\u00e9r\u00e8s a fond\u00e9 le CERIMM (Centre europ\u00e9en d\u2019interpr\u00e9tation de musique m\u00e9di\u00e9vale), l\u2019association Organum est implant\u00e9e depuis 2001 \u00e0 Moissac, un site de haut patrimoine.<\/p>\n\n\n\n<p class=\"has-black-color has-text-color has-link-color wp-elements-23b0e3880430df651060ce70d5ae238f\">Son objectif est de soutenir et d\u00e9velopper la recherche dans le domaine des musiques anciennes, actuelles et traditionnelles d\u2019Europe et du bassin m\u00e9diterran\u00e9en et de promouvoir ces r\u00e9pertoires par l\u2019enseignement, la publication et la diffusion.<\/p>\n\n\n\n<p class=\"has-black-color has-text-color has-link-color wp-elements-8c9d7b8331b0fc143180ea64a907b089\"><strong>Pourquoi&nbsp;?<\/strong><\/p>\n\n\n\n<p class=\"has-black-color has-text-color has-link-color wp-elements-3ab83cef372f6e33d41a625fa5716d1a\">Aujourd\u2019hui, 98&nbsp;% des pratiques musicales sont consacr\u00e9es aux trois derniers si\u00e8cles du deuxi\u00e8me mill\u00e9naire. Il reste cependant d\u2019immenses continents musicaux \u00e0 d\u00e9couvrir.<\/p>\n\n\n\n<p class=\"has-black-color has-text-color has-link-color wp-elements-a78e3d5142bda8e4d18b5c537f226296\">L\u2019\u00e9tude des r\u00e9pertoires anciens ne peut se limiter \u00e0 une simple reconstruction de mat\u00e9riel \u00e9crit ou oral. Elle appelle \u00e0 un autre rapport \u00e0 la m\u00e9moire, \u00e0 sa construction par des comportements musicaux r\u00e9v\u00e9lant d\u2019autres horizons. La pratique de ces musiques transforme profond\u00e9ment celle du pass\u00e9 et conduit \u00e0 une profonde repens\u00e9e des comportements musicaux et de leurs fonctions au sein du tissu social.<\/p>\n\n\n\n<p class=\"has-black-color has-text-color has-link-color wp-elements-aa281a98cd9042274d4d5b31e83aea0c\"><strong>Comment ?<\/strong><\/p>\n\n\n\n<p class=\"has-black-color has-text-color has-link-color wp-elements-63a7402c3fedc055ca14599fa11a1175\">\u2013 Explorez les domaines les plus oubli\u00e9s de l\u2019histoire musicale<br>\u2013 Placer la musique ancienne au c\u0153ur des enjeux culturels du monde contemporain<br>\u2013 R\u00e9\u00e9valuer les param\u00e8tres de l\u2019action culturelle<br>\u2013 Consid\u00e9rer le patrimoine culturel et spirituel comme une ressource essentielle dans les processus cr\u00e9atifs<br>\u2013 cr\u00e9er de nouvelles fa\u00e7ons de diffuser et de transmettre le savoir<\/p>\n\n\n\n<h3 class=\"wp-block-heading\"><strong>Contactez-nous<\/strong><\/h3>\n\n\n\n<h4 class=\"wp-block-heading\">Association Organum<br>12, boulevard lakanal BP 50019<br>82201 MOISSAC cedex 1<br>FRANCE<\/h4>\n\n\n\n<p class=\"has-black-color has-text-color has-link-color wp-elements-19513af9cf2157a4c5ec00ccf25ff220\"><strong><em>Attention ! Entr\u00e9e de nos locaux le long du canal Quai H\u00e9brard derri\u00e8re le coll\u00e8ge des doctrinaires.<\/em><\/strong><\/p>\n\n\n\n<p class=\"has-black-color has-text-color has-link-color wp-elements-c59a7022fe693a789378b004c76a0640\">Email:\u00a0<a href=\"mailto:ensembleorganum@yahoo.fr\">ensembleorganum@yahoo.fr<\/a><br>Phone: +33 (0)6 74 45 23 60<\/p>\n\n\n\n<h3 class=\"wp-block-heading\"><strong>Notre \u00e9quipe<\/strong><\/h3>\n\n\n\n<p class=\"has-black-color has-text-color has-link-color wp-elements-07d762592a227ff7c1c3d399ea24fa84\"><strong>Marcel PERES\u00a0\u2013 <\/strong>Directeur artistique<br><strong>Sandra MOMMAYOU \u2013\u00a0<\/strong>Administratrice Freelance<br><strong>Chrysanthos ANTONIOU\u00a0\u2013 <\/strong>Charg\u00e9 de diffusion Freelance<\/p>\n\n\n\n<p class=\"has-black-color has-text-color has-link-color wp-elements-f90b7df9794d73594428563e61d01d4b\"><strong>Annick BOUCHENY \u2013 <\/strong>Pr\u00e9sidente<br><strong>Christine LORENZO \u2013 <\/strong>Tr\u00e9sori\u00e8re<br><strong>France DEBES \u2013 <\/strong>Secr\u00e9taire<\/p>\n\n\n\n<div class=\"wp-block-media-text is-stacked-on-mobile is-image-fill-element\" style=\"grid-template-columns:31% auto\"><figure class=\"wp-block-media-text__media\"><img loading=\"lazy\" decoding=\"async\" width=\"532\" height=\"374\" src=\"http:\/\/organumcirma.com\/wp-content\/uploads\/2024\/09\/carte-moissac.png\" alt=\"\" class=\"wp-image-21136 size-full\" style=\"object-position:50% 50%\" srcset=\"https:\/\/organumcirma.com\/wp-content\/uploads\/2024\/09\/carte-moissac.png 532w, https:\/\/organumcirma.com\/wp-content\/uploads\/2024\/09\/carte-moissac-300x211.png 300w\" sizes=\"auto, (max-width: 532px) 100vw, 532px\" \/><\/figure><div class=\"wp-block-media-text__content\">\n<h3 class=\"wp-block-heading\"><strong>Venir \u00e0 Moissac &#8211; Occitanie<\/strong><\/h3>\n\n\n\n<p class=\"has-black-color has-text-color has-link-color wp-elements-13c6995943ad0f2303cb2ce40dcaa4cd\"><strong>En train :<\/strong>&nbsp;Nous sommes situ\u00e9s \u00e0 400m de la Gare de Moissac (Occitanie), des trains venant de Toulouse, Agen, Bordeaux et autres grandes villes desservent notre ville \u2026Plus d\u2019infos sur&nbsp;<a href=\"https:\/\/www.oui.sncf\/\" target=\"_blank\" rel=\"noreferrer noopener\">SNCF<\/a><\/p>\n\n\n\n<p class=\"has-black-color has-text-color has-link-color wp-elements-9ea29a81ab414a82945afbb82cb868be\"><strong>En avion :<\/strong>&nbsp;Nous sommes situ\u00e9s \u00e0 50 minutes de l\u2019a\u00e9roport de Blagnac (Toulouse) via A62, des services de taxi peuvent vous amener \u00e0 Moissac ou vous pouvez prendre le train de la gare Matabiau (Toulouse) pour Moissac\u2026Plus d\u2019infos sur&nbsp;<a href=\"http:\/\/www.toulouse.aeroport.fr\/\" target=\"_blank\" rel=\"noreferrer noopener\">A\u00e9roport de Toulouse<\/a><\/p>\n\n\n\n<p class=\"has-black-color has-text-color has-link-color wp-elements-8224a87cdd6f33d077aab27423b063ea\"><strong>Par la route :<\/strong>&nbsp;Nous sommes \u00e0 10 kms (10 minutes de route) de l\u2019\u00e9changeur autoroutier de Castelsarrasin qui vous permettra de rejoindre l\u2019A20, l\u2019A62 et l\u2019Autoroute des deux mers.<br><a href=\"https:\/\/fr.mappy.com\/\" target=\"_blank\" rel=\"noreferrer noopener\">Faire votre itin\u00e9raire avec Mappy<\/a><\/p>\n\n\n\n<p class=\"has-black-color has-text-color has-link-color wp-elements-0337fef0fe2a6f55dec26cd8f48f28e6\"><strong>Par la route en Covoiturage<\/strong>&nbsp;: Essayez&nbsp;<a href=\"https:\/\/www.blablacar.fr\/\" target=\"_blank\" rel=\"noreferrer noopener\">Blablacar<\/a>&nbsp;pour voyager simplement et partager la route<\/p>\n<\/div><\/div>\n\n\n\n<p><\/p>\n","protected":false},"excerpt":{"rendered":"<p>The ancient texts express the musical realities of yesteryear in terms that are not familiar to us. We must learn the musical language of men&hellip;<\/p>\n","protected":false},"author":4,"featured_media":0,"parent":0,"menu_order":0,"comment_status":"closed","ping_status":"closed","template":"","meta":{"_exactmetrics_skip_tracking":false,"_exactmetrics_sitenote_active":false,"_exactmetrics_sitenote_note":"","_exactmetrics_sitenote_category":0,"footnotes":""},"yst_prominent_words":[1348,1851,347,259,350,269,312,1980,502,289,351,1771,2037,2033],"class_list":["post-20504","page","type-page","status-publish","hentry"],"_links":{"self":[{"href":"https:\/\/organumcirma.com\/en_GB\/wp-json\/wp\/v2\/pages\/20504","targetHints":{"allow":["GET"]}}],"collection":[{"href":"https:\/\/organumcirma.com\/en_GB\/wp-json\/wp\/v2\/pages"}],"about":[{"href":"https:\/\/organumcirma.com\/en_GB\/wp-json\/wp\/v2\/types\/page"}],"author":[{"embeddable":true,"href":"https:\/\/organumcirma.com\/en_GB\/wp-json\/wp\/v2\/users\/4"}],"replies":[{"embeddable":true,"href":"https:\/\/organumcirma.com\/en_GB\/wp-json\/wp\/v2\/comments?post=20504"}],"version-history":[{"count":20,"href":"https:\/\/organumcirma.com\/en_GB\/wp-json\/wp\/v2\/pages\/20504\/revisions"}],"predecessor-version":[{"id":22385,"href":"https:\/\/organumcirma.com\/en_GB\/wp-json\/wp\/v2\/pages\/20504\/revisions\/22385"}],"wp:attachment":[{"href":"https:\/\/organumcirma.com\/en_GB\/wp-json\/wp\/v2\/media?parent=20504"}],"wp:term":[{"taxonomy":"yst_prominent_words","embeddable":true,"href":"https:\/\/organumcirma.com\/en_GB\/wp-json\/wp\/v2\/yst_prominent_words?post=20504"}],"curies":[{"name":"wp","href":"https:\/\/api.w.org\/{rel}","templated":true}]}}