{"id":20506,"date":"2023-04-28T01:13:51","date_gmt":"2023-04-27T23:13:51","guid":{"rendered":"http:\/\/test-servicesinformatik82.com\/?page_id=20506"},"modified":"2025-11-19T15:48:14","modified_gmt":"2025-11-19T14:48:14","slug":"ensemble-organum","status":"publish","type":"page","link":"https:\/\/organumcirma.com\/en_GB\/ensemble-organum\/","title":{"rendered":"Ensemble Organum"},"content":{"rendered":"\n<figure class=\"wp-block-pullquote has-text-align-left has-black-color has-text-color has-link-color has-small-font-size wp-elements-d8b85a9bed5eb35b28ac0c697b12c725\"><blockquote><p>Depuis 1982, l\u2019Ensemble Organum interpr\u00e8te des r\u00e9pertoires anciens majeurs pour l\u2019\u00e9volution de la musique. <br>Guid\u00e9 par les sciences de la m\u00e9moire,&nbsp; Organum construit ainsi une v\u00e9ritable histoire du chant sacr\u00e9.<\/p><\/blockquote><\/figure>\n\n\n\n<div class=\"wp-block-columns is-layout-flex wp-container-core-columns-is-layout-9d6595d7 wp-block-columns-is-layout-flex\">\n<div class=\"wp-block-column is-layout-flow wp-block-column-is-layout-flow\">\n<figure class=\"wp-block-image size-full\"><a href=\"http:\/\/organumcirma.com\/wp-content\/uploads\/2015\/03\/Organum_Wroclaw_20152@TajeminiceRenesansu.jpg\"><img loading=\"lazy\" decoding=\"async\" width=\"800\" height=\"533\" src=\"http:\/\/organumcirma.com\/wp-content\/uploads\/2015\/03\/Organum_Wroclaw_20152@TajeminiceRenesansu.jpg\" alt=\"\" class=\"wp-image-15386\" srcset=\"https:\/\/organumcirma.com\/wp-content\/uploads\/2015\/03\/Organum_Wroclaw_20152@TajeminiceRenesansu.jpg 800w, https:\/\/organumcirma.com\/wp-content\/uploads\/2015\/03\/Organum_Wroclaw_20152@TajeminiceRenesansu-300x200.jpg 300w, https:\/\/organumcirma.com\/wp-content\/uploads\/2015\/03\/Organum_Wroclaw_20152@TajeminiceRenesansu-768x512.jpg 768w\" sizes=\"auto, (max-width: 800px) 100vw, 800px\" \/><\/a><\/figure>\n<\/div>\n\n\n\n<div class=\"wp-block-column is-layout-flow wp-block-column-is-layout-flow\">\n<figure class=\"wp-block-image size-full\"><a href=\"http:\/\/organumcirma.com\/wp-content\/uploads\/2015\/03\/OrganumOdyssudMai2016CP8B.AlyBeril1.jpg\"><img loading=\"lazy\" decoding=\"async\" width=\"800\" height=\"533\" src=\"http:\/\/organumcirma.com\/wp-content\/uploads\/2015\/03\/OrganumOdyssudMai2016CP8B.AlyBeril1.jpg\" alt=\"\u00a9B.AlyBeril\" class=\"wp-image-15709\" srcset=\"https:\/\/organumcirma.com\/wp-content\/uploads\/2015\/03\/OrganumOdyssudMai2016CP8B.AlyBeril1.jpg 800w, https:\/\/organumcirma.com\/wp-content\/uploads\/2015\/03\/OrganumOdyssudMai2016CP8B.AlyBeril1-300x200.jpg 300w, https:\/\/organumcirma.com\/wp-content\/uploads\/2015\/03\/OrganumOdyssudMai2016CP8B.AlyBeril1-768x512.jpg 768w\" sizes=\"auto, (max-width: 800px) 100vw, 800px\" \/><\/a><\/figure>\n<\/div>\n<\/div>\n\n\n\n<p class=\"has-black-color has-text-color has-link-color wp-elements-c6309731aa1f51cf8d84389278c86bb3\">Fond\u00e9 en 1982 par&nbsp;<a href=\"https:\/\/organumcirma.com\/a-propos\/marcel-peres\/\">Marcel P\u00e9r\u00e8s<\/a>, l\u2019ensemble Organum a abord\u00e9 la plupart des r\u00e9pertoires europ\u00e9ens qui ont marqu\u00e9 l\u2019\u00e9volution de la musique&nbsp; et des mentalit\u00e9s depuis le VIe si\u00e8cle.<\/p>\n\n\n\n<p class=\"has-black-color has-text-color has-link-color wp-elements-028d31d08f10185a51649594a188cc8f\">Les nombreux concerts et spectacles r\u00e9alis\u00e9s en Europe, sur le continent Am\u00e9ricain, en Afrique et au Proche-Orient, l\u2019enregistrement d&#8217;une quarantaine de disques &#8211; dont la plupart ont re\u00e7u les plus hautes distinctions : Diapason d&#8217;or, Classical Awards, Choc de l&#8217;ann\u00e9e du Monde de la Musique &#8211; et les fr\u00e9quentes participations \u00e0 des \u00e9missions de radio et de t\u00e9l\u00e9vision, ont permis \u00e0 l&#8217;ensemble Organum de jouer un r\u00f4le d\u00e9terminant dans le renouveau des musiques du Moyen Age en r\u00e9v\u00e9lant la riche diversit\u00e9 du patrimoine musical europ\u00e9en. En 2000, le New York Times classa l\u2019enregistrement de la messe de Machaut par l\u2019ensemble Organum parmi les 100 disques essentiels qui boulevers\u00e8rent la musique du xx<sup>e<\/sup> si\u00e8cle.<\/p>\n\n\n\n<p class=\"has-black-color has-text-color has-link-color wp-elements-800ac9e5a8e89b949e804a16e4130de0\">Au-del\u00e0 du simple plaisir acoustique, les programmes de recherche sont pens\u00e9s dans une perspective transdisciplinaire afin d&#8217;\u00e9largir les champs d&#8217;investigation et de faire de la musique l&#8217;outil privil\u00e9gi\u00e9 d&#8217;une r\u00e9flexion sur l&#8217;histoire des mentalit\u00e9s. C&#8217;est \u00e0 une autre approche du pass\u00e9 que voudrait inviter l&#8217;ensemble&nbsp; Organum, en situant la red\u00e9couverte et la r\u00e9actualisation des musiques anciennes au c\u0153ur des grands courants socioculturels et spirituels du monde contemporains en identifiant dans les formes d\u2019art du pass\u00e9 les \u00e9l\u00e9ments qui pourraient g\u00e9n\u00e9rer une \u00e9volution ou une mutation des pratiques culturelles contemporaines<\/p>\n\n\n\n<p class=\"has-black-color has-text-color has-link-color wp-elements-9f760d0b1b44e9e695bb702ec4207b59\">L&#8217;ensemble Organum et le CIRMA sont soutenus par le Conseil d\u00e9partemental du Tarn et Garonne et la Mairie de Moissac.<\/p>\n\n\n\n<p class=\"has-black-color has-text-color has-link-color wp-elements-7907ed9bc810c742838dd4724424898a\">&nbsp;Cr\u00e9\u00e9 \u00e0 l&#8217;Abbaye de S\u00e9nanque, puis accueilli \u00e0 la Fondation Royaumont de 1984 \u00e0&nbsp; 2000, o\u00f9 Marcel P\u00e9r\u00e8s fonda le CERIMM (Centre Europ\u00e9en de Recherche sur l\u2019Interpr\u00e9tation les Musiques M\u00e9di\u00e9vales), l&#8217;ensemble Organum est depuis 2001 install\u00e9 \u00e0 l&#8217;ancienne abbaye de Moissac pour animer une nouvelle structure de recherche, le CIRMA (Centre Itin\u00e9rant de Recherche sur les Musiques anciennes).<\/p>\n\n\n\n<figure class=\"wp-block-image size-full\"><a href=\"http:\/\/organumcirma.com\/wp-content\/uploads\/2015\/03\/Organum_Monaco2016\u00a9B.AlyBeril.jpg\"><img loading=\"lazy\" decoding=\"async\" width=\"800\" height=\"533\" src=\"http:\/\/organumcirma.com\/wp-content\/uploads\/2015\/03\/Organum_Monaco2016\u00a9B.AlyBeril.jpg\" alt=\"\u00a9B.AlyBeril\" class=\"wp-image-16177\" srcset=\"https:\/\/organumcirma.com\/wp-content\/uploads\/2015\/03\/Organum_Monaco2016\u00a9B.AlyBeril.jpg 800w, https:\/\/organumcirma.com\/wp-content\/uploads\/2015\/03\/Organum_Monaco2016\u00a9B.AlyBeril-300x200.jpg 300w, https:\/\/organumcirma.com\/wp-content\/uploads\/2015\/03\/Organum_Monaco2016\u00a9B.AlyBeril-768x512.jpg 768w\" sizes=\"auto, (max-width: 800px) 100vw, 800px\" \/><\/a><\/figure>\n\n\n\n<p><br><\/p>\n\n\n\n<p><\/p>\n","protected":false},"excerpt":{"rendered":"<p>Since 1982, the Ensemble Organum has been interpreting major old repertoires for the evolution of music.Guided by the sciences of memory, Organum is building a&hellip;<\/p>\n","protected":false},"author":4,"featured_media":0,"parent":0,"menu_order":0,"comment_status":"closed","ping_status":"closed","template":"","meta":{"_exactmetrics_skip_tracking":false,"_exactmetrics_sitenote_active":false,"_exactmetrics_sitenote_note":"","_exactmetrics_sitenote_category":0,"footnotes":""},"yst_prominent_words":[989,942,926,597,1081,350,269,502,938,929,289,351,941,1276,1771,290],"class_list":["post-20506","page","type-page","status-publish","hentry"],"_links":{"self":[{"href":"https:\/\/organumcirma.com\/en_GB\/wp-json\/wp\/v2\/pages\/20506","targetHints":{"allow":["GET"]}}],"collection":[{"href":"https:\/\/organumcirma.com\/en_GB\/wp-json\/wp\/v2\/pages"}],"about":[{"href":"https:\/\/organumcirma.com\/en_GB\/wp-json\/wp\/v2\/types\/page"}],"author":[{"embeddable":true,"href":"https:\/\/organumcirma.com\/en_GB\/wp-json\/wp\/v2\/users\/4"}],"replies":[{"embeddable":true,"href":"https:\/\/organumcirma.com\/en_GB\/wp-json\/wp\/v2\/comments?post=20506"}],"version-history":[{"count":10,"href":"https:\/\/organumcirma.com\/en_GB\/wp-json\/wp\/v2\/pages\/20506\/revisions"}],"predecessor-version":[{"id":22396,"href":"https:\/\/organumcirma.com\/en_GB\/wp-json\/wp\/v2\/pages\/20506\/revisions\/22396"}],"wp:attachment":[{"href":"https:\/\/organumcirma.com\/en_GB\/wp-json\/wp\/v2\/media?parent=20506"}],"wp:term":[{"taxonomy":"yst_prominent_words","embeddable":true,"href":"https:\/\/organumcirma.com\/en_GB\/wp-json\/wp\/v2\/yst_prominent_words?post=20506"}],"curies":[{"name":"wp","href":"https:\/\/api.w.org\/{rel}","templated":true}]}}