{"id":20508,"date":"2023-04-28T01:14:20","date_gmt":"2023-04-27T23:14:20","guid":{"rendered":"http:\/\/test-servicesinformatik82.com\/?page_id=20508"},"modified":"2024-10-02T17:24:38","modified_gmt":"2024-10-02T16:24:38","slug":"le-cirma","status":"publish","type":"page","link":"https:\/\/organumcirma.com\/en_GB\/le-cirma\/","title":{"rendered":"Cirma"},"content":{"rendered":"\n<div class=\"wp-block-media-text is-stacked-on-mobile\" style=\"grid-template-columns:38% auto\"><figure class=\"wp-block-media-text__media\"><img decoding=\"async\" src=\"https:\/\/test-servicesinformatik82.com\/wp-content\/uploads\/2024\/02\/logo-cirma.png\" alt=\"\" class=\"wp-image-20878 size-full\"\/><\/figure><div class=\"wp-block-media-text__content\">\n<h1 class=\"wp-block-heading\">Centre Itin\u00e9rant de Recherche sur les Musiques Anciennes<\/h1>\n\n\n\n<p class=\"has-black-color has-text-color has-link-color wp-elements-47f94f3a8b7ac3167ea87f53bd901837\">Le CIRMA a \u00e9t\u00e9 cr\u00e9\u00e9 \u00e0 Moissac en 2001 pour renouveler en profondeur l\u2019historiographie et la transmission de la musique en fondant la relation \u00e0 la m\u00e9moire et au patrimoine au c\u0153ur d\u2019une r\u00e9flexion sur les enjeux \u00e9conomiques, sociaux et intellectuels du monde contemporain.<\/p>\n<\/div><\/div>\n\n\n\n<p><\/p>\n\n\n\n<h3 class=\"wp-block-heading\"><strong>Activit\u00e9s propos\u00e9es par le CIRMA<\/strong><\/h3>\n\n\n\n<h4 class=\"wp-block-heading has-black-color has-text-color has-link-color wp-elements-ce002ea3ebdf99b4017af1dfac933ccf\"><strong>Les Diagonales<\/strong><\/h4>\n\n\n\n<p class=\"has-black-color has-text-color has-link-color wp-elements-04c00d52b48a1d136388ff51da2b7386\">Les \u201c<a href=\"https:\/\/organumcirma.com\/diagonales-de-printemps-hildegarde-de-bingen\/\">Diagonales de printemps<\/a><a href=\"https:\/\/organumcirma.com\/evenements\/les-diagonales-de-moissac\/printemps\/\">\u201d<\/a>, \u201c<a href=\"https:\/\/organumcirma.com\/diagonales-dete\/\">Diagonales d\u2019\u00e9t\u00e9<\/a>\u201d et \u201c<a href=\"https:\/\/organumcirma.com\/diagonales-dautomne\/\">Diagonales d\u2019automne<\/a>\u201d sont trois rencontres annuelles autour d\u2019une th\u00e9matique particuli\u00e8re qui conjugue colloques, sessions p\u00e9dagogiques et concerts \u00e0 Moissac et dans d\u2019autres lieux de la r\u00e9gion Occitania.<\/p>\n\n\n\n<h4 class=\"wp-block-heading has-black-color has-text-color has-link-color wp-elements-c4f2dbba0a74127043afcc32234ce0a4\"><strong>Un programme p\u00e9dagogique<\/strong><br>Un enseignement sous forme de stages de chant, de dur\u00e9es variables,&nbsp;<a href=\"https:\/\/organumcirma.com\/pedagogie\/stages-adultes\/\">pour <\/a>adultes&nbsp;ou<a href=\"https:\/\/organumcirma.com\/pedagogie\/stages-enfants\/\">&nbsp;<\/a>enfants&nbsp;dispens\u00e9s \u00e0 Moissac tout au long de l\u2019ann\u00e9e ou en partenariat avec d\u2019autres institutions (Conservatoires, Universit\u00e9s, Fondations culturelles, Festivals).<\/h4>\n\n\n\n<div class=\"wp-block-columns is-layout-flex wp-container-core-columns-is-layout-9d6595d7 wp-block-columns-is-layout-flex\">\n<div class=\"wp-block-column is-layout-flow wp-block-column-is-layout-flow\">\n<figure class=\"wp-block-image size-large\"><a href=\"https:\/\/organumcirma.com\/wp-content\/uploads\/2024\/10\/P4-Choeur-enfants-adultes-1-scaled.jpg\"><img loading=\"lazy\" decoding=\"async\" width=\"1024\" height=\"768\" src=\"https:\/\/organumcirma.com\/wp-content\/uploads\/2024\/10\/P4-Choeur-enfants-adultes-1-1024x768.jpg\" alt=\"\" class=\"wp-image-21650\" srcset=\"https:\/\/organumcirma.com\/wp-content\/uploads\/2024\/10\/P4-Choeur-enfants-adultes-1-1024x768.jpg 1024w, https:\/\/organumcirma.com\/wp-content\/uploads\/2024\/10\/P4-Choeur-enfants-adultes-1-300x225.jpg 300w, https:\/\/organumcirma.com\/wp-content\/uploads\/2024\/10\/P4-Choeur-enfants-adultes-1-768x576.jpg 768w, https:\/\/organumcirma.com\/wp-content\/uploads\/2024\/10\/P4-Choeur-enfants-adultes-1-1536x1152.jpg 1536w, https:\/\/organumcirma.com\/wp-content\/uploads\/2024\/10\/P4-Choeur-enfants-adultes-1-2048x1536.jpg 2048w\" sizes=\"auto, (max-width: 1024px) 100vw, 1024px\" \/><\/a><\/figure>\n<\/div>\n\n\n\n<div class=\"wp-block-column is-layout-flow wp-block-column-is-layout-flow\">\n<figure class=\"wp-block-image size-large is-resized\"><a href=\"http:\/\/organumcirma.com\/wp-content\/uploads\/2024\/10\/P8-bas-Enfants-lutrinLePolles-copie-1-scaled.jpg\"><img loading=\"lazy\" decoding=\"async\" width=\"1024\" height=\"658\" src=\"http:\/\/organumcirma.com\/wp-content\/uploads\/2024\/10\/P8-bas-Enfants-lutrinLePolles-copie-1-1024x658.jpg\" alt=\"\" class=\"wp-image-21652\" style=\"width:473px;height:auto\" srcset=\"https:\/\/organumcirma.com\/wp-content\/uploads\/2024\/10\/P8-bas-Enfants-lutrinLePolles-copie-1-1024x658.jpg 1024w, https:\/\/organumcirma.com\/wp-content\/uploads\/2024\/10\/P8-bas-Enfants-lutrinLePolles-copie-1-300x193.jpg 300w, https:\/\/organumcirma.com\/wp-content\/uploads\/2024\/10\/P8-bas-Enfants-lutrinLePolles-copie-1-768x493.jpg 768w, https:\/\/organumcirma.com\/wp-content\/uploads\/2024\/10\/P8-bas-Enfants-lutrinLePolles-copie-1-1536x987.jpg 1536w, https:\/\/organumcirma.com\/wp-content\/uploads\/2024\/10\/P8-bas-Enfants-lutrinLePolles-copie-1-2048x1316.jpg 2048w\" sizes=\"auto, (max-width: 1024px) 100vw, 1024px\" \/><\/a><\/figure>\n<\/div>\n<\/div>\n\n\n\n<h4 class=\"wp-block-heading has-black-color has-text-color has-link-color wp-elements-570d8ba641d243455c1a0c6df6f86bcd\"><strong>Le ch\u0153ur du CIRMA<\/strong><br>Compos\u00e9 par les \u00e9tudiants de nos sessions de formation,&nbsp;le ch\u0153ur du CIRMA&nbsp;participe parfois \u00e0 des projets de l\u2019ensemble Organum.<\/h4>\n\n\n\n<h4 class=\"wp-block-heading\"><strong>Des programmes de recherche<\/strong><br>En liaison avec d\u2019autres centres de recherche en Europe, au Proche Orient ou en Afrique du Nord.<\/h4>\n\n\n\n<hr class=\"wp-block-separator has-alpha-channel-opacity is-style-wide\"\/>\n\n\n\n<p class=\"has-black-color has-text-color has-link-color wp-elements-aafc197eeca389508b5a5e453c4d08ab\">Le <strong>CIRMA<\/strong> propose depuis 2001, trois rendez-vous annuels \u00e0 son public : les Diagonales de Printemps, les Diagonales d\u2019Et\u00e9 et les Diagonales d\u2019Automne. <br>Ils scandent les saisons et ouvrent au temps de la rencontre :<br>&#8211; Rencontre avec les hommes du pass\u00e9, leurs musiques, leurs visions, leurs formes de pens\u00e9e et leurs relations \u00e0 l\u2019art<br>&#8211; Rencontre entre des hommes d\u2019aujourd\u2019hui qui viennent des quatre coins de la plan\u00e8te exp\u00e9rimenter autrement les ph\u00e9nom\u00e8nes dits culturels<br>&#8211; Rencontre avec un site et un territoire : Moissac, son abbaye et sa population<\/p>\n\n\n\n<p class=\"has-black-color has-text-color has-link-color wp-elements-7da235c3f26f6956cc6866b0e2a2d478\">Le festival tire son nom de la d\u00e9marche historiographique du CIRMA, qui inclut les musiques du sud et de l\u2019est du bassin m\u00e9diterran\u00e9en dans la m\u00eame mouvance que les musiques europ\u00e9ennes.<\/p>\n\n\n\n<p class=\"has-black-color has-text-color has-link-color wp-elements-9ac00cf961d1ea846fe5a532228b76c6\"><\/p>\n","protected":false},"excerpt":{"rendered":"<p>Centre for Early Music Research CIRMA was created in Moissac in 2001 to renew the historiography and transmission of music by establishing a relationship with&hellip;<\/p>\n","protected":false},"author":4,"featured_media":0,"parent":0,"menu_order":0,"comment_status":"closed","ping_status":"closed","template":"","meta":{"_exactmetrics_skip_tracking":false,"_exactmetrics_sitenote_active":false,"_exactmetrics_sitenote_note":"","_exactmetrics_sitenote_category":0,"footnotes":""},"yst_prominent_words":[1978,483,711,1873,599,484,427,312,938,1276,710],"class_list":["post-20508","page","type-page","status-publish","hentry"],"_links":{"self":[{"href":"https:\/\/organumcirma.com\/en_GB\/wp-json\/wp\/v2\/pages\/20508","targetHints":{"allow":["GET"]}}],"collection":[{"href":"https:\/\/organumcirma.com\/en_GB\/wp-json\/wp\/v2\/pages"}],"about":[{"href":"https:\/\/organumcirma.com\/en_GB\/wp-json\/wp\/v2\/types\/page"}],"author":[{"embeddable":true,"href":"https:\/\/organumcirma.com\/en_GB\/wp-json\/wp\/v2\/users\/4"}],"replies":[{"embeddable":true,"href":"https:\/\/organumcirma.com\/en_GB\/wp-json\/wp\/v2\/comments?post=20508"}],"version-history":[{"count":13,"href":"https:\/\/organumcirma.com\/en_GB\/wp-json\/wp\/v2\/pages\/20508\/revisions"}],"predecessor-version":[{"id":21656,"href":"https:\/\/organumcirma.com\/en_GB\/wp-json\/wp\/v2\/pages\/20508\/revisions\/21656"}],"wp:attachment":[{"href":"https:\/\/organumcirma.com\/en_GB\/wp-json\/wp\/v2\/media?parent=20508"}],"wp:term":[{"taxonomy":"yst_prominent_words","embeddable":true,"href":"https:\/\/organumcirma.com\/en_GB\/wp-json\/wp\/v2\/yst_prominent_words?post=20508"}],"curies":[{"name":"wp","href":"https:\/\/api.w.org\/{rel}","templated":true}]}}