{"id":20512,"date":"2023-04-28T01:14:45","date_gmt":"2023-04-27T23:14:45","guid":{"rendered":"http:\/\/test-servicesinformatik82.com\/?page_id=20512"},"modified":"2025-01-31T15:27:10","modified_gmt":"2025-01-31T14:27:10","slug":"marcel-peres","status":"publish","type":"page","link":"https:\/\/organumcirma.com\/en_GB\/marcel-peres\/","title":{"rendered":"Marcel P\u00e9r\u00e8s"},"content":{"rendered":"\n<figure class=\"wp-block-gallery has-nested-images columns-default is-cropped wp-block-gallery-1 is-layout-flex wp-block-gallery-is-layout-flex\">\n<figure class=\"wp-block-image size-full\"><img loading=\"lazy\" decoding=\"async\" width=\"697\" height=\"800\" data-id=\"16180\" src=\"http:\/\/organumcirma.com\/wp-content\/uploads\/2015\/03\/MarcelPeres_Jaroslaw2016\u00a9M.Peres_.jpg\" alt=\"\u00a9M.Peres\" class=\"wp-image-16180\" srcset=\"https:\/\/organumcirma.com\/wp-content\/uploads\/2015\/03\/MarcelPeres_Jaroslaw2016\u00a9M.Peres_.jpg 697w, https:\/\/organumcirma.com\/wp-content\/uploads\/2015\/03\/MarcelPeres_Jaroslaw2016\u00a9M.Peres_-261x300.jpg 261w\" sizes=\"auto, (max-width: 697px) 100vw, 697px\" \/><figcaption class=\"wp-element-caption\">\u00a9M.Peres<\/figcaption><\/figure>\n\n\n\n<figure class=\"wp-block-image size-full\"><img loading=\"lazy\" decoding=\"async\" width=\"600\" height=\"800\" data-id=\"13713\" src=\"http:\/\/organumcirma.com\/wp-content\/uploads\/2014\/12\/marel-peres.jpg\" alt=\"Marcel P\u00e9r\u00e8s\" class=\"wp-image-13713\" srcset=\"https:\/\/organumcirma.com\/wp-content\/uploads\/2014\/12\/marel-peres.jpg 600w, https:\/\/organumcirma.com\/wp-content\/uploads\/2014\/12\/marel-peres-225x300.jpg 225w\" sizes=\"auto, (max-width: 600px) 100vw, 600px\" \/><figcaption class=\"wp-element-caption\">\u00a9M.Grando<\/figcaption><\/figure>\n\n\n\n<figure class=\"wp-block-image size-full\"><img loading=\"lazy\" decoding=\"async\" width=\"316\" height=\"379\" data-id=\"15996\" src=\"http:\/\/organumcirma.com\/wp-content\/uploads\/2014\/04\/MarcelPeresPologne2016CP_K.Montusiewicz-1.jpg\" alt=\"Marcel P\u00e9r\u00e8s - Pologne 2016\" class=\"wp-image-15996\" srcset=\"https:\/\/organumcirma.com\/wp-content\/uploads\/2014\/04\/MarcelPeresPologne2016CP_K.Montusiewicz-1.jpg 316w, https:\/\/organumcirma.com\/wp-content\/uploads\/2014\/04\/MarcelPeresPologne2016CP_K.Montusiewicz-1-250x300.jpg 250w\" sizes=\"auto, (max-width: 316px) 100vw, 316px\" \/><figcaption class=\"wp-element-caption\">\u00a9 Montusiewicz<\/figcaption><\/figure>\n<\/figure>\n\n\n\n<p class=\"has-black-color has-text-color has-link-color wp-elements-cb9fa67475b886e830ea3fd0921f9213\">Marcel P\u00e9r\u00e8s a toujours cherch\u00e9 \u00e0 comprendre pourquoi et comment les hommes ont cr\u00e9\u00e9 l&#8217;art de la musique. Apr\u00e8s des \u00e9tudes d&#8217;orgue et de composition au conservatoire de Nice, Marcel P\u00e9r\u00e8s poursuivit sa formation en Grande-Bretagne et au Canada. De retour en Europe en 1979, il se sp\u00e9cialisa dans la musique m\u00e9di\u00e9vale et fonda, en 1982, l&#8217;Ensemble Organum avec lequel il entreprit une exploration m\u00e9thodique des r\u00e9pertoires liturgiques m\u00e9di\u00e9vaux. Il a r\u00e9alis\u00e9 une quarantaine d&#8217;enregistrements discographiques.<\/p>\n\n\n\n<p class=\"has-black-color has-text-color has-link-color wp-elements-df5c1a835b08ef26caa142747cf63f2a\">&nbsp;Marcel P\u00e9r\u00e8s cr\u00e9a en 1984 \u00e0 la Fondation Royaumont un programme de recherche sur l&#8217;interpr\u00e9tation des musiques m\u00e9di\u00e9vales, qui devint le CERIMM (Centre Europ\u00e9en pour la Recherche sur l&#8217;Interpr\u00e9tation des Musiques M\u00e9di\u00e9vales) dont il fut directeur jusqu&#8217;en 1999.<\/p>\n\n\n\n<p class=\"has-black-color has-text-color has-link-color wp-elements-df6d6188a357a8e2e463fb047568b509\">En 2001, il fonda \u00e0 l&#8217;ancienne Abbaye de Moissac le CIRMA&nbsp; (Centre Itin\u00e9rant de Recherche sur les Musiques Anciennes) destin\u00e9 \u00e0 mettre en valeur, au travers de la musique,&nbsp; la circulation des hommes, de leurs pens\u00e9es et de leurs savoir-faire au cours des si\u00e8cles, et \u00e0 d\u00e9velopper des approches compl\u00e9mentaires entre les traditions vivantes, l&#8217;arch\u00e9ologie musicale et les sciences de la m\u00e9moire.<\/p>\n\n\n\n<figure class=\"wp-block-embed is-type-video is-provider-youtube wp-block-embed-youtube wp-embed-aspect-16-9 wp-has-aspect-ratio\"><div class=\"wp-block-embed__wrapper\">\n<iframe loading=\"lazy\"  id=\"_ytid_35143\"  width=\"843\" height=\"474\"  data-origwidth=\"843\" data-origheight=\"474\" src=\"https:\/\/www.youtube.com\/embed\/VXfOTg33VkI?enablejsapi=1&#038;list=PLqwzUlik6L9vHLXigN4FJF_TT3pG-XdfK&#038;index=12&#038;autoplay=0&#038;cc_load_policy=0&#038;cc_lang_pref=&#038;iv_load_policy=1&#038;loop=0&#038;modestbranding=0&#038;rel=1&#038;fs=1&#038;playsinline=0&#038;autohide=2&#038;theme=dark&#038;color=red&#038;controls=1&#038;\" class=\"__youtube_prefs__  epyt-is-override  no-lazyload\" title=\"YouTube player\"  allow=\"fullscreen; accelerometer; autoplay; clipboard-write; encrypted-media; gyroscope; picture-in-picture\" allowfullscreen data-no-lazy=\"1\" data-skipgform_ajax_framebjll=\"\"><\/iframe>\n<\/div><\/figure>\n\n\n\n<p class=\"has-black-color has-text-color has-link-color wp-elements-4db47c1b8cbdcdadf51c9299f6334642\">Marcel P\u00e9r\u00e8s est \u00e9galement compositeur et a cr\u00e9\u00e9 une trentaine d\u2019\u0153uvres parmi lesquelles&nbsp;: <em>Mysteria Apocalypsis<\/em> en 2000, <em>Contemplation<\/em> &#8211; paraphrase musicale du Livre des Morts des anciens \u00c9gyptiens &#8211; enregistr\u00e9e en 2008&nbsp;; la musique de la pi\u00e8ce de th\u00e9\u00e2tre <em>Ordet<\/em> de Kaj Munk cr\u00e9\u00e9e au festival d\u2019Avignon en 2008, &#8220;<em>Missa ex tempore<\/em>&#8221; cr\u00e9\u00e9e \u00e0 Katowice le 16 mai 2015 pour l&#8217;inauguration du nouvel auditorium de la Radio Polonaise, commande de la Camerata Silesia et <em>Mysteria Apocalypsis<\/em> <em>II<\/em> pour ch\u0153ur et orchestre cr\u00e9\u00e9 en d\u00e9cembre 2019 \u00e0 Chorz\u00f3w et Katowice, commande de la Schola Minorum Chosoviensis et de l\u2019Orkiestra Musyki Novej. <br>Depuis 2017, Marcel P\u00e9r\u00e8s compose chaque ann\u00e9e \u00e0 l\u2018occasion des <strong>Diagonales d\u2019\u00c9t\u00e9<\/strong> de Moissac&nbsp; une partie d\u2019une messe monumentale d\u00e9di\u00e9e \u00e0 Saint Jacques et au myst\u00e8re de la Transfiguration et a r\u00e9cemment compos\u00e9 une \u0153uvre pour ch\u0153ur, piano et danse, Le <em>Cr\u00e9puscule Transfigur\u00e9<\/em>, cr\u00e9\u00e9e au clo\u00eetre de Moissac le 24 juillet 2022 \u00e0 19h19. &nbsp;&nbsp;&nbsp;&nbsp;&nbsp;&nbsp;&nbsp;&nbsp;&nbsp;&nbsp;&nbsp; <\/p>\n\n\n\n<p class=\"has-black-color has-text-color has-link-color wp-elements-d9c1935623e323e02cf5e0cb96813bca\">L&#8217;action internationale de Marcel P\u00e9r\u00e8s a \u00e9t\u00e9 reconnue en 1990, par l&#8217;attribution du Prix L\u00e9onard de Vinci du Secr\u00e9tariat d&#8217;\u00c9tat fran\u00e7ais aux relations culturelles internationales. Le Minist\u00e8re fran\u00e7ais de la Culture lui a d\u00e9cern\u00e9 en 1996 la distinction de Chevalier, puis en 2013 l\u2019a \u00e9lev\u00e9 au grade d\u2019Officier de l&#8217;Ordre des Arts et des Lettres. Il est aussi le&nbsp;parrain de la cloche &#8220;Marcel&#8221;, construite en 2012 et b\u00e9nie le 2 f\u00e9vrier 2013 \u00e0 l&#8217;occasion du jubil\u00e9 des 850 ans de la Cath\u00e9drale Notre-Dame de Paris. En 2014, il re\u00e7ut \u00e0 New-York, le prix prestigieux de la Fondation <em>Axion estin<\/em> pour ses travaux relatifs aux interactions culturelles entre l\u2019Orient byzantin et l\u2019Occident latin au cours du premier mill\u00e9naire. Il est \u00e9galement citoyen d\u2019honneur de la ville de Jaroslaw en Pologne, et membre correspondant de la commission culture de la Conf\u00e9rence des \u00c9v\u00eaques de France.<\/p>\n","protected":false},"excerpt":{"rendered":"<p>Marcel P\u00e9r\u00e8s has always sought to understand why and how men have created the art of music. After studying organ and composition at the Nice&hellip;<\/p>\n","protected":false},"author":4,"featured_media":0,"parent":0,"menu_order":0,"comment_status":"closed","ping_status":"closed","template":"","meta":{"_exactmetrics_skip_tracking":false,"_exactmetrics_sitenote_active":false,"_exactmetrics_sitenote_note":"","_exactmetrics_sitenote_category":0,"footnotes":""},"yst_prominent_words":[1287,1092,350,269,312,502,938,1288,351,1276,1094,1089],"class_list":["post-20512","page","type-page","status-publish","hentry"],"_links":{"self":[{"href":"https:\/\/organumcirma.com\/en_GB\/wp-json\/wp\/v2\/pages\/20512","targetHints":{"allow":["GET"]}}],"collection":[{"href":"https:\/\/organumcirma.com\/en_GB\/wp-json\/wp\/v2\/pages"}],"about":[{"href":"https:\/\/organumcirma.com\/en_GB\/wp-json\/wp\/v2\/types\/page"}],"author":[{"embeddable":true,"href":"https:\/\/organumcirma.com\/en_GB\/wp-json\/wp\/v2\/users\/4"}],"replies":[{"embeddable":true,"href":"https:\/\/organumcirma.com\/en_GB\/wp-json\/wp\/v2\/comments?post=20512"}],"version-history":[{"count":4,"href":"https:\/\/organumcirma.com\/en_GB\/wp-json\/wp\/v2\/pages\/20512\/revisions"}],"predecessor-version":[{"id":22060,"href":"https:\/\/organumcirma.com\/en_GB\/wp-json\/wp\/v2\/pages\/20512\/revisions\/22060"}],"wp:attachment":[{"href":"https:\/\/organumcirma.com\/en_GB\/wp-json\/wp\/v2\/media?parent=20512"}],"wp:term":[{"taxonomy":"yst_prominent_words","embeddable":true,"href":"https:\/\/organumcirma.com\/en_GB\/wp-json\/wp\/v2\/yst_prominent_words?post=20512"}],"curies":[{"name":"wp","href":"https:\/\/api.w.org\/{rel}","templated":true}]}}