{"id":20514,"date":"2023-04-28T01:14:57","date_gmt":"2023-04-27T23:14:57","guid":{"rendered":"http:\/\/test-servicesinformatik82.com\/?page_id=20514"},"modified":"2025-01-31T15:15:24","modified_gmt":"2025-01-31T14:15:24","slug":"interviews","status":"publish","type":"page","link":"https:\/\/organumcirma.com\/en_GB\/interviews\/","title":{"rendered":"Interviews"},"content":{"rendered":"\n<div class=\"wp-block-media-text is-stacked-on-mobile\"><figure class=\"wp-block-media-text__media\"><img loading=\"lazy\" decoding=\"async\" width=\"480\" height=\"480\" src=\"https:\/\/organumcirma.com\/wp-content\/uploads\/2024\/10\/37a7fb918fe0ca4b28d324ffab7f92b8.jpg\" alt=\"\" class=\"wp-image-21699 size-full\" srcset=\"https:\/\/organumcirma.com\/wp-content\/uploads\/2024\/10\/37a7fb918fe0ca4b28d324ffab7f92b8.jpg 480w, https:\/\/organumcirma.com\/wp-content\/uploads\/2024\/10\/37a7fb918fe0ca4b28d324ffab7f92b8-300x300.jpg 300w, https:\/\/organumcirma.com\/wp-content\/uploads\/2024\/10\/37a7fb918fe0ca4b28d324ffab7f92b8-150x150.jpg 150w, https:\/\/organumcirma.com\/wp-content\/uploads\/2024\/10\/37a7fb918fe0ca4b28d324ffab7f92b8-80x80.jpg 80w\" sizes=\"auto, (max-width: 480px) 100vw, 480px\" \/><\/figure><div class=\"wp-block-media-text__content\">\n<p class=\"has-black-color has-text-color has-link-color wp-elements-1fe9e3008102f65b333d087f995b36ca\">Mediterranean Intangible Heritage Soundscape propose une s\u00e9rie de podcast avec <strong>Paolo Scarnecchia<\/strong>, produit par UNIMED, Mediterranean Universities Union. Retrouvez des postcasts avec Marcel P\u00e9r\u00e8s et les musiques de l&#8217;Ensemble Organum&#8230;<\/p>\n\n\n\n<p><a href=\"https:\/\/www.spreaker.com\/episode\/plain-chant-spiritualite-et-humanite-nous-sommes-tous-semblables-i-part--59553119\" target=\"_blank\" rel=\"noreferrer noopener\"><strong>Ecoutez le podcast <\/strong>de Marcel P\u00e9r\u00e8s<\/a><a href=\"https:\/\/www.radiofrance.fr\/francemusique\/podcasts\/musique-matin\/la-matinale-avec-marcel-peres-1328779?fbclid=IwAR270YRPqh-g45iFIv_xXcbfolVgjmLuOH5qDUJwHHd_1VfPfnREjonOtYY\" data-type=\"link\" data-id=\"https:\/\/www.radiofrance.fr\/francemusique\/podcasts\/musique-matin\/la-matinale-avec-marcel-peres-1328779?fbclid=IwAR270YRPqh-g45iFIv_xXcbfolVgjmLuOH5qDUJwHHd_1VfPfnREjonOtYY\" target=\"_blank\" rel=\"noreferrer noopener\"><br><\/a><br><\/p>\n<\/div><\/div>\n\n\n\n<hr class=\"wp-block-separator has-alpha-channel-opacity is-style-wide\"\/>\n\n\n\n<div class=\"wp-block-media-text is-stacked-on-mobile\"><figure class=\"wp-block-media-text__media\"><img decoding=\"async\" src=\"https:\/\/test-servicesinformatik82.com\/wp-content\/uploads\/2024\/02\/thumbnail.jpg\" alt=\"\" class=\"wp-image-20884 size-full\"\/><\/figure><div class=\"wp-block-media-text__content\">\n<p class=\"has-black-color has-text-color has-link-color wp-elements-84970ae37f0518c324c4e5efa5dbe45a\"><strong>Marcel P\u00e9r\u00e8s<\/strong> c\u00e9l\u00e8bre cette ann\u00e9e le quaranti\u00e8me anniversaire de l\u2019ensemble Organum, une formation sp\u00e9cialis\u00e9e dans la musique m\u00e9di\u00e9vale qu\u2019il a fond\u00e9e \u00e0 l\u2019Abbaye de S\u00e9nanque en 1982. Aujourd\u2019hui en r\u00e9sidence \u00e0 Moissac, l\u2019ensemble Organum organise tous les ans un festival, Les Diagonales d\u2019\u00e9t\u00e9.<\/p>\n\n\n\n<p><a href=\"https:\/\/www.radiofrance.fr\/francemusique\/podcasts\/musique-matin\/la-matinale-avec-marcel-peres-1328779?fbclid=IwAR270YRPqh-g45iFIv_xXcbfolVgjmLuOH5qDUJwHHd_1VfPfnREjonOtYY\" data-type=\"link\" data-id=\"https:\/\/www.radiofrance.fr\/francemusique\/podcasts\/musique-matin\/la-matinale-avec-marcel-peres-1328779?fbclid=IwAR270YRPqh-g45iFIv_xXcbfolVgjmLuOH5qDUJwHHd_1VfPfnREjonOtYY\" target=\"_blank\" rel=\"noreferrer noopener\"><strong>R\u00e9\u00e9couter cet interview en cliquant ici <\/strong>\u00e0 1:01:30<\/a><\/p>\n<\/div><\/div>\n\n\n\n<hr class=\"wp-block-separator has-alpha-channel-opacity is-style-wide\"\/>\n\n\n\n<div class=\"wp-block-media-text is-stacked-on-mobile\"><figure class=\"wp-block-media-text__media\"><img decoding=\"async\" src=\"https:\/\/test-servicesinformatik82.com\/wp-content\/uploads\/2024\/09\/2024-09-23-23_21_32-Hildegarde-de-Bingen-entretien-avec-Marcel-Peres-Ensemble-Organum-CIRMA--1024x568.jpg\" alt=\"\" class=\"wp-image-21217 size-full\"\/><\/figure><div class=\"wp-block-media-text__content\">\n<p class=\"has-black-color has-text-color has-link-color wp-elements-160d97df7cc5af61f32db1bc635ad07c\"><strong>Hildegarde de Bingen<\/strong><br><strong>Entretien avec Marcel P\u00e9r\u00e8s<\/strong>, directeur de l&#8217;Ensemble Organum, dans le cadre du colloque pluridisciplinaire&#8221; Hildegarde de Bingen : Comment sa musique pourrait-elle susciter de nouvelles approches th\u00e9rapeutiques ?&#8221; <br>Moissac &#8211; Juillet 2021<br><a href=\"https:\/\/www.youtube.com\/watch?v=-4xTcW3bXfY&amp;t=293s\" data-type=\"link\" data-id=\"https:\/\/www.youtube.com\/watch?v=-4xTcW3bXfY&amp;t=293s\" target=\"_blank\" rel=\"noreferrer noopener\"><strong>\u00c9coutez cet interview&#8230;<\/strong><\/a><\/p>\n<\/div><\/div>\n\n\n\n<hr class=\"wp-block-separator has-alpha-channel-opacity is-style-wide\"\/>\n\n\n\n<div class=\"wp-block-media-text is-stacked-on-mobile\"><figure class=\"wp-block-media-text__media\"><img decoding=\"async\" src=\"https:\/\/test-servicesinformatik82.com\/wp-content\/uploads\/2024\/02\/2024-02-26-17_49_59-21-Rencontre-avec-Marcel-Peres-Radio-Grand-Ciel-Orphee-aux-Antipodes-2019-1024x564.jpg\" alt=\"\" class=\"wp-image-20903 size-full\"\/><\/figure><div class=\"wp-block-media-text__content\">\n<p class=\"has-black-color has-text-color has-link-color wp-elements-cdf5f2b459a49bd10ba8111611022bde\"><strong>Semaine (16) du 15 au 21 avril 2019 <br>Rencontre avec Marcel P\u00e9r\u00e8s<\/strong><br>Radio Grand Ciel Orph\u00e9e aux Antipodes: <br>Animateur\/R\u00e9alisateur: Simon MARTIN<\/p>\n\n\n\n<p><strong><a href=\"https:\/\/www.youtube.com\/watch?v=zgDU9flW7AI\" target=\"_blank\" rel=\"noreferrer noopener\">R\u00e9\u00e9couter cet interview sur notre chaine Youtube en cliquant ici<\/a><\/strong><\/p>\n<\/div><\/div>\n\n\n\n<hr class=\"wp-block-separator has-alpha-channel-opacity is-style-wide\"\/>\n\n\n\n<div class=\"wp-block-media-text is-stacked-on-mobile\"><figure class=\"wp-block-media-text__media\"><a href=\"https:\/\/www.concertclassic.com\/video\/les-grands-entretiens-de-concertclassic-marcel-peres-specialiste-de-musique-medievale\" target=\"_blank\" rel=\"noreferrer noopener\"><img decoding=\"async\" src=\"https:\/\/test-servicesinformatik82.com\/wp-content\/uploads\/2024\/09\/2024-09-26-17_40_49-LES-GRANDS-ENTRETIENS-DE-LA-CULTURE-_-Marcel-Peres-specialiste-de-musique-medie-1024x626.jpg\" alt=\"\" class=\"wp-image-21253 size-full\"\/><\/a><\/figure><div class=\"wp-block-media-text__content\">\n<p class=\"has-black-color has-text-color has-link-color wp-elements-1a2597eee00eff0962bd96f9514b6d41\"><strong>Les Grands Entretiens de Concertclassic &#8211; Marcel P\u00e9r\u00e8s, sp\u00e9cialiste de musique m\u00e9di\u00e9vale<\/strong><br>Pr\u00e9s\u00e9ntation du chant vieux-romain<br>Dans quel monde s&#8217;inscrit-il?<br>Quelles sources pour une \u00e9poque m\u00e9connue?<br>La mise en pratique<br>Perspectives transversales<\/p>\n\n\n\n<p><strong><a href=\"https:\/\/www.concertclassic.com\/video\/les-grands-entretiens-de-concertclassic-marcel-peres-specialiste-de-musique-medievale\" target=\"_blank\" rel=\"noreferrer noopener\">R\u00e9\u00e9couter cet interview sur le site internet Concert Classic.com <\/a><\/strong><\/p>\n<\/div><\/div>\n\n\n\n<hr class=\"wp-block-separator has-alpha-channel-opacity is-style-wide\"\/>\n\n\n\n<div class=\"wp-block-media-text is-stacked-on-mobile\"><figure class=\"wp-block-media-text__media\"><img decoding=\"async\" src=\"https:\/\/test-servicesinformatik82.com\/wp-content\/uploads\/2024\/02\/2024-02-26-17_33_06-Marcel-Peres-1_5-_-_Je-passais-parfois-des-nuits-entieres-a-jouer-de-lorgue_.jpg\" alt=\"\" class=\"wp-image-20894 size-full\"\/><\/figure><div class=\"wp-block-media-text__content\">\n<p class=\"has-black-color has-text-color has-link-color wp-elements-4e7419f56c318c9bf4aedc5a0db63dab\"><strong>5 Novembre 2018<\/strong><br>Premier volet de nos entretiens avec Marcel P\u00e9r\u00e8s. Organiste, musicologue et chef de l&#8217;ensemble Organum, il revient sur son enfance de part et d&#8217;autre de la M\u00e9diterran\u00e9e, \u00e0 Oran et Nice.<\/p>\n\n\n\n<p class=\"has-black-color has-text-color has-link-color wp-elements-7ff6c11bba85f6dbf9c03cb3e90cc3e1\"><strong>Le musicologue Marcel P\u00e9r\u00e8s \u00e9voque son parcours personnel et musical avec Benjamin Fran\u00e7ois.<\/strong><br><strong><a href=\"https:\/\/www.radiofrance.fr\/francemusique\/podcasts\/les-grands-entretiens\/marcel-peres-1-5-je-passais-parfois-des-nuits-entieres-a-jouer-de-l-orgue-1332198\" target=\"_blank\" rel=\"noreferrer noopener\">R\u00e9\u00e9couter cet interview en cliquant ici<\/a><\/strong><\/p>\n<\/div><\/div>\n\n\n\n<hr class=\"wp-block-separator has-alpha-channel-opacity is-style-wide\"\/>\n\n\n\n<div class=\"wp-block-columns is-layout-flex wp-container-core-columns-is-layout-9d6595d7 wp-block-columns-is-layout-flex\">\n<div class=\"wp-block-column is-layout-flow wp-block-column-is-layout-flow\">\n<figure class=\"wp-block-video\"><video controls src=\"http:\/\/organumcirma.com\/wp-content\/uploads\/2015\/03\/2016-10-31-France3-Midi-Pyr\u00e9n\u00e9es-journal-19h-extrait.mp4\"><\/video><\/figure>\n<\/div>\n\n\n\n<div class=\"wp-block-column is-layout-flow wp-block-column-is-layout-flow\">\n<p class=\"has-black-color has-text-color has-link-color wp-elements-9860bcab87315b33fa8b52cf18bb77f6\"><strong>Extrait du Journal 19h<\/strong><br>France 3 Midi-Pyr\u00e9n\u00e9es<br>31 octobre 2016<\/p>\n<\/div>\n<\/div>\n\n\n\n<h2 class=\"wp-block-heading has-medium-font-size\"><\/h2>\n","protected":false},"excerpt":{"rendered":"<p>Mediterranean Intangible Heritage Soundscape is a podcast by Paolo Scarnecchia, produced by UNIMED, Mediterranean Universities Union. Musical works included in the Podcast are used for&hellip;<\/p>\n","protected":false},"author":4,"featured_media":0,"parent":0,"menu_order":0,"comment_status":"closed","ping_status":"closed","template":"","meta":{"_exactmetrics_skip_tracking":false,"_exactmetrics_sitenote_active":false,"_exactmetrics_sitenote_note":"","_exactmetrics_sitenote_category":0,"footnotes":""},"yst_prominent_words":[399,321,367,926,597,312,502,289],"class_list":["post-20514","page","type-page","status-publish","hentry"],"_links":{"self":[{"href":"https:\/\/organumcirma.com\/en_GB\/wp-json\/wp\/v2\/pages\/20514","targetHints":{"allow":["GET"]}}],"collection":[{"href":"https:\/\/organumcirma.com\/en_GB\/wp-json\/wp\/v2\/pages"}],"about":[{"href":"https:\/\/organumcirma.com\/en_GB\/wp-json\/wp\/v2\/types\/page"}],"author":[{"embeddable":true,"href":"https:\/\/organumcirma.com\/en_GB\/wp-json\/wp\/v2\/users\/4"}],"replies":[{"embeddable":true,"href":"https:\/\/organumcirma.com\/en_GB\/wp-json\/wp\/v2\/comments?post=20514"}],"version-history":[{"count":20,"href":"https:\/\/organumcirma.com\/en_GB\/wp-json\/wp\/v2\/pages\/20514\/revisions"}],"predecessor-version":[{"id":21712,"href":"https:\/\/organumcirma.com\/en_GB\/wp-json\/wp\/v2\/pages\/20514\/revisions\/21712"}],"wp:attachment":[{"href":"https:\/\/organumcirma.com\/en_GB\/wp-json\/wp\/v2\/media?parent=20514"}],"wp:term":[{"taxonomy":"yst_prominent_words","embeddable":true,"href":"https:\/\/organumcirma.com\/en_GB\/wp-json\/wp\/v2\/yst_prominent_words?post=20514"}],"curies":[{"name":"wp","href":"https:\/\/api.w.org\/{rel}","templated":true}]}}