{"id":20525,"date":"2023-04-28T01:21:07","date_gmt":"2023-04-27T23:21:07","guid":{"rendered":"http:\/\/test-servicesinformatik82.com\/?page_id=20525"},"modified":"2026-03-12T15:45:48","modified_gmt":"2026-03-12T14:45:48","slug":"nos-stages","status":"publish","type":"page","link":"https:\/\/organumcirma.com\/en_GB\/nos-stages\/","title":{"rendered":"Our Workshop"},"content":{"rendered":"\n<h3 class=\"wp-block-heading has-medium-font-size\"><strong>D\u00e9couvrez les stages de chant organis\u00e9s par le CIRMA<\/strong><br>Depuis 2001, le CIRMA organise r\u00e9guli\u00e8rement des sessions de chant pour adultes ou enfants, dirig\u00e9es par les membres de l\u2019ensemble Organum, selon le r\u00e9pertoire \u00e9tudi\u00e9.<\/h3>\n\n\n\n<h3 class=\"wp-block-heading has-medium-font-size\"><strong>Apprendre et pratiquer<\/strong><br>Les sessions de chant du CIRMA offrent aux participants l\u2019opportunit\u00e9 de suivre les grands moments de la notation musicale en Europe occidentale, \u00e0 travers une approche pratique, c\u2019est-\u00e0-dire par le chant. Les aspects historiques, sociologiques, s\u00e9miologiques et musicaux sont abord\u00e9s sous forme de conf\u00e9rences. La majorit\u00e9 des cours sont consacr\u00e9s au chant \u00e0 partir de la notation originale.<\/h3>\n\n\n\n<h3 class=\"wp-block-heading has-medium-font-size\"><strong>Stages ouverts \u00e0 tous<\/strong><br>Ces cours s\u2019adressent \u00e0 tous ceux qui souhaitent d\u00e9couvrir, approfondir et enrichir leurs connaissances du Moyen-Age. Ces sessions offrent une occasion unique et r\u00eaveuse, pour un week-end ou une semaine, de se r\u00e9approprier un patrimoine oubli\u00e9 mais profond\u00e9ment accessible.<\/h3>\n\n\n\n<hr class=\"wp-block-separator has-alpha-channel-opacity is-style-wide\"\/>\n\n\n\n<h5 class=\"wp-block-heading has-medium-font-size\"><strong>Janvier 2026<\/strong><\/h5>\n\n\n\n<div class=\"wp-block-media-text is-stacked-on-mobile is-image-fill-element\" style=\"grid-template-columns:30% auto\"><figure class=\"wp-block-media-text__media\"><img loading=\"lazy\" decoding=\"async\" width=\"800\" height=\"575\" src=\"http:\/\/organumcirma.com\/wp-content\/uploads\/2016\/09\/AutomneMP_Edito.jpg\" alt=\"\u00a9M.P\u00e9r\u00e8s\" class=\"wp-image-16144 size-full\" style=\"object-position:50% 50%\" srcset=\"https:\/\/organumcirma.com\/wp-content\/uploads\/2016\/09\/AutomneMP_Edito.jpg 800w, https:\/\/organumcirma.com\/wp-content\/uploads\/2016\/09\/AutomneMP_Edito-300x216.jpg 300w, https:\/\/organumcirma.com\/wp-content\/uploads\/2016\/09\/AutomneMP_Edito-768x552.jpg 768w\" sizes=\"auto, (max-width: 800px) 100vw, 800px\" \/><\/figure><div class=\"wp-block-media-text__content\">\n<p class=\"has-black-color has-text-color has-link-color wp-elements-9cb837269b6572c721f3eaf8d1a4e8a0\"><strong>Du 23 au 25 janvier<\/strong><br><strong>Moissac &#8211; Occitanie<\/strong><br><strong>Stage de chant \u00ab Le souffle dans le chant de l&#8217;Antiquit\u00e9 tardive\u00bb<\/strong> <strong>anim\u00e9 par Marcel P\u00e9r\u00e8s<\/strong><br>Ces sessions explorent les formes les plus anciennes de chants, dont l\u2019\u00e9criture a conserv\u00e9 la trace, depuis l\u2019Antiquit\u00e9 tardive jusqu\u2019aux compositions d\u2019Hildegarde de Bingen. Au travers de ces chants se r\u00e9v\u00e8le une science du souffle issue d\u2019une tradition tr\u00e8s ancienne.<\/p>\n\n\n\n<p>Stage offert, libre participation, adh\u00e9sion obligatoire 30\u20ac<\/p>\n\n\n\n<p class=\"has-black-color has-text-color has-link-color wp-elements-78d9478b7ccb883f76d5bc51a722b052\"><a href=\"https:\/\/organumcirma.com\/stage-de-chant-le-souffle-dans-le-chant-medieval\/\"><strong>En savoir plus&#8230;<\/strong><\/a><\/p>\n<\/div><\/div>\n\n\n\n<hr class=\"wp-block-separator has-alpha-channel-opacity is-style-wide\"\/>\n\n\n\n<h5 class=\"wp-block-heading has-medium-font-size\"><strong>F\u00e9vrier 2026<\/strong><\/h5>\n\n\n\n<div class=\"wp-block-media-text is-stacked-on-mobile is-image-fill-element\" style=\"grid-template-columns:30% auto\"><figure class=\"wp-block-media-text__media\"><img loading=\"lazy\" decoding=\"async\" width=\"800\" height=\"686\" src=\"http:\/\/organumcirma.com\/wp-content\/uploads\/2024\/09\/mysteria.jpg\" alt=\"\" class=\"wp-image-21141 size-full\" style=\"object-position:50% 50%\" srcset=\"https:\/\/organumcirma.com\/wp-content\/uploads\/2024\/09\/mysteria.jpg 800w, https:\/\/organumcirma.com\/wp-content\/uploads\/2024\/09\/mysteria-300x257.jpg 300w, https:\/\/organumcirma.com\/wp-content\/uploads\/2024\/09\/mysteria-768x659.jpg 768w\" sizes=\"auto, (max-width: 800px) 100vw, 800px\" \/><\/figure><div class=\"wp-block-media-text__content\">\n<p class=\"has-black-color has-text-color has-link-color wp-elements-975d3c076ba56d71284c778ddb0cc95e\"><strong>Du 20 au 22 f\u00e9vrier<\/strong><br><strong>Moissac &#8211; Occitanie<\/strong><br><strong>Stage de chant \u00ab&nbsp;Introduction aux musiques anciennes IX\u00e8 &#8211; XVI\u00e8 si\u00e8cles par la connaissance de la notation musicale&#8221;<\/strong> <strong>anim\u00e9 par Marcel P\u00e9r\u00e8s<\/strong><\/p>\n\n\n\n<p><a href=\"https:\/\/organumcirma.com\/stage-de-chant-le-souffle-dans-le-chant-medieval\/\"><strong>En savoir plus&#8230;<\/strong><\/a><\/p>\n<\/div><\/div>\n\n\n\n<hr class=\"wp-block-separator has-alpha-channel-opacity is-style-wide\"\/>\n\n\n\n<h5 class=\"wp-block-heading has-medium-font-size\"><strong>Mars 2026<\/strong><\/h5>\n\n\n\n<div class=\"wp-block-media-text is-stacked-on-mobile is-image-fill-element\" style=\"grid-template-columns:30% auto\"><figure class=\"wp-block-media-text__media\"><img loading=\"lazy\" decoding=\"async\" width=\"800\" height=\"533\" src=\"http:\/\/organumcirma.com\/wp-content\/uploads\/2016\/07\/CoucherSoleilFinistereCP_M.Peres_.jpg\" alt=\"\" class=\"wp-image-16013 size-full\" style=\"object-position:50% 50%\" srcset=\"https:\/\/organumcirma.com\/wp-content\/uploads\/2016\/07\/CoucherSoleilFinistereCP_M.Peres_.jpg 800w, https:\/\/organumcirma.com\/wp-content\/uploads\/2016\/07\/CoucherSoleilFinistereCP_M.Peres_-300x200.jpg 300w, https:\/\/organumcirma.com\/wp-content\/uploads\/2016\/07\/CoucherSoleilFinistereCP_M.Peres_-768x512.jpg 768w\" sizes=\"auto, (max-width: 800px) 100vw, 800px\" \/><\/figure><div class=\"wp-block-media-text__content\">\n<p class=\"has-black-color has-text-color has-link-color wp-elements-34b437f2f38356fd784c2c3e46b765e9\"><strong>Du 27 au 29 mars<\/strong><br><strong>Moissac &#8211; Occitanie<\/strong><br><strong>Stage de chant \u00ab Le souffle dans le chant de l&#8217;Antiquit\u00e9 tardive\u00bb<\/strong> <strong>anim\u00e9 par Marcel P\u00e9r\u00e8s<\/strong><br>Ces sessions explorent les formes les plus anciennes de chants, dont l\u2019\u00e9criture a conserv\u00e9 la trace, depuis l\u2019Antiquit\u00e9 tardive jusqu\u2019aux compositions d\u2019Hildegarde de Bingen. Au travers de ces chants se r\u00e9v\u00e8le une science du souffle issue d\u2019une tradition tr\u00e8s ancienne.<\/p>\n\n\n\n<p><\/p>\n\n\n\n<p><a href=\"https:\/\/organumcirma.com\/stage-de-chant-le-souffle-dans-le-chant-medieval\/\"><strong><\/strong><\/a><strong><a href=\"https:\/\/organumcirma.com\/stage-de-chant-le-souffle-dans-le-chant-medieval\/\"><strong>En savoir plus&#8230;<\/strong><\/a><\/strong><\/p>\n<\/div><\/div>\n\n\n\n<h5 class=\"wp-block-heading has-medium-font-size\"><strong>Mai 2026<\/strong><\/h5>\n\n\n\n<div class=\"wp-block-media-text is-stacked-on-mobile is-image-fill-element\" style=\"grid-template-columns:30% auto\"><figure class=\"wp-block-media-text__media\"><img loading=\"lazy\" decoding=\"async\" width=\"800\" height=\"600\" src=\"http:\/\/organumcirma.com\/wp-content\/uploads\/2015\/03\/CollectionGrandssitesHauteDefCP_D.Viet_.jpg\" alt=\"\" class=\"wp-image-15722 size-full\" style=\"object-position:50% 50%\" srcset=\"https:\/\/organumcirma.com\/wp-content\/uploads\/2015\/03\/CollectionGrandssitesHauteDefCP_D.Viet_.jpg 800w, https:\/\/organumcirma.com\/wp-content\/uploads\/2015\/03\/CollectionGrandssitesHauteDefCP_D.Viet_-300x225.jpg 300w, https:\/\/organumcirma.com\/wp-content\/uploads\/2015\/03\/CollectionGrandssitesHauteDefCP_D.Viet_-768x576.jpg 768w, https:\/\/organumcirma.com\/wp-content\/uploads\/2015\/03\/CollectionGrandssitesHauteDefCP_D.Viet_-94x70.jpg 94w, https:\/\/organumcirma.com\/wp-content\/uploads\/2015\/03\/CollectionGrandssitesHauteDefCP_D.Viet_-600x450.jpg 600w\" sizes=\"auto, (max-width: 800px) 100vw, 800px\" \/><\/figure><div class=\"wp-block-media-text__content\">\n<p class=\"has-black-color has-text-color has-link-color wp-elements-ba1f3fa040b28e467a2caeeca1560e37\"><strong><strong>Diagonales de printemps &#8211; Concerts et stage de chant<\/strong><\/strong><br><br><strong>Du 12 au 16 mai 2026<br>Stage de chant&nbsp;: Chant vieux romain, anim\u00e9 par Marcel P\u00e9r\u00e8s<br>Concerts Moissac<\/strong><\/p>\n\n\n\n<p><a href=\"https:\/\/organumcirma.com\/diagonales-de-printemps\/\"><strong>En savoir plus&#8230;<\/strong><\/a><\/p>\n<\/div><\/div>\n\n\n\n<hr class=\"wp-block-separator has-alpha-channel-opacity is-style-wide\"\/>\n\n\n\n<h5 class=\"wp-block-heading has-medium-font-size\"><strong>Juillet 2026\/Ao\u00fbt 2026<\/strong><\/h5>\n\n\n\n<div class=\"wp-block-media-text is-stacked-on-mobile is-image-fill-element\" style=\"grid-template-columns:30% auto\"><figure class=\"wp-block-media-text__media\"><img loading=\"lazy\" decoding=\"async\" width=\"1024\" height=\"683\" src=\"http:\/\/organumcirma.com\/wp-content\/uploads\/2024\/03\/4-Moissac-Cloitre-scaled-1-1024x683.jpg\" alt=\"\" class=\"wp-image-21135 size-full\" style=\"object-position:50% 50%\" srcset=\"https:\/\/organumcirma.com\/wp-content\/uploads\/2024\/03\/4-Moissac-Cloitre-scaled-1-1024x683.jpg 1024w, https:\/\/organumcirma.com\/wp-content\/uploads\/2024\/03\/4-Moissac-Cloitre-scaled-1-300x200.jpg 300w, https:\/\/organumcirma.com\/wp-content\/uploads\/2024\/03\/4-Moissac-Cloitre-scaled-1-768x512.jpg 768w, https:\/\/organumcirma.com\/wp-content\/uploads\/2024\/03\/4-Moissac-Cloitre-scaled-1-1536x1024.jpg 1536w, https:\/\/organumcirma.com\/wp-content\/uploads\/2024\/03\/4-Moissac-Cloitre-scaled-1-2048x1366.jpg 2048w\" sizes=\"auto, (max-width: 1024px) 100vw, 1024px\" \/><\/figure><div class=\"wp-block-media-text__content\">\n<p class=\"has-black-color has-text-color has-link-color wp-elements-cb990dafabce049f9eeb3533d9e2484e\"><strong>Du 17 juillet au 9 ao\u00fbt &#8211; <strong>Diagonales d&#8217;\u00e9t\u00e9<\/strong><\/strong> <br><strong>Moissac &#8211; Auvillar&#8230;<\/strong><\/p>\n\n\n\n<p class=\"has-black-color has-text-color has-link-color wp-elements-9ef46d705fa1204446918bd3ffc15701\"><strong>3 stages de chant destin\u00e9s aux adultes :<br><\/strong>&#8211; &#8220;Chant mozarabe&#8221; du 17 au 25 juillet<br>&#8211; &#8220;Codex Calixtinus&#8221; du 19 au 25 juillet<br>&#8211; &#8220;Hildegarde de Bingen&#8221; du 5 au 9 ao\u00fbt<\/p>\n\n\n\n<p class=\"has-black-color has-text-color has-link-color has-medium-font-size wp-elements-db6e2ea1a0f69012a4659c22660a796f\"><em>+ de 20 concerts durant les Diagonales d&#8217;\u00e9t\u00e9 &#8211; Instruments, chants sur 2 ou 3 lieux en Tarn et Garonne<\/em><\/p>\n\n\n\n<p><strong><a href=\"https:\/\/organumcirma.com\/diagonales-dete\/\">En savoir plus&#8230;<\/a><\/strong><\/p>\n\n\n\n<p class=\"has-black-color has-text-color has-link-color wp-elements-0444f0065011c0fb62638562969371e7\"><br><\/p>\n<\/div><\/div>\n\n\n\n<h5 class=\"wp-block-heading has-medium-font-size\"><strong>Octobre 2026<\/strong><\/h5>\n\n\n\n<div class=\"wp-block-media-text is-stacked-on-mobile\" style=\"grid-template-columns:30% auto\"><figure class=\"wp-block-media-text__media\"><img loading=\"lazy\" decoding=\"async\" width=\"798\" height=\"657\" src=\"http:\/\/organumcirma.com\/wp-content\/uploads\/2016\/09\/porteAbbatialeMoissac_CP_M.Grando.jpg\" alt=\"Porte Abbatiale Moissac\" class=\"wp-image-16111 size-full\" srcset=\"https:\/\/organumcirma.com\/wp-content\/uploads\/2016\/09\/porteAbbatialeMoissac_CP_M.Grando.jpg 798w, https:\/\/organumcirma.com\/wp-content\/uploads\/2016\/09\/porteAbbatialeMoissac_CP_M.Grando-300x247.jpg 300w, https:\/\/organumcirma.com\/wp-content\/uploads\/2016\/09\/porteAbbatialeMoissac_CP_M.Grando-768x632.jpg 768w\" sizes=\"auto, (max-width: 798px) 100vw, 798px\" \/><\/figure><div class=\"wp-block-media-text__content\">\n<p class=\"has-black-color has-text-color has-link-color wp-elements-7ebf5bf681776c47acf85f084499c85c\"><strong>Dates \u00e0 d\u00e9finir en Octobre 2026<\/strong><br><strong><br>Diagonales d&#8217;automne \u2013 MOISSAC \u2013 OCCITANIE<br>Stage de chant : <strong>Les 72 versets \u00e0 Saint Martial d\u2019Ad\u00e9mar de Chabannes dirig\u00e9 par Marcel P\u00e9r\u00e8s<\/strong><\/strong><\/p>\n\n\n\n<p><strong><a href=\"https:\/\/organumcirma.com\/diagonales-dautomne\/\">En savoir plus&#8230;<\/a><\/strong><\/p>\n<\/div><\/div>\n\n\n\n<hr class=\"wp-block-separator has-alpha-channel-opacity is-style-wide\"\/>\n\n\n\n<h3 class=\"wp-block-heading\"><strong>D\u00e9cembre 2026<\/strong><\/h3>\n\n\n\n<div class=\"wp-block-media-text is-stacked-on-mobile\" style=\"grid-template-columns:30% auto\"><figure class=\"wp-block-media-text__media\"><img loading=\"lazy\" decoding=\"async\" width=\"800\" height=\"600\" src=\"http:\/\/organumcirma.com\/wp-content\/uploads\/2015\/03\/OrgueRoman_DiagEte2015_Moissac\u00a9H.Milhau.jpg\" alt=\"\" class=\"wp-image-15250 size-full\" srcset=\"https:\/\/organumcirma.com\/wp-content\/uploads\/2015\/03\/OrgueRoman_DiagEte2015_Moissac\u00a9H.Milhau.jpg 800w, https:\/\/organumcirma.com\/wp-content\/uploads\/2015\/03\/OrgueRoman_DiagEte2015_Moissac\u00a9H.Milhau-300x225.jpg 300w, https:\/\/organumcirma.com\/wp-content\/uploads\/2015\/03\/OrgueRoman_DiagEte2015_Moissac\u00a9H.Milhau-94x70.jpg 94w, https:\/\/organumcirma.com\/wp-content\/uploads\/2015\/03\/OrgueRoman_DiagEte2015_Moissac\u00a9H.Milhau-600x450.jpg 600w\" sizes=\"auto, (max-width: 800px) 100vw, 800px\" \/><\/figure><div class=\"wp-block-media-text__content\">\n<p class=\"has-black-color has-text-color has-link-color wp-elements-87e13f62178fa1b10512922393cc8615\"><br><br><strong>Dates \u00e0 d\u00e9finir en D\u00e9cembre 2026<\/strong><br><br><strong>D\u00e9couverte du carillons, des orgues, concert durant les festivit\u00e9s de Noel \u2013 Moissac<\/strong><br><\/p>\n\n\n\n<hr class=\"wp-block-separator has-alpha-channel-opacity\"\/>\n<\/div><\/div>\n\n\n\n<h3 class=\"wp-block-heading has-medium-font-size\"><strong>Inscription par mail ensembleorganum@yahoo.fr ou en r\u00e9glant directement sur Hello Asso<\/strong><br>Attention pour toute inscription \u00e0 un stage, adh\u00e9sion annuelle obligatoire!<\/h3>\n\n\n\n<p><\/p>\n\n\n\n<hr class=\"wp-block-separator has-alpha-channel-opacity is-style-wide\"\/>\n","protected":false},"excerpt":{"rendered":"<p>Discover the singing sessions organized by CIRMA Since 2001, CIRMA has regularly organized singing sessions for adults, conducted by members of the ensemble Organum, according&hellip;<\/p>\n","protected":false},"author":4,"featured_media":0,"parent":0,"menu_order":0,"comment_status":"closed","ping_status":"closed","template":"","meta":{"_exactmetrics_skip_tracking":false,"_exactmetrics_sitenote_active":false,"_exactmetrics_sitenote_note":"","_exactmetrics_sitenote_category":0,"footnotes":""},"yst_prominent_words":[1597],"class_list":["post-20525","page","type-page","status-publish","hentry"],"_links":{"self":[{"href":"https:\/\/organumcirma.com\/en_GB\/wp-json\/wp\/v2\/pages\/20525","targetHints":{"allow":["GET"]}}],"collection":[{"href":"https:\/\/organumcirma.com\/en_GB\/wp-json\/wp\/v2\/pages"}],"about":[{"href":"https:\/\/organumcirma.com\/en_GB\/wp-json\/wp\/v2\/types\/page"}],"author":[{"embeddable":true,"href":"https:\/\/organumcirma.com\/en_GB\/wp-json\/wp\/v2\/users\/4"}],"replies":[{"embeddable":true,"href":"https:\/\/organumcirma.com\/en_GB\/wp-json\/wp\/v2\/comments?post=20525"}],"version-history":[{"count":118,"href":"https:\/\/organumcirma.com\/en_GB\/wp-json\/wp\/v2\/pages\/20525\/revisions"}],"predecessor-version":[{"id":22581,"href":"https:\/\/organumcirma.com\/en_GB\/wp-json\/wp\/v2\/pages\/20525\/revisions\/22581"}],"wp:attachment":[{"href":"https:\/\/organumcirma.com\/en_GB\/wp-json\/wp\/v2\/media?parent=20525"}],"wp:term":[{"taxonomy":"yst_prominent_words","embeddable":true,"href":"https:\/\/organumcirma.com\/en_GB\/wp-json\/wp\/v2\/yst_prominent_words?post=20525"}],"curies":[{"name":"wp","href":"https:\/\/api.w.org\/{rel}","templated":true}]}}