{"id":20535,"date":"2023-04-28T01:23:01","date_gmt":"2023-04-27T23:23:01","guid":{"rendered":"http:\/\/test-servicesinformatik82.com\/?page_id=20535"},"modified":"2025-01-10T17:03:45","modified_gmt":"2025-01-10T16:03:45","slug":"donmecenat","status":"publish","type":"page","link":"https:\/\/organumcirma.com\/en_GB\/donmecenat\/","title":{"rendered":"Help-us"},"content":{"rendered":"\n<blockquote class=\"wp-block-quote is-layout-flow wp-block-quote-is-layout-flow\">\n<p class=\"has-black-color has-text-color has-link-color wp-elements-ae31b279b55e7ef3853f897754b3f24d\">Vous aimez l\u2019art, la culture et la d\u00e9marche d\u2019Organum-CIRMA? Dites-le ! <\/p>\n\n\n\n<p class=\"has-black-color has-text-color has-link-color wp-elements-57f6157338240b98cb550f881a509423\">Chacun d\u2019entre vous peut devenir m\u00e9c\u00e8ne et contribuer personnellement \u00e0 la richesse des activit\u00e9s artistiques d\u2019Organum.<\/p>\n<\/blockquote>\n\n\n\n<figure class=\"wp-block-gallery has-nested-images columns-default is-cropped wp-block-gallery-1 is-layout-flex wp-block-gallery-is-layout-flex\">\n<figure class=\"wp-block-image size-full\"><img loading=\"lazy\" decoding=\"async\" width=\"800\" height=\"600\" data-id=\"15720\" src=\"http:\/\/organumcirma.com\/wp-content\/uploads\/2015\/03\/CloitreEnfantsCollectionGrandssitesCP_D.Viet_.jpg\" alt=\"\" class=\"wp-image-15720\" srcset=\"https:\/\/organumcirma.com\/wp-content\/uploads\/2015\/03\/CloitreEnfantsCollectionGrandssitesCP_D.Viet_.jpg 800w, https:\/\/organumcirma.com\/wp-content\/uploads\/2015\/03\/CloitreEnfantsCollectionGrandssitesCP_D.Viet_-300x225.jpg 300w, https:\/\/organumcirma.com\/wp-content\/uploads\/2015\/03\/CloitreEnfantsCollectionGrandssitesCP_D.Viet_-768x576.jpg 768w, https:\/\/organumcirma.com\/wp-content\/uploads\/2015\/03\/CloitreEnfantsCollectionGrandssitesCP_D.Viet_-94x70.jpg 94w, https:\/\/organumcirma.com\/wp-content\/uploads\/2015\/03\/CloitreEnfantsCollectionGrandssitesCP_D.Viet_-600x450.jpg 600w\" sizes=\"auto, (max-width: 800px) 100vw, 800px\" \/><\/figure>\n<\/figure>\n\n\n\n<h4 class=\"wp-block-heading\"><strong>Particuliers, amis d&#8217;Organum<\/strong><\/h4>\n\n\n\n<p class=\"has-black-color has-text-color has-link-color wp-elements-555adb3e403b99dd787b9496ffd93c33\">Faire un don \u00e0 l\u2019Association Organum, nous aide \u00e0 d\u00e9velopper des actions en direction des enfants, des \u00e9tudiants, des jeunes professionnels et \u00e0 faire d\u00e9couvrir les musiques anciennes au plus grand nombre, lors des concerts des Diagonales de Moissac que nous produisons trois fois par an. En faisant un don, participez concr\u00e8tement \u00e0 la r\u00e9actualisation des tr\u00e9sors musicaux qui pendant des si\u00e8cles ont accompagn\u00e9 ou m\u00eame suscit\u00e9 les grandes utopies qui fondent une civilisation.<\/p>\n\n\n\n<h4 class=\"wp-block-heading\"><strong>M\u00e9c\u00e9nat d\u2019entreprise<\/strong><\/h4>\n\n\n\n<p class=\"has-black-color has-text-color has-link-color wp-elements-31419903b651fc634847b6debf3da726\">Vous souhaitez investir dans un projet de m\u00e9c\u00e9nat culturel qui conjugue \u00e0 la fois les notions de patrimoine et de cr\u00e9ation contemporaine? Marcel P\u00e9r\u00e8s et&nbsp; l\u2019ensemble Organum vous propose de nouer un partenariat pour accompagner l\u2019activit\u00e9 de l\u2019ensemble autour de valeurs communes port\u00e9es par votre entreprise. En tant que m\u00e9c\u00e8ne de l\u2019<a href=\"https:\/\/organumcirma.com\/soutenez-nous\/association-organum\/\">a<\/a>ssociation Organum,&nbsp;votre entreprise apporte un soutien concret \u00e0 des projets artistiques, \u00e9ducatifs ou citoyens qui ne pourraient pas voir le jour sans son aide : la production d\u2019un concert, une tourn\u00e9e \u00e0 l\u2019\u00e9tranger ou encore un programme p\u00e9dagogique pour les enfants.<\/p>\n\n\n\n<h4 class=\"wp-block-heading\"><strong>Dispositifs de d\u00e9fiscalisation : r\u00e9duction d\u2019imp\u00f4t sur le revenu<\/strong><\/h4>\n\n\n\n<div class=\"wp-block-media-text alignwide is-stacked-on-mobile\" style=\"grid-template-columns:21% auto\"><figure class=\"wp-block-media-text__media\"><img loading=\"lazy\" decoding=\"async\" width=\"600\" height=\"800\" src=\"http:\/\/organumcirma.com\/wp-content\/uploads\/2024\/09\/logo-Organum-cirma-800x600-1-accueil.png\" alt=\"\" class=\"wp-image-21382 size-full\" srcset=\"https:\/\/organumcirma.com\/wp-content\/uploads\/2024\/09\/logo-Organum-cirma-800x600-1-accueil.png 600w, https:\/\/organumcirma.com\/wp-content\/uploads\/2024\/09\/logo-Organum-cirma-800x600-1-accueil-225x300.png 225w\" sizes=\"auto, (max-width: 600px) 100vw, 600px\" \/><\/figure><div class=\"wp-block-media-text__content\">\n<p class=\"has-black-color has-text-color has-link-color wp-elements-9fb3f9b934c04a48a4544cb112a44c1a\">Toute personne morale ou physique faisant un don \u00e0 l\u2019association Organum (association loi 1901 du secteur culturel) peut b\u00e9n\u00e9ficier d\u2019une r\u00e9duction d\u2019imp\u00f4t.<br><strong>Si vous \u00eates un particulier,<\/strong>&nbsp;vous recevrez un re\u00e7u fiscal qui vous permettra de d\u00e9duire de vos imp\u00f4ts 66% de votre don dans la limite de 20% de votre revenu net imposable.&nbsp;<strong>Ainsi, un don de 1000 \u20ac ne vous co\u00fbte en r\u00e9alit\u00e9 que 340\u20ac.<\/strong><br><strong>Si vous \u00eates une entreprise,<\/strong>&nbsp;vous b\u00e9n\u00e9ficiez d\u2019une d\u00e9ductibilit\u00e9 fiscale de 60% de votre don \u00e0 hauteur de 5 % du chiffre d\u2019affaires annuel hors taxe de votre soci\u00e9t\u00e9.&nbsp;<strong>Ainsi, un don de 1000 \u20ac ne vous co\u00fbte en r\u00e9alit\u00e9 que 400 \u20ac.<\/strong><\/p>\n\n\n\n<p class=\"has-black-color has-text-color has-link-color wp-elements-f3357ccab571d2faa55e3669c65a4dae\"><strong><em>Transformez votre imp\u00f4t en un geste culturel et citoyen<\/em><\/strong><\/p>\n<\/div><\/div>\n\n\n\n<div class=\"wp-block-columns is-layout-flex wp-container-core-columns-is-layout-9d6595d7 wp-block-columns-is-layout-flex\">\n<div class=\"wp-block-column is-layout-flow wp-block-column-is-layout-flow\">\n<div class=\"wp-block-buttons is-layout-flex wp-block-buttons-is-layout-flex\">\n<div class=\"wp-block-button\"><a class=\"wp-block-button__link wp-element-button\" href=\"https:\/\/www.helloasso.com\/associations\/association-organum\/collectes\/soutenez-l-ensemble-organum-2024\" target=\"_blank\" rel=\"noreferrer noopener\">Faire un don en ligne<\/a><\/div>\n<\/div>\n<\/div>\n\n\n\n<div class=\"wp-block-column is-layout-flow wp-block-column-is-layout-flow\">\n<div class=\"wp-block-buttons is-layout-flex wp-block-buttons-is-layout-flex\">\n<div class=\"wp-block-button\"><a class=\"wp-block-button__link wp-element-button\">Faire un don par ch\u00e8que<\/a><\/div>\n<\/div>\n<\/div>\n\n\n\n<div class=\"wp-block-column is-layout-flow wp-block-column-is-layout-flow\">\n<div class=\"wp-block-buttons is-layout-flex wp-block-buttons-is-layout-flex\">\n<div class=\"wp-block-button\"><a class=\"wp-block-button__link wp-element-button\">Faire un don par virement<\/a><\/div>\n<\/div>\n<\/div>\n<\/div>\n\n\n\n<div class=\"wp-block-columns is-layout-flex wp-container-core-columns-is-layout-9d6595d7 wp-block-columns-is-layout-flex\">\n<div class=\"wp-block-column is-layout-flow wp-block-column-is-layout-flow\">\n<p class=\"has-text-align-center has-black-color has-text-color has-link-color wp-elements-f59da9b655c3b5a7a3e5487530251481\"><strong>RDV sur Hello Asso<\/strong><\/p>\n<\/div>\n\n\n\n<div class=\"wp-block-column is-layout-flow wp-block-column-is-layout-flow\">\n<p class=\"has-black-color has-text-color has-link-color wp-elements-7d4e850215c7c18f9b66a76c6ecd7b81\"><strong><em>Envoyez votre ch\u00e8que \u00e0 <\/em><\/strong><br>ASSOCIATION ORGANUM<br>12 boulevard lakanal<br>BP50019<br>82201 Moissac Cedex<br><strong><em>Un re\u00e7u vous sera renvoy\u00e9!<\/em><\/strong><\/p>\n<\/div>\n\n\n\n<div class=\"wp-block-column is-layout-flow wp-block-column-is-layout-flow\">\n<p class=\"has-black-color has-text-color has-link-color wp-elements-f7e088c6a55e671a4a552111264edcb6\"><strong><em>Contactez-nous par mail pour avoir notre RIB&#8230;<\/em><\/strong><br><a href=\"mailto:ensembleorganum@yahoo.fr\" target=\"_blank\" rel=\"noreferrer noopener\">ensembleorganum@yahoo.fr<\/a><\/p>\n<\/div>\n<\/div>\n","protected":false},"excerpt":{"rendered":"<p>You love the art, culture and approach of Organum-CIRMA? Say it! Each of you can become a patron and contribute personally to the richness of&hellip;<\/p>\n","protected":false},"author":4,"featured_media":0,"parent":0,"menu_order":0,"comment_status":"closed","ping_status":"closed","template":"","meta":{"_exactmetrics_skip_tracking":false,"_exactmetrics_sitenote_active":false,"_exactmetrics_sitenote_note":"","_exactmetrics_sitenote_category":0,"footnotes":""},"yst_prominent_words":[852,257,712,293,259,312,289],"class_list":["post-20535","page","type-page","status-publish","hentry"],"_links":{"self":[{"href":"https:\/\/organumcirma.com\/en_GB\/wp-json\/wp\/v2\/pages\/20535","targetHints":{"allow":["GET"]}}],"collection":[{"href":"https:\/\/organumcirma.com\/en_GB\/wp-json\/wp\/v2\/pages"}],"about":[{"href":"https:\/\/organumcirma.com\/en_GB\/wp-json\/wp\/v2\/types\/page"}],"author":[{"embeddable":true,"href":"https:\/\/organumcirma.com\/en_GB\/wp-json\/wp\/v2\/users\/4"}],"replies":[{"embeddable":true,"href":"https:\/\/organumcirma.com\/en_GB\/wp-json\/wp\/v2\/comments?post=20535"}],"version-history":[{"count":21,"href":"https:\/\/organumcirma.com\/en_GB\/wp-json\/wp\/v2\/pages\/20535\/revisions"}],"predecessor-version":[{"id":21873,"href":"https:\/\/organumcirma.com\/en_GB\/wp-json\/wp\/v2\/pages\/20535\/revisions\/21873"}],"wp:attachment":[{"href":"https:\/\/organumcirma.com\/en_GB\/wp-json\/wp\/v2\/media?parent=20535"}],"wp:term":[{"taxonomy":"yst_prominent_words","embeddable":true,"href":"https:\/\/organumcirma.com\/en_GB\/wp-json\/wp\/v2\/yst_prominent_words?post=20535"}],"curies":[{"name":"wp","href":"https:\/\/api.w.org\/{rel}","templated":true}]}}