{"id":20606,"date":"2023-05-03T16:21:36","date_gmt":"2023-05-03T14:21:36","guid":{"rendered":"http:\/\/test-servicesinformatik82.com\/?page_id=20606"},"modified":"2024-10-02T10:19:03","modified_gmt":"2024-10-02T09:19:03","slug":"projets-2023-2027","status":"publish","type":"page","link":"https:\/\/organumcirma.com\/en_GB\/projets-2023-2027\/","title":{"rendered":"Projects 2024-2027"},"content":{"rendered":"\n<p><strong><em>Enregistrement discographique<\/em><\/strong> &#8211; <strong>Le prochain disque de l\u2019ensemble Organum a besoin de vous pour exister&nbsp;!<\/strong><\/p>\n\n\n\n<div class=\"wp-block-media-text is-stacked-on-mobile\" style=\"grid-template-columns:32% auto\"><figure class=\"wp-block-media-text__media\"><img loading=\"lazy\" decoding=\"async\" width=\"768\" height=\"512\" src=\"http:\/\/organumcirma.com\/wp-content\/uploads\/2023\/05\/hildegarde-stage-1.jpg\" alt=\"\" class=\"wp-image-21225 size-full\" srcset=\"https:\/\/organumcirma.com\/wp-content\/uploads\/2023\/05\/hildegarde-stage-1.jpg 768w, https:\/\/organumcirma.com\/wp-content\/uploads\/2023\/05\/hildegarde-stage-1-300x200.jpg 300w\" sizes=\"auto, (max-width: 768px) 100vw, 768px\" \/><\/figure><div class=\"wp-block-media-text__content\">\n<p><strong>Participez \u00e0 la grande aventure de l\u2019ensemble Organum <\/strong>en nous aidant \u00e0 faire conna\u00eetre l\u2019\u0153uvre immense d\u2019Hildegarde de Bingen. Le pr\u00e9c\u00e9dant disque de l\u2019ensemble consacr\u00e9 \u00e0 Hildegarde,&nbsp;<em>les Laudes de Saint Ursule<\/em>, fut enregistr\u00e9 en 1996. <br>28 ann\u00e9es plus tard, apr\u00e8s ce long temps consacr\u00e9 \u00e0 approfondir la pratique des r\u00e9pertoires m\u00e9di\u00e9vaux, Marcel P\u00e9r\u00e8s propose une nouvelle approche de cette musique, intitul\u00e9e par Hildegarde elle-m\u00eame&nbsp;:&nbsp;<em>La Symphonie des harmonies C\u00e9lestes.<\/em><br><a href=\"https:\/\/organumcirma.com\/symposium-des-ondes-et-des-mondes\/\" data-type=\"page\" data-id=\"21480\">En savoir plus&#8230;<\/a><\/p>\n<\/div><\/div>\n\n\n\n<hr class=\"wp-block-separator has-alpha-channel-opacity is-style-wide\"\/>\n\n\n\n<p><strong>Symposium des ondes et des mondes<\/strong><\/p>\n\n\n\n<div class=\"wp-block-media-text is-stacked-on-mobile\" style=\"grid-template-columns:32% auto\"><figure class=\"wp-block-media-text__media\"><img loading=\"lazy\" decoding=\"async\" width=\"1024\" height=\"768\" src=\"http:\/\/organumcirma.com\/wp-content\/uploads\/2024\/10\/IMG20221001145030-1024x768.jpg\" alt=\"\" class=\"wp-image-21454 size-full\" srcset=\"https:\/\/organumcirma.com\/wp-content\/uploads\/2024\/10\/IMG20221001145030-1024x768.jpg 1024w, https:\/\/organumcirma.com\/wp-content\/uploads\/2024\/10\/IMG20221001145030-300x225.jpg 300w, https:\/\/organumcirma.com\/wp-content\/uploads\/2024\/10\/IMG20221001145030-768x576.jpg 768w, https:\/\/organumcirma.com\/wp-content\/uploads\/2024\/10\/IMG20221001145030-1536x1152.jpg 1536w, https:\/\/organumcirma.com\/wp-content\/uploads\/2024\/10\/IMG20221001145030-2048x1536.jpg 2048w\" sizes=\"auto, (max-width: 1024px) 100vw, 1024px\" \/><\/figure><div class=\"wp-block-media-text__content\">\n<p><strong>Abbaye de Royaumont 18 &amp; 19 November 2024<\/strong><br><strong>\u00ab Du quantique au cantique \u00bb<\/strong><\/p>\n\n\n\n<p>Le CIRMA et l\u2019ensemble Organum continuent leurs recherches sur les d\u00e9clinaisons th\u00e9rapeutiques potentielles des musiques de l\u2018Antiquit\u00e9 tardive jusqu\u2019\u00e0 Hildegarde de Bingen. Ces recherches, commenc\u00e9es en 2019 avec l\u2019Universit\u00e9 de Rennes2, prennent cette ann\u00e9e une nouvelle dimension gr\u00e2ce \u00e0 de nouveaux partenariats scientifiques qui incluent la physique, la biologie et l\u2019acoustique.<br><a href=\"https:\/\/organumcirma.com\/projets-2024-2027\/\" data-type=\"page\" data-id=\"21444\">En savoir plus&#8230;<\/a><\/p>\n<\/div><\/div>\n\n\n\n<p><\/p>\n\n\n\n<p><\/p>\n","protected":false},"excerpt":{"rendered":"<p>Hildegarde de Bingen \u201cLes V\u00eapres \u00e0 Marie\u201d \u2013 CrowdfundingThe next record of the ensemble Organum needs you to exist! New record of the Ensemble OrganumHildegard&hellip;<\/p>\n","protected":false},"author":4,"featured_media":0,"parent":0,"menu_order":0,"comment_status":"closed","ping_status":"closed","template":"","meta":{"_exactmetrics_skip_tracking":false,"_exactmetrics_sitenote_active":false,"_exactmetrics_sitenote_note":"","_exactmetrics_sitenote_category":0,"footnotes":""},"yst_prominent_words":[1886,399,491,485,1872,1865,1023,1857,1856,289,1027,1858,1855,533],"class_list":["post-20606","page","type-page","status-publish","hentry"],"_links":{"self":[{"href":"https:\/\/organumcirma.com\/en_GB\/wp-json\/wp\/v2\/pages\/20606","targetHints":{"allow":["GET"]}}],"collection":[{"href":"https:\/\/organumcirma.com\/en_GB\/wp-json\/wp\/v2\/pages"}],"about":[{"href":"https:\/\/organumcirma.com\/en_GB\/wp-json\/wp\/v2\/types\/page"}],"author":[{"embeddable":true,"href":"https:\/\/organumcirma.com\/en_GB\/wp-json\/wp\/v2\/users\/4"}],"replies":[{"embeddable":true,"href":"https:\/\/organumcirma.com\/en_GB\/wp-json\/wp\/v2\/comments?post=20606"}],"version-history":[{"count":8,"href":"https:\/\/organumcirma.com\/en_GB\/wp-json\/wp\/v2\/pages\/20606\/revisions"}],"predecessor-version":[{"id":21542,"href":"https:\/\/organumcirma.com\/en_GB\/wp-json\/wp\/v2\/pages\/20606\/revisions\/21542"}],"wp:attachment":[{"href":"https:\/\/organumcirma.com\/en_GB\/wp-json\/wp\/v2\/media?parent=20606"}],"wp:term":[{"taxonomy":"yst_prominent_words","embeddable":true,"href":"https:\/\/organumcirma.com\/en_GB\/wp-json\/wp\/v2\/yst_prominent_words?post=20606"}],"curies":[{"name":"wp","href":"https:\/\/api.w.org\/{rel}","templated":true}]}}