{"id":21262,"date":"2023-02-10T10:10:44","date_gmt":"2023-02-10T09:10:44","guid":{"rendered":"https:\/\/test-servicesinformatik82.com\/?page_id=20454"},"modified":"2026-04-20T10:14:03","modified_gmt":"2026-04-20T09:14:03","slug":"bienvenue","status":"publish","type":"page","link":"https:\/\/organumcirma.com\/en_GB\/","title":{"rendered":"Driving towards the light of day forgotten musical repertoires&#8230;"},"content":{"rendered":"\n<blockquote class=\"wp-block-quote has-text-align-center is-layout-flow wp-block-quote-is-layout-flow\">\n<p class=\"has-text-align-left\"><em>Les textes anciens expriment les r\u00e9alit\u00e9s musicales d\u2019autrefois en des termes qui ne nous sont pas familiers. Il nous faut apprendre le langage musical des hommes du pass\u00e9, mais aussi, leur mani\u00e8re globale de s\u2019exprimer, leur imaginaire, leur quotidien et se repr\u00e9senter comment eux-m\u00eames se situaient dans un processus de m\u00e9moire.&nbsp;Il ne s\u2019agit pas seulement de prendre une partition et de la jouer, il faut comprendre aussi le monde auquel cette musique fait r\u00e9f\u00e9rence.<\/em><\/p>\n<cite>Marcel P\u00e9r\u00e8s<\/cite><\/blockquote>\n\n\n\n<hr class=\"wp-block-separator has-alpha-channel-opacity is-style-wide\"\/>\n\n\n\n<div class=\"wp-block-media-text has-media-on-the-right is-stacked-on-mobile is-image-fill-element\" style=\"grid-template-columns:auto 42%\"><div class=\"wp-block-media-text__content\">\n<p class=\"has-black-color has-text-color has-link-color has-medium-font-size wp-elements-0ca2c2b2c606bd1b07f06e4f80cd1354\"><em><strong>Prochaines diagonales de Printemps <\/strong><br><strong>Moissac du 12 au 16 mai 2026<\/strong><\/em><\/p>\n\n\n\n<p class=\"has-black-color has-text-color has-link-color has-medium-font-size wp-elements-881ff53536f98c96464c90690ec8604b\"><strong>Stage de chant \u00ab Le souffle dans le chant de l\u2019Antiquit\u00e9 tardive\u00bb<\/strong>&nbsp;<strong>anim\u00e9 par Marcel P\u00e9r\u00e8s<br><\/strong>Concert de fin de stage <\/p>\n\n\n\n<p class=\"has-black-color has-text-color has-link-color wp-elements-47eba41ee47ca31cd8a60dbd34e56f60\"><strong><strong><em>Le chant vieux romain occupe une position centrale dans l\u2019histoire de la musique religieuse. Il est la cl\u00e9 de vo\u00fbte qui donne sens, coh\u00e9rence et existence \u00e0 l\u2019\u00e9difice de ce qui devrait \u00eatre la conscience liturgique du Christianisme, et bien au\u00ad-del\u00e0.&nbsp;<\/em><\/strong><\/strong><\/p>\n\n\n\n<p class=\"has-black-color has-text-color has-link-color wp-elements-11830d530ebde2a7b272f902747b3401\"><a href=\"https:\/\/organumcirma.com\/diagonales-de-printemps\/\">En savoir plus&#8230;<\/a><\/p>\n<\/div><figure class=\"wp-block-media-text__media\"><img loading=\"lazy\" decoding=\"async\" width=\"800\" height=\"533\" src=\"http:\/\/organumcirma.com\/wp-content\/uploads\/2015\/03\/Moissacportailext15_CP_B.AlyBeril-1.jpg\" alt=\"Abbatiale de Moissac\" class=\"wp-image-15724 size-full\" style=\"object-position:50% 50%\" srcset=\"https:\/\/organumcirma.com\/wp-content\/uploads\/2015\/03\/Moissacportailext15_CP_B.AlyBeril-1.jpg 800w, https:\/\/organumcirma.com\/wp-content\/uploads\/2015\/03\/Moissacportailext15_CP_B.AlyBeril-1-300x200.jpg 300w, https:\/\/organumcirma.com\/wp-content\/uploads\/2015\/03\/Moissacportailext15_CP_B.AlyBeril-1-768x512.jpg 768w\" sizes=\"auto, (max-width: 800px) 100vw, 800px\" \/><\/figure><\/div>\n\n\n\n<hr class=\"wp-block-separator has-alpha-channel-opacity\"\/>\n\n\n\n<figure class=\"wp-block-embed is-type-video is-provider-youtube wp-block-embed-youtube wp-embed-aspect-16-9 wp-has-aspect-ratio\"><div class=\"wp-block-embed__wrapper\">\n<iframe loading=\"lazy\"  id=\"_ytid_86074\"  width=\"843\" height=\"474\"  data-origwidth=\"843\" data-origheight=\"474\" src=\"https:\/\/www.youtube.com\/embed\/QWs4GwhAgjE?enablejsapi=1&#038;autoplay=0&#038;cc_load_policy=0&#038;cc_lang_pref=&#038;iv_load_policy=1&#038;loop=0&#038;modestbranding=0&#038;rel=1&#038;fs=1&#038;playsinline=0&#038;autohide=2&#038;theme=dark&#038;color=red&#038;controls=1&#038;\" class=\"__youtube_prefs__  epyt-is-override  no-lazyload\" title=\"YouTube player\"  allow=\"fullscreen; accelerometer; autoplay; clipboard-write; encrypted-media; gyroscope; picture-in-picture\" allowfullscreen data-no-lazy=\"1\" data-skipgform_ajax_framebjll=\"\"><\/iframe>\n<\/div><\/figure>\n\n\n\n<p class=\"has-black-color has-text-color has-link-color wp-elements-421b121cd052bc943331e8b804920bfb\">Pr\u00e9sente \u00e0 Moissac depuis 2001, l\u2019association Organum a d\u00e9velopp\u00e9, sans interruption, une intense activit\u00e9 musicale, sociale et historique. L\u2019action d\u2019Organum avait d\u00e9but\u00e9 en 1982 en relation \u00e9troite avec les tous nouveaux Centres Culturels de Rencontre&nbsp;: Villeneuve les Avignons, l\u2019abbaye de S\u00e9nanque, la Fondation Royaumont <em>Pour le Progr\u00e8s des Sciences de l\u2019Homme<\/em>, fondation avec laquelle Organum collabora pendant une quinzaine d\u2019ann\u00e9es avant de s\u2019installer \u00e0 Moissac, accueilli par une municipalit\u00e9 ouverte au d\u00e9veloppement culturel de ses tr\u00e9sors patrimoniaux.<\/p>\n\n\n\n<p class=\"has-black-color has-text-color has-link-color wp-elements-a3ba3eab246525dbbd5e6789f803d393\">L\u2019approche de l\u2019ensemble Organum s\u2019est rapidement int\u00e9gr\u00e9e au tissu local. Des sessions de chant, des activit\u00e9s pour les enfants, trois festivals annuels, offrent une vingtaine de concerts par an, une dizaine de sessions de chant qui attire un public tr\u00e8s vari\u00e9. Il n\u2019y a pas de s\u00e9lection, ces rencontres sont ouvertes \u00e0 tous et attirent un public local et international.<\/p>\n\n\n\n<p class=\"has-black-color has-text-color has-link-color wp-elements-3a42d3224b263144d88d67eecdb2969a\">Organum consid\u00e8re le patrimoine comme une semence appel\u00e9e \u00e0 germer pour r\u00e9v\u00e9ler la vie, l\u2019\u00e9nergie, la vision et la relation au monde qui animaient nos pr\u00e9d\u00e9cesseurs. Le patrimoine devient ainsi une contr\u00e9e merveilleuse \u00e0 parcourir o\u00f9 il devient possible de rencontrer les pens\u00e9es et l\u2019\u00e9nergie qui firent \u00e9merger les beaut\u00e9s qui construisirent notre civilisation.<\/p>\n\n\n\n<p class=\"has-black-color has-text-color has-link-color wp-elements-9d54a03f8f3ebad82d8dc68770a6ee4b\">Les activit\u00e9s de l\u2019ensemble Organum &nbsp;font rayonner dans le monde entier la connaissance de ce qui se construit \u00e0 Moissac. Il se cr\u00e9e ainsi des liens profonds, se d\u00e9ployant sur le temps long, entre des individus, des centres de recherche, des universit\u00e9s, des ensembles ou des festivals. Ces liens cr\u00e9ent une circulation de pens\u00e9es, de savoir-faire et de personnes tr\u00e8s vari\u00e9es. Chaque ann\u00e9e la programmation qui se d\u00e9roule \u00e0 Moissac continue ou pr\u00e9c\u00e8de des d\u00e9ploiements qui se d\u00e9roulent dans d\u2019autres contr\u00e9es. L\u2019ann\u00e9e 2026 verra ainsi la programmation moissagaise entrer en r\u00e9sonnance avec Rome (Italie), Elche, Grenade, Salamanque (Espagne), Poznan, Cracovie (Pologne) Bogota (Colombie), Bruxelles (Belgique). Montr\u00e9al (Canada), Rabat (Maroc).<\/p>\n\n\n\n<p class=\"has-black-color has-text-color has-link-color wp-elements-4b585921d21ed1fc3135e1d554228e62\">\u00c0 l\u2019occasion des quarante ans de l\u2019ensemble Organum, en 2022, &nbsp;Marcel P\u00e9r\u00e8s \u00e9crivit&nbsp;:<\/p>\n\n\n\n<p class=\"has-text-align-left has-black-color has-text-color has-link-color wp-elements-e66b0fbfa0706fb8fb2dbcff3d146a51\"><em>&nbsp;&nbsp;&nbsp;&nbsp;&nbsp;&nbsp;&nbsp;&nbsp;&nbsp;&nbsp;&nbsp; \u00ab&nbsp;Le projet de l\u2019ensemble Organum pourrait de r\u00e9sumer ainsi : faire revenir aux rivages du temps lin\u00e9aire les r\u00e9pertoires oubli\u00e9s, les transmettre par l\u2019enseignement, les concerts, l\u2019\u00e9dition discographique et livresque, les mettre en relation avec des traditions vivantes, renouveler en profondeur l\u2019action et les pratiques culturelles et utiliser les d\u00e9couvertes qui surgissent pour repenser fondamentalement les processus de cr\u00e9ation et de transmission.<\/em><\/p>\n\n\n\n<p class=\"has-black-color has-text-color has-link-color wp-elements-30b6732fe669600b1a75e66082225743\"><em>&nbsp;&nbsp;&nbsp;&nbsp;&nbsp;&nbsp;&nbsp;&nbsp;&nbsp;&nbsp;&nbsp; Au-del\u00e0 d\u2019une approche historique et technique des musiques du pass\u00e9, la pratique des r\u00e9pertoires oubli\u00e9s nous r\u00e9v\u00e8le la fonction m\u00e9taphysique de la musique, l\u2019architecture des sons \u00e9tant le signe d\u2019une relation entre l\u2019homme et son propre destin. Ici est d\u00e9pass\u00e9e la dimension sociale et m\u00eame culturelle de l\u2019art musical. C\u2019est l\u2019homme profond qui est interpell\u00e9 face \u00e0 l\u2019image de son destin surnaturel.<\/em><\/p>\n\n\n\n<p class=\"has-black-color has-text-color has-link-color wp-elements-1d32855c215883ac38d8f0927452cb46\"><em>&nbsp;&nbsp;&nbsp;&nbsp;&nbsp;&nbsp;&nbsp;&nbsp;&nbsp;&nbsp;&nbsp; Les diff\u00e9rentes musiques devraient \u00eatre per\u00e7ues comme autant d\u2019ic\u00f4nes sonores, d\u2019entit\u00e9s vibrantes qui invitent l\u2019auditeur \u00e0 s\u2019immerger dans l\u2019exp\u00e9rience du flux \u00e9motionnel dont les mots et les sons ne sont que le signe. C\u2019est ainsi que naquit vers 2011 la formule qui devint comme la feuille de route de l\u2019ensemble Organum&nbsp;: D\u00e9cliner les lignes de force du patrimoine immat\u00e9riel.&nbsp;\u00bb<\/em><\/p>\n","protected":false},"excerpt":{"rendered":"<p>The ancient texts express the musical realities of yesteryear in terms that are not familiar to us. We must learn the musical language of men&hellip;<\/p>\n","protected":false},"author":4,"featured_media":0,"parent":0,"menu_order":0,"comment_status":"closed","ping_status":"closed","template":"","meta":{"_exactmetrics_skip_tracking":false,"_exactmetrics_sitenote_active":false,"_exactmetrics_sitenote_note":"","_exactmetrics_sitenote_category":0,"footnotes":""},"yst_prominent_words":[291,926,597,350,269,312,940,502,289,1128,351],"class_list":["post-21262","page","type-page","status-publish","hentry"],"_links":{"self":[{"href":"https:\/\/organumcirma.com\/en_GB\/wp-json\/wp\/v2\/pages\/21262","targetHints":{"allow":["GET"]}}],"collection":[{"href":"https:\/\/organumcirma.com\/en_GB\/wp-json\/wp\/v2\/pages"}],"about":[{"href":"https:\/\/organumcirma.com\/en_GB\/wp-json\/wp\/v2\/types\/page"}],"author":[{"embeddable":true,"href":"https:\/\/organumcirma.com\/en_GB\/wp-json\/wp\/v2\/users\/4"}],"replies":[{"embeddable":true,"href":"https:\/\/organumcirma.com\/en_GB\/wp-json\/wp\/v2\/comments?post=21262"}],"version-history":[{"count":74,"href":"https:\/\/organumcirma.com\/en_GB\/wp-json\/wp\/v2\/pages\/21262\/revisions"}],"predecessor-version":[{"id":22602,"href":"https:\/\/organumcirma.com\/en_GB\/wp-json\/wp\/v2\/pages\/21262\/revisions\/22602"}],"wp:attachment":[{"href":"https:\/\/organumcirma.com\/en_GB\/wp-json\/wp\/v2\/media?parent=21262"}],"wp:term":[{"taxonomy":"yst_prominent_words","embeddable":true,"href":"https:\/\/organumcirma.com\/en_GB\/wp-json\/wp\/v2\/yst_prominent_words?post=21262"}],"curies":[{"name":"wp","href":"https:\/\/api.w.org\/{rel}","templated":true}]}}