{"id":21264,"date":"2023-04-28T01:22:48","date_gmt":"2023-04-27T23:22:48","guid":{"rendered":"http:\/\/test-servicesinformatik82.com\/?page_id=20533"},"modified":"2026-01-16T13:49:41","modified_gmt":"2026-01-16T12:49:41","slug":"adhesion-2026","status":"publish","type":"page","link":"https:\/\/organumcirma.com\/en_GB\/adhesion-2026\/","title":{"rendered":"Membership"},"content":{"rendered":"\n<p class=\"has-black-color has-text-color has-link-color wp-elements-33ee03ffedea4034097224567015181f\">L\u2019association Organum est une association \u00e0 but non-lucratif qui r\u00e9unit celles et ceux qui souhaitent soutenir l\u2019ensemble Organum et le CIRMA dans l\u2019ensemble de leur politique artistique, culturelle&nbsp; et p\u00e9dagogique et contribuer \u00e0 son rayonnement en France et \u00e0 l\u2019\u00e9tranger.<\/p>\n\n\n\n<p class=\"has-black-color has-text-color has-link-color wp-elements-e48a575a9a8ff7a6d75d132afe83b71d\">Elle permet notamment au CIRMA de d\u00e9velopper des actions en direction du jeune public et de faire d\u00e9couvrir les musiques anciennes au plus grand nombre, lors de concerts des Diagonales de Moissac, un festival auto-produit par l\u2019Association.<\/p>\n\n\n\n<h4 class=\"wp-block-heading has-black-color has-text-color has-link-color wp-elements-47d1e23c57113542122fa79769c25bd9\"><strong>DEVENIR MEMBRE DE L\u2019ASSOCIATION C\u2019EST :<\/strong><\/h4>\n\n\n\n<ul class=\"wp-block-list\">\n<li class=\"has-black-color has-text-color has-link-color wp-elements-472391cbb741573222a05ce2e5b03a64\">participer \u00e0 l\u2019aventure Organum<\/li>\n\n\n\n<li class=\"has-black-color has-text-color has-link-color wp-elements-17413662872e92756bee1621be31640a\">participer aux activit\u00e9s du CIRMA dans des conditions avantageuses<\/li>\n<\/ul>\n\n\n\n<figure class=\"wp-block-embed is-type-video is-provider-youtube wp-block-embed-youtube wp-embed-aspect-16-9 wp-has-aspect-ratio\"><div class=\"wp-block-embed__wrapper\">\n<iframe loading=\"lazy\"  id=\"_ytid_87369\"  width=\"843\" height=\"474\"  data-origwidth=\"843\" data-origheight=\"474\" src=\"https:\/\/www.youtube.com\/embed\/D7y6MqhWU-c?enablejsapi=1&#038;autoplay=0&#038;cc_load_policy=0&#038;cc_lang_pref=&#038;iv_load_policy=1&#038;loop=0&#038;modestbranding=0&#038;rel=1&#038;fs=1&#038;playsinline=0&#038;autohide=2&#038;theme=dark&#038;color=red&#038;controls=1&#038;\" class=\"__youtube_prefs__  epyt-is-override  no-lazyload\" title=\"YouTube player\"  allow=\"fullscreen; accelerometer; autoplay; clipboard-write; encrypted-media; gyroscope; picture-in-picture\" allowfullscreen data-no-lazy=\"1\" data-skipgform_ajax_framebjll=\"\"><\/iframe>\n<\/div><\/figure>\n\n\n\n<p class=\"has-black-color has-text-color has-link-color wp-elements-5493248a7765b9b29f5a8e4b20af9bcd\">Les cotisations et dons des membres de l\u2019Association Organum aident en particulier l\u2019ensemble Organum et le CIRMA \u00e0 financer :<\/p>\n\n\n\n<ul class=\"wp-block-list\">\n<li class=\"has-black-color has-text-color has-link-color wp-elements-24abbcf9511f776c0036bf8e840ae3ba\">les actions p\u00e9dagogiques&nbsp; \u00e0 destination du jeune public &#8211; animations scolaires, stage enfants <\/li>\n\n\n\n<li class=\"has-black-color has-text-color has-link-color wp-elements-1c18554824fb0a2c5cd93ab0db670b53\">la mise en place des Diagonales de Moissac, 4 rendez-vous annuels compos\u00e9s de stages th\u00e9matiques et de conf\u00e9rences, ainsi que des concerts dans des hauts lieux du patrimoine moissagais ou alentour<\/li>\n\n\n\n<li class=\"has-black-color has-text-color has-link-color wp-elements-3f198bf11fa5d6b335ef51e7afff8dc1\">les tourn\u00e9es internationales dans des hauts lieux patrimoniaux et les festivals de musiques sacr\u00e9es les plus prestigieux<\/li>\n<\/ul>\n\n\n\n<p class=\"has-black-color has-text-color has-link-color wp-elements-b9d89bae3c2582048d041c5e7288ac32\">Devenir adh\u00e9rent, c&#8217;est aussi b\u00e9n\u00e9ficier d\u2019avantages exclusifs pour assister au concert dans les meilleures conditions (tarif r\u00e9duit), participer \u00e0 nos stages et partager des moments privil\u00e9gi\u00e9s avec Marcel P\u00e9r\u00e8s et les chanteurs de l\u2019ensemble Organum dans un esprit de rencontre et de convivialit\u00e9, b\u00e9n\u00e9ficier de tarifs privil\u00e9gi\u00e9s sur notre boutique.<\/p>\n\n\n\n<p class=\"has-black-color has-text-color has-link-color wp-elements-c8a4fcadc6b9971bba17d21563559d82\"><strong>L\u2019adh\u00e9sion annuelle est de 30\u20ac valable du 1er janvier au 31 d\u00e9cembre.<br><\/strong><br><\/p>\n\n\n\n<figure class=\"wp-block-image size-full\"><img loading=\"lazy\" decoding=\"async\" width=\"720\" height=\"540\" src=\"https:\/\/organumcirma.com\/wp-content\/uploads\/2025\/01\/433523155_916580637137396_6314387017970305007_n.jpg\" alt=\"\" class=\"wp-image-22063\" srcset=\"https:\/\/organumcirma.com\/wp-content\/uploads\/2025\/01\/433523155_916580637137396_6314387017970305007_n.jpg 720w, https:\/\/organumcirma.com\/wp-content\/uploads\/2025\/01\/433523155_916580637137396_6314387017970305007_n-300x225.jpg 300w\" sizes=\"auto, (max-width: 720px) 100vw, 720px\" \/><\/figure>\n\n\n\n<div class=\"wp-block-columns is-layout-flex wp-container-core-columns-is-layout-9d6595d7 wp-block-columns-is-layout-flex\">\n<div class=\"wp-block-column is-layout-flow wp-block-column-is-layout-flow\" style=\"flex-basis:33.33%\">\n<div class=\"wp-block-buttons is-layout-flex wp-block-buttons-is-layout-flex\">\n<div class=\"wp-block-button\"><a class=\"wp-block-button__link has-background wp-element-button\" href=\"https:\/\/www.helloasso.com\/associations\/association-organum\/adhesions\/adherer-a-notre-association-2026\" style=\"background-color:#891077\" target=\"_blank\" rel=\"noreferrer noopener\">Adh\u00e9rer en ligne<\/a><\/div>\n<\/div>\n<\/div>\n\n\n\n<div class=\"wp-block-column is-layout-flow wp-block-column-is-layout-flow\" style=\"flex-basis:66.66%\">\n<p class=\"has-black-color has-text-color has-link-color wp-elements-6752c1b152f4055450bc7e4d5b9fa00e\">Utiliser Hello Asso pour nous rejoindre<br><a href=\"https:\/\/www.helloasso.com\/associations\/association-organum\/adhesions\/adherer-a-notre-association-2026\">https:\/\/www.helloasso.com\/associations\/association-organum\/adhesions\/adherer-a-notre-association-2026<\/a><\/p>\n<\/div>\n<\/div>\n\n\n\n<div class=\"wp-block-columns is-layout-flex wp-container-core-columns-is-layout-9d6595d7 wp-block-columns-is-layout-flex\">\n<div class=\"wp-block-column is-layout-flow wp-block-column-is-layout-flow\" style=\"flex-basis:33.33%\">\n<div class=\"wp-block-buttons is-layout-flex wp-block-buttons-is-layout-flex\">\n<div class=\"wp-block-button\"><a class=\"wp-block-button__link has-background wp-element-button\" style=\"background-color:#891077\">Adh\u00e9rer par ch\u00e8que<\/a><\/div>\n<\/div>\n<\/div>\n\n\n\n<div class=\"wp-block-column is-layout-flow wp-block-column-is-layout-flow\" style=\"flex-basis:66.66%\">\n<p class=\"has-black-color has-text-color has-link-color wp-elements-1c5e67b58253f714d19bcc7aa3cf3d61\"><strong>Vous pouvez nous envoyer un ch\u00e8que \u00e0 cette adresse:<\/strong><br>Association Organum <br>12 boulevard lakanal BP50019 &#8211; 82201 MOISSAC Cedex 1<\/p>\n<\/div>\n<\/div>\n","protected":false},"excerpt":{"rendered":"<p>The Organum association is a non-profit organization that brings together those who wish to support Ensemble Organum and CIRMA in their artistic, cultural and educational&hellip;<\/p>\n","protected":false},"author":4,"featured_media":0,"parent":0,"menu_order":0,"comment_status":"closed","ping_status":"closed","template":"","meta":{"_exactmetrics_skip_tracking":false,"_exactmetrics_sitenote_active":false,"_exactmetrics_sitenote_note":"","_exactmetrics_sitenote_category":0,"footnotes":""},"yst_prominent_words":[1134,711,1349,599,595,1135,1130,293,259,926,597,465,312,938,289,909,1131,1136],"class_list":["post-21264","page","type-page","status-publish","hentry"],"_links":{"self":[{"href":"https:\/\/organumcirma.com\/en_GB\/wp-json\/wp\/v2\/pages\/21264","targetHints":{"allow":["GET"]}}],"collection":[{"href":"https:\/\/organumcirma.com\/en_GB\/wp-json\/wp\/v2\/pages"}],"about":[{"href":"https:\/\/organumcirma.com\/en_GB\/wp-json\/wp\/v2\/types\/page"}],"author":[{"embeddable":true,"href":"https:\/\/organumcirma.com\/en_GB\/wp-json\/wp\/v2\/users\/4"}],"replies":[{"embeddable":true,"href":"https:\/\/organumcirma.com\/en_GB\/wp-json\/wp\/v2\/comments?post=21264"}],"version-history":[{"count":32,"href":"https:\/\/organumcirma.com\/en_GB\/wp-json\/wp\/v2\/pages\/21264\/revisions"}],"predecessor-version":[{"id":22500,"href":"https:\/\/organumcirma.com\/en_GB\/wp-json\/wp\/v2\/pages\/21264\/revisions\/22500"}],"wp:attachment":[{"href":"https:\/\/organumcirma.com\/en_GB\/wp-json\/wp\/v2\/media?parent=21264"}],"wp:term":[{"taxonomy":"yst_prominent_words","embeddable":true,"href":"https:\/\/organumcirma.com\/en_GB\/wp-json\/wp\/v2\/yst_prominent_words?post=21264"}],"curies":[{"name":"wp","href":"https:\/\/api.w.org\/{rel}","templated":true}]}}