{"id":21273,"date":"2023-05-04T15:10:50","date_gmt":"2023-05-04T13:10:50","guid":{"rendered":"http:\/\/test-servicesinformatik82.com\/?page_id=20625"},"modified":"2026-03-20T17:13:54","modified_gmt":"2026-03-20T16:13:54","slug":"diagonales-dete","status":"publish","type":"page","link":"https:\/\/organumcirma.com\/en_GB\/diagonales-dete\/","title":{"rendered":"Summer diagonals &#8211; from 17 july to 9 august"},"content":{"rendered":"\n<p>Chant Mozarabe du 15<sup>e<\/sup> si\u00e8cle et Missa in Nativitate Mariae (Marcel P\u00e9r\u00e8s)<\/p>\n\n\n\n<p>Cette ann\u00e9e, Marcel P\u00e9r\u00e8s propose d\u2019\u00e9tudier simultan\u00e9ment deux r\u00e9pertoires. Le matin sera consacr\u00e9 au chant mozarabe du 15<sup>e<\/sup> si\u00e8cle et l\u2019apr\u00e8s midi \u00e0 sa derni\u00e8re composition polyphonique, la Missa in Nativitate Mariae. Les deux r\u00e9pertoires se compl\u00e8tent. Le chant mozarabe du 15<sup>e<\/sup> si\u00e8cle concentre en lui l\u2019\u00e9cho de deux arcanes&nbsp;: celle issue du vieux fond hispanique du 7<sup>e<\/sup> si\u00e8cle et celle inocul\u00e9e par les chantres franco-flamands du 15<sup>e<\/sup> si\u00e8cle manifeste dans la monodie et la polyphonie.<\/p>\n\n\n\n<p>Marcel P\u00e9r\u00e8s a compos\u00e9 cette messe \u00e0 partir du plain chant qui appara\u00eet dans les livres de ch\u0153ur espagnols des 15<sup>e<\/sup> et 16<sup>e<\/sup> si\u00e8cles. Le plain-chant est trait\u00e9 selon la technique du <em>Cantus Fractus<\/em>, mani\u00e8re \u00e9l\u00e9gante d\u2019orner le plain chant dont l\u2019exemple le plus abouti se trouve justement dans les livres manuscrits de chant mozarabe de la fin du 15<sup>e<\/sup> si\u00e8cle. Ainsi les \u00e9tudiants pourront, dans un m\u00eame \u00e9lan, englober \u00e0 la fois le style monodique caract\u00e9ristique de l\u2019Espagne du <em>Siglo de Oro<\/em> et sa d\u00e9clinaison polyphonique au travers d\u2019une \u0153uvre sp\u00e9cialement con\u00e7ue dans cette perspective.<\/p>\n\n\n<div class=\"wp-block-image\">\n<figure class=\"aligncenter size-full\"><a href=\"http:\/\/organumcirma.com\/wp-content\/uploads\/2025\/01\/433523155_916580637137396_6314387017970305007_n.jpg\"><img loading=\"lazy\" decoding=\"async\" width=\"720\" height=\"540\" src=\"http:\/\/organumcirma.com\/wp-content\/uploads\/2025\/01\/433523155_916580637137396_6314387017970305007_n.jpg\" alt=\"\" class=\"wp-image-22063\" srcset=\"https:\/\/organumcirma.com\/wp-content\/uploads\/2025\/01\/433523155_916580637137396_6314387017970305007_n.jpg 720w, https:\/\/organumcirma.com\/wp-content\/uploads\/2025\/01\/433523155_916580637137396_6314387017970305007_n-300x225.jpg 300w\" sizes=\"auto, (max-width: 720px) 100vw, 720px\" \/><\/a><\/figure>\n<\/div>\n\n\n<p class=\"has-black-color has-text-color has-link-color wp-elements-431d76d5a5215df017c7b7df39c1d143\"><strong>Pour participer aux Diagonales d&#8217;\u00e9t\u00e9, 3 sessions de chant pour les adultes (\u00e0 partir de 15 ans) sont propos\u00e9es :&nbsp;<\/strong><\/p>\n\n\n\n<p class=\"has-black-color has-text-color has-link-color wp-elements-a02f1e372ca577bb60e9d814da22dd65\"><strong>17 \u2013 25 juillet : Stage de chant&nbsp; \u2013 Chant mozarabe et Missa in Nativitate Mariae (Marcel P\u00e9r\u00e8s), stage anim\u00e9 par&nbsp; Marcel P\u00e9r\u00e8s<\/strong> <br>D\u00e9but du stage le 17 juillet \u00e0 17h<br><em>Tarif du stage 250\u20ac + 30\u20ac adh\u00e9sion 202<\/em>6<\/p>\n\n\n\n<p><strong>Toledo<\/strong> &#8211; <strong>Chant mozarabe<\/strong><\/p>\n\n\n\n<p>Le chant mozarabe est l\u2019ancien chant liturgique des \u00e9glises de la p\u00e9ninsule ib\u00e9rique. Il fut form\u00e9 au d\u00e9but de l&#8217;\u00e9vang\u00e9lisation des provinces de l&#8217;<em>Hispania romana<\/em> et s&#8217;affirma sous le r\u00e8gne des Wisigoths (466-711) avec une forte influence des \u00e9glises d\u2019Afrique du Nord. Il continua \u00e0 \u00eatre pratiqu\u00e9 pendant la p\u00e9riode musulmane et c&#8217;est a cette \u00e9poque qu&#8217;il re\u00e7u la d\u00e9nomination de chant mozarabe, terme qui d\u00e9signait les chr\u00e9tiens qui avaient conserv\u00e9 leur foi tout en ayant adopt\u00e9 des modes de vie proches de la culture arabo-berb\u00e8re.<\/p>\n\n\n\n<p>\u00a0Les actions entreprises par les carolingiens au IXe si\u00e8cle pour implanter la liturgie romaine dans tout l&#8217;empire ne produisit aucun effet sur la P\u00e9ninsule Ib\u00e9rique, except\u00e9 sur les territoires de la <em>Marca Hispanica<\/em> au nord-est contr\u00f4l\u00e9s par Charlemagne. Toutefois, \u00e0 la fin du XIe si\u00e8cle, l&#8217;ouverture de la politique des rois de Castille au-del\u00e0 des Pyr\u00e9n\u00e9es modifia la volont\u00e9 des \u00e9v\u00eaques de maintenir la vieille tradition. C&#8217;est ainsi qu&#8217;en 1081, lors du concile convoqu\u00e9 \u00e0 Burgos par le roi Alphonse VI, ils d\u00e9cid\u00e8rent de remplacer l&#8217;antique chant hispanique par le chant gr\u00e9gorien. Sous l\u2019impulsion des moines de Cluny, et \u00e0 partir de Moissac, ce r\u00e9pertoire gr\u00e9gorien se r\u00e9pandit dans toute la p\u00e9ninsule dans un mouvement du nord vers le sud, au rythme de la reconqu\u00eate des territoires occup\u00e9s par les musulmans. Comme les musiciens de la fin du XIe si\u00e8cle utilisaient un syst\u00e8me de notation\u00a0 qui n&#8217;indiquait pas les intervalles et la tradition orale ayant progressivement disparu, les manuscrits musicaux de cette \u00e9poque sont pour nous d\u00e9sesp\u00e9r\u00e9ment muets.<\/p>\n\n\n\n<p>Cependant, quelques \u00e9glises, notamment \u00e0 Tol\u00e8de, avaient conserv\u00e9 ce chant en tradition orale. A la fin du XVe si\u00e8cle, il fut not\u00e9 gr\u00e2ce \u00e0 la clairvoyance du cardinal Cisneros. Celui-ci institutionnalisa le rite mozarabe en l&#8217;affectant \u00e0 une chapelle de la cath\u00e9drale, celle du <em>Corpus Christi<\/em>.<\/p>\n\n\n\n<p>Seulement trois manuscrits nous transmettent ce chant de Tol\u00e8de, deux pour la messe et un pour l\u2019office de v\u00eapres. Ils sont actuellement conserv\u00e9s dans la chapelle mozarabe de la cath\u00e9drale de Tol\u00e8de. La musique est traduite par une notation mensurale de la fin du XVe si\u00e8cle et donc parfaitement lisible quant au rythme et \u00e0 la m\u00e9lodie.<\/p>\n\n\n\n<p>Les manuscrits de Tol\u00e8de, t\u00e9moins de l\u2019\u00e9tat de la tradition orale \u00e0 la fin du XVe si\u00e8cle, pr\u00e9sentent une musique dont les contours m\u00e9lodiques semblent diff\u00e9rer de ceux des manuscrits du XIe si\u00e8cle. Cependant, des pi\u00e8ces visiblement tr\u00e8s marqu\u00e9es par l\u2019esth\u00e9tique du XVe si\u00e8cle, en c\u00f4toient d\u2019autres, directement issues du vieux fond, qui portent en elles l\u2019\u00e9cho de l\u2019antique chant des \u00e9glises d\u2019Afrique.<\/p>\n\n\n\n<p class=\"has-black-color has-text-color has-link-color wp-elements-cbdf3111df66d53ed9bd3aa2d04ac015\"><a href=\"https:\/\/www.helloasso.com\/associations\/association-organum\/collectes\/soutenez-l-ensemble-organum-2024\"><strong>19 \u2013 25 juillet : Stage de chant \u2013 Le Codex Calixtinus, 12<sup>e<\/sup>&nbsp;&nbsp;si\u00e8cle, stage anim\u00e9 par Fr\u00e9d\u00e9ric Tavernier<\/strong><\/a><br>D\u00e9but du stage le 19 juillet \u00e0 10h<a href=\"https:\/\/www.helloasso.com\/associations\/association-organum\/collectes\/soutenez-l-ensemble-organum-2024\"><br><em>Tarif du stage 180\u20ac + 30\u20ac adh\u00e9sion 202<\/em>6<\/a><\/p>\n\n\n\n<p class=\"has-black-color has-text-color has-link-color wp-elements-35db94b8dd051ef7918c6ae34fdb48e1\"><strong>5 \u2013 9 ao\u00fbt : Stage de chant \u2013 Hildegarde de Bingen, stage anim\u00e9 par Marcel P\u00e9r\u00e8s<\/strong><br>D\u00e9but du stage 5 ao\u00fbt 16h30<br><em>Tarif du stage 180\u20ac + 30\u20ac adh\u00e9sion 202<\/em>6 <\/p>\n\n\n\n<p class=\"has-text-color has-link-color wp-elements-c79442547f881214c0b7e840df1902b6\" style=\"color:#850f6c\"><strong>Inscription pour les stages par mail ou en r\u00e9glant directement en ligne sur notre boutique Hello Asso jusqu&#8217;\u00e0 la veille du stage : <a href=\"https:\/\/www.helloasso.com\/associations\/association-organum\/boutiques\/boutique\">https:\/\/www.helloasso.com\/associations\/association-organum\/boutiques\/boutique<\/a><\/strong><\/p>\n\n\n\n<figure class=\"wp-block-image size-full\"><a href=\"http:\/\/organumcirma.com\/wp-content\/uploads\/2015\/03\/MoissacCollectionGdsSitesMidiPyreneesCP_D.Viet_.jpg\"><img loading=\"lazy\" decoding=\"async\" width=\"800\" height=\"607\" src=\"http:\/\/organumcirma.com\/wp-content\/uploads\/2015\/03\/MoissacCollectionGdsSitesMidiPyreneesCP_D.Viet_.jpg\" alt=\"\u00a9D.Viet\" class=\"wp-image-15723\" srcset=\"https:\/\/organumcirma.com\/wp-content\/uploads\/2015\/03\/MoissacCollectionGdsSitesMidiPyreneesCP_D.Viet_.jpg 800w, https:\/\/organumcirma.com\/wp-content\/uploads\/2015\/03\/MoissacCollectionGdsSitesMidiPyreneesCP_D.Viet_-300x228.jpg 300w, https:\/\/organumcirma.com\/wp-content\/uploads\/2015\/03\/MoissacCollectionGdsSitesMidiPyreneesCP_D.Viet_-768x583.jpg 768w, https:\/\/organumcirma.com\/wp-content\/uploads\/2015\/03\/MoissacCollectionGdsSitesMidiPyreneesCP_D.Viet_-94x70.jpg 94w\" sizes=\"auto, (max-width: 800px) 100vw, 800px\" \/><\/a><figcaption class=\"wp-element-caption\">\u00a9D.Viet<\/figcaption><\/figure>\n\n\n\n<p class=\"has-text-color has-link-color has-medium-font-size wp-elements-42c9f8e49ddd05d4bb1de5cc6d772a6b\" style=\"color:#970686\"><strong>Programme complet des concerts et ouverture au public<\/strong><\/p>\n\n\n\n<p class=\"has-black-color has-text-color has-link-color has-medium-font-size wp-elements-fe5252931165bf4f14b7aa43f2e7cd87\"><strong>17 juillet 2026<\/strong> <strong>\u2013 Journ\u00e9e d\u2019introduction aux diagonales d\u2019\u00e9t\u00e9<\/strong><br>19h30 \u2013 20h45 &#8211; Yoga \u00e9gyptien + M\u00e9ditation &#8211;&nbsp;<strong>Clo\u00eetre<\/strong> \u2013 ouvert \u00e0 tout le monde 15\u20ac\/personne <em>(gratuit pour les stagiaires Organum)<\/em><br>21h \u2013 Concert orgue roman \u2013 10\u20ac\/personne&nbsp; ouvert \u00e0 tout le monde <em>(gratuit pour les stagiaires Organum)<\/em><\/p>\n\n\n\n<p class=\"has-text-color has-link-color has-small-font-size wp-elements-b4d1109530fd2103142ee66eee8000ca\" style=\"color:#852a6d\"><\/p>\n\n\n\n<p class=\"has-black-color has-text-color has-link-color has-medium-font-size wp-elements-f0f318faa985837954948517a431dab2\"><strong>23 juillet 2026 \u2013 Journ\u00e9e de l\u2019improvisation des musiques anciennes <\/strong><br><strong>6h <\/strong>: Orgue roman (11<sup>\u00e8me<\/sup> si\u00e8cle) &#8211; <strong>Abbatiale<\/strong> <em>&#8211; Participation libre<\/em><br><strong>8h <\/strong>: Orgue&nbsp; Cavaill\u00e9-Coll (19<sup>\u00e8me<\/sup> si\u00e8cle)- <strong>Abbatiale&nbsp;<\/strong><em>&#8211; Participation libre<\/em><br><strong>9h15 :&nbsp; <\/strong>Concert en cours d&#8217;organisation&nbsp; &#8211; Cr\u00e9ation mondiale &#8211;&nbsp;<strong>Clo\u00eetre<\/strong> <em>&#8211; Participation libre<\/em><br><strong>11H30 : <\/strong>Sonnerie du Carillon de l\u2019<strong>Abbatiale<\/strong><br><strong>12H12<\/strong> : Concert\u2014Orgues, violon, Alto, Ch\u0153ur du CIRMA&nbsp; &#8211; <strong>Abbatiale<\/strong> <em>&#8211; Participation libre<\/em><br><strong>19h19<\/strong> : Piano, Violon, Alto &#8211; <strong>Clo\u00eetre<\/strong> <em>&#8211; Participation libre<\/em><br><strong>22h30<\/strong> : Veill\u00e9e de la St Jacques avec l\u2019Ensemble Organum, le CIRMA<br>et tous les musiciens &#8211; Feu d\u2019artifice musical- <strong>Abbatiale&nbsp;<\/strong> &#8211;<em> Entr\u00e9e libre<\/em><\/p>\n\n\n\n<p class=\"has-text-color has-link-color has-small-font-size wp-elements-538180832ada70b76c757ab9f36dc2cf\" style=\"color:#881d78\"><\/p>\n\n\n\n<p class=\"has-black-color has-text-color has-link-color has-medium-font-size wp-elements-edd4b2fcba449a63e93ff73ab8ebbe0e\"><strong>24 juillet 2026 &#8211; Concerts <br>11h22<\/strong> : Sonnerie du Carillon de l\u2019Abbatiale <br><strong>12h12 <\/strong>: Concert Ecole Notre Dame&nbsp; <strong>&#8211; Abbatiale<\/strong> <em>\u2013 Tarif unique 10\u20ac<\/em><br><strong>20h30 <\/strong>: 1\u00e8res V\u00eapres&nbsp; de la Saint Jacques&nbsp; &#8211; (Codex calixtinus 12<sup>\u00e8me<\/sup> si\u00e8cle) &#8211; <strong>Abbatiale<\/strong> &#8211; <em>Participation libre<\/em><\/p>\n\n\n\n<p class=\"has-black-color has-text-color has-link-color has-medium-font-size wp-elements-99ef479ae62edab22fbf086fad145fd2\"><strong>Billetterie en ligne pour le yoga et les concerts<br><a href=\"https:\/\/www.helloasso.com\/associations\/association-organum\/boutiques\/boutique\">https:\/\/www.helloasso.com\/associations\/association-organum\/boutiques\/boutique<\/a><\/strong><br>&nbsp;<br><strong>Vendredi 25 juillet 2025  \u2013 F\u00eate de la Saint Jacques\u2014Abbatiale<\/strong><br><strong>08h<\/strong>&nbsp;: Orgue roman <em>&#8211; Participation libre<\/em><br><strong>8h30<\/strong>&nbsp;: Laudes de Saint-Jacques (Office) <em>&#8211; Entr\u00e9e libre Offices<\/em><br><strong>10h20 <\/strong>:&nbsp; Sonnerie du Carillon de l\u2019Abbatiale<br><strong>11h<\/strong> : Messe de la Saint Jacques&nbsp;\u2014 <strong>Abbatiale<\/strong> <em>&#8211; Entr\u00e9e libre Offices<\/em><br><strong>17h00 <\/strong>: Concert Orgue Cavaill\u00e9-Coll\u2014 <strong>Abbatiale<\/strong> <em>&#8211; Participation libre<\/em><br><strong>17h30<\/strong> : 2\u00e8me V\u00eapres de Saint-Jacques&nbsp;<em>&#8211; Entr\u00e9e libre Offices<\/em><\/p>\n\n\n\n<p class=\"has-black-color has-text-color has-link-color has-medium-font-size wp-elements-d4e399744d485ea19ac54e6b9ce1dcf3\"><strong>7 ao\u00fbt 2026 &#8211; Yoga et  Concert autour d&#8217;Hildegarde de Bingen<\/strong><\/p>\n\n\n\n<p class=\"has-black-color has-text-color has-link-color has-medium-font-size wp-elements-37ff3dc93c5a9183556f629ddeadea1e\"><strong>19h30 \u2013 20h45<\/strong> \u2013 <a href=\"https:\/\/organumcirma.com\/yoga-et-souffle\/\" target=\"_blank\" rel=\"noreferrer noopener\">Yoga \u00e9gyptien + M\u00e9ditation<\/a> &#8211;&nbsp;<strong>Clo\u00eetre<\/strong> \u2013 ouvert \u00e0 tout le monde 10\u20ac\/personne <em>(gratuit pour les stagiaires Organum)<\/em><br><strong>21h<\/strong> \u2013 Concert Orgue roman + chants Hildegarde \u2013 <strong>Abbatiale<\/strong> &#8211; Tarif unique 10\u20ac<\/p>\n\n\n\n<p class=\"has-black-color has-text-color has-link-color has-medium-font-size wp-elements-c921f35c149acb3fcdf883ba07be67ee\"><strong>9 ao\u00fbt<\/strong> <strong>2026<\/strong><br><strong>20H<\/strong> &#8211; Concert Hildegarde de Bingen &#8211; <br><br><strong><em>Inscriptions au 06 74 45 23 60 ou <a href=\"mailto:ensembleorganum@yahoo.fr\" rel=\"nofollow\">ensembleorganum@yahoo.fr<\/a><\/em><\/strong><\/p>\n\n\n\n<p class=\"has-text-color has-link-color wp-elements-90a072e999faaa0f8f345f154b7d7504\" style=\"color:#770e89\"><strong><br><br><\/strong><\/p>\n\n\n\n<p><\/p>\n","protected":false},"excerpt":{"rendered":"<p>Missa in Nativitate Virginis This year, Marcel P\u00e9r\u00e8s proposes to simultaneously study two repertoires. The morning will be devoted to the Mozarabic chant of the&hellip;<\/p>\n","protected":false},"author":4,"featured_media":0,"parent":0,"menu_order":0,"comment_status":"closed","ping_status":"closed","template":"","meta":{"_exactmetrics_skip_tracking":false,"_exactmetrics_sitenote_active":false,"_exactmetrics_sitenote_note":"","_exactmetrics_sitenote_category":0,"footnotes":""},"yst_prominent_words":[1295],"class_list":["post-21273","page","type-page","status-publish","hentry"],"_links":{"self":[{"href":"https:\/\/organumcirma.com\/en_GB\/wp-json\/wp\/v2\/pages\/21273","targetHints":{"allow":["GET"]}}],"collection":[{"href":"https:\/\/organumcirma.com\/en_GB\/wp-json\/wp\/v2\/pages"}],"about":[{"href":"https:\/\/organumcirma.com\/en_GB\/wp-json\/wp\/v2\/types\/page"}],"author":[{"embeddable":true,"href":"https:\/\/organumcirma.com\/en_GB\/wp-json\/wp\/v2\/users\/4"}],"replies":[{"embeddable":true,"href":"https:\/\/organumcirma.com\/en_GB\/wp-json\/wp\/v2\/comments?post=21273"}],"version-history":[{"count":116,"href":"https:\/\/organumcirma.com\/en_GB\/wp-json\/wp\/v2\/pages\/21273\/revisions"}],"predecessor-version":[{"id":22599,"href":"https:\/\/organumcirma.com\/en_GB\/wp-json\/wp\/v2\/pages\/21273\/revisions\/22599"}],"wp:attachment":[{"href":"https:\/\/organumcirma.com\/en_GB\/wp-json\/wp\/v2\/media?parent=21273"}],"wp:term":[{"taxonomy":"yst_prominent_words","embeddable":true,"href":"https:\/\/organumcirma.com\/en_GB\/wp-json\/wp\/v2\/yst_prominent_words?post=21273"}],"curies":[{"name":"wp","href":"https:\/\/api.w.org\/{rel}","templated":true}]}}