{"id":21274,"date":"2023-05-04T15:11:01","date_gmt":"2023-05-04T13:11:01","guid":{"rendered":"http:\/\/test-servicesinformatik82.com\/?page_id=20627"},"modified":"2025-11-19T16:05:44","modified_gmt":"2025-11-19T15:05:44","slug":"diagonales-dautomne","status":"publish","type":"page","link":"https:\/\/organumcirma.com\/en_GB\/diagonales-dautomne\/","title":{"rendered":"Automn Diagonals &#8211; From 21st october until 25th october 2025"},"content":{"rendered":"\n<p class=\"has-black-color has-text-color has-link-color wp-elements-847de2ea19df8fff15ab423d9935f414\">Les Diagonales concr\u00e9tisent, au printemps, \u00e0 l\u2019\u00e9t\u00e9 et \u00e0 l\u2019automne, cet autre type de rencontres musicales o\u00f9 chacun peut vivre \u00e0 son niveau un exp\u00e9rience personnelle au contact de nouveaux horizons qui transforment radicalement l\u2019id\u00e9e m\u00eame de festival.<\/p>\n\n\n<div class=\"wp-block-image\">\n<figure class=\"aligncenter size-full\"><img loading=\"lazy\" decoding=\"async\" width=\"800\" height=\"600\" src=\"http:\/\/organumcirma.com\/wp-content\/uploads\/2015\/03\/AbbatialeMoissacCP_PhMarchesi.jpg\" alt=\"\" class=\"wp-image-15717\" srcset=\"https:\/\/organumcirma.com\/wp-content\/uploads\/2015\/03\/AbbatialeMoissacCP_PhMarchesi.jpg 800w, https:\/\/organumcirma.com\/wp-content\/uploads\/2015\/03\/AbbatialeMoissacCP_PhMarchesi-300x225.jpg 300w, https:\/\/organumcirma.com\/wp-content\/uploads\/2015\/03\/AbbatialeMoissacCP_PhMarchesi-768x576.jpg 768w, https:\/\/organumcirma.com\/wp-content\/uploads\/2015\/03\/AbbatialeMoissacCP_PhMarchesi-94x70.jpg 94w, https:\/\/organumcirma.com\/wp-content\/uploads\/2015\/03\/AbbatialeMoissacCP_PhMarchesi-600x450.jpg 600w\" sizes=\"auto, (max-width: 800px) 100vw, 800px\" \/><\/figure>\n<\/div>\n\n\n<p class=\"has-black-color has-text-color has-link-color wp-elements-f9c499ec89d98b34d4b7efe94c0e1647\"><strong>Stage de chant :&nbsp;<\/strong><\/p>\n\n\n\n<ul class=\"wp-block-list\">\n<li class=\"has-black-color has-text-color has-link-color wp-elements-77ca15d16b4b58644ab0854c998ae762\"><strong>Les 72 versets \u00e0 Saint Martial d\u2019Ad\u00e9mar de Chabannes dirig\u00e9 par Marcel P\u00e9r\u00e8s<\/strong><\/li>\n<\/ul>\n\n\n\n<p class=\"has-black-color has-text-color has-link-color wp-elements-38f824558a97710efec857a64e23593d\">Ce chef-d&#8217;\u0153uvre compos\u00e9 il y a exactement 1000 ans n\u2019a jamais \u00e9t\u00e9 chant\u00e9. C\u2019est le plus ancien t\u00e9moin de polyphonie occidentale. Venez le d\u00e9couvrir et participer ainsi \u00e0 la grande \u00e9pop\u00e9e lyrique de l\u2019Ensemble Organum.<\/p>\n\n\n\n<p class=\"has-black-color has-text-color has-link-color wp-elements-66da414dbdaa841a0ef1225dc45d6043\">L&#8217;Aquitaine fut l&#8217;un des centres artistiques les plus f\u00e9conds des 11<sup>e<\/sup>&nbsp; et&nbsp; 12<sup>e<\/sup>&nbsp; si\u00e8cles. Point de rencontre privil\u00e9gi\u00e9 \u00e0 cause de sa position sur les chemins vers St. Jacques de Compostelle, on y cultiva la composition monodique et polyphonique ainsi que l&#8217;art de la po\u00e9sie liturgique qui constitue l&#8217;un des sommets de la po\u00e9sie latine m\u00e9di\u00e9vale. Au cours de cette session, seront \u00e9tudi\u00e9es des \u0153uvres issues de l\u2019un des grands centres monastiques de l\u2019\u00e9poque Saint Martial de Limoges, ainsi que l\u2019\u0153uvre monumentale de Ad\u00e9mar de Chabannes, les 72 versets de Saint Martial. Compos\u00e9e il y a mille ans, cette \u0153uvre a attendu jusqu\u2019\u00e0 maintenant pour \u00eatre chant\u00e9e. Il s\u2019agit d\u2019une immense fresque d\u00e9di\u00e9e \u00e0 Saint Martial compos\u00e9e sur un mode \u00e9pique comme l\u2019\u00e9taient les trag\u00e9dies antiques. Trois ch\u0153urs y dialoguent dans une forme polyphonique \u00e0 deux voix. Il s\u2019agit de la source la plus compl\u00e8te de ce que furent les polyphonies du 10<sup>e<\/sup>&nbsp; si\u00e8cle, issues des traditions carolingiennes que Ad\u00e9mar de Chabannes situait dans la filiation directe de l\u2019art polyphonique en usage \u00e0 Rome au 8<sup>\u00e8me<\/sup> si\u00e8cle. Ces musiques sont transmises au travers d\u2019une notation musicale sp\u00e9cifique appel\u00e9e notation aquitaine, dont nous explorerons les subtilit\u00e9s. Au travers de ces chants se r\u00e9v\u00e8le un univers sonore et spirituel, d\u00e9velopp\u00e9 \u00e0 la fin du premier mill\u00e9naire laissant la trace de son \u00e9nergie dans l\u2019architecture romane, \u00e9nergie qui attend depuis maintenant plus de huit si\u00e8cles de revenir illuminer le rivage du temps.<\/p>\n\n\n\n<p class=\"has-black-color has-text-color has-link-color wp-elements-5ffd9d2fa7f65263328b296dcdb37523\">Ce stage est ouvert \u00e0 tous et l\u2019enseignement oral y joue un r\u00f4le essentiel. Il permet d\u2019entendre et d\u2019assimiler les intervalles musicaux propres \u00e0 chaque mode, d\u2019entendre la rythmique musicale et la prosodie des textes po\u00e9tiques. Ils ont pu \u00eatre ressuscit\u00e9s en confrontant les manuscrits aux traditions vocales encore vivantes.<\/p>\n\n\n\n<p><strong><em>Tarif du stage 180\u20ac + 30\u20ac adh\u00e9sion 202<\/em><\/strong><\/p>\n\n\n\n<p class=\"has-black-color has-text-color has-link-color wp-elements-9196be92e12336890747ff9942fbbb1d\"><em><strong>Concert de fin de stage &#8211; Date Lieu et Horaire \u00e0 pr\u00e9ciser<br><\/strong><\/em><\/p>\n\n\n\n<hr class=\"wp-block-separator has-alpha-channel-opacity\"\/>\n\n\n\n<p><em><strong>Inscription au stage au 06 74 45 23 60 ou par mail ensembleorganum@yahoo.fr&nbsp;<\/strong><\/em><\/p>\n","protected":false},"excerpt":{"rendered":"<p>Les Diagonales materialize, in spring, summer and autumn, this other type of musical meetings where everyone can live at his own level a personal experience&hellip;<\/p>\n","protected":false},"author":4,"featured_media":0,"parent":0,"menu_order":0,"comment_status":"closed","ping_status":"closed","template":"","meta":{"_exactmetrics_skip_tracking":false,"_exactmetrics_sitenote_active":false,"_exactmetrics_sitenote_note":"","_exactmetrics_sitenote_category":0,"footnotes":""},"yst_prominent_words":[1117,1314,1306,1149,1434,287],"class_list":["post-21274","page","type-page","status-publish","hentry"],"_links":{"self":[{"href":"https:\/\/organumcirma.com\/en_GB\/wp-json\/wp\/v2\/pages\/21274","targetHints":{"allow":["GET"]}}],"collection":[{"href":"https:\/\/organumcirma.com\/en_GB\/wp-json\/wp\/v2\/pages"}],"about":[{"href":"https:\/\/organumcirma.com\/en_GB\/wp-json\/wp\/v2\/types\/page"}],"author":[{"embeddable":true,"href":"https:\/\/organumcirma.com\/en_GB\/wp-json\/wp\/v2\/users\/4"}],"replies":[{"embeddable":true,"href":"https:\/\/organumcirma.com\/en_GB\/wp-json\/wp\/v2\/comments?post=21274"}],"version-history":[{"count":36,"href":"https:\/\/organumcirma.com\/en_GB\/wp-json\/wp\/v2\/pages\/21274\/revisions"}],"predecessor-version":[{"id":22434,"href":"https:\/\/organumcirma.com\/en_GB\/wp-json\/wp\/v2\/pages\/21274\/revisions\/22434"}],"wp:attachment":[{"href":"https:\/\/organumcirma.com\/en_GB\/wp-json\/wp\/v2\/media?parent=21274"}],"wp:term":[{"taxonomy":"yst_prominent_words","embeddable":true,"href":"https:\/\/organumcirma.com\/en_GB\/wp-json\/wp\/v2\/yst_prominent_words?post=21274"}],"curies":[{"name":"wp","href":"https:\/\/api.w.org\/{rel}","templated":true}]}}