{"id":21276,"date":"2023-05-09T22:32:45","date_gmt":"2023-05-09T20:32:45","guid":{"rendered":"http:\/\/test-servicesinformatik82.com\/?page_id=20784"},"modified":"2025-01-09T20:25:35","modified_gmt":"2025-01-09T19:25:35","slug":"stage-de-chant-hildegarde-de-bingen","status":"publish","type":"page","link":"https:\/\/organumcirma.com\/en_GB\/stage-de-chant-hildegarde-de-bingen\/","title":{"rendered":"Stage de chant &#8220;Hildegarde de Bingen&#8221;"},"content":{"rendered":"\n<p class=\"has-black-color has-text-color has-link-color wp-elements-1ee646d34bf99cee713058b8c4102d98\"><span><strong style=\"font-style: italic;\">Dans le cadre des Diagonales de Printemps, nous proposerons 5 jours de pratique quotidienne de la musique d\u2019Hildegarde <\/strong><\/span><em><span><b>qui se <\/b><\/span><strong>concluront par<\/strong> <strong>2 concerts.<\/strong><\/em><\/p>\n\n\n\n<p class=\"has-black-color has-text-color has-link-color wp-elements-0a87c6cc910829ac62114e5f3ede096b\"><em><strong>Stage dirig\u00e9 par\u00a0Marcel P\u00e9r\u00e8s<\/strong><\/em><br><br><strong><em>Programme : <\/em><\/strong><\/p>\n\n\n\n<p class=\"has-black-color has-text-color has-link-color wp-elements-e0c1a348ce73e973bb815a2eff663dfa\">Hildegarde de Bingen (1098 \u2013 1179), docteur de l\u2019\u00c9glise depuis octobre 2012,&nbsp; personnage mythique dont la musique, les \u00e9crits et les visions occupent une place croissante dans l\u2019imaginaire collectif.<\/p>\n\n\n\n<p class=\"has-black-color has-text-color has-link-color wp-elements-44edb3cfa3c50d389741f9e06d8c131d\">Sainte, visionnaire, gu\u00e9risseuse, compositeur, tout semble avoir \u00e9t\u00e9 dit \u00e0 propos d\u2019Hildegarde de Bingen, pourtant beaucoup reste encore \u00e0 d\u00e9couvrir sur cette femme, ses \u00e9crits et sa musique. De plus, le 7 octobre 2012 elle fut proclam\u00e9e Docteur de l\u2019\u00c9glise, ce qui change profond\u00e9ment l\u2019approche que l\u2019on pourrait avoir de son \u0153uvre. Auparavant, elle apparaissait comme un personnage un peu bizarre, d\u2019autant plus que sa musique et ses \u00e9crits sur la m\u00e9decine avaient suscit\u00e9 un vif int\u00e9r\u00eat dans les milieux inscrits dans la mouvance \u00ab New Age \u00bb. Aujourd\u2019hui la situation est bien diff\u00e9rente, car sa vie, ses connaissances et\u2026sa musique r\u00e9v\u00e8lent un enseignement fondamental dans la connaissance de ce que l\u2019\u00c9glise peut transmettre.<\/p>\n\n\n\n<p class=\"has-black-color has-text-color has-link-color wp-elements-7582f3f535b85c7ce4ccdc303c518145\">Ainsi Hildegarde, 35\u00e8me docteur de l\u2019\u00c9glise, 4\u00e8me femme \u00e0 \u00eatre \u00e9lev\u00e9e \u00e0 cette distinction, apr\u00e8s Catherine de Sienne, Th\u00e9r\u00e8se d\u2019Avila et Th\u00e9r\u00e8se de Lisieux, est \u00e9galement le premier compositeur dont la musique est officiellement reconnue comme portant un enseignement majeur.<\/p>\n\n\n\n<p class=\"has-black-color has-text-color has-link-color wp-elements-58f604c6d812e52b75424656d971135f\">L\u00e0 r\u00e9side tout le merveilleux de cette histoire. Il aura fallu attendre neuf si\u00e8cles pour que Hildegarde r\u00e9v\u00e8le toute la puissance de son enseignement. Cette femme du XIIe si\u00e8cle a quelque chose de tr\u00e8s important \u00e0 transmettre au monde d\u2019aujourd\u2019hui.<\/p>\n\n\n\n<h4 class=\"wp-block-heading\"><strong>Une session&nbsp;d\u00e9di\u00e9e aux femmes<\/strong><\/h4>\n\n\n\n<p class=\"has-black-color has-text-color has-link-color wp-elements-4c0ff562dcc98808a9fece43a32cc6b3\">Cette session est ouverte \u00e0 tous ceux qui veulent d\u00e9couvrir ou approfondir la musique d\u2019Hildegarde, notamment dans sa dimension liturgique. Ces chants r\u00e9sonnent dans leur pl\u00e9nitude lorsqu\u2019ils sont chant\u00e9s par des femmes.&nbsp;<br>Cette session s\u2019adresse plus particuli\u00e8rement aux femmes, elle peut-\u00eatre suivie par des hommes qui souhaitent conna\u00eetre ce r\u00e9pertoire, cependant, ils ne devraient pas participer au concert de fin de stage.<\/p>\n\n\n\n<h4 class=\"wp-block-heading\"><strong>Du 5 au 9 ao\u00fbt 2025 &#8211; Moissac<\/strong><\/h4>\n\n\n\n<h4 class=\"wp-block-heading\"><em><strong>Frais p\u00e9dagogiques : 180 \u20ac + 30 \u20ac d\u2019adh\u00e9sion annuelle obligatoire \u00e0 l\u2019Association Organum<\/strong><\/em><\/h4>\n\n\n\n<p><strong>Ces frais p\u00e9dagogiques n\u2019incluent pas l\u2019h\u00e9bergement ni les repas. <\/strong><\/p>\n\n\n\n<p><mark style=\"background-color:#ffffff;color:#a102bf\" class=\"has-inline-color\"><strong><em>Vous inscrire par mail ou par t\u00e9l\u00e9phone<\/em><\/strong><br><strong>En nous envoyant un mail \u00e0&nbsp;<a href=\"mailto:ensembleorganum@yahoo.fr\">ensembleorganum@yahoo.fr<\/a><br>Par t\u00e9l\u00e9phone au 06 74 45 23 60 ou 05 63 95 02 91<\/strong><\/mark><\/p>\n","protected":false},"excerpt":{"rendered":"<p>Dans le cadre des Diagonales de Printemps, nous proposerons 5 jours de pratique quotidienne de la musique d\u2019Hildegarde qui se concluront par 2 concerts. Stage&hellip;<\/p>\n","protected":false},"author":4,"featured_media":0,"parent":0,"menu_order":0,"comment_status":"closed","ping_status":"closed","template":"","meta":{"_exactmetrics_skip_tracking":false,"_exactmetrics_sitenote_active":false,"_exactmetrics_sitenote_note":"","_exactmetrics_sitenote_category":0,"footnotes":""},"yst_prominent_words":[1108,399,1105,1102,1106,325,319,1107,1435,321,320,502,490,1104,1841,1011,287],"class_list":["post-21276","page","type-page","status-publish","hentry"],"_links":{"self":[{"href":"https:\/\/organumcirma.com\/en_GB\/wp-json\/wp\/v2\/pages\/21276","targetHints":{"allow":["GET"]}}],"collection":[{"href":"https:\/\/organumcirma.com\/en_GB\/wp-json\/wp\/v2\/pages"}],"about":[{"href":"https:\/\/organumcirma.com\/en_GB\/wp-json\/wp\/v2\/types\/page"}],"author":[{"embeddable":true,"href":"https:\/\/organumcirma.com\/en_GB\/wp-json\/wp\/v2\/users\/4"}],"replies":[{"embeddable":true,"href":"https:\/\/organumcirma.com\/en_GB\/wp-json\/wp\/v2\/comments?post=21276"}],"version-history":[{"count":1,"href":"https:\/\/organumcirma.com\/en_GB\/wp-json\/wp\/v2\/pages\/21276\/revisions"}],"predecessor-version":[{"id":21841,"href":"https:\/\/organumcirma.com\/en_GB\/wp-json\/wp\/v2\/pages\/21276\/revisions\/21841"}],"wp:attachment":[{"href":"https:\/\/organumcirma.com\/en_GB\/wp-json\/wp\/v2\/media?parent=21276"}],"wp:term":[{"taxonomy":"yst_prominent_words","embeddable":true,"href":"https:\/\/organumcirma.com\/en_GB\/wp-json\/wp\/v2\/yst_prominent_words?post=21276"}],"curies":[{"name":"wp","href":"https:\/\/api.w.org\/{rel}","templated":true}]}}