{"id":21278,"date":"2023-05-09T23:12:14","date_gmt":"2023-05-09T21:12:14","guid":{"rendered":"http:\/\/test-servicesinformatik82.com\/?page_id=20803"},"modified":"2026-03-05T17:57:36","modified_gmt":"2026-03-05T16:57:36","slug":"diagonales-de-printemps","status":"publish","type":"page","link":"https:\/\/organumcirma.com\/en_GB\/diagonales-de-printemps\/","title":{"rendered":"Diagonales de Printemps &#8211; 6 to 10 may 2025"},"content":{"rendered":"\n<figure class=\"wp-block-image size-full\"><a href=\"http:\/\/organumcirma.com\/wp-content\/uploads\/2015\/02\/Cantilena-romana-organum.jpg\"><img loading=\"lazy\" decoding=\"async\" width=\"720\" height=\"720\" src=\"http:\/\/organumcirma.com\/wp-content\/uploads\/2015\/02\/Cantilena-romana-organum.jpg\" alt=\"Cantilena Romana\" class=\"wp-image-14622\" srcset=\"https:\/\/organumcirma.com\/wp-content\/uploads\/2015\/02\/Cantilena-romana-organum.jpg 720w, https:\/\/organumcirma.com\/wp-content\/uploads\/2015\/02\/Cantilena-romana-organum-100x100.jpg 100w, https:\/\/organumcirma.com\/wp-content\/uploads\/2015\/02\/Cantilena-romana-organum-150x150.jpg 150w, https:\/\/organumcirma.com\/wp-content\/uploads\/2015\/02\/Cantilena-romana-organum-300x300.jpg 300w, https:\/\/organumcirma.com\/wp-content\/uploads\/2015\/02\/Cantilena-romana-organum-80x80.jpg 80w, https:\/\/organumcirma.com\/wp-content\/uploads\/2015\/02\/Cantilena-romana-organum-250x250.jpg 250w\" sizes=\"auto, (max-width: 720px) 100vw, 720px\" \/><\/a><\/figure>\n\n\n\n<p class=\"has-black-color has-text-color has-link-color wp-elements-eda0dc17fad1e6c23eed3db0cf506d75\">Le chant vieux romain occupe une position centrale dans l\u2019histoire de la musique religieuse. Il est la cl\u00e9 de vo\u00fbte qui donne sens, coh\u00e9rence et existence \u00e0 l\u2019\u00e9difice de ce qui devrait \u00eatre la conscience liturgique du Christianisme, et bien au\u00ad-del\u00e0. Car, en amont, il nous livre la cl\u00e9 de la filiation entre le chant du Temple de J\u00e9rusalem et l\u2019h\u00e9ritage de la musique grecque. En aval, il nous permet de suivre et de comprendre les tr\u00e9sors de la cantillation coranique. En dehors de certains cercles musicologiques extr\u00eamement restreints, ce r\u00e9pertoire est aujourd\u2019hui inconnu des musiciens, des eccl\u00e9siastiques et du public. Pourtant il nous livre la plus ancienne version de la musique gr\u00e9co-latine de l\u2019antiquit\u00e9 tardive et repr\u00e9sente le cha\u00eenon manquant entre le chant byzantin, le chant copte, le chant syriaque, la musique arabe et la musique occidentale.<\/p>\n\n\n\n<p class=\"has-black-color has-text-color has-link-color wp-elements-3fd5605d308fafc4fc1908027182ada9\">Jusqu\u2019au XIII<sup>e<\/sup> si\u00e8cle ce r\u00e9pertoire accompagnait \u00e0 Rome les liturgies pontificales. L\u2019installation de la papaut\u00e9 en Avignon lui fut fatale, et il tomba dans l\u2019oubli. Red\u00e9couvert au d\u00e9but du XX<sup>e<\/sup> si\u00e8cle, il n\u2019a toujours pas trouv\u00e9 la place essentielle qui devrait \u00eatre la sienne dans l\u2019imaginaire de l\u2019homme occidental et dans celui de toutes les civilisations qui d\u00e9coulent des m\u00eames origines s\u00e9mitiques et grecques.<\/p>\n\n\n\n<p class=\"has-black-color has-text-color has-link-color wp-elements-7a85b3218a6df5627af8eba835f21c30\"><strong>Programmation<\/strong> &#8211; Stage du 12 mai (d\u00e9but du stage 16h30) au 16 mai 2026 &#8211; <\/p>\n\n\n\n<ul class=\"wp-block-list\">\n<li class=\"has-black-color has-text-color has-link-color wp-elements-22d314ad202eb4c409c1254e9c4578a9\">Stage Le chant vieux romain dirig\u00e9 par Marcel P\u00e9r\u00e8s<br>Tarif stage 180\u20ac + Adh\u00e9sion obligatoire 30\u20ac  (valable du 1er janvier 2026 au 31 d\u00e9cembre 2026)<\/li>\n\n\n\n<li class=\"has-black-color has-text-color has-link-color wp-elements-222bb978de054bc0a3860eb6be64056e\"><strong>Concert de fin de stage \u2013<\/strong>&nbsp; Abbatiale de Moissac &#8211; 16 mai 2026 &#8211; 20h30  \u2013 Marcel P\u00e9r\u00e8s et le Choeur du CIRMA \u2013&nbsp;<em>Entr\u00e9e libre<\/em> au chapeau<\/li>\n<\/ul>\n\n\n\n<p><mark style=\"background-color:#ffffff;color:#a102bf\" class=\"has-inline-color\"><strong><em>Plus de renseignements<\/em><\/strong><br><strong>En nous envoyant un mail \u00e0\u00a0<a href=\"mailto:ensembleorganum@yahoo.fr\">ensembleorganum@yahoo.fr<\/a><br>Par t\u00e9l\u00e9phone au 06 74 45 23 60 <\/strong><\/mark><br><br><a href=\"https:\/\/www.helloasso.com\/associations\/association-organum\/boutiques\/boutique\"><mark style=\"background-color:rgba(0, 0, 0, 0)\" class=\"has-inline-color has-vivid-purple-color\"><strong>Inscription en ligne sur Hello Asso<\/strong><\/mark><\/a><br><\/p>\n","protected":false},"excerpt":{"rendered":"<p>Workshop: Old-Roman chant directed by Marcel P\u00e9r\u00e8s Concerts, Moissac Lauzerte\/Saint Nicolas de la Grave The old Roman chant occupies a central position in the history&hellip;<\/p>\n","protected":false},"author":4,"featured_media":0,"parent":0,"menu_order":0,"comment_status":"closed","ping_status":"closed","template":"","meta":{"_exactmetrics_skip_tracking":false,"_exactmetrics_sitenote_active":false,"_exactmetrics_sitenote_note":"","_exactmetrics_sitenote_category":0,"footnotes":""},"yst_prominent_words":[291,1759,1172,1981,350,269,502,295,290,287],"class_list":["post-21278","page","type-page","status-publish","hentry"],"_links":{"self":[{"href":"https:\/\/organumcirma.com\/en_GB\/wp-json\/wp\/v2\/pages\/21278","targetHints":{"allow":["GET"]}}],"collection":[{"href":"https:\/\/organumcirma.com\/en_GB\/wp-json\/wp\/v2\/pages"}],"about":[{"href":"https:\/\/organumcirma.com\/en_GB\/wp-json\/wp\/v2\/types\/page"}],"author":[{"embeddable":true,"href":"https:\/\/organumcirma.com\/en_GB\/wp-json\/wp\/v2\/users\/4"}],"replies":[{"embeddable":true,"href":"https:\/\/organumcirma.com\/en_GB\/wp-json\/wp\/v2\/comments?post=21278"}],"version-history":[{"count":38,"href":"https:\/\/organumcirma.com\/en_GB\/wp-json\/wp\/v2\/pages\/21278\/revisions"}],"predecessor-version":[{"id":22573,"href":"https:\/\/organumcirma.com\/en_GB\/wp-json\/wp\/v2\/pages\/21278\/revisions\/22573"}],"wp:attachment":[{"href":"https:\/\/organumcirma.com\/en_GB\/wp-json\/wp\/v2\/media?parent=21278"}],"wp:term":[{"taxonomy":"yst_prominent_words","embeddable":true,"href":"https:\/\/organumcirma.com\/en_GB\/wp-json\/wp\/v2\/yst_prominent_words?post=21278"}],"curies":[{"name":"wp","href":"https:\/\/api.w.org\/{rel}","templated":true}]}}