{"id":21283,"date":"2024-09-23T23:48:07","date_gmt":"2024-09-23T21:48:07","guid":{"rendered":"https:\/\/test-servicesinformatik82.com\/?page_id=21222"},"modified":"2025-11-26T18:04:35","modified_gmt":"2025-11-26T17:04:35","slug":"festivites-de-noel","status":"publish","type":"page","link":"https:\/\/organumcirma.com\/en_GB\/festivites-de-noel\/","title":{"rendered":"Christmas festivities &#8211; December 2025"},"content":{"rendered":"\n<p class=\"has-black-color has-text-color has-link-color has-medium-font-size wp-elements-3ff29d1f57a0b3234dfcde48b0f6d955\">Dans le cadre des&nbsp;<strong>Festivit\u00e9s de Noel<\/strong>, le CIRMA propose un stage de chant&#8230;<\/p>\n\n\n\n<div class=\"wp-block-media-text is-stacked-on-mobile\"><figure class=\"wp-block-media-text__media\"><img loading=\"lazy\" decoding=\"async\" width=\"576\" height=\"1024\" src=\"http:\/\/organumcirma.com\/wp-content\/uploads\/2025\/11\/PXL_20250725_205536562-576x1024.jpg\" alt=\"\" class=\"wp-image-22448 size-full\" srcset=\"https:\/\/organumcirma.com\/wp-content\/uploads\/2025\/11\/PXL_20250725_205536562-576x1024.jpg 576w, https:\/\/organumcirma.com\/wp-content\/uploads\/2025\/11\/PXL_20250725_205536562-169x300.jpg 169w, https:\/\/organumcirma.com\/wp-content\/uploads\/2025\/11\/PXL_20250725_205536562-768x1365.jpg 768w, https:\/\/organumcirma.com\/wp-content\/uploads\/2025\/11\/PXL_20250725_205536562-864x1536.jpg 864w, https:\/\/organumcirma.com\/wp-content\/uploads\/2025\/11\/PXL_20250725_205536562-1152x2048.jpg 1152w, https:\/\/organumcirma.com\/wp-content\/uploads\/2025\/11\/PXL_20250725_205536562-scaled.jpg 1440w\" sizes=\"auto, (max-width: 576px) 100vw, 576px\" \/><\/figure><div class=\"wp-block-media-text__content\">\n<p class=\"has-black-color has-text-color has-link-color wp-elements-42cc93bbbb60f508739c288f332e6d72\"><strong>Stage de chant :&nbsp;Que chantait-on \u00e0 Moissac, au long des si\u00e8cles qui scand\u00e8rent le deuxi\u00e8me mill\u00e9naire? dirig\u00e9 par Marcel P\u00e9r\u00e8s&nbsp; \u2013 Du 17 au 20 d\u00e9cembre 2025<\/strong><\/p>\n\n\n\n<p class=\"has-black-color has-text-color has-link-color wp-elements-a967b16546fff6771c12110ce1805933\">Stage de chant offert dans le cadre de Noel &#8230;.<em><strong>Adh\u00e9sion obligatoire et don facultatif<\/strong><\/em><\/p>\n\n\n\n<p class=\"has-black-color has-text-color has-link-color wp-elements-331f73bc3c964fbff9eb9407fda3a063\">L\u2019objectif de cet atelier de chant est de se familiariser avec divers chants de No\u00ebl qui marqu\u00e8rent les sensibilit\u00e9s, construisirent les imaginaires et conf\u00e9r\u00e8rent \u00e0 cette f\u00eate de la nativit\u00e9 une magie qui encore maintenant continue \u00e0 rayonner dans les c\u0153urs.<br>Cet atelier s\u2019adresse \u00e0 tous ceux qui ont envie de chanter, enfants et adultes, quel que soit votre niveau musical et souhaitent participer \u00e0 cette promenade m\u00e9morielle au long des si\u00e8cles.<\/p>\n\n\n\n<p class=\"has-black-color has-text-color has-link-color wp-elements-4e1baad9e7ee64738ad119dbb050563b\"><strong><em>Stage de chant ouvert \u00e0 tous &#8211; Du 17 d\u00e9cembre \u00e0 10h au 20 d\u00e9cembre 17h<\/em><\/strong><br><br><em><strong>Concert de fin de stage &#8211; Abbatiale de Moissac &#8211; 15h30 &#8211; Participation libre<\/strong><\/em><br><br><strong><em>Orgues &#8211; Chants <br>Cl\u00f4ture par la Sonnerie du carillon<\/em><\/strong><em><strong><br><\/strong><\/em><\/p>\n<\/div><\/div>\n\n\n\n<p class=\"has-black-color has-text-color has-link-color has-medium-font-size wp-elements-d9b5fb2b141dd747b229c8e1caf1d251\"><mark style=\"background-color:#ffffff;color:#a102bf\" class=\"has-inline-color\"><strong><em>Plus de renseignements : <\/em><\/strong><br><strong>En nous envoyant un mail \u00e0&nbsp;<a href=\"mailto:ensembleorganum@yahoo.fr\">ensembleorganum@yahoo.fr<\/a><br>Par t\u00e9l\u00e9phone au 06 74 45 23 60<\/strong><\/mark><\/p>\n","protected":false},"excerpt":{"rendered":"<p>As part of the Christmas festivities, CIRMA offers singing workshops and organ discovery&#8230; Singing workshop:&nbsp; The aim of this singing workshop is to get acquainted&hellip;<\/p>\n","protected":false},"author":4,"featured_media":0,"parent":0,"menu_order":0,"comment_status":"closed","ping_status":"closed","template":"","meta":{"_exactmetrics_skip_tracking":false,"_exactmetrics_sitenote_active":false,"_exactmetrics_sitenote_note":"","_exactmetrics_sitenote_category":0,"footnotes":""},"yst_prominent_words":[1442,291,1138,312,1434,287,1597],"class_list":["post-21283","page","type-page","status-publish","hentry"],"_links":{"self":[{"href":"https:\/\/organumcirma.com\/en_GB\/wp-json\/wp\/v2\/pages\/21283","targetHints":{"allow":["GET"]}}],"collection":[{"href":"https:\/\/organumcirma.com\/en_GB\/wp-json\/wp\/v2\/pages"}],"about":[{"href":"https:\/\/organumcirma.com\/en_GB\/wp-json\/wp\/v2\/types\/page"}],"author":[{"embeddable":true,"href":"https:\/\/organumcirma.com\/en_GB\/wp-json\/wp\/v2\/users\/4"}],"replies":[{"embeddable":true,"href":"https:\/\/organumcirma.com\/en_GB\/wp-json\/wp\/v2\/comments?post=21283"}],"version-history":[{"count":29,"href":"https:\/\/organumcirma.com\/en_GB\/wp-json\/wp\/v2\/pages\/21283\/revisions"}],"predecessor-version":[{"id":22483,"href":"https:\/\/organumcirma.com\/en_GB\/wp-json\/wp\/v2\/pages\/21283\/revisions\/22483"}],"wp:attachment":[{"href":"https:\/\/organumcirma.com\/en_GB\/wp-json\/wp\/v2\/media?parent=21283"}],"wp:term":[{"taxonomy":"yst_prominent_words","embeddable":true,"href":"https:\/\/organumcirma.com\/en_GB\/wp-json\/wp\/v2\/yst_prominent_words?post=21283"}],"curies":[{"name":"wp","href":"https:\/\/api.w.org\/{rel}","templated":true}]}}