{"id":21348,"date":"2024-09-27T12:45:57","date_gmt":"2024-09-27T11:45:57","guid":{"rendered":"https:\/\/organumcirma.com\/?page_id=21348"},"modified":"2025-08-04T01:23:55","modified_gmt":"2025-08-04T00:23:55","slug":"programmation-2025-2024","status":"publish","type":"page","link":"https:\/\/organumcirma.com\/en_GB\/programmation-2025-2024\/","title":{"rendered":"Program 2025\/2024"},"content":{"rendered":"\n<h5 class=\"wp-block-heading has-black-color has-text-color has-link-color has-medium-font-size wp-elements-f162e65dd39f962db716c094ec82865f\">Vous voulez nous programmer sur un festival, un \u00e9v\u00e8nement&#8230;n&#8217;h\u00e9sitez pas \u00e0 nous contacter <strong>ensembleorganum@yahoo.fr<\/strong><\/h5>\n\n\n\n<figure class=\"wp-block-gallery has-nested-images columns-4 is-cropped wp-block-gallery-1 is-layout-flex wp-block-gallery-is-layout-flex\">\n<figure class=\"wp-block-image size-large\"><a href=\"https:\/\/organumcirma.com\/wp-content\/uploads\/2025\/08\/flyer2025-1.jpg\" target=\"_blank\"><img loading=\"lazy\" decoding=\"async\" width=\"403\" height=\"846\" data-id=\"22204\" src=\"https:\/\/organumcirma.com\/wp-content\/uploads\/2025\/08\/flyer2025-1.jpg\" alt=\"\" class=\"wp-image-22204\" srcset=\"https:\/\/organumcirma.com\/wp-content\/uploads\/2025\/08\/flyer2025-1.jpg 403w, https:\/\/organumcirma.com\/wp-content\/uploads\/2025\/08\/flyer2025-1-143x300.jpg 143w\" sizes=\"auto, (max-width: 403px) 100vw, 403px\" \/><\/a><\/figure>\n\n\n\n<figure class=\"wp-block-image size-large\"><a href=\"https:\/\/organumcirma.com\/wp-content\/uploads\/2025\/08\/flyer2025-2.jpg\" target=\"_blank\"><img loading=\"lazy\" decoding=\"async\" width=\"398\" height=\"823\" data-id=\"22206\" src=\"https:\/\/organumcirma.com\/wp-content\/uploads\/2025\/08\/flyer2025-2.jpg\" alt=\"\" class=\"wp-image-22206\" srcset=\"https:\/\/organumcirma.com\/wp-content\/uploads\/2025\/08\/flyer2025-2.jpg 398w, https:\/\/organumcirma.com\/wp-content\/uploads\/2025\/08\/flyer2025-2-145x300.jpg 145w\" sizes=\"auto, (max-width: 398px) 100vw, 398px\" \/><\/a><\/figure>\n\n\n\n<figure class=\"wp-block-image size-large\"><a href=\"https:\/\/organumcirma.com\/wp-content\/uploads\/2025\/08\/flyer2025-3.jpg\" target=\"_blank\"><img loading=\"lazy\" decoding=\"async\" width=\"403\" height=\"841\" data-id=\"22207\" src=\"https:\/\/organumcirma.com\/wp-content\/uploads\/2025\/08\/flyer2025-3.jpg\" alt=\"\" class=\"wp-image-22207\" srcset=\"https:\/\/organumcirma.com\/wp-content\/uploads\/2025\/08\/flyer2025-3.jpg 403w, https:\/\/organumcirma.com\/wp-content\/uploads\/2025\/08\/flyer2025-3-144x300.jpg 144w\" sizes=\"auto, (max-width: 403px) 100vw, 403px\" \/><\/a><\/figure>\n\n\n\n<figure class=\"wp-block-image size-large\"><a href=\"https:\/\/organumcirma.com\/wp-content\/uploads\/2025\/08\/flyer2025-4.jpg\" target=\"_blank\"><img loading=\"lazy\" decoding=\"async\" width=\"401\" height=\"852\" data-id=\"22205\" src=\"https:\/\/organumcirma.com\/wp-content\/uploads\/2025\/08\/flyer2025-4.jpg\" alt=\"\" class=\"wp-image-22205\" srcset=\"https:\/\/organumcirma.com\/wp-content\/uploads\/2025\/08\/flyer2025-4.jpg 401w, https:\/\/organumcirma.com\/wp-content\/uploads\/2025\/08\/flyer2025-4-141x300.jpg 141w\" sizes=\"auto, (max-width: 401px) 100vw, 401px\" \/><\/a><\/figure>\n<\/figure>\n\n\n\n<p class=\"has-black-color has-text-color has-link-color has-medium-font-size wp-elements-60ea0c3ad29e890193726a92219fceda\"><em><strong><a href=\"http:\/\/organumcirma.com\/wp-content\/uploads\/2025\/08\/flyer-diag-ete_2025-4.pdf\" target=\"_blank\" rel=\"noreferrer noopener\">T\u00e9l\u00e9charger notre programmation compl\u00e8te en pdf <\/a><\/strong><\/em><\/p>\n\n\n\n<h5 class=\"wp-block-heading has-medium-font-size\"><strong>Janvier 2025<\/strong><\/h5>\n\n\n\n<div class=\"wp-block-media-text is-stacked-on-mobile\" style=\"grid-template-columns:30% auto\"><figure class=\"wp-block-media-text__media\"><img loading=\"lazy\" decoding=\"async\" width=\"800\" height=\"575\" src=\"http:\/\/organumcirma.com\/wp-content\/uploads\/2016\/09\/AutomneMP_Edito.jpg\" alt=\"\u00a9M.P\u00e9r\u00e8s\" class=\"wp-image-16144 size-full\" srcset=\"https:\/\/organumcirma.com\/wp-content\/uploads\/2016\/09\/AutomneMP_Edito.jpg 800w, https:\/\/organumcirma.com\/wp-content\/uploads\/2016\/09\/AutomneMP_Edito-300x216.jpg 300w, https:\/\/organumcirma.com\/wp-content\/uploads\/2016\/09\/AutomneMP_Edito-768x552.jpg 768w\" sizes=\"auto, (max-width: 800px) 100vw, 800px\" \/><\/figure><div class=\"wp-block-media-text__content\">\n<p class=\"has-black-color has-text-color has-link-color wp-elements-372597db504da41fe633f2ae4b2e02cc\"><strong>Du 24 au 26 janvier<\/strong><br><strong>Moissac &#8211; Occitanie<\/strong><br><strong>Stage de chant \u00ab Le souffle dans la musique m\u00e9di\u00e9vale\u00bb<\/strong><\/p>\n\n\n\n<p class=\"has-black-color has-text-color has-link-color wp-elements-78d9478b7ccb883f76d5bc51a722b052\"><a href=\"https:\/\/organumcirma.com\/stage-de-chant-le-souffle-dans-le-chant-medieval\/\"><strong>En savoir plus&#8230;<\/strong><\/a><\/p>\n<\/div><\/div>\n\n\n\n<hr class=\"wp-block-separator has-alpha-channel-opacity is-style-wide\"\/>\n\n\n\n<h5 class=\"wp-block-heading has-medium-font-size\"><strong>F\u00e9vrier 2025<\/strong><\/h5>\n\n\n\n<div class=\"wp-block-media-text is-stacked-on-mobile\" style=\"grid-template-columns:30% auto\"><figure class=\"wp-block-media-text__media\"><img loading=\"lazy\" decoding=\"async\" width=\"800\" height=\"533\" src=\"http:\/\/organumcirma.com\/wp-content\/uploads\/2016\/07\/CoucherSoleilFinistereCP_M.Peres_.jpg\" alt=\"\" class=\"wp-image-16013 size-full\" srcset=\"https:\/\/organumcirma.com\/wp-content\/uploads\/2016\/07\/CoucherSoleilFinistereCP_M.Peres_.jpg 800w, https:\/\/organumcirma.com\/wp-content\/uploads\/2016\/07\/CoucherSoleilFinistereCP_M.Peres_-300x200.jpg 300w, https:\/\/organumcirma.com\/wp-content\/uploads\/2016\/07\/CoucherSoleilFinistereCP_M.Peres_-768x512.jpg 768w\" sizes=\"auto, (max-width: 800px) 100vw, 800px\" \/><\/figure><div class=\"wp-block-media-text__content\">\n<p class=\"has-black-color has-text-color has-link-color wp-elements-24806af0de3bd5987c18c9265b702979\"><strong>Du 7 au 9 f\u00e9vrier<\/strong><br><strong>Moissac &#8211; Occitanie<\/strong><br><strong>Stage de chant \u00ab&nbsp;Le chant mozarabe&nbsp;\u00bb<\/strong><\/p>\n<\/div><\/div>\n\n\n\n<hr class=\"wp-block-separator has-alpha-channel-opacity\"\/>\n\n\n\n<div class=\"wp-block-media-text is-stacked-on-mobile\" style=\"grid-template-columns:30% auto\"><figure class=\"wp-block-media-text__media\"><img loading=\"lazy\" decoding=\"async\" width=\"800\" height=\"582\" src=\"http:\/\/organumcirma.com\/wp-content\/uploads\/2024\/09\/ecole-de-notre-dame.jpg\" alt=\"\" class=\"wp-image-21247 size-full\" srcset=\"https:\/\/organumcirma.com\/wp-content\/uploads\/2024\/09\/ecole-de-notre-dame.jpg 800w, https:\/\/organumcirma.com\/wp-content\/uploads\/2024\/09\/ecole-de-notre-dame-300x218.jpg 300w, https:\/\/organumcirma.com\/wp-content\/uploads\/2024\/09\/ecole-de-notre-dame-768x559.jpg 768w\" sizes=\"auto, (max-width: 800px) 100vw, 800px\" \/><\/figure><div class=\"wp-block-media-text__content\">\n<p class=\"has-black-color has-text-color has-link-color wp-elements-5843761a3af27c8570c7d52848b7c3bd\"><strong>Du 15 au 22 f\u00e9vrier 2025<\/strong><br><strong>Houston &#8211; Texas &#8211; USA<\/strong><br><strong>Concerts et stages &#8211; L&#8217;Ecole de notre Dame<\/strong><\/p>\n<\/div><\/div>\n\n\n\n<hr class=\"wp-block-separator has-alpha-channel-opacity is-style-wide\"\/>\n\n\n\n<h5 class=\"wp-block-heading has-medium-font-size\"><strong>Mars 2025<\/strong><\/h5>\n\n\n\n<div class=\"wp-block-media-text is-stacked-on-mobile\" style=\"grid-template-columns:30% auto\"><figure class=\"wp-block-media-text__media\"><img loading=\"lazy\" decoding=\"async\" width=\"1024\" height=\"683\" src=\"https:\/\/organumcirma.com\/wp-content\/uploads\/2024\/10\/1-ND-Cle-de-voute-copie-1024x683.jpg\" alt=\"\" class=\"wp-image-21609 size-full\" srcset=\"https:\/\/organumcirma.com\/wp-content\/uploads\/2024\/10\/1-ND-Cle-de-voute-copie-1024x683.jpg 1024w, https:\/\/organumcirma.com\/wp-content\/uploads\/2024\/10\/1-ND-Cle-de-voute-copie-300x200.jpg 300w, https:\/\/organumcirma.com\/wp-content\/uploads\/2024\/10\/1-ND-Cle-de-voute-copie-768x512.jpg 768w, https:\/\/organumcirma.com\/wp-content\/uploads\/2024\/10\/1-ND-Cle-de-voute-copie-1536x1024.jpg 1536w, https:\/\/organumcirma.com\/wp-content\/uploads\/2024\/10\/1-ND-Cle-de-voute-copie-2048x1365.jpg 2048w\" sizes=\"auto, (max-width: 1024px) 100vw, 1024px\" \/><\/figure><div class=\"wp-block-media-text__content\">\n<p class=\"has-black-color has-text-color has-link-color wp-elements-0d623f837cc2c1f26adc6d2bde0092a6\">4 mars \u00e0 20h30 <strong> \u2013 Cath\u00e9drale Notre Dame \u2013 Paris<\/strong><br><strong>Notre-Dame&nbsp;: La l\u00e9gende des si\u00e8cles<\/strong><br>Les racines et les semences de l\u2019\u00e9cole de Notre-Dame<br><br><strong><a href=\"https:\/\/organumcirma.com\/concert-notre-dame-la-legende-des-siecles\/\">En savoir plus&#8230;<\/a><\/strong><\/p>\n<\/div><\/div>\n\n\n\n<hr class=\"wp-block-separator has-alpha-channel-opacity\"\/>\n\n\n\n<div class=\"wp-block-media-text is-stacked-on-mobile\" style=\"grid-template-columns:30% auto\"><figure class=\"wp-block-media-text__media\"><img loading=\"lazy\" decoding=\"async\" width=\"800\" height=\"600\" src=\"http:\/\/organumcirma.com\/wp-content\/uploads\/2015\/03\/Diagonales-de-Printemps-2015-marcel-peres-orgue-roman.jpg\" alt=\"\" class=\"wp-image-14330 size-full\" srcset=\"https:\/\/organumcirma.com\/wp-content\/uploads\/2015\/03\/Diagonales-de-Printemps-2015-marcel-peres-orgue-roman.jpg 800w, https:\/\/organumcirma.com\/wp-content\/uploads\/2015\/03\/Diagonales-de-Printemps-2015-marcel-peres-orgue-roman-300x225.jpg 300w, https:\/\/organumcirma.com\/wp-content\/uploads\/2015\/03\/Diagonales-de-Printemps-2015-marcel-peres-orgue-roman-94x70.jpg 94w, https:\/\/organumcirma.com\/wp-content\/uploads\/2015\/03\/Diagonales-de-Printemps-2015-marcel-peres-orgue-roman-600x450.jpg 600w\" sizes=\"auto, (max-width: 800px) 100vw, 800px\" \/><\/figure><div class=\"wp-block-media-text__content\">\n<p class=\"has-black-color has-text-color has-link-color wp-elements-0b8cf5e0764ba73033ae94b63acaf4dd\"><strong>11 Mars 2025<\/strong><br><strong>Moissac &#8211; Occitanie<\/strong><br><strong>D\u00e9couverte p\u00e9dagogique du patrimoine musical de l&#8217;Abbatiale de Moissac en partenariat avec le service patrimoine par des coll\u00e8ges publics<\/strong><\/p>\n<\/div><\/div>\n\n\n\n<hr class=\"wp-block-separator has-alpha-channel-opacity\"\/>\n\n\n\n<div class=\"wp-block-media-text is-stacked-on-mobile\" style=\"grid-template-columns:30% auto\"><figure class=\"wp-block-media-text__media\"><img loading=\"lazy\" decoding=\"async\" width=\"800\" height=\"533\" src=\"http:\/\/organumcirma.com\/wp-content\/uploads\/2016\/07\/CoucherSoleilFinistereCP_M.Peres_.jpg\" alt=\"\" class=\"wp-image-16013 size-full\" srcset=\"https:\/\/organumcirma.com\/wp-content\/uploads\/2016\/07\/CoucherSoleilFinistereCP_M.Peres_.jpg 800w, https:\/\/organumcirma.com\/wp-content\/uploads\/2016\/07\/CoucherSoleilFinistereCP_M.Peres_-300x200.jpg 300w, https:\/\/organumcirma.com\/wp-content\/uploads\/2016\/07\/CoucherSoleilFinistereCP_M.Peres_-768x512.jpg 768w\" sizes=\"auto, (max-width: 800px) 100vw, 800px\" \/><\/figure><div class=\"wp-block-media-text__content\">\n<p class=\"has-black-color has-text-color has-link-color wp-elements-e3e927225c569d34e3e966257d08e4c8\"><strong>Du 14 au 16 mars<\/strong><br><strong>Moissac &#8211; Occitanie<\/strong><br><strong>Stage de chant \u00ab&nbsp;Le souffle dans la musique m\u00e9di\u00e9vale&nbsp;\u00bb<\/strong><\/p>\n\n\n\n<p><a href=\"https:\/\/organumcirma.com\/stage-de-chant-le-souffle-dans-le-chant-medieval\/\"><strong>En savoir plus&#8230;<\/strong><\/a><\/p>\n<\/div><\/div>\n\n\n\n<hr class=\"wp-block-separator has-alpha-channel-opacity is-style-wide\"\/>\n\n\n\n<h5 class=\"wp-block-heading has-medium-font-size\"><strong>Avril 2025<\/strong><\/h5>\n\n\n\n<div class=\"wp-block-media-text is-stacked-on-mobile\" style=\"grid-template-columns:30% auto\"><figure class=\"wp-block-media-text__media\"><img loading=\"lazy\" decoding=\"async\" width=\"819\" height=\"1024\" src=\"http:\/\/organumcirma.com\/wp-content\/uploads\/2025\/04\/489327403_1092336389600823_1139110867449613296_n-819x1024.jpg\" alt=\"\" class=\"wp-image-22118 size-full\" srcset=\"https:\/\/organumcirma.com\/wp-content\/uploads\/2025\/04\/489327403_1092336389600823_1139110867449613296_n-819x1024.jpg 819w, https:\/\/organumcirma.com\/wp-content\/uploads\/2025\/04\/489327403_1092336389600823_1139110867449613296_n-240x300.jpg 240w, https:\/\/organumcirma.com\/wp-content\/uploads\/2025\/04\/489327403_1092336389600823_1139110867449613296_n-768x960.jpg 768w, https:\/\/organumcirma.com\/wp-content\/uploads\/2025\/04\/489327403_1092336389600823_1139110867449613296_n.jpg 960w\" sizes=\"auto, (max-width: 819px) 100vw, 819px\" \/><\/figure><div class=\"wp-block-media-text__content\">\n<p class=\"has-black-color has-text-color has-link-color wp-elements-89f8d122f6bb4685bf924beddfd03ff5\"><strong>19 Avril 2025<\/strong><br><strong>Ucl\u00e8s &#8211; Espagne<\/strong><br><strong>Concert dans le cadre du Festival Lux in Tenebris<\/strong><\/p>\n\n\n\n<p><strong><a href=\"https:\/\/monasteriodeucles.es\/lux-in-tenebris-25\/\" data-type=\"link\" data-id=\"https:\/\/monasteriodeucles.es\/lux-in-tenebris-25\/\" target=\"_blank\" rel=\"noreferrer noopener\">En savoir plus&#8230;<\/a><\/strong><\/p>\n<\/div><\/div>\n\n\n\n<hr class=\"wp-block-separator has-alpha-channel-opacity is-style-wide\"\/>\n\n\n\n<h5 class=\"wp-block-heading has-medium-font-size\"><strong>Mai 2025<\/strong><\/h5>\n\n\n\n<div class=\"wp-block-media-text is-stacked-on-mobile\" style=\"grid-template-columns:30% auto\"><figure class=\"wp-block-media-text__media\"><img loading=\"lazy\" decoding=\"async\" width=\"800\" height=\"600\" src=\"http:\/\/organumcirma.com\/wp-content\/uploads\/2015\/03\/CollectionGrandssitesHauteDefCP_D.Viet_.jpg\" alt=\"\" class=\"wp-image-15722 size-full\" srcset=\"https:\/\/organumcirma.com\/wp-content\/uploads\/2015\/03\/CollectionGrandssitesHauteDefCP_D.Viet_.jpg 800w, https:\/\/organumcirma.com\/wp-content\/uploads\/2015\/03\/CollectionGrandssitesHauteDefCP_D.Viet_-300x225.jpg 300w, https:\/\/organumcirma.com\/wp-content\/uploads\/2015\/03\/CollectionGrandssitesHauteDefCP_D.Viet_-768x576.jpg 768w, https:\/\/organumcirma.com\/wp-content\/uploads\/2015\/03\/CollectionGrandssitesHauteDefCP_D.Viet_-94x70.jpg 94w, https:\/\/organumcirma.com\/wp-content\/uploads\/2015\/03\/CollectionGrandssitesHauteDefCP_D.Viet_-600x450.jpg 600w\" sizes=\"auto, (max-width: 800px) 100vw, 800px\" \/><\/figure><div class=\"wp-block-media-text__content\">\n<p class=\"has-black-color has-text-color has-link-color wp-elements-cf9fe8e46725d642967c5f9c2de24d93\"><strong><strong>Diagonales de printemps &#8211; Concert et atelier de chant<\/strong><\/strong><br><br><strong>Du 6 au 10 mai&nbsp;:<br>Stage de chant&nbsp;: Chant vieux-romain<br>Concerts Moissac &#8211; Lauzerte &#8211; Saint Nicolas de la Grave<\/strong><\/p>\n\n\n\n<p><a href=\"https:\/\/organumcirma.com\/diagonales-de-printemps\/\"><strong>En savoir plus&#8230;<\/strong><\/a><\/p>\n<\/div><\/div>\n\n\n\n<hr class=\"wp-block-separator has-alpha-channel-opacity\"\/>\n\n\n\n<div class=\"wp-block-media-text is-stacked-on-mobile\" style=\"grid-template-columns:30% auto\"><figure class=\"wp-block-media-text__media\"><img loading=\"lazy\" decoding=\"async\" width=\"600\" height=\"409\" src=\"http:\/\/organumcirma.com\/wp-content\/uploads\/2024\/09\/vatican.jpg\" alt=\"\" class=\"wp-image-21255 size-full\" srcset=\"https:\/\/organumcirma.com\/wp-content\/uploads\/2024\/09\/vatican.jpg 600w, https:\/\/organumcirma.com\/wp-content\/uploads\/2024\/09\/vatican-300x205.jpg 300w\" sizes=\"auto, (max-width: 600px) 100vw, 600px\" \/><\/figure><div class=\"wp-block-media-text__content\">\n<p class=\"has-black-color has-text-color has-link-color wp-elements-4f44772210e6b610ce61e7577efbc0a4\"><strong>Rome &#8211; Italie<\/strong><br><br><strong>16-17 mai 2025&nbsp;:<br>Rome &#8211; Dans le cadre de l&#8217;ann\u00e9e jubilaire, cr\u00e9ation mondiale par l&#8217;ensemble Organum d&#8217;une messe de Samir Amarouch<\/strong><\/p>\n\n\n\n<p><em>Report\u00e9 en Novembre 2025<\/em><\/p>\n<\/div><\/div>\n\n\n\n<hr class=\"wp-block-separator has-alpha-channel-opacity is-style-wide\"\/>\n\n\n\n<h4 class=\"wp-block-heading has-medium-font-size\"><strong>Juin 2025<\/strong><\/h4>\n\n\n\n<div class=\"wp-block-media-text is-stacked-on-mobile\" style=\"grid-template-columns:30% auto\"><figure class=\"wp-block-media-text__media\"><img loading=\"lazy\" decoding=\"async\" width=\"1024\" height=\"730\" src=\"http:\/\/organumcirma.com\/wp-content\/uploads\/2024\/10\/06-510843-1024x730.jpg\" alt=\"\" class=\"wp-image-21681 size-full\" srcset=\"https:\/\/organumcirma.com\/wp-content\/uploads\/2024\/10\/06-510843-1024x730.jpg 1024w, https:\/\/organumcirma.com\/wp-content\/uploads\/2024\/10\/06-510843-300x214.jpg 300w, https:\/\/organumcirma.com\/wp-content\/uploads\/2024\/10\/06-510843-768x548.jpg 768w, https:\/\/organumcirma.com\/wp-content\/uploads\/2024\/10\/06-510843-1536x1096.jpg 1536w, https:\/\/organumcirma.com\/wp-content\/uploads\/2024\/10\/06-510843-2048x1461.jpg 2048w\" sizes=\"auto, (max-width: 1024px) 100vw, 1024px\" \/><\/figure><div class=\"wp-block-media-text__content\">\n<p class=\"has-black-color has-text-color has-link-color wp-elements-c4b763d72fdf961b48306fcdcf256be3\"><strong>5 juin 2025 \u2013 Mus\u00e9e des Invalides \u2013 Concert Organum <\/strong><br><strong>Antiphonaire des invalides<\/strong><\/p>\n<\/div><\/div>\n\n\n\n<hr class=\"wp-block-separator has-alpha-channel-opacity is-style-wide\"\/>\n\n\n\n<h5 class=\"wp-block-heading has-medium-font-size\"><strong>Juillet 2025<\/strong>\/<strong>Ao\u00fbt 2025<\/strong><\/h5>\n\n\n\n<div class=\"wp-block-media-text is-stacked-on-mobile\" style=\"grid-template-columns:30% auto\"><figure class=\"wp-block-media-text__media\"><img loading=\"lazy\" decoding=\"async\" width=\"1024\" height=\"683\" src=\"http:\/\/organumcirma.com\/wp-content\/uploads\/2024\/03\/4-Moissac-Cloitre-scaled-1-1024x683.jpg\" alt=\"\" class=\"wp-image-21135 size-full\" srcset=\"https:\/\/organumcirma.com\/wp-content\/uploads\/2024\/03\/4-Moissac-Cloitre-scaled-1-1024x683.jpg 1024w, https:\/\/organumcirma.com\/wp-content\/uploads\/2024\/03\/4-Moissac-Cloitre-scaled-1-300x200.jpg 300w, https:\/\/organumcirma.com\/wp-content\/uploads\/2024\/03\/4-Moissac-Cloitre-scaled-1-768x512.jpg 768w, https:\/\/organumcirma.com\/wp-content\/uploads\/2024\/03\/4-Moissac-Cloitre-scaled-1-1536x1024.jpg 1536w, https:\/\/organumcirma.com\/wp-content\/uploads\/2024\/03\/4-Moissac-Cloitre-scaled-1-2048x1366.jpg 2048w\" sizes=\"auto, (max-width: 1024px) 100vw, 1024px\" \/><\/figure><div class=\"wp-block-media-text__content\">\n<p class=\"has-black-color has-text-color has-link-color wp-elements-5c291118178ac9def7f0a27139702b36\"><strong>Du 18 juillet au 9 aout 2025 &#8211; <strong>Diagonales d&#8217;\u00e9t\u00e9<\/strong><\/strong><\/p>\n\n\n\n<p class=\"has-black-color has-text-color has-link-color wp-elements-28a66e653fb2f2ca85b60c657b5f2584\"><strong>3 stages de chant&nbsp;:<br>&#8211; &#8220;Ecole de Notre Dame&#8221; du 18 au 25 juillet 2025<br>&#8211; &#8220;Codex Calixtinus&#8221; du 19 au  25 juillet 2025<br>&#8211; &#8220;Hildegarde de Bingen&#8221; du 5 au 9 ao\u00fbt 2025<\/strong><\/p>\n\n\n\n<p class=\"has-black-color has-text-color has-link-color wp-elements-0444f0065011c0fb62638562969371e7\"><br><\/p>\n<\/div><\/div>\n\n\n\n<hr class=\"wp-block-separator has-alpha-channel-opacity is-style-wide\"\/>\n\n\n\n<h5 class=\"wp-block-heading has-medium-font-size\"><strong>Octobre 2025<\/strong><\/h5>\n\n\n\n<div class=\"wp-block-media-text is-stacked-on-mobile\" style=\"grid-template-columns:30% auto\"><figure class=\"wp-block-media-text__media\"><img loading=\"lazy\" decoding=\"async\" width=\"798\" height=\"657\" src=\"http:\/\/organumcirma.com\/wp-content\/uploads\/2016\/09\/porteAbbatialeMoissac_CP_M.Grando.jpg\" alt=\"Porte Abbatiale Moissac\" class=\"wp-image-16111 size-full\" srcset=\"https:\/\/organumcirma.com\/wp-content\/uploads\/2016\/09\/porteAbbatialeMoissac_CP_M.Grando.jpg 798w, https:\/\/organumcirma.com\/wp-content\/uploads\/2016\/09\/porteAbbatialeMoissac_CP_M.Grando-300x247.jpg 300w, https:\/\/organumcirma.com\/wp-content\/uploads\/2016\/09\/porteAbbatialeMoissac_CP_M.Grando-768x632.jpg 768w\" sizes=\"auto, (max-width: 798px) 100vw, 798px\" \/><\/figure><div class=\"wp-block-media-text__content\">\n<p class=\"has-black-color has-text-color has-link-color wp-elements-5e6d4363bb1ef897968f241e8756434c\"><strong>Du 21 au 25 octobre 2025<br>Diagonales d&#8217;automne \u2013 MOISSAC \u2013 OCCITANIE<br>Stage de chant : <strong>Les 72 versets \u00e0 Saint Martial d\u2019Ad\u00e9mar de Chabannes dirig\u00e9 par Marcel P\u00e9r\u00e8s<\/strong><br><strong>Concert :25 octobre 2025  \u2013 Abbatial of Moissac<\/strong><\/strong><\/p>\n<\/div><\/div>\n\n\n\n<hr class=\"wp-block-separator has-alpha-channel-opacity is-style-wide\"\/>\n\n\n\n<h5 class=\"wp-block-heading has-medium-font-size\"><strong>Novembre 2025<\/strong><\/h5>\n\n\n\n<div class=\"wp-block-media-text is-stacked-on-mobile\" style=\"grid-template-columns:30% auto\"><figure class=\"wp-block-media-text__media\"><img loading=\"lazy\" decoding=\"async\" width=\"600\" height=\"409\" src=\"http:\/\/organumcirma.com\/wp-content\/uploads\/2024\/09\/vatican.jpg\" alt=\"\" class=\"wp-image-21255 size-full\" srcset=\"https:\/\/organumcirma.com\/wp-content\/uploads\/2024\/09\/vatican.jpg 600w, https:\/\/organumcirma.com\/wp-content\/uploads\/2024\/09\/vatican-300x205.jpg 300w\" sizes=\"auto, (max-width: 600px) 100vw, 600px\" \/><\/figure><div class=\"wp-block-media-text__content\">\n<p class=\"has-black-color has-text-color has-link-color wp-elements-3982f2a261146ace62c88eaf7d40220e\"><strong>Rome &#8211; Italie<\/strong><br><br><strong>Du 3 au 8 novembre 2025\u00a0:<br>Rome &#8211; Dans le cadre de l&#8217;ann\u00e9e jubilaire, cr\u00e9ation mondiale par l&#8217;ensemble Organum d&#8217;une messe de Samir Amarouch<\/strong><\/p>\n\n\n\n<p><em>Concert report\u00e9 de Mai \u00e0 Novembre 2025<\/em><\/p>\n<\/div><\/div>\n\n\n\n<hr class=\"wp-block-separator has-alpha-channel-opacity is-style-wide\"\/>\n\n\n\n<h3 class=\"wp-block-heading\"><strong>D\u00e9cembre 2025<\/strong><\/h3>\n\n\n\n<div class=\"wp-block-media-text is-stacked-on-mobile\" style=\"grid-template-columns:30% auto\"><figure class=\"wp-block-media-text__media\"><img loading=\"lazy\" decoding=\"async\" width=\"800\" height=\"531\" src=\"http:\/\/organumcirma.com\/wp-content\/uploads\/2015\/03\/6-IMG_8516.jpg\" alt=\"\" class=\"wp-image-15900 size-full\" srcset=\"https:\/\/organumcirma.com\/wp-content\/uploads\/2015\/03\/6-IMG_8516.jpg 800w, https:\/\/organumcirma.com\/wp-content\/uploads\/2015\/03\/6-IMG_8516-300x199.jpg 300w, https:\/\/organumcirma.com\/wp-content\/uploads\/2015\/03\/6-IMG_8516-768x510.jpg 768w\" sizes=\"auto, (max-width: 800px) 100vw, 800px\" \/><\/figure><div class=\"wp-block-media-text__content\">\n<p class=\"has-black-color has-text-color has-link-color wp-elements-8507afc99d2140254496ae214df13209\"><br><br><strong>Du 17 au 20 d\u00e9cembre 2025 \u2013 D\u00e9couverte du carillons, des orgues, concert durant les festivit\u00e9s de Noel \u2013 Moissac<\/strong><br><\/p>\n<\/div><\/div>\n\n\n\n<h5 class=\"wp-block-heading has-medium-font-size\"><\/h5>\n","protected":false},"excerpt":{"rendered":"<p>You want to schedule us on a festival, an event&#8230; do not hesitate to contact us at ensembleorganum@yahoo.fr January 2025 From 24 to 26 januaryMoissac&hellip;<\/p>\n","protected":false},"author":4,"featured_media":0,"parent":0,"menu_order":0,"comment_status":"closed","ping_status":"closed","template":"","meta":{"_exactmetrics_skip_tracking":false,"_exactmetrics_sitenote_active":false,"_exactmetrics_sitenote_note":"","_exactmetrics_sitenote_category":0,"footnotes":""},"yst_prominent_words":[1597],"class_list":["post-21348","page","type-page","status-publish","hentry"],"_links":{"self":[{"href":"https:\/\/organumcirma.com\/en_GB\/wp-json\/wp\/v2\/pages\/21348","targetHints":{"allow":["GET"]}}],"collection":[{"href":"https:\/\/organumcirma.com\/en_GB\/wp-json\/wp\/v2\/pages"}],"about":[{"href":"https:\/\/organumcirma.com\/en_GB\/wp-json\/wp\/v2\/types\/page"}],"author":[{"embeddable":true,"href":"https:\/\/organumcirma.com\/en_GB\/wp-json\/wp\/v2\/users\/4"}],"replies":[{"embeddable":true,"href":"https:\/\/organumcirma.com\/en_GB\/wp-json\/wp\/v2\/comments?post=21348"}],"version-history":[{"count":146,"href":"https:\/\/organumcirma.com\/en_GB\/wp-json\/wp\/v2\/pages\/21348\/revisions"}],"predecessor-version":[{"id":22217,"href":"https:\/\/organumcirma.com\/en_GB\/wp-json\/wp\/v2\/pages\/21348\/revisions\/22217"}],"wp:attachment":[{"href":"https:\/\/organumcirma.com\/en_GB\/wp-json\/wp\/v2\/media?parent=21348"}],"wp:term":[{"taxonomy":"yst_prominent_words","embeddable":true,"href":"https:\/\/organumcirma.com\/en_GB\/wp-json\/wp\/v2\/yst_prominent_words?post=21348"}],"curies":[{"name":"wp","href":"https:\/\/api.w.org\/{rel}","templated":true}]}}