{"id":21350,"date":"2024-09-27T12:47:33","date_gmt":"2024-09-27T11:47:33","guid":{"rendered":"https:\/\/organumcirma.com\/?page_id=21350"},"modified":"2024-10-02T13:52:11","modified_gmt":"2024-10-02T12:52:11","slug":"programmation-2024-2023","status":"publish","type":"page","link":"https:\/\/organumcirma.com\/en_GB\/programmation-2024-2023\/","title":{"rendered":"Program 2024\/2023"},"content":{"rendered":"\n<h5 class=\"wp-block-heading has-small-font-size\"><strong>Vous souhaitez nous programmer sur un concert, un festival\u2026n\u2019h\u00e9sitez pas \u00e0 nous contacter \u00e0 ensembleorganum@yahoo.fr<\/strong><\/h5>\n\n\n\n<hr class=\"wp-block-separator has-alpha-channel-opacity is-style-wide\"\/>\n\n\n\n<h5 class=\"wp-block-heading has-medium-font-size\"><\/h5>\n\n\n\n<p><strong>D\u00e9cembre 2024<\/strong><\/p>\n\n\n\n<p><strong>Samedi 21<\/strong>\u00a0<strong>D\u00e9cembre 2024<\/strong>\u00a0\u2013 Concerts dans le cadre des festivit\u00e9s de Noel \u2013 MOISSAC \u2013 OCCITANIE<br>16h \u2013 D\u00e9couverte des orgues et des cloches de Moissac \u2013 Abbatiale de Moissac<br>17h \u2013 Concert \u2013 A No\u00ebl, que chantait-on \u00e0 Moissac, au long des si\u00e8cles qui scand\u00e8rent le deuxi\u00e8me mill\u00e9naire?<\/p>\n\n\n\n<p><strong>Novembre 2024<\/strong><\/p>\n\n\n\n<p>Abbaye de Noirlac \u2013 Enregistrement Disque Hildegarde de Bingen<\/p>\n\n\n\n<p><strong>Octobre 2024<\/strong><\/p>\n\n\n\n<p><strong>Du 29 octobre au 2 novembre 2024 \u2013 Festival \u00ab&nbsp;Les Diagonales d\u2019automne&nbsp;\u00bb \u2013 MOISSAC \u2013 OCCITANIE<\/strong><br>Stage de chant : Les 72 versets \u00e0 Saint Martial d\u2019Ademar de Chabannes<br>Concert de fin de stage : 2 Novembre 2024 \u00e0 16h \u2013 Abbatiale de Moissac<\/p>\n\n\n\n<p><strong>Ao\u00fbt 2024<\/strong><\/p>\n\n\n\n<p><strong>6-10 ao\u00fbt 2024 \u2013 Festival \u00ab&nbsp;Les Diagonales d\u2019\u00e9t\u00e9&nbsp;\u00bb \u2013 MOISSAC \u2013 LECTOURE \u2013 OCCITANIE<\/strong><br>Stage \u00ab&nbsp;Les laudes \u00e0 Marie \u2013 Hildegarde de Bingen&nbsp;\u00bb<br>2 concerts :<br>9 aout 2024 \u2013 Abbatiale de Moissac<br>10 ao\u00fbt 2024 \u2013 Eglise du Saint Esprit \u2013 Lectoure<\/p>\n\n\n\n<p><strong>Juillet 2024<\/strong><\/p>\n\n\n\n<p><strong>18\u201325 juillet 2024<\/strong>&nbsp;\u2013&nbsp;<strong>Festival \u00ab&nbsp;Les Diagonales d\u2019\u00e9t\u00e9&nbsp;\u00bb \u2013&nbsp;<\/strong>MOISSAC \u2013 OCCITANIE<br>10 Concerts, 2 stages de chants\u2026.<br>18-25 juillet 2024 \u2013&nbsp;<a href=\"http:\/\/test-servicesinformatik82.com\/stage-de-chant-hildegarde-de-bingen\/\">Stage de chant \u00ab&nbsp;<\/a>La messe de Guillaume de Machaut<a href=\"http:\/\/test-servicesinformatik82.com\/stage-de-chant-hildegarde-de-bingen\/\">&nbsp;\u00bb<\/a>&nbsp;anim\u00e9 par Marcel P\u00e9r\u00e8s \u2013 MOISSAC<br>19-25 juillet 2024 \u2013&nbsp;<a href=\"http:\/\/test-servicesinformatik82.com\/stage-de-chant-hildegarde-de-bingen\/\">Stage de chant \u00ab&nbsp;<\/a>Codex calixtinus<a href=\"http:\/\/test-servicesinformatik82.com\/stage-de-chant-hildegarde-de-bingen\/\">\u00bb<\/a>&nbsp;anim\u00e9 par Fr\u00e9d\u00e9ric Tavernier \u2013 MOISSAC<br>24 juillet 2024 \u2013 Journ\u00e9e de l\u2019improvisation \u2013 Abbatiale et Clo\u00eetre de MOISSAC \u2013 de 6h \u00e0 23h<br>25 juillet 2024 \u2013 F\u00eate de la Saint Jacques \u2013 Moissac<\/p>\n\n\n\n<p><strong>Mai 2024<\/strong><\/p>\n\n\n\n<p><strong>29 avril \u2013 5 mai 2024<\/strong><br><strong>R\u00e9sidence \u00ab&nbsp;Hildegarde de Bingen&nbsp;\u00bb \u2013 Abbaye de Noirlac<\/strong><br><br><strong>7-11 mai 2024<\/strong><br><strong>Festival \u00ab&nbsp;<a href=\"http:\/\/test-servicesinformatik82.com\/diagonales-de-printemps-hildegarde-de-bingen\/\">Les Diagonales de Printemps<\/a>&nbsp;\u2013 Th\u00e9matique : Le chant vieux romain \u2013 MOISSAC \u2013 OCCITANIE<\/strong><br>7-11 mai 2024 \u2013&nbsp;<a href=\"http:\/\/test-servicesinformatik82.com\/stage-de-chant-hildegarde-de-bingen\/\">Stage de chant \u00ab&nbsp;<\/a>Le chant vieux romain<a href=\"http:\/\/test-servicesinformatik82.com\/stage-de-chant-hildegarde-de-bingen\/\">&nbsp;\u00bb<\/a>&nbsp;anim\u00e9 par Marcel P\u00e9r\u00e8s \u2013 MOISSAC<br>10 mai 2024 \u2013 Conf\u00e9rence suivie d\u2019un concert de fin de Stage \u2013 Auvillar<br>11 mai 2024 \u2013&nbsp;<a href=\"http:\/\/test-servicesinformatik82.com\/concerts-la-musique-dhildegarde-de-bingen\/\">Concert \u00ab&nbsp;<\/a>Le chant vieux-romain&nbsp;\u00bb \u2013 Abbatiale de MOISSAC \u2013 19h<\/p>\n\n\n\n<p><strong>Avril 2024<\/strong><\/p>\n\n\n\n<p><strong>21-23 avril 2024<\/strong><br>Stage 4 \u00ab&nbsp;Le souffle dans le chant m\u00e9di\u00e9val, de l\u2019antiquit\u00e9 tardive \u00e0 Hildegarde de Bingen&nbsp;\u00bb \u2013 MOISSAC<\/p>\n\n\n\n<p><strong>Mars 2024<\/strong><\/p>\n\n\n\n<p><strong>22-24 mars 2024<\/strong><br>Stage 3 \u00ab&nbsp;Le souffle dans le chant m\u00e9di\u00e9val, de l\u2019antiquit\u00e9 tardive \u00e0 Hildegarde de Bingen&nbsp;\u00bb \u2013 MOISSAC<\/p>\n\n\n\n<p><strong>F\u00e9vrier 202<\/strong>4<\/p>\n\n\n\n<p><strong>23-25 f\u00e9vrier 2024<\/strong><br>Stage 2 \u00ab&nbsp;Le souffle dans le chant m\u00e9di\u00e9val, de l\u2019antiquit\u00e9 tardive \u00e0 Hildegarde de Bingen&nbsp;\u00bb \u2013 MOISSAC<\/p>\n\n\n\n<p><strong>Janvier 2024<\/strong><\/p>\n\n\n\n<p><strong>26-28 janvier 2024<\/strong><br>Stage 1 \u00ab&nbsp;Le souffle dans le chant m\u00e9di\u00e9val, de l\u2019antiquit\u00e9 tardive \u00e0 Hildegarde de Bingen&nbsp;\u00bb \u2013 MOISSAC<\/p>\n\n\n\n<hr class=\"wp-block-separator has-alpha-channel-opacity is-style-wide\"\/>\n\n\n\n<p><strong>Janvier 2023<\/strong><\/p>\n\n\n\n<p><strong>14-15 janvier 2023<\/strong><br>Stage 1 \u00ab&nbsp;Le souffle dans le chant m\u00e9di\u00e9val, de l\u2019antiquit\u00e9 tardive \u00e0 Hildegarde de Bingen&nbsp;\u00bb \u2013 MOISSAC<\/p>\n\n\n\n<p><strong>F\u00e9vrier 2023<\/strong><\/p>\n\n\n\n<p><strong>3-4-5 f\u00e9vrier 2023<\/strong><br>Stage 2 \u00ab&nbsp;Le souffle dans le chant m\u00e9di\u00e9val, de l\u2019antiquit\u00e9 tardive \u00e0 Hildegarde de Bingen&nbsp;\u00bb \u2013 MOISSAC<\/p>\n\n\n\n<p><strong>10 f\u00e9vrier 2023<\/strong><br>Concert les Offices de sainte Foy de Conques \u2013 STANFORD (USA)<\/p>\n\n\n\n<p><strong>Mars 2023<\/strong><\/p>\n\n\n\n<p><strong>17-18-19 mars 2023<\/strong><br>Stage 3 \u00ab&nbsp;Le souffle dans le chant m\u00e9di\u00e9val, de l\u2019antiquit\u00e9 tardive \u00e0 Hildegarde de Bingen&nbsp;\u00bb \u2013 MOISSAC<\/p>\n\n\n\n<p><strong>20 mars 2023<\/strong><br>Intervention p\u00e9dagogique \u00ab Les secrets de la musique du Moyen-\u00c2ge \u00bb&nbsp; \u2013 MOISSAC<\/p>\n\n\n\n<p><strong>Avril 2023<\/strong><\/p>\n\n\n\n<p><strong>21-22-23 avril 2023<\/strong><br>Stage 4 \u00ab&nbsp;Le souffle dans le chant m\u00e9di\u00e9val, de l\u2019antiquit\u00e9 tardive \u00e0 Hildegarde de Bingen&nbsp;\u00bb \u2013 MOISSAC<\/p>\n\n\n\n<p><strong>Mai 2023<\/strong><\/p>\n\n\n\n<p><strong>17-21 mai 2023<\/strong><br><strong>Festival \u00ab&nbsp;<a href=\"http:\/\/test-servicesinformatik82.com\/diagonales-de-printemps-hildegarde-de-bingen\/\">Les Diagonales de Printemps<\/a>&nbsp;\u2013 Journ\u00e9es d\u2019\u00e9tude : Acoustique, chant et conscience dans la musique d\u2019Hildegarde&nbsp;\u00bb \u2013 MOISSAC<\/strong>&nbsp;\u2013 OCCITANIE<br>17-21 mai 2023 \u2013&nbsp;<a href=\"http:\/\/test-servicesinformatik82.com\/stage-de-chant-hildegarde-de-bingen\/\">Stage de chant \u00ab&nbsp;La symphonie des Harmonies C\u00e9lestes \u00bb<\/a>&nbsp;\u2013 MOISSAC<br>20 mai 2023 \u2013&nbsp;<a href=\"http:\/\/test-servicesinformatik82.com\/concerts-la-musique-dhildegarde-de-bingen\/\">Concert \u00ab&nbsp;La musique d\u2019Hildegarde de Bingen&nbsp;\u00bb (1\u00e8re partie)<\/a>&nbsp;\u2013 Chapelle de l\u2019Ancien Carmel \u00e0 MOISSAC<br>21 mai 2023 \u2013&nbsp;<a href=\"http:\/\/test-servicesinformatik82.com\/concerts-la-musique-dhildegarde-de-bingen\/\">Concert \u00ab&nbsp;La musique d\u2019Hildegarde de Bingen&nbsp;\u00bb (2\u00e8me partie) \u2013&nbsp;<\/a>Abbatiale de MOISSAC<\/p>\n\n\n\n<p><strong>27 mai 2023<\/strong>&nbsp;\u2013&nbsp;<a href=\"http:\/\/test-servicesinformatik82.com\/concert-la-musique-dhildegarde-de-bingen\/\"><strong>Concert \u00ab&nbsp;La messe de la Pentec\u00f4te dans la tradition romaine (VIIe au XIIIe si\u00e8cle)&nbsp;\u00bb<\/strong><\/a><br>Monast\u00e8re de Bakonyb\u00e9l \u2013 HONGRIE<\/p>\n\n\n\n<p><strong>Juillet 2023<\/strong><\/p>\n\n\n\n<p><strong>16\u201325 juillet 2023<\/strong>&nbsp;\u2013&nbsp;<strong>Festival \u00ab&nbsp;Les Diagonales d\u2019\u00e9t\u00e9&nbsp;\u00bb \u2013&nbsp;<\/strong>MOISSAC \u2013 OCCITANIE<br>10 Concerts, 2 stages de chants\u2026.<\/p>\n\n\n\n<p><strong>Septembre 2023<\/strong><\/p>\n\n\n\n<p><strong>30 septembre 2023<\/strong>&nbsp;\u2013 Concert \u00ab&nbsp;Le chant des templiers \u00bb \u2013 LES POUILLES \u2013 ITALIE<\/p>\n\n\n\n<p><strong>Octobre 2023<\/strong><\/p>\n\n\n\n<p><strong>07 octobre 2023<\/strong>&nbsp;\u2013 Concert \u00ab&nbsp;Chant corse avec Orgue altern\u00e9e&nbsp;\u00bb \u2013 Cath\u00e9drale Saint Etienne \u2013 TOULOUSE \u2013 OCCITANIE<\/p>\n\n\n\n<p><strong>13 octobre 2023<\/strong>&nbsp;\u2013 Concert \u00ab&nbsp;Le chant des templiers&nbsp;\u00bb \u2013 POZNAN \u2013 POLOGNE<\/p>\n\n\n\n<p><strong>28\u201329 octobre 2023<\/strong>&nbsp;\u2013 Festival \u00ab&nbsp;Les Diagonales d\u2019automne&nbsp;\u00bb \u2013 MOISSAC \u2013 OCCITANIE<br>3 concerts, 3 stages\u2026<\/p>\n\n\n\n<p><strong>Novembre 2023<\/strong><\/p>\n\n\n\n<p><strong>18 novembre 2023<\/strong>&nbsp;\u2013 Concert \u00ab&nbsp;J\u00e9rusalem c\u00e9leste&nbsp;\u00bb \u2013 Mus\u00e9e de Cluny \u2013 PARIS<\/p>\n\n\n\n<p><\/p>\n","protected":false},"excerpt":{"rendered":"<p>You want to schedule us on a concert, a festival&#8230; do not hesitate to contact us at ensembleorganum@yahoo.fr December 2024 Samedi 21&nbsp;D\u00e9cembre 2024&nbsp;\u2013 Concerts dans&hellip;<\/p>\n","protected":false},"author":4,"featured_media":0,"parent":0,"menu_order":0,"comment_status":"closed","ping_status":"closed","template":"","meta":{"_exactmetrics_skip_tracking":false,"_exactmetrics_sitenote_active":false,"_exactmetrics_sitenote_note":"","_exactmetrics_sitenote_category":0,"footnotes":""},"yst_prominent_words":[367],"class_list":["post-21350","page","type-page","status-publish","hentry"],"_links":{"self":[{"href":"https:\/\/organumcirma.com\/en_GB\/wp-json\/wp\/v2\/pages\/21350","targetHints":{"allow":["GET"]}}],"collection":[{"href":"https:\/\/organumcirma.com\/en_GB\/wp-json\/wp\/v2\/pages"}],"about":[{"href":"https:\/\/organumcirma.com\/en_GB\/wp-json\/wp\/v2\/types\/page"}],"author":[{"embeddable":true,"href":"https:\/\/organumcirma.com\/en_GB\/wp-json\/wp\/v2\/users\/4"}],"replies":[{"embeddable":true,"href":"https:\/\/organumcirma.com\/en_GB\/wp-json\/wp\/v2\/comments?post=21350"}],"version-history":[{"count":5,"href":"https:\/\/organumcirma.com\/en_GB\/wp-json\/wp\/v2\/pages\/21350\/revisions"}],"predecessor-version":[{"id":21604,"href":"https:\/\/organumcirma.com\/en_GB\/wp-json\/wp\/v2\/pages\/21350\/revisions\/21604"}],"wp:attachment":[{"href":"https:\/\/organumcirma.com\/en_GB\/wp-json\/wp\/v2\/media?parent=21350"}],"wp:term":[{"taxonomy":"yst_prominent_words","embeddable":true,"href":"https:\/\/organumcirma.com\/en_GB\/wp-json\/wp\/v2\/yst_prominent_words?post=21350"}],"curies":[{"name":"wp","href":"https:\/\/api.w.org\/{rel}","templated":true}]}}