{"id":21444,"date":"2024-10-01T16:17:06","date_gmt":"2024-10-01T15:17:06","guid":{"rendered":"https:\/\/organumcirma.com\/?page_id=21444"},"modified":"2024-10-07T15:24:23","modified_gmt":"2024-10-07T14:24:23","slug":"symposiumdesondesetdesmondes","status":"publish","type":"page","link":"https:\/\/organumcirma.com\/en_GB\/symposiumdesondesetdesmondes\/","title":{"rendered":"Symposium on waves and worlds"},"content":{"rendered":"\n<p class=\"has-black-color has-text-color has-link-color wp-elements-e6a906bb51386aafdaed0b7d39056041\"><strong>Abbaye de Royaumont 18 &amp; 19 Novembre 2024<\/strong><br><strong>\u00ab Du quantique au cantique \u00bb<\/strong><br><br>Le CIRMA et l\u2019ensemble Organum continuent leurs recherches sur les d\u00e9clinaisons th\u00e9rapeutiques potentielles des musiques de l\u2018Antiquit\u00e9 tardive jusqu\u2019\u00e0 Hildegarde de Bingen. Ces recherches, commenc\u00e9es en 2019 avec l\u2019Universit\u00e9 de Rennes2, prennent cette ann\u00e9e une nouvelle dimension gr\u00e2ce \u00e0 de nouveaux partenariats scientifiques qui incluent la physique, la biologie et l\u2019acoustique<sup>(1)<\/sup>.<\/p>\n\n\n\n<p class=\"has-black-color has-text-color has-link-color wp-elements-08a3ed631b8d90bdd54398e4c18d255f\">L\u2019ann\u00e9e derni\u00e8re, la premi\u00e8re \u00e9dition du symposium \u00ab Des Ondes et des Mondes \u00bb se d\u00e9roula \u00e0 l\u2019universit\u00e9 CY-Cergy Paris Universit\u00e9 et cherchait \u00e0 montrer une&nbsp; diversit\u00e9 de th\u00e9matiques sur les relations entre les Ondes et le Vivant, cette seconde \u00e9dition se d\u00e9roulera les 18 et 19 novembre prochain \u00e0 l&#8217;abbaye de Royaumont. La th\u00e9matique de cette seconde \u00e9dition, \u00ab<strong> Du quantique au cantique <\/strong>\u00bb nous permettra de r\u00e9fl\u00e9chir sur le fonctionnement des ondes, des sons, des harmonies et de comprendre que tous ces \u00e9l\u00e9ments ont pr\u00e9c\u00e9d\u00e9 l&#8217;homme et qu&#8217;ils structuraient, au-del\u00e0 de notre univers, le cosmos.<\/p>\n\n\n\n<div class=\"wp-block-columns is-layout-flex wp-container-core-columns-is-layout-9d6595d7 wp-block-columns-is-layout-flex\">\n<div class=\"wp-block-column is-layout-flow wp-block-column-is-layout-flow\">\n<figure class=\"wp-block-image size-large\"><a href=\"http:\/\/organumcirma.com\/wp-content\/uploads\/2024\/10\/IMG20221001145030-1-scaled.jpg\"><img loading=\"lazy\" decoding=\"async\" width=\"1024\" height=\"768\" src=\"http:\/\/organumcirma.com\/wp-content\/uploads\/2024\/10\/IMG20221001145030-1-1024x768.jpg\" alt=\"\" class=\"wp-image-21456\" srcset=\"https:\/\/organumcirma.com\/wp-content\/uploads\/2024\/10\/IMG20221001145030-1-1024x768.jpg 1024w, https:\/\/organumcirma.com\/wp-content\/uploads\/2024\/10\/IMG20221001145030-1-300x225.jpg 300w, https:\/\/organumcirma.com\/wp-content\/uploads\/2024\/10\/IMG20221001145030-1-768x576.jpg 768w, https:\/\/organumcirma.com\/wp-content\/uploads\/2024\/10\/IMG20221001145030-1-1536x1152.jpg 1536w, https:\/\/organumcirma.com\/wp-content\/uploads\/2024\/10\/IMG20221001145030-1-2048x1536.jpg 2048w\" sizes=\"auto, (max-width: 1024px) 100vw, 1024px\" \/><\/a><figcaption class=\"wp-element-caption\">Abbaye de Royaumont <\/figcaption><\/figure>\n<\/div>\n\n\n\n<div class=\"wp-block-column is-layout-flow wp-block-column-is-layout-flow\">\n<figure class=\"wp-block-image size-large\"><a href=\"http:\/\/organumcirma.com\/wp-content\/uploads\/2024\/10\/IMG20221001145040-scaled.jpg\"><img loading=\"lazy\" decoding=\"async\" width=\"1024\" height=\"768\" src=\"http:\/\/organumcirma.com\/wp-content\/uploads\/2024\/10\/IMG20221001145040-1024x768.jpg\" alt=\"\" class=\"wp-image-21455\" srcset=\"https:\/\/organumcirma.com\/wp-content\/uploads\/2024\/10\/IMG20221001145040-1024x768.jpg 1024w, https:\/\/organumcirma.com\/wp-content\/uploads\/2024\/10\/IMG20221001145040-300x225.jpg 300w, https:\/\/organumcirma.com\/wp-content\/uploads\/2024\/10\/IMG20221001145040-768x576.jpg 768w, https:\/\/organumcirma.com\/wp-content\/uploads\/2024\/10\/IMG20221001145040-1536x1152.jpg 1536w, https:\/\/organumcirma.com\/wp-content\/uploads\/2024\/10\/IMG20221001145040-2048x1536.jpg 2048w\" sizes=\"auto, (max-width: 1024px) 100vw, 1024px\" \/><\/a><\/figure>\n<\/div>\n\n\n\n<div class=\"wp-block-column is-layout-flow wp-block-column-is-layout-flow\">\n<figure class=\"wp-block-image size-large\"><a href=\"https:\/\/organumcirma.com\/wp-content\/uploads\/2024\/10\/IMG20221001225301-scaled.jpg\"><img loading=\"lazy\" decoding=\"async\" width=\"1024\" height=\"768\" src=\"https:\/\/organumcirma.com\/wp-content\/uploads\/2024\/10\/IMG20221001225301-1024x768.jpg\" alt=\"\" class=\"wp-image-21457\" srcset=\"https:\/\/organumcirma.com\/wp-content\/uploads\/2024\/10\/IMG20221001225301-1024x768.jpg 1024w, https:\/\/organumcirma.com\/wp-content\/uploads\/2024\/10\/IMG20221001225301-300x225.jpg 300w, https:\/\/organumcirma.com\/wp-content\/uploads\/2024\/10\/IMG20221001225301-768x576.jpg 768w, https:\/\/organumcirma.com\/wp-content\/uploads\/2024\/10\/IMG20221001225301-1536x1152.jpg 1536w, https:\/\/organumcirma.com\/wp-content\/uploads\/2024\/10\/IMG20221001225301-2048x1536.jpg 2048w\" sizes=\"auto, (max-width: 1024px) 100vw, 1024px\" \/><\/a><\/figure>\n<\/div>\n<\/div>\n\n\n\n<p class=\"has-black-color has-text-color has-link-color wp-elements-b8fc7d76564c47bf7665a9236b552f2e\"><strong>La premi\u00e8re journ\u00e9e<\/strong> d\u00e9butera par une pr\u00e9sentation g\u00e9n\u00e9rale des enjeux des Ondes Non Ionisantes, \u00e9lectromagn\u00e9tiques et acoustiques et se poursuivra&nbsp; sur les concepts en jeu et les th\u00e9matiques de base : principes de la m\u00e9canique quantique, principes de la physique ondulatoire appliqu\u00e9s \u00e0 l\u2019\u00e9laboration du Vivant, principe de la dualit\u00e9 onde-particule,&nbsp; principe des ondes de forme,&nbsp; principe des ondes scalaires et&nbsp; principe de gamme harmonique ainsi que les outils math\u00e9matiques utilis\u00e9s pour travailler sur ces concepts.<br><br><strong>\u00ab Des Ondes et des Orgues \u00bb<\/strong><\/p>\n\n\n\n<p class=\"has-black-color has-text-color has-link-color wp-elements-7030c5b80116f311e31b2f5854744bc2\">Cette journ\u00e9e s&#8217;ach\u00e8vera par une exp\u00e9rience sonore hors du commun sur l&#8217;orgue Cavaill\u00e9-Coll de Royaumont. <br>Marcel P\u00e9r\u00e8s fera entendre des potentialit\u00e9s sonores insoup\u00e7onn\u00e9es de cet instrument invent\u00e9 par un ing\u00e9nieur grec d\u2019Alexandrie en 250 avant J\u00e9sus-Christ. \u00c0 partir des ondes sonores brutes g\u00e9n\u00e9r\u00e9es par les tuyaux de l\u2019instrument, progressivement sera r\u00e9v\u00e9l\u00e9 comment ces sons peuvent s\u2019agr\u00e9ger pour g\u00e9n\u00e9rer un verbe musical qui traverse les si\u00e8cles g\u00e9n\u00e9rant des formes nouvelles en constante mutation.<\/p>\n\n\n\n<p class=\"has-black-color has-text-color has-link-color wp-elements-9c755fe0f4f6e9c4d74df4303f44b17c\"><strong>La seconde journ\u00e9e du Symposium<\/strong> illustrera la mani\u00e8re dont on adapte les concepts de l\u2019univers au comportement des \u00eatres vivants (homme, animal, plante), en nous permettant d\u2019explorer quelques-uns des effets potentiels de la musique sur le bien-\u00eatre, la communication, la signalisation et la sant\u00e9 des membres en interrelation au sein d\u2019un biome. Plusieurs disciplines seront int\u00e9ress\u00e9es par ces aspects (arch\u00e9ologie musicale, musicologie, musicoth\u00e9rapie, biochimie, biologie mol\u00e9culaire, physique, m\u00e9decine etc. P. Ferrandiz et V. Prevost (Genodics) pr\u00e9senteront l\u2019outil PWAT (Programme France Relance GenodiCY) de conversion de s\u00e9quences sonores en s\u00e9quences mol\u00e9culaires.<\/p>\n\n\n\n<p class=\"has-black-color has-text-color has-link-color wp-elements-d18f5e6c2e7f4bcb289b24b844a578a6\"><strong>Le Comit\u00e9 d\u2019Organisation :<\/strong><\/p>\n\n\n\n<p class=\"has-black-color has-text-color has-link-color wp-elements-f333a26cc9349e82970f7a30f216f17c\">Olivier Gallet (CY-Cergy Paris-Universit\u00e9)&nbsp;<br>G\u00e9raldine Gaudefroy-Demombynes (Universit\u00e9 Rennes 2 et CY-Cergy Paris-Universit\u00e9)<br>Pedro Ferrandiz (entreprise Genodics)<br>Marcel P\u00e9r\u00e8s (CIRMA, Ensemble Organum)<br>Sylvain Perrot (CNRS Strasbourg)<br>H\u00e9l\u00e8ne Derieux (CNRS-Iremus Paris Universit\u00e9)<\/p>\n\n\n\n<p class=\"has-black-color has-text-color has-link-color wp-elements-a25e9c9742f25da1c443d6da9a988275\"><em><sup>(1)<\/sup>HVB Project\u00a9&nbsp;: projet labellis\u00e9 Maison des Sciences de L\u2019Homme de Bretagne \u00ab AEEHmusic : exploration arch\u00e9o acoustique d\u2019un mod\u00e8le de chant liturgique (Hildegarde de Bingen) dans le contexte des musiques europ\u00e9ennes du premier mill\u00e9naire \u00bb <a href=\"https:\/\/www.mshb.fr\/projet\/aeehmusic\" target=\"_blank\" rel=\"noreferrer noopener\">https:\/\/www.mshb.fr\/projet\/aeehmusic<\/a><\/em><\/p>\n\n\n\n<p><\/p>\n","protected":false},"excerpt":{"rendered":"<p>Royaumont Abbey 18 &amp; 19 November 2024\u00ab Du quantique au cantique \u00bb CIRMA and the ensemble Organum continue their research on potential therapeutic use of&hellip;<\/p>\n","protected":false},"author":4,"featured_media":0,"parent":0,"menu_order":0,"comment_status":"closed","ping_status":"closed","template":"","meta":{"_exactmetrics_skip_tracking":false,"_exactmetrics_sitenote_active":false,"_exactmetrics_sitenote_note":"","_exactmetrics_sitenote_category":0,"footnotes":""},"yst_prominent_words":[1863,1023,533],"class_list":["post-21444","page","type-page","status-publish","hentry"],"_links":{"self":[{"href":"https:\/\/organumcirma.com\/en_GB\/wp-json\/wp\/v2\/pages\/21444","targetHints":{"allow":["GET"]}}],"collection":[{"href":"https:\/\/organumcirma.com\/en_GB\/wp-json\/wp\/v2\/pages"}],"about":[{"href":"https:\/\/organumcirma.com\/en_GB\/wp-json\/wp\/v2\/types\/page"}],"author":[{"embeddable":true,"href":"https:\/\/organumcirma.com\/en_GB\/wp-json\/wp\/v2\/users\/4"}],"replies":[{"embeddable":true,"href":"https:\/\/organumcirma.com\/en_GB\/wp-json\/wp\/v2\/comments?post=21444"}],"version-history":[{"count":26,"href":"https:\/\/organumcirma.com\/en_GB\/wp-json\/wp\/v2\/pages\/21444\/revisions"}],"predecessor-version":[{"id":21720,"href":"https:\/\/organumcirma.com\/en_GB\/wp-json\/wp\/v2\/pages\/21444\/revisions\/21720"}],"wp:attachment":[{"href":"https:\/\/organumcirma.com\/en_GB\/wp-json\/wp\/v2\/media?parent=21444"}],"wp:term":[{"taxonomy":"yst_prominent_words","embeddable":true,"href":"https:\/\/organumcirma.com\/en_GB\/wp-json\/wp\/v2\/yst_prominent_words?post=21444"}],"curies":[{"name":"wp","href":"https:\/\/api.w.org\/{rel}","templated":true}]}}