{"id":21480,"date":"2024-10-01T16:44:40","date_gmt":"2024-10-01T15:44:40","guid":{"rendered":"https:\/\/organumcirma.com\/?page_id=21480"},"modified":"2024-10-02T11:02:46","modified_gmt":"2024-10-02T10:02:46","slug":"enregistrement-hildegarde-de-bingen","status":"publish","type":"page","link":"https:\/\/organumcirma.com\/en_GB\/enregistrement-hildegarde-de-bingen\/","title":{"rendered":"Record Hildegarde de Bingen &#8220;Les V\u00eapres \u00e0 Marie&#8221; &#8211; Crowdfunding"},"content":{"rendered":"\n<p class=\"has-black-color has-text-color has-link-color wp-elements-a57a837e3725b7a6b54b2c2088279731\"><strong>Le prochain disque de l\u2019ensemble Organum a besoin de vous pour exister&nbsp;!<\/strong><\/p>\n\n\n\n<figure class=\"wp-block-embed is-type-video is-provider-youtube wp-block-embed-youtube wp-embed-aspect-16-9 wp-has-aspect-ratio\"><div class=\"wp-block-embed__wrapper\">\n<iframe loading=\"lazy\"  id=\"_ytid_37633\"  width=\"843\" height=\"474\"  data-origwidth=\"843\" data-origheight=\"474\" src=\"https:\/\/www.youtube.com\/embed\/mqlMUpusfIA?enablejsapi=1&#038;autoplay=0&#038;cc_load_policy=0&#038;cc_lang_pref=&#038;iv_load_policy=1&#038;loop=0&#038;modestbranding=0&#038;rel=1&#038;fs=1&#038;playsinline=0&#038;autohide=2&#038;theme=dark&#038;color=red&#038;controls=1&#038;\" class=\"__youtube_prefs__  epyt-is-override  no-lazyload\" title=\"YouTube player\"  allow=\"fullscreen; accelerometer; autoplay; clipboard-write; encrypted-media; gyroscope; picture-in-picture\" allowfullscreen data-no-lazy=\"1\" data-skipgform_ajax_framebjll=\"\"><\/iframe>\n<\/div><\/figure>\n\n\n\n<p class=\"has-black-color has-text-color has-link-color wp-elements-1758076f35f4ed0a6a7714c87921114c\"><strong>Nouvel enregistrement de l\u2019ensemble Organum<\/strong><br><strong>Hildegarde de Bingen \u201cLes V\u00eapres \u00e0 Marie\u201d<\/strong> &#8211; <em>D\u00e9cembre 2024&nbsp; \u00e0 l\u2019Abbaye de Noirlac<\/em><\/p>\n\n\n\n<p class=\"has-black-color has-text-color has-link-color wp-elements-c168ea60ea37aab25c2ffade68318912\">Participez \u00e0 la grande aventure de l\u2019ensemble Organum en nous aidant \u00e0 faire conna\u00eetre l\u2019\u0153uvre immense d\u2019Hildegarde de Bingen. Le pr\u00e9c\u00e9dant disque de l\u2019ensemble consacr\u00e9 \u00e0 Hildegarde,&nbsp;<em>les Laudes de Saint Ursule<\/em>, fut enregistr\u00e9 en 1996. 28 ann\u00e9es plus tard, apr\u00e8s ce long temps consacr\u00e9 \u00e0 approfondir la pratique des r\u00e9pertoires m\u00e9di\u00e9vaux, Marcel P\u00e9r\u00e8s propose une nouvelle approche de cette musique, intitul\u00e9e par Hildegarde elle-m\u00eame&nbsp;:&nbsp;<em>La Symphonie des harmonies C\u00e9lestes.<\/em><\/p>\n\n\n\n<p class=\"has-black-color has-text-color has-link-color wp-elements-7dd8a398e220923aa2e21d658c8397f1\">Sainte, visionnaire, gu\u00e9risseuse et compositeur, tout semble avoir \u00e9t\u00e9 dit \u00e0 propos d&#8217;Hildegarde de Bingen, pourtant beaucoup reste encore \u00e0 d\u00e9couvrir sur sa musique. C\u2019est pourquoi l\u2019ensemble Organum a commenc\u00e9 en 2015 un nouveau programme de recherche sur Hildegarde. Une attention particuli\u00e8re a \u00e9t\u00e9 donn\u00e9e \u00e0 la recherche sur les timbres vocaux en usage chez les moniales de ce temps et sur l\u2019interaction entre l\u2019acoustique, la conscience de celles qui se trouvent \u00eatre la source sonore et l\u2019auditeur et surtout, la dimension liturgique de sa musique.<\/p>\n\n\n\n<p class=\"has-black-color has-text-color has-link-color wp-elements-936ccf0a7938539e4e6a35bdf3e3c3d1\">La musique d\u2019Hildegarde a \u00e9t\u00e9 replac\u00e9e dans le contexte des traditions b\u00e9n\u00e9dictines d\u2019outre-Rhin du d\u00e9but du 12<sup>e<\/sup>\u00a0si\u00e8cle, encore bien enracin\u00e9es dans la tradition carolingienne, synth\u00e8se entre le r\u00e9pertoire romain et la th\u00e9orie pratique du chant byzantin.<\/p>\n\n\n\n<p class=\"has-black-color has-text-color has-link-color wp-elements-9df16d2b8f7af8f1ab573c004a3e0510\">Ce programme s\u2019inscrit dans le cadre d\u2019activit\u00e9s de recherche sur les potentialit\u00e9s th\u00e9rapeutiques des chants religieux de l\u2019Antiquit\u00e9 tardive \u00e0 Hildegarde de Bingen que l\u2019ensemble Organum et le CIRMA conduisent, en partenariat avec l\u2019Universit\u00e9 de Rennes2, et le&nbsp;Laboratoire ERRMECe &#8211; Groupe MEC-uP, Maison Internationale de la Recherche.<\/p>\n\n\n\n<p class=\"has-black-color has-text-color has-link-color wp-elements-a04ac9da052a0025d9e6b6d0d206ba89\">Hildegarde, 35<sup>e<\/sup>\u00a0docteur de l\u2019\u00c9glise, 4<sup>e<\/sup>\u00a0femme \u00e0 \u00eatre \u00e9lev\u00e9e en 2012 \u00e0 cette distinction, apr\u00e8s Catherine de Sienne, Th\u00e9r\u00e8se d\u2019Avila et Th\u00e9r\u00e8se de Lisieux, est \u00e9galement le premier compositeur dont la musique est officiellement reconnue comme portant un enseignement majeur pour l\u2019humanit\u00e9. L\u00e0 r\u00e9side tout le merveilleux de cette histoire\u00a0: Il aura fallu attendre neuf si\u00e8cles pour que Hildegarde r\u00e9v\u00e8le la puissance de son enseignement. Cette femme du\u00a0XII<sup>e<\/sup>\u00a0si\u00e8cle a quelque chose de tr\u00e8s important \u00e0 transmettre au monde d\u2019aujourd\u2019hui.\u00a0<\/p>\n\n\n\n<p><\/p>\n\n\n\n<div class=\"wp-block-buttons is-content-justification-center is-layout-flex wp-container-core-buttons-is-layout-16018d1d wp-block-buttons-is-layout-flex\">\n<div class=\"wp-block-button has-custom-width wp-block-button__width-50\"><a class=\"wp-block-button__link has-text-align-center wp-element-button\" href=\"https:\/\/www.helloasso.com\/associations\/association-organum\/collectes\/soutenez-la-sortie-du-prochain-enregistrement-de-l-ensemble-organum-1?mc_cid=ff2553c019&amp;mc_eid=UNIQID\" target=\"_blank\" rel=\"noreferrer noopener\">Participez au Crowdfunding<\/a><\/div>\n<\/div>\n\n\n\n<p><\/p>\n\n\n\n<p class=\"has-black-color has-text-color has-link-color wp-elements-9ac00cf961d1ea846fe5a532228b76c6\"><\/p>\n","protected":false},"excerpt":{"rendered":"<p>The next record of Ensemble Organum needs you to exist! New record of Ensemble OrganumHildegard of Bingen \u201cVespers to Mary\u201d &#8211; December 2024 at the&hellip;<\/p>\n","protected":false},"author":4,"featured_media":0,"parent":0,"menu_order":0,"comment_status":"closed","ping_status":"closed","template":"","meta":{"_exactmetrics_skip_tracking":false,"_exactmetrics_sitenote_active":false,"_exactmetrics_sitenote_note":"","_exactmetrics_sitenote_category":0,"footnotes":""},"yst_prominent_words":[399,1172,321,367,926,597,502,289,1017,1140,1276,290,937],"class_list":["post-21480","page","type-page","status-publish","hentry"],"_links":{"self":[{"href":"https:\/\/organumcirma.com\/en_GB\/wp-json\/wp\/v2\/pages\/21480","targetHints":{"allow":["GET"]}}],"collection":[{"href":"https:\/\/organumcirma.com\/en_GB\/wp-json\/wp\/v2\/pages"}],"about":[{"href":"https:\/\/organumcirma.com\/en_GB\/wp-json\/wp\/v2\/types\/page"}],"author":[{"embeddable":true,"href":"https:\/\/organumcirma.com\/en_GB\/wp-json\/wp\/v2\/users\/4"}],"replies":[{"embeddable":true,"href":"https:\/\/organumcirma.com\/en_GB\/wp-json\/wp\/v2\/comments?post=21480"}],"version-history":[{"count":20,"href":"https:\/\/organumcirma.com\/en_GB\/wp-json\/wp\/v2\/pages\/21480\/revisions"}],"predecessor-version":[{"id":21551,"href":"https:\/\/organumcirma.com\/en_GB\/wp-json\/wp\/v2\/pages\/21480\/revisions\/21551"}],"wp:attachment":[{"href":"https:\/\/organumcirma.com\/en_GB\/wp-json\/wp\/v2\/media?parent=21480"}],"wp:term":[{"taxonomy":"yst_prominent_words","embeddable":true,"href":"https:\/\/organumcirma.com\/en_GB\/wp-json\/wp\/v2\/yst_prominent_words?post=21480"}],"curies":[{"name":"wp","href":"https:\/\/api.w.org\/{rel}","templated":true}]}}