{"id":21612,"date":"2024-10-02T14:17:34","date_gmt":"2024-10-02T13:17:34","guid":{"rendered":"https:\/\/organumcirma.com\/?page_id=21612"},"modified":"2025-03-04T10:37:34","modified_gmt":"2025-03-04T09:37:34","slug":"concert-notre-dame-la-legende-des-siecles","status":"publish","type":"page","link":"https:\/\/organumcirma.com\/en_GB\/concert-notre-dame-la-legende-des-siecles\/","title":{"rendered":"Concert &#8211; Notre-Dame &#8211; The legend of centuries"},"content":{"rendered":"\n<figure class=\"wp-block-image size-full\"><a href=\"http:\/\/organumcirma.com\/wp-content\/uploads\/2025\/03\/476363726_3795378387439874_8571865522458373378_n.jpg\"><img loading=\"lazy\" decoding=\"async\" width=\"940\" height=\"788\" src=\"http:\/\/organumcirma.com\/wp-content\/uploads\/2025\/03\/476363726_3795378387439874_8571865522458373378_n.jpg\" alt=\"\" class=\"wp-image-22105\" srcset=\"https:\/\/organumcirma.com\/wp-content\/uploads\/2025\/03\/476363726_3795378387439874_8571865522458373378_n.jpg 940w, https:\/\/organumcirma.com\/wp-content\/uploads\/2025\/03\/476363726_3795378387439874_8571865522458373378_n-300x251.jpg 300w, https:\/\/organumcirma.com\/wp-content\/uploads\/2025\/03\/476363726_3795378387439874_8571865522458373378_n-768x644.jpg 768w\" sizes=\"auto, (max-width: 940px) 100vw, 940px\" \/><\/a><\/figure>\n\n\n\n<p class=\"has-black-color has-text-color has-link-color wp-elements-80fe5ef37fafe80ef7ef0e95549e2b67\"><strong>Cath\u00e9drale Notre Dame &#8211; Paris : <\/strong>4 mars 2025 \u00e0 20h30<br><strong>Direction : <\/strong>Marcel P\u00e9r\u00e8s<\/p>\n\n\n\n<div class=\"wp-block-columns is-layout-flex wp-container-core-columns-is-layout-9d6595d7 wp-block-columns-is-layout-flex\">\n<div class=\"wp-block-column is-layout-flow wp-block-column-is-layout-flow\">\n<figure class=\"wp-block-image size-large\"><a href=\"http:\/\/organumcirma.com\/wp-content\/uploads\/2024\/10\/1-ND-Cle-de-voute-copie-scaled.jpg\"><img loading=\"lazy\" decoding=\"async\" width=\"1024\" height=\"683\" src=\"http:\/\/organumcirma.com\/wp-content\/uploads\/2024\/10\/1-ND-Cle-de-voute-copie-1024x683.jpg\" alt=\"\" class=\"wp-image-21609\" srcset=\"https:\/\/organumcirma.com\/wp-content\/uploads\/2024\/10\/1-ND-Cle-de-voute-copie-1024x683.jpg 1024w, https:\/\/organumcirma.com\/wp-content\/uploads\/2024\/10\/1-ND-Cle-de-voute-copie-300x200.jpg 300w, https:\/\/organumcirma.com\/wp-content\/uploads\/2024\/10\/1-ND-Cle-de-voute-copie-768x512.jpg 768w, https:\/\/organumcirma.com\/wp-content\/uploads\/2024\/10\/1-ND-Cle-de-voute-copie-1536x1024.jpg 1536w, https:\/\/organumcirma.com\/wp-content\/uploads\/2024\/10\/1-ND-Cle-de-voute-copie-2048x1365.jpg 2048w\" sizes=\"auto, (max-width: 1024px) 100vw, 1024px\" \/><\/a><\/figure>\n<\/div>\n\n\n\n<div class=\"wp-block-column is-layout-flow wp-block-column-is-layout-flow\">\n<figure class=\"wp-block-image size-large\"><a href=\"https:\/\/organumcirma.com\/wp-content\/uploads\/2024\/10\/2-Rosace-ND-copie-scaled.jpg\"><img loading=\"lazy\" decoding=\"async\" width=\"1024\" height=\"683\" src=\"https:\/\/organumcirma.com\/wp-content\/uploads\/2024\/10\/2-Rosace-ND-copie-1024x683.jpg\" alt=\"\" class=\"wp-image-21613\" srcset=\"https:\/\/organumcirma.com\/wp-content\/uploads\/2024\/10\/2-Rosace-ND-copie-1024x683.jpg 1024w, https:\/\/organumcirma.com\/wp-content\/uploads\/2024\/10\/2-Rosace-ND-copie-300x200.jpg 300w, https:\/\/organumcirma.com\/wp-content\/uploads\/2024\/10\/2-Rosace-ND-copie-768x512.jpg 768w, https:\/\/organumcirma.com\/wp-content\/uploads\/2024\/10\/2-Rosace-ND-copie-1536x1024.jpg 1536w, https:\/\/organumcirma.com\/wp-content\/uploads\/2024\/10\/2-Rosace-ND-copie-2048x1365.jpg 2048w\" sizes=\"auto, (max-width: 1024px) 100vw, 1024px\" \/><\/a><\/figure>\n<\/div>\n<\/div>\n\n\n\n<p class=\"has-black-color has-text-color has-link-color wp-elements-2a9c2a6a84e2cb34b510b0e0eca1b955\"><strong>Notre-Dame&nbsp;: La l\u00e9gende des si\u00e8cles<\/strong> &#8211; Les racines et les semences de l&#8217;\u00e9cole de Notre-Dame<\/p>\n\n\n\n<p class=\"has-black-color has-text-color has-link-color wp-elements-ee13335f1aa685fe3a985efc4970393c\">Durant les XII<sup>e<\/sup> et XIII<sup>e&nbsp;&nbsp; <\/sup>si\u00e8cles, le chant liturgique de la cath\u00e9drale Notre-Dame fut le centre d\u2019intenses sp\u00e9culations autour de la rationalisation des dur\u00e9es musicales et de leur notation, r\u00e9flexions qui eurent d\u2019immenses r\u00e9sonances dans tous les domaines de la pens\u00e9e sociale, religieuse et scientifique.<\/p>\n\n\n\n<p class=\"has-black-color has-text-color has-link-color wp-elements-70e91dd2455bcf75c5f54b677abe5c59\">Dirigeant les forces conjointes de son ensemble Organum et de la Ma\u00eetrise de Notre-Dame de Paris, Marcel P\u00e9r\u00e8s souhaite, au travers de ce concert, pr\u00e9senter diff\u00e9rents courants qui, dans le prolongement de l\u2019Antiquit\u00e9, ont parcouru la m\u00e9moire rituelle de l\u2019Occident m\u00e9di\u00e9val pour aboutir \u00e0 cette forme stylistique accomplie, aujourd\u2019hui appel\u00e9e l\u2019\u00c9cole de Notre-Dame, exactement contemporaine de la construction de l\u2019\u00e9difice.<\/p>\n\n\n\n<p class=\"has-black-color has-text-color has-link-color wp-elements-e2feeddbbd55a804637ed08f35fc74f6\">Ainsi, la grande tradition qui germa dans l\u2019ancienne cath\u00e9drale Saint \u00c9tienne au XI<sup>e<\/sup> si\u00e8cle, pourra continuer \u00e0 vibrer, pour nous projeter vers le xxi<sup>e<\/sup> si\u00e8cle, au-del\u00e0 de Paris, inaugurant une nouvelle dimension au rayonnement de Notre-Dame sous une forme que l\u2019on pourrait baptiser : Notre-Dame hors les murs\u2026 Notre-Dame hors du temps\u2026<\/p>\n\n\n\n<p class=\"has-black-color has-text-color has-link-color wp-elements-48631cc2b87a95c8e8efdd9de887fcfc\"><em>Ce programme a pu \u00eatre r\u00e9alis\u00e9 gr\u00e2ce au partenariat de la Fondation Villecroze qui a offert \u00e0 la Ma\u00eetrise de Notre-Dame une r\u00e9sidence d\u2019une semaine pour le pr\u00e9parer.<\/em><\/p>\n\n\n\n<p class=\"has-black-color has-text-color has-link-color wp-elements-db15885de2cbe3f617bdf69fc139128d\">Programme&nbsp;: L\u00e9onin, P\u00e9rotin, P\u00e9r\u00e8s, Polyphonies de Saint Martial de Limoges, chant byzantin, chant Vieux-Romain.<\/p>\n\n\n\n<p><strong>Distribution&nbsp;:<\/strong><br>Ma\u00eetrise de Notre-Dame de Paris<br>Ensemble Organum<br>Henri Chalet, chef de ch\u0153ur<\/p>\n","protected":false},"excerpt":{"rendered":"<p>Cathedral Notre Dame &#8211; Paris : 4 march 2025 at 8h30 PMDirection : Marcel P\u00e9r\u00e8s Notre-Dame&nbsp;: The legend of centuries &#8211; The roots and seeds&hellip;<\/p>\n","protected":false},"author":4,"featured_media":0,"parent":0,"menu_order":0,"comment_status":"closed","ping_status":"closed","template":"","meta":{"_exactmetrics_skip_tracking":false,"_exactmetrics_sitenote_active":false,"_exactmetrics_sitenote_note":"","_exactmetrics_sitenote_category":0,"footnotes":""},"yst_prominent_words":[1886,485,1872,1861,269,1023,1758,351,528],"class_list":["post-21612","page","type-page","status-publish","hentry"],"_links":{"self":[{"href":"https:\/\/organumcirma.com\/en_GB\/wp-json\/wp\/v2\/pages\/21612","targetHints":{"allow":["GET"]}}],"collection":[{"href":"https:\/\/organumcirma.com\/en_GB\/wp-json\/wp\/v2\/pages"}],"about":[{"href":"https:\/\/organumcirma.com\/en_GB\/wp-json\/wp\/v2\/types\/page"}],"author":[{"embeddable":true,"href":"https:\/\/organumcirma.com\/en_GB\/wp-json\/wp\/v2\/users\/4"}],"replies":[{"embeddable":true,"href":"https:\/\/organumcirma.com\/en_GB\/wp-json\/wp\/v2\/comments?post=21612"}],"version-history":[{"count":7,"href":"https:\/\/organumcirma.com\/en_GB\/wp-json\/wp\/v2\/pages\/21612\/revisions"}],"predecessor-version":[{"id":22112,"href":"https:\/\/organumcirma.com\/en_GB\/wp-json\/wp\/v2\/pages\/21612\/revisions\/22112"}],"wp:attachment":[{"href":"https:\/\/organumcirma.com\/en_GB\/wp-json\/wp\/v2\/media?parent=21612"}],"wp:term":[{"taxonomy":"yst_prominent_words","embeddable":true,"href":"https:\/\/organumcirma.com\/en_GB\/wp-json\/wp\/v2\/yst_prominent_words?post=21612"}],"curies":[{"name":"wp","href":"https:\/\/api.w.org\/{rel}","templated":true}]}}