{"id":21817,"date":"2025-01-09T17:32:34","date_gmt":"2025-01-09T16:32:34","guid":{"rendered":"https:\/\/organumcirma.com\/?page_id=21817"},"modified":"2026-03-05T17:58:34","modified_gmt":"2026-03-05T16:58:34","slug":"stage-de-chant-le-souffle-dans-le-chant-medieval","status":"publish","type":"page","link":"https:\/\/organumcirma.com\/en_GB\/stage-de-chant-le-souffle-dans-le-chant-medieval\/","title":{"rendered":"Stages Week-end &#8211; Le souffle dans l&#8217;Antiquit\u00e9 tardive"},"content":{"rendered":"\n<p class=\"has-black-color has-text-color has-link-color wp-elements-f8eba8f6775bef540aeed905cf99f1fd\"><em><strong>Stages dirig\u00e9s <strong>\u00e0 Moissac (Occitanie)<\/strong> par\u00a0<a href=\"https:\/\/organumcirma.com\/?team=marcel-peres\">Marcel P\u00e9r\u00e8s<\/a><\/strong><\/em><br><strong>Stages de chant \u00ab Le souffle dans le chant de l\u2019Antiquit\u00e9 tardive\u00bb<\/strong>\u00a0<strong>anim\u00e9 par Marcel P\u00e9r\u00e8s<\/strong> <br><strong>&#8211; Du 23 au 25 janvier 2026 &#8211; D\u00e9but du stage Vendredi 17h &#8211; Fin de stage Dimanche 17h<\/strong><br><strong>&#8211; Du 27 au 29 mars 2026 &#8211; D\u00e9but du stage Vendredi 17h &#8211; Fin de stage Dimanche 17h<\/strong><br><em>Il est possible d&#8217;arriver le samedi, stages ind\u00e9pendants, il est possible de ne suivre qu&#8217;un seul stage!<\/em><\/p>\n\n\n\n<p class=\"has-black-color has-text-color has-link-color wp-elements-106a0d85957df4f67c4bcf6775219e98\"><strong>De l\u2019antiquit\u00e9 tardive \u00e0 Hildegarde de Bingen<\/strong><\/p>\n\n\n\n<p class=\"has-black-color has-text-color has-link-color wp-elements-2119bf0752f3bff62151038b6abe1c0a\">Ces sessions explorent les formes les plus anciennes de chants, dont l\u2019\u00e9criture a conserv\u00e9 la trace, depuis l\u2019Antiquit\u00e9 tardive jusqu\u2019aux compositions d\u2019Hildegarde de Bingen. Au travers de ces chants se r\u00e9v\u00e8le une science du souffle issue d\u2019une tradition tr\u00e8s ancienne. Elle sera abord\u00e9e sous un angle concret \u2013 comme un geste musical \u2013 au travers d\u2019exercices vocaux et corporaux, comme le serait un yoga du son.<\/p>\n\n\n\n<p class=\"has-black-color has-text-color has-link-color wp-elements-20da73613a54735b708e0af08659cce0\">Ces ateliers sont ouverts \u00e0 tous, ind\u00e9pendamment de leurs connaissances musicales. Ils sont fondamentaux pour comprendre comment a \u00e9t\u00e9 cr\u00e9\u00e9e la dynamique sous-jacente \u00e0 ce que nous appelons la musique m\u00e9di\u00e9vale.<\/p>\n\n\n\n<p class=\"has-black-color has-text-color has-link-color wp-elements-0a2de2adbfbfe7a034ccd341068f38a0\"><strong><em>R\u00e9pertoires abord\u00e9s&nbsp;: Chant vieux-romain, chant mozarabe, Hildegarde de Bingen<\/em><\/strong><\/p>\n\n\n\n<p><a href=\"https:\/\/www.helloasso.com\/associations\/association-organum\/boutiques\/boutique\"><mark style=\"background-color:rgba(0, 0, 0, 0)\" class=\"has-inline-color has-vivid-purple-color\"><strong>Inscription en ligne sur Hello Asso<\/strong><\/mark><\/a><\/p>\n\n\n\n<hr class=\"wp-block-separator has-alpha-channel-opacity is-style-wide\"\/>\n\n\n\n<p class=\"has-black-color has-text-color has-link-color wp-elements-1ca1dc6f849b5dc7adc9ecaac5e094d5\"><strong>Stage de chant \u00ab&nbsp;Introduction aux musiques anciennes IX<sup>e<\/sup> \u2013 XVI<sup>e<\/sup> si\u00e8cles par la connaissance de la notation musicale\u201d<\/strong><br><strong>&#8211; Du 20 au 22 f\u00e9vrier 2026<\/strong> <strong> &#8211; D\u00e9but du stage Vendredi 17h &#8211; Fin de stage Dimanche 17h<\/strong><\/p>\n\n\n\n<hr class=\"wp-block-separator has-alpha-channel-opacity is-style-wide\"\/>\n\n\n\n<p class=\"has-black-color has-text-color has-link-color wp-elements-341190f8af9f205e01f8265a9317e757\"><em><strong>Frais p\u00e9dagogiques : 80 \u20ac par stage + 30 \u20ac d\u2019adh\u00e9sion annuelle obligatoire \u00e0 l\u2019Association Organum<\/strong><\/em>.<br><strong>Ces frais p\u00e9dagogiques n\u2019incluent pas l\u2019h\u00e9bergement ni les repas. <\/strong><br><br><mark style=\"background-color:#ffffff;color:#a102bf\" class=\"has-inline-color\"><strong><em>Vous inscrire par mail ou par t\u00e9l\u00e9phone<\/em><\/strong><br><strong>En nous envoyant un mail \u00e0&nbsp;<a href=\"mailto:ensembleorganum@yahoo.fr\">ensembleorganum@yahoo.fr<\/a><br>Par t\u00e9l\u00e9phone au 06 74 45 23 60<\/strong><\/mark><\/p>\n","protected":false},"excerpt":{"rendered":"<p>Stages dirig\u00e9s \u00e0 Moissac (Occitanie) par\u00a0Marcel P\u00e9r\u00e8sStages de chant \u00ab Le souffle dans le chant de l\u2019Antiquit\u00e9 tardive\u00bb\u00a0anim\u00e9 par Marcel P\u00e9r\u00e8s &#8211; Du 23 au&hellip;<\/p>\n","protected":false},"author":4,"featured_media":0,"parent":0,"menu_order":0,"comment_status":"closed","ping_status":"closed","template":"","meta":{"_exactmetrics_skip_tracking":false,"_exactmetrics_sitenote_active":false,"_exactmetrics_sitenote_note":"","_exactmetrics_sitenote_category":0,"footnotes":""},"yst_prominent_words":[1103],"class_list":["post-21817","page","type-page","status-publish","hentry"],"_links":{"self":[{"href":"https:\/\/organumcirma.com\/en_GB\/wp-json\/wp\/v2\/pages\/21817","targetHints":{"allow":["GET"]}}],"collection":[{"href":"https:\/\/organumcirma.com\/en_GB\/wp-json\/wp\/v2\/pages"}],"about":[{"href":"https:\/\/organumcirma.com\/en_GB\/wp-json\/wp\/v2\/types\/page"}],"author":[{"embeddable":true,"href":"https:\/\/organumcirma.com\/en_GB\/wp-json\/wp\/v2\/users\/4"}],"replies":[{"embeddable":true,"href":"https:\/\/organumcirma.com\/en_GB\/wp-json\/wp\/v2\/comments?post=21817"}],"version-history":[{"count":13,"href":"https:\/\/organumcirma.com\/en_GB\/wp-json\/wp\/v2\/pages\/21817\/revisions"}],"predecessor-version":[{"id":22575,"href":"https:\/\/organumcirma.com\/en_GB\/wp-json\/wp\/v2\/pages\/21817\/revisions\/22575"}],"wp:attachment":[{"href":"https:\/\/organumcirma.com\/en_GB\/wp-json\/wp\/v2\/media?parent=21817"}],"wp:term":[{"taxonomy":"yst_prominent_words","embeddable":true,"href":"https:\/\/organumcirma.com\/en_GB\/wp-json\/wp\/v2\/yst_prominent_words?post=21817"}],"curies":[{"name":"wp","href":"https:\/\/api.w.org\/{rel}","templated":true}]}}