{"id":21822,"date":"2025-01-09T18:01:33","date_gmt":"2025-01-09T17:01:33","guid":{"rendered":"https:\/\/organumcirma.com\/?page_id=21822"},"modified":"2025-01-10T17:46:13","modified_gmt":"2025-01-10T16:46:13","slug":"stage-de-chant-le-chant-mozarabe","status":"publish","type":"page","link":"https:\/\/organumcirma.com\/en_GB\/stage-de-chant-le-chant-mozarabe\/","title":{"rendered":"Workshop &#8220;Mozarabic chant of the 15th century&#8221; &#8211; Toledo"},"content":{"rendered":"\n<p class=\"has-black-color has-text-color has-link-color wp-elements-0703d86ce576c23eea6afe4e205e8eb3\"><em><strong>Stage dirig\u00e9 par\u00a0<a href=\"https:\/\/organumcirma.com\/?team=marcel-peres\">Marcel P\u00e9r\u00e8s<\/a><\/strong><\/em><br><br><strong>Du 7 au 9 f\u00e9vrier 2025\u00a0 &#8211; Stage de chant \u00ab le chant mozarabe \u00bb<\/strong> <strong>&#8211; Moissac<\/strong><\/p>\n\n\n\n<p class=\"has-black-color has-text-color has-link-color wp-elements-589e7d0dae1602de9d54feade0279ba5\"><strong>Tol\u00e8de<\/strong> &#8211; <strong>Chant Mozarabe du 15\u00e8me si\u00e8cle.<\/strong><\/p>\n\n\n\n<p class=\"has-black-color has-text-color has-link-color wp-elements-190693fc6017d6b28e3d4c4109b2e200\">Le chant mozarabe est l\u2019ancien chant liturgique des \u00e9glises de la p\u00e9ninsule ib\u00e9rique. Il fut form\u00e9 au d\u00e9but de l&#8217;\u00e9vang\u00e9lisation des provinces de l&#8217;<em>Hispania romana<\/em> et s&#8217;affirma sous le r\u00e8gne des Wisigoths (466-711) avec une forte influence des \u00e9glises d\u2019Afrique du Nord. Il continua \u00e0 \u00eatre pratiqu\u00e9 pendant la p\u00e9riode musulmane et c&#8217;est a cette \u00e9poque qu&#8217;il re\u00e7u la d\u00e9nomination de chant mozarabe, terme qui d\u00e9signait les chr\u00e9tiens qui avaient conserv\u00e9 leur foi tout en ayant adopt\u00e9 des modes de vie proches de la culture arabo-berb\u00e8re.<\/p>\n\n\n\n<p class=\"has-black-color has-text-color has-link-color wp-elements-fecd7527a642582df99993bdd0ca8a89\">Les actions entreprises par les carolingiens au IX<sup>e<\/sup> si\u00e8cle pour implanter la liturgie romaine dans tout l&#8217;empire ne produisit aucun effet sur la P\u00e9ninsule Ib\u00e9rique, except\u00e9 sur les territoires de la <em>Marca Hispanica<\/em> au nord-est contr\u00f4l\u00e9s par Charlemagne. Toutefois, \u00e0 la fin du XIe si\u00e8cle, l&#8217;ouverture de la politique des rois de Castille au-del\u00e0 des Pyr\u00e9n\u00e9es modifia la volont\u00e9 des \u00e9v\u00eaques de maintenir la vieille tradition. C&#8217;est ainsi qu&#8217;en 1081, lors du concile convoqu\u00e9 \u00e0 Burgos par le roi Alphonse VI, ils d\u00e9cid\u00e8rent de remplacer l&#8217;antique chant hispanique par le chant gr\u00e9gorien. Sous l\u2019impulsion des moines de Cluny, ce r\u00e9pertoire gr\u00e9gorien se r\u00e9pandit dans toute la p\u00e9ninsule dans un mouvement qui pris sa source \u00e0 Moissac, au rythme de la reconqu\u00eate des territoires occup\u00e9s par les musulmans. Comme les musiciens de la fin du XIe si\u00e8cle utilisaient un syst\u00e8me de notation\u00a0 qui n&#8217;indiquait pas les intervalles et la tradition orale ayant progressivement disparu, les manuscrits musicaux de cette \u00e9poque sont pour nous d\u00e9sesp\u00e9r\u00e9ment muets.<\/p>\n\n\n\n<p class=\"has-black-color has-text-color has-link-color wp-elements-ee095418df408f263d7e5cf4cbd40101\">Cependant, quelques \u00e9glises, notamment \u00e0 Tol\u00e8de, avaient conserv\u00e9 ce chant en tradition orale. A la fin du XV<sup>e<\/sup> si\u00e8cle, il fut not\u00e9 gr\u00e2ce \u00e0 la clairvoyance du cardinal Cisneros. Celui-ci institutionnalisa le rite mozarabe en l&#8217;affectant \u00e0 une chapelle de la cath\u00e9drale, celle du <em>Corpus Christi<\/em>. Il confia au chanoine Alonso Ortiz la charge de reconstituer la liturgie.<\/p>\n\n\n\n<p class=\"has-black-color has-text-color has-link-color wp-elements-ddee5fc22a26b0e6ed2efbc8793bfa40\">Seulement trois manuscrits nous transmettent ce chant de Tol\u00e8de, deux pour la messe et un pour l\u2019office de v\u00eapres. Ils sont actuellement conserv\u00e9s dans la chapelle mozarabe de la cath\u00e9drale de Tol\u00e8de. La musique est traduite par une notation mensurable de la fin du XV<sup>e<\/sup> si\u00e8cle et donc parfaitement lisible quant au rythme et \u00e0 la m\u00e9lodie.<\/p>\n\n\n\n<p class=\"has-black-color has-text-color has-link-color wp-elements-48aa47660e0d3e81b5515443a738454b\">Les manuscrits de Tol\u00e8de, t\u00e9moins de l\u2019\u00e9tat de la tradition orale \u00e0 la fin du XV<sup>e<\/sup> si\u00e8cle, pr\u00e9sentent une musique dont les contours m\u00e9lodiques semblent diff\u00e9rer de ceux des manuscrits du XI<sup>e<\/sup> si\u00e8cle. Cependant, des pi\u00e8ces visiblement tr\u00e8s marqu\u00e9es par l\u2019esth\u00e9tique du XV<sup>e<\/sup> si\u00e8cle, en c\u00f4toient d\u2019autres, directement issues du vieux fond, qui portent en elles l\u2019\u00e9cho de l\u2019antique chant des \u00e9glises d\u2019Afrique.<\/p>\n\n\n\n<p>\u00b0\u00b0\u00b0\u00b0\u00b0\u00b0\u00b0\u00b0\u00b0\u00b0\u00b0\u00b0\u00b0\u00b0\u00b0\u00b0\u00b0\u00b0\u00b0\u00b0\u00b0\u00b0\u00b0\u00b0\u00b0\u00b0\u00b0\u00b0\u00b0\u00b0\u00b0\u00b0<\/p>\n\n\n\n<h4 class=\"wp-block-heading\"><em><strong>Frais p\u00e9dagogiques : 90 \u20ac par stage + 30 \u20ac d\u2019adh\u00e9sion annuelle obligatoire \u00e0 l\u2019Association Organum<\/strong><\/em><\/h4>\n\n\n\n<p><strong>Ces frais p\u00e9dagogiques n\u2019incluent pas l\u2019h\u00e9bergement ni les repas. <\/strong><br><br><mark style=\"background-color:#ffffff;color:#a102bf\" class=\"has-inline-color\"><strong><em>Vous inscrire par mail ou par t\u00e9l\u00e9phone<\/em><\/strong><br><strong>En nous envoyant un mail \u00e0&nbsp;<a href=\"mailto:ensembleorganum@yahoo.fr\">ensembleorganum@yahoo.fr<\/a><br>Par t\u00e9l\u00e9phone au 06 74 45 23 60<\/strong><\/mark><\/p>\n","protected":false},"excerpt":{"rendered":"<p>Workshop directed by\u00a0Marcel P\u00e9r\u00e8s 7 &#8211; 9 february 2025\u00a0 &#8211; Toledo &#8211; Mozarabic chant of the 15th century. The Mozarabic chant is the ancient liturgical&hellip;<\/p>\n","protected":false},"author":4,"featured_media":0,"parent":0,"menu_order":0,"comment_status":"closed","ping_status":"closed","template":"","meta":{"_exactmetrics_skip_tracking":false,"_exactmetrics_sitenote_active":false,"_exactmetrics_sitenote_note":"","_exactmetrics_sitenote_category":0,"footnotes":""},"yst_prominent_words":[291,1295,1172,296,1435,1418,1412,290,1177,1171],"class_list":["post-21822","page","type-page","status-publish","hentry"],"_links":{"self":[{"href":"https:\/\/organumcirma.com\/en_GB\/wp-json\/wp\/v2\/pages\/21822","targetHints":{"allow":["GET"]}}],"collection":[{"href":"https:\/\/organumcirma.com\/en_GB\/wp-json\/wp\/v2\/pages"}],"about":[{"href":"https:\/\/organumcirma.com\/en_GB\/wp-json\/wp\/v2\/types\/page"}],"author":[{"embeddable":true,"href":"https:\/\/organumcirma.com\/en_GB\/wp-json\/wp\/v2\/users\/4"}],"replies":[{"embeddable":true,"href":"https:\/\/organumcirma.com\/en_GB\/wp-json\/wp\/v2\/comments?post=21822"}],"version-history":[{"count":2,"href":"https:\/\/organumcirma.com\/en_GB\/wp-json\/wp\/v2\/pages\/21822\/revisions"}],"predecessor-version":[{"id":21886,"href":"https:\/\/organumcirma.com\/en_GB\/wp-json\/wp\/v2\/pages\/21822\/revisions\/21886"}],"wp:attachment":[{"href":"https:\/\/organumcirma.com\/en_GB\/wp-json\/wp\/v2\/media?parent=21822"}],"wp:term":[{"taxonomy":"yst_prominent_words","embeddable":true,"href":"https:\/\/organumcirma.com\/en_GB\/wp-json\/wp\/v2\/yst_prominent_words?post=21822"}],"curies":[{"name":"wp","href":"https:\/\/api.w.org\/{rel}","templated":true}]}}