{"id":22218,"date":"2025-08-06T13:26:25","date_gmt":"2025-08-06T12:26:25","guid":{"rendered":"https:\/\/organumcirma.com\/?page_id=22218"},"modified":"2025-11-19T16:08:42","modified_gmt":"2025-11-19T15:08:42","slug":"yoga-et-souffle","status":"publish","type":"page","link":"https:\/\/organumcirma.com\/en_GB\/yoga-et-souffle\/","title":{"rendered":"Yoga"},"content":{"rendered":"\n<div style=\"text-align: center;\"><em><strong>YOGA DES ANCIENS EGYPTIENS<\/strong><\/em><\/div>\n\n\n\n<div>&nbsp;<\/div>\n\n\n<div class=\"wp-block-image\">\n<figure class=\"aligncenter\"><img loading=\"lazy\" decoding=\"async\" width=\"225\" height=\"300\" src=\"http:\/\/organumcirma.com\/wp-content\/uploads\/2025\/08\/20250720_090453-2-225x300.jpg\" alt=\"\" class=\"wp-image-22219\" srcset=\"https:\/\/organumcirma.com\/wp-content\/uploads\/2025\/08\/20250720_090453-2-225x300.jpg 225w, https:\/\/organumcirma.com\/wp-content\/uploads\/2025\/08\/20250720_090453-2-768x1024.jpg 768w, https:\/\/organumcirma.com\/wp-content\/uploads\/2025\/08\/20250720_090453-2-1152x1536.jpg 1152w, https:\/\/organumcirma.com\/wp-content\/uploads\/2025\/08\/20250720_090453-2-1536x2048.jpg 1536w, https:\/\/organumcirma.com\/wp-content\/uploads\/2025\/08\/20250720_090453-2-scaled.jpg 1920w\" sizes=\"auto, (max-width: 225px) 100vw, 225px\" \/><\/figure>\n<\/div>\n\n\n<div>&nbsp;<\/div>\n\n\n\n<p class=\"yiv0250877554ydp2e6ab17dMsoNormal has-black-color has-text-color has-link-color has-medium-font-size wp-elements-1c28261b96ad437fbec6f5c2a6c75b3d\">Dans le cadre du festival des Diagonales d\u2019\u00c9t\u00e9, Marcel P\u00e9r\u00e8s propose une s\u00e9rie de s\u00e9ances consacr\u00e9es \u00e0 une d\u00e9couverte du yoga des anciens \u00e9gyptiens, reconstitu\u00e9 dans les ann\u00e9es 1970 par Genevi\u00e8ve et Babacar Khane.<\/p>\n\n\n\n<p class=\"yiv0250877554ydp2e6ab17dMsoNormal has-black-color has-text-color has-link-color has-medium-font-size wp-elements-2ac23751edf19f7eefc3e32f61583780\">L\u2019approche de Marcel P\u00e9r\u00e8s synth\u00e9tise les fondements de ce yoga, principalement ax\u00e9 sur la ma\u00eetrise de la verticalit\u00e9 par le souffle, avec une approche sensorielle globale offertes par le lieu o\u00f9 se d\u00e9roulent ces s\u00e9ances&nbsp;: le clo\u00eetre de Moissac, sa conception architecturale et sa fonction premi\u00e8re comme lieu de vie et d\u2019harmonie, antichambre du sanctuaire eccl\u00e9sial. Mais ce clo\u00eetre est aussi un lieu o\u00f9 la lumi\u00e8re est distill\u00e9e par la g\u00e9om\u00e9trie des formes architecturales dont on cherche \u00e0 \u00e9veiller les correspondances avec les diff\u00e9rentes postures destin\u00e9es \u00e0 \u00e9veiller la g\u00e9om\u00e9trie du corps. Enfin ce clo\u00eetre permet \u00e9galement de cr\u00e9er une connections avec le monde v\u00e9g\u00e9tal gr\u00e2ce \u00e0 la pelouse sur laquelle s\u2019op\u00e8rent les diff\u00e9rents figures posturales et le majestueux c\u00e8dre du Liban qui nous enseigne par sa pr\u00e9sence les myst\u00e8res imm\u00e9moriaux de la conqu\u00eate de la verticalit\u00e9.<\/p>\n\n\n\n<p class=\"yiv0250877554ydp2e6ab17dMsoNormal has-black-color has-text-color has-link-color has-medium-font-size wp-elements-c3da0c9281a53ca81812fb3cee5817a6\">Chaque ann\u00e9e, de janvier \u00e0 avril, Marcel P\u00e9r\u00e8s propose, dans le cadre des activit\u00e9s du CIRMA, une s\u00e9rie de weekend consacr\u00e9s au \u00ab&nbsp;<i>Souffle dans les chants de l\u2019Antiquit\u00e9 tardive&nbsp;<\/i>\u00bb \u00e0 partir d\u2019une pratique de ce yoga \u00e9gyptien particuli\u00e8rement adapt\u00e9 \u00e0 l\u2019\u00e9veil des diff\u00e9rents m\u00e9canismes musculaires qui g\u00e9n\u00e8rent la verticalit\u00e9 et la production du son gr\u00e2ce \u00e0 la ma\u00eetrise du souffle car le chant est avant tout un art du souffle.<\/p>\n\n\n\n<p class=\"has-black-color has-text-color has-link-color has-medium-font-size wp-elements-d933ee0365559259ac3b5152013bd2ac\"><strong>17 Juillet 2026 &#8211; 19H30-20H45 &#8211; Lieu \u00e0 confirmer<\/strong><br><strong>7 ao\u00fbt 2026 &#8211; 19h30-20h45 &#8211; <strong>Lieu \u00e0 confirmer<\/strong><\/strong><\/p>\n\n\n\n<p class=\"has-black-color has-text-color has-link-color has-medium-font-size wp-elements-d1d32b9aad3e2c453e041ff3c3afa462\"><strong><em>Renseignements et Inscriptions au 06 74 45 23 60<\/em><\/strong><\/p>\n","protected":false},"excerpt":{"rendered":"<p>YOGA DES ANCIENS EGYPTIENS &nbsp; &nbsp; Dans le cadre du festival des Diagonales d\u2019\u00c9t\u00e9, Marcel P\u00e9r\u00e8s propose une s\u00e9rie de s\u00e9ances consacr\u00e9es \u00e0 une d\u00e9couverte&hellip;<\/p>\n","protected":false},"author":4,"featured_media":0,"parent":0,"menu_order":0,"comment_status":"closed","ping_status":"closed","template":"","meta":{"_exactmetrics_skip_tracking":false,"_exactmetrics_sitenote_active":false,"_exactmetrics_sitenote_note":"","_exactmetrics_sitenote_category":0,"footnotes":""},"yst_prominent_words":[1851,1352,993,350,269,351,2016],"class_list":["post-22218","page","type-page","status-publish","hentry"],"_links":{"self":[{"href":"https:\/\/organumcirma.com\/en_GB\/wp-json\/wp\/v2\/pages\/22218","targetHints":{"allow":["GET"]}}],"collection":[{"href":"https:\/\/organumcirma.com\/en_GB\/wp-json\/wp\/v2\/pages"}],"about":[{"href":"https:\/\/organumcirma.com\/en_GB\/wp-json\/wp\/v2\/types\/page"}],"author":[{"embeddable":true,"href":"https:\/\/organumcirma.com\/en_GB\/wp-json\/wp\/v2\/users\/4"}],"replies":[{"embeddable":true,"href":"https:\/\/organumcirma.com\/en_GB\/wp-json\/wp\/v2\/comments?post=22218"}],"version-history":[{"count":12,"href":"https:\/\/organumcirma.com\/en_GB\/wp-json\/wp\/v2\/pages\/22218\/revisions"}],"predecessor-version":[{"id":22436,"href":"https:\/\/organumcirma.com\/en_GB\/wp-json\/wp\/v2\/pages\/22218\/revisions\/22436"}],"wp:attachment":[{"href":"https:\/\/organumcirma.com\/en_GB\/wp-json\/wp\/v2\/media?parent=22218"}],"wp:term":[{"taxonomy":"yst_prominent_words","embeddable":true,"href":"https:\/\/organumcirma.com\/en_GB\/wp-json\/wp\/v2\/yst_prominent_words?post=22218"}],"curies":[{"name":"wp","href":"https:\/\/api.w.org\/{rel}","templated":true}]}}